{"id":600046,"date":"2025-10-22T09:17:54","date_gmt":"2025-10-22T07:17:54","guid":{"rendered":"https:\/\/selleetools.com\/?post_type=product&#038;p=600046"},"modified":"2026-02-25T19:19:42","modified_gmt":"2026-02-25T18:19:42","slug":"romnd-better-than-shape-02-walnut-grain-9-5-g-bronzer-do-twarzy","status":"publish","type":"product","link":"https:\/\/selleetools.com\/pl\/product\/romnd-better-than-shape-02-walnut-grain-9-5-g-bronzer-do-twarzy\/","title":{"rendered":"rom&#038;nd Better Than Shape 02 Walnut Grain 9.5 g &#8211; Bronzer do twarzy"},"content":{"rendered":"<p>rom&#038;nd Better Than Shape 02 Walnut Grain to bronzer, kt\u00f3ry nada Twojej sk\u00f3rze naturalne, zdrowe i promienne wyko\u0144czenie. Jego wyj\u0105tkowa formu\u0142a wzbogacona o drobinki roz\u015bwietlaj\u0105ce pozwala na stworzenie subtelnych kontur\u00f3w oraz przywr\u00f3cenie sk\u00f3rze pi\u0119knego blasku. Idealny do ka\u017cdego typu cery, ten bronzer zapewnia d\u0142ugotrwa\u0142y efekt, kt\u00f3ry wygl\u0105da \u015bwie\u017co i naturalnie przez ca\u0142y dzie\u0144.<\/p>\n<p>Korzy\u015bci dla sk\u00f3ry:<br \/>\nDodaje sk\u00f3rze naturalnego ciep\u0142a i blasku.<br \/>\nWzbogacony o sk\u0142adniki od\u017cywcze, kt\u00f3re piel\u0119gnuj\u0105 sk\u00f3r\u0119.<br \/>\nUtrzymuje si\u0119 na sk\u00f3rze przez d\u0142ugi czas, nie blaknie ani si\u0119 nie \u015bciera.<br \/>\nOdpowiedni dla wszystkich typ\u00f3w cery, w tym wra\u017cliwej.<\/p>\n<p>Spos\u00f3b u\u017cycia:<br \/>\nNa\u0142\u00f3\u017c bronzer na ko\u015bci policzkowe, czo\u0142o oraz \u017cuchw\u0119, aby podkre\u015bli\u0107 kontur twarzy. Mo\u017cna go aplikowa\u0107 p\u0119dzlem do bronzera lub g\u0105bk\u0105 do makija\u017cu, w zale\u017cno\u015bci od preferencji. W celu uzyskania bardziej intensywnego efektu, nak\u0142adaj produkt stopniowo, buduj\u0105c po\u017c\u0105dany poziom intensywno\u015bci.<\/p>\n","protected":false},"excerpt":{"rendered":"<p>rom&#038;nd Better Than Shape 02 Walnut Grain to bronzer, kt\u00f3ry nada Twojej sk\u00f3rze naturalne, zdrowe i promienne wyko\u0144czenie. Jego wyj\u0105tkowa formu\u0142a wzbogacona o drobinki roz\u015bwietlaj\u0105ce pozwala na stworzenie subtelnych kontur\u00f3w oraz przywr\u00f3cenie sk\u00f3rze pi\u0119knego blasku. Idealny do ka\u017cdego typu cery, ten bronzer zapewnia d\u0142ugotrwa\u0142y efekt, kt\u00f3ry wygl\u0105da \u015bwie\u017co i naturalnie przez ca\u0142y dzie\u0144. Korzy\u015bci dla &#8230; <a title=\"rom&#038;nd Better Than Shape 02 Walnut Grain 9.5 g &#8211; Bronzer do twarzy\" class=\"read-more\" href=\"https:\/\/selleetools.com\/pl\/product\/romnd-better-than-shape-02-walnut-grain-9-5-g-bronzer-do-twarzy\/\">Read more<span class=\"screen-reader-text\">rom&#038;nd Better Than Shape 02 Walnut Grain 9.5 g &#8211; Bronzer do twarzy<\/span><\/a><\/p>\n","protected":false},"featured_media":600042,"comment_status":"open","ping_status":"closed","template":"","meta":{"_links_to":"","_links_to_target":""},"yoast_head":"<!-- This site is optimized with the Yoast SEO plugin v19.4 - https:\/\/yoast.com\/wordpress\/plugins\/seo\/ -->\n<title>rom&amp;nd Better Than Shape 02 Walnut Grain 9.5 g - Bronzer do twarzy - Selleetools.com<\/title>\n<meta name=\"robots\" content=\"index, follow, max-snippet:-1, max-image-preview:large, max-video-preview:-1\" \/>\n<link rel=\"canonical\" href=\"https:\/\/admincentral.selleetools.com\/pl\/product\/romnd-better-than-shape-02-walnut-grain-9-5-g-bronzer-do-twarzy\/\" \/>\n<meta property=\"og:locale\" content=\"pl_PL\" \/>\n<meta property=\"og:type\" content=\"article\" \/>\n<meta property=\"og:title\" content=\"rom&amp;nd Better Than Shape 02 Walnut Grain 9.5 g - Bronzer do twarzy - Selleetools.com\" \/>\n<meta property=\"og:description\" content=\"rom&#038;nd Better Than Shape 02 Walnut Grain to bronzer, kt\u00f3ry nada Twojej sk\u00f3rze naturalne, zdrowe i promienne wyko\u0144czenie. Jego wyj\u0105tkowa formu\u0142a wzbogacona o drobinki roz\u015bwietlaj\u0105ce pozwala na stworzenie subtelnych kontur\u00f3w oraz przywr\u00f3cenie sk\u00f3rze pi\u0119knego blasku. Idealny do ka\u017cdego typu cery, ten bronzer zapewnia d\u0142ugotrwa\u0142y efekt, kt\u00f3ry wygl\u0105da \u015bwie\u017co i naturalnie przez ca\u0142y dzie\u0144. Korzy\u015bci dla ... Read morerom&#038;nd Better Than Shape 02 Walnut Grain 9.5 g &#8211; Bronzer do twarzy\" \/>\n<meta property=\"og:url\" content=\"https:\/\/admincentral.selleetools.com\/pl\/product\/romnd-better-than-shape-02-walnut-grain-9-5-g-bronzer-do-twarzy\/\" \/>\n<meta property=\"og:site_name\" content=\"Selleetools.com\" \/>\n<meta property=\"article:modified_time\" content=\"2026-02-25T18:19:42+00:00\" \/>\n<meta property=\"og:image\" content=\"https:\/\/selleetools.com\/wp-content\/uploads\/2025\/10\/285fc66b4cca6af13a9c594debfabc10.jpg\" \/>\n\t<meta property=\"og:image:width\" content=\"1200\" \/>\n\t<meta property=\"og:image:height\" content=\"1200\" \/>\n\t<meta property=\"og:image:type\" content=\"image\/jpeg\" \/>\n<meta name=\"twitter:card\" content=\"summary_large_image\" \/>\n<meta name=\"twitter:label1\" content=\"Est. reading time\" \/>\n\t<meta name=\"twitter:data1\" content=\"1 minuta\" \/>\n<!-- \/ Yoast SEO plugin. -->","yoast_head_json":{"title":"rom&nd Better Than Shape 02 Walnut Grain 9.5 g - Bronzer do twarzy - Selleetools.com","robots":{"index":"index","follow":"follow","max-snippet":"max-snippet:-1","max-image-preview":"max-image-preview:large","max-video-preview":"max-video-preview:-1"},"canonical":"https:\/\/admincentral.selleetools.com\/pl\/product\/romnd-better-than-shape-02-walnut-grain-9-5-g-bronzer-do-twarzy\/","og_locale":"pl_PL","og_type":"article","og_title":"rom&nd Better Than Shape 02 Walnut Grain 9.5 g - Bronzer do twarzy - Selleetools.com","og_description":"rom&#038;nd Better Than Shape 02 Walnut Grain to bronzer, kt\u00f3ry nada Twojej sk\u00f3rze naturalne, zdrowe i promienne wyko\u0144czenie. Jego wyj\u0105tkowa formu\u0142a wzbogacona o drobinki roz\u015bwietlaj\u0105ce pozwala na stworzenie subtelnych kontur\u00f3w oraz przywr\u00f3cenie sk\u00f3rze pi\u0119knego blasku. Idealny do ka\u017cdego typu cery, ten bronzer zapewnia d\u0142ugotrwa\u0142y efekt, kt\u00f3ry wygl\u0105da \u015bwie\u017co i naturalnie przez ca\u0142y dzie\u0144. Korzy\u015bci dla ... Read morerom&#038;nd Better Than Shape 02 Walnut Grain 9.5 g &#8211; Bronzer do twarzy","og_url":"https:\/\/admincentral.selleetools.com\/pl\/product\/romnd-better-than-shape-02-walnut-grain-9-5-g-bronzer-do-twarzy\/","og_site_name":"Selleetools.com","article_modified_time":"2026-02-25T18:19:42+00:00","og_image":[{"width":1200,"height":1200,"url":"https:\/\/selleetools.com\/wp-content\/uploads\/2025\/10\/285fc66b4cca6af13a9c594debfabc10.jpg","type":"image\/jpeg"}],"twitter_card":"summary_large_image","twitter_misc":{"Est. reading time":"1 minuta"},"schema":{"@context":"https:\/\/schema.org","@graph":[{"@type":"Organization","@id":"https:\/\/selleetools.com\/#organization","name":"Selleetools","url":"https:\/\/selleetools.com\/","sameAs":[],"logo":{"@type":"ImageObject","inLanguage":"pl-PL","@id":"https:\/\/selleetools.com\/#\/schema\/logo\/image\/","url":"https:\/\/selleetools.com\/wp-content\/uploads\/2021\/10\/logo-dark.png","contentUrl":"https:\/\/selleetools.com\/wp-content\/uploads\/2021\/10\/logo-dark.png","width":320,"height":76,"caption":"Selleetools"},"image":{"@id":"https:\/\/selleetools.com\/#\/schema\/logo\/image\/"}},{"@type":"WebSite","@id":"https:\/\/selleetools.com\/#website","url":"https:\/\/selleetools.com\/","name":"Selleetools.com","description":"","publisher":{"@id":"https:\/\/selleetools.com\/#organization"},"potentialAction":[{"@type":"SearchAction","target":{"@type":"EntryPoint","urlTemplate":"https:\/\/selleetools.com\/?s={search_term_string}"},"query-input":"required name=search_term_string"}],"inLanguage":"pl-PL"},{"@type":"WebPage","@id":"https:\/\/admincentral.selleetools.com\/pl\/product\/romnd-better-than-shape-02-walnut-grain-9-5-g-bronzer-do-twarzy\/","url":"https:\/\/admincentral.selleetools.com\/pl\/product\/romnd-better-than-shape-02-walnut-grain-9-5-g-bronzer-do-twarzy\/","name":"rom&nd Better Than Shape 02 Walnut Grain 9.5 g - Bronzer do twarzy - Selleetools.com","isPartOf":{"@id":"https:\/\/selleetools.com\/#website"},"datePublished":"2025-10-22T07:17:54+00:00","dateModified":"2026-02-25T18:19:42+00:00","breadcrumb":{"@id":"https:\/\/admincentral.selleetools.com\/pl\/product\/romnd-better-than-shape-02-walnut-grain-9-5-g-bronzer-do-twarzy\/#breadcrumb"},"inLanguage":"pl-PL","potentialAction":[{"@type":"ReadAction","target":["https:\/\/admincentral.selleetools.com\/pl\/product\/romnd-better-than-shape-02-walnut-grain-9-5-g-bronzer-do-twarzy\/"]}]},{"@type":"BreadcrumbList","@id":"https:\/\/admincentral.selleetools.com\/pl\/product\/romnd-better-than-shape-02-walnut-grain-9-5-g-bronzer-do-twarzy\/#breadcrumb","itemListElement":[{"@type":"ListItem","position":1,"name":"Home","item":"https:\/\/selleetools.com\/pl\/"},{"@type":"ListItem","position":2,"name":"Katalog","item":"https:\/\/selleetools.com\/pl\/katalog\/"},{"@type":"ListItem","position":3,"name":"rom&#038;nd Better Than Shape 02 Walnut Grain 9.5 g &#8211; Bronzer do twarzy"}]}]}},"_links":{"self":[{"href":"https:\/\/selleetools.com\/pl\/wp-json\/wp\/v2\/product\/600046"}],"collection":[{"href":"https:\/\/selleetools.com\/pl\/wp-json\/wp\/v2\/product"}],"about":[{"href":"https:\/\/selleetools.com\/pl\/wp-json\/wp\/v2\/types\/product"}],"replies":[{"embeddable":true,"href":"https:\/\/selleetools.com\/pl\/wp-json\/wp\/v2\/comments?post=600046"}],"wp:featuredmedia":[{"embeddable":true,"href":"https:\/\/selleetools.com\/pl\/wp-json\/wp\/v2\/media\/600042"}],"wp:attachment":[{"href":"https:\/\/selleetools.com\/pl\/wp-json\/wp\/v2\/media?parent=600046"}],"curies":[{"name":"wp","href":"https:\/\/api.w.org\/{rel}","templated":true}]}}