{"id":600041,"date":"2025-10-22T09:17:50","date_gmt":"2025-10-22T07:17:50","guid":{"rendered":"https:\/\/selleetools.com\/?post_type=product&#038;p=600041"},"modified":"2025-10-30T16:36:45","modified_gmt":"2025-10-30T15:36:45","slug":"romnd-better-than-shape-01-oat-grain-9-5-g-bronzer-do-twarzy","status":"publish","type":"product","link":"https:\/\/selleetools.com\/pl\/product\/romnd-better-than-shape-01-oat-grain-9-5-g-bronzer-do-twarzy\/","title":{"rendered":"rom&#038;nd Better Than Shape 01 Oat Grain 9.5 g &#8211; Bronzer do twarzy"},"content":{"rendered":"<p>Rom&#038;nd Better Than Shape 01 Oat Grain to wyj\u0105tkowy bronzer do twarzy, kt\u00f3ry nada Twojej sk\u00f3rze naturalne, zdrowe wyko\u0144czenie. Formu\u0142a tego kosmetyku zosta\u0142a opracowana z my\u015bl\u0105 o zapewnieniu maksymalnej trwa\u0142o\u015bci i komfortu przez ca\u0142y dzie\u0144. Bronzer w odcieniu Oat Grain idealnie pasuje do wszystkich typ\u00f3w sk\u00f3ry, dodaj\u0105c jej subtelnego ciep\u0142a i blasku.<\/p>\n<p>Korzy\u015bci dla sk\u00f3ry:<br \/>\nNaturalny efekt: Nadaje sk\u00f3rze naturalne, zdrowe wyko\u0144czenie, kt\u00f3re imituje opalenizn\u0119 bez efektu sztucznego makija\u017cu.<br \/>\nTrwa\u0142o\u015b\u0107: Dzi\u0119ki wyj\u0105tkowej formule, bronzer utrzymuje si\u0119 na sk\u00f3rze przez wiele godzin bez potrzeby poprawek.<br \/>\nG\u0142adka aplikacja: Produkt \u0142atwo si\u0119 rozprowadza i blenduje, co zapewnia r\u00f3wnomierne pokrycie i brak smug.<\/p>\n<p>Spos\u00f3b u\u017cycia:<br \/>\nNa\u0142\u00f3\u017c bronzer na miejsca, kt\u00f3re chcesz ociepli\u0107 lub wymodelowa\u0107, takie jak ko\u015bci policzkowe, linia \u017cuchwy oraz skronie. U\u017cyj p\u0119dzla do konturowania lub g\u0105beczki, aby r\u00f3wnomiernie rozprowadzi\u0107 produkt. Mo\u017cesz stopniowa\u0107 intensywno\u015b\u0107 koloru, aby uzyska\u0107 po\u017c\u0105dany efekt. Idealny do codziennego stosowania, jak i na specjalne okazje.<\/p>\n","protected":false},"excerpt":{"rendered":"<p>Rom&#038;nd Better Than Shape 01 Oat Grain to wyj\u0105tkowy bronzer do twarzy, kt\u00f3ry nada Twojej sk\u00f3rze naturalne, zdrowe wyko\u0144czenie. Formu\u0142a tego kosmetyku zosta\u0142a opracowana z my\u015bl\u0105 o zapewnieniu maksymalnej trwa\u0142o\u015bci i komfortu przez ca\u0142y dzie\u0144. Bronzer w odcieniu Oat Grain idealnie pasuje do wszystkich typ\u00f3w sk\u00f3ry, dodaj\u0105c jej subtelnego ciep\u0142a i blasku. Korzy\u015bci dla sk\u00f3ry: &#8230; <a title=\"rom&#038;nd Better Than Shape 01 Oat Grain 9.5 g &#8211; Bronzer do twarzy\" class=\"read-more\" href=\"https:\/\/selleetools.com\/pl\/product\/romnd-better-than-shape-01-oat-grain-9-5-g-bronzer-do-twarzy\/\">Read more<span class=\"screen-reader-text\">rom&#038;nd Better Than Shape 01 Oat Grain 9.5 g &#8211; Bronzer do twarzy<\/span><\/a><\/p>\n","protected":false},"featured_media":600037,"comment_status":"open","ping_status":"closed","template":"","meta":{"_links_to":"","_links_to_target":""},"yoast_head":"<!-- This site is optimized with the Yoast SEO plugin v19.4 - https:\/\/yoast.com\/wordpress\/plugins\/seo\/ -->\n<title>rom&amp;nd Better Than Shape 01 Oat Grain 9.5 g - Bronzer do twarzy - Selleetools.com<\/title>\n<meta name=\"robots\" content=\"index, follow, max-snippet:-1, max-image-preview:large, max-video-preview:-1\" \/>\n<link rel=\"canonical\" href=\"https:\/\/admincentral.selleetools.com\/pl\/product\/romnd-better-than-shape-01-oat-grain-9-5-g-bronzer-do-twarzy\/\" \/>\n<meta property=\"og:locale\" content=\"pl_PL\" \/>\n<meta property=\"og:type\" content=\"article\" \/>\n<meta property=\"og:title\" content=\"rom&amp;nd Better Than Shape 01 Oat Grain 9.5 g - Bronzer do twarzy - Selleetools.com\" \/>\n<meta property=\"og:description\" content=\"Rom&#038;nd Better Than Shape 01 Oat Grain to wyj\u0105tkowy bronzer do twarzy, kt\u00f3ry nada Twojej sk\u00f3rze naturalne, zdrowe wyko\u0144czenie. Formu\u0142a tego kosmetyku zosta\u0142a opracowana z my\u015bl\u0105 o zapewnieniu maksymalnej trwa\u0142o\u015bci i komfortu przez ca\u0142y dzie\u0144. Bronzer w odcieniu Oat Grain idealnie pasuje do wszystkich typ\u00f3w sk\u00f3ry, dodaj\u0105c jej subtelnego ciep\u0142a i blasku. Korzy\u015bci dla sk\u00f3ry: ... Read morerom&#038;nd Better Than Shape 01 Oat Grain 9.5 g &#8211; Bronzer do twarzy\" \/>\n<meta property=\"og:url\" content=\"https:\/\/admincentral.selleetools.com\/pl\/product\/romnd-better-than-shape-01-oat-grain-9-5-g-bronzer-do-twarzy\/\" \/>\n<meta property=\"og:site_name\" content=\"Selleetools.com\" \/>\n<meta property=\"article:modified_time\" content=\"2025-10-30T15:36:45+00:00\" \/>\n<meta property=\"og:image\" content=\"https:\/\/selleetools.com\/wp-content\/uploads\/2025\/10\/ff1033daf8ca4d6fac78fa4828653575.jpg\" \/>\n\t<meta property=\"og:image:width\" content=\"1200\" \/>\n\t<meta property=\"og:image:height\" content=\"1200\" \/>\n\t<meta property=\"og:image:type\" content=\"image\/jpeg\" \/>\n<meta name=\"twitter:card\" content=\"summary_large_image\" \/>\n<meta name=\"twitter:label1\" content=\"Est. reading time\" \/>\n\t<meta name=\"twitter:data1\" content=\"1 minuta\" \/>\n<!-- \/ Yoast SEO plugin. -->","yoast_head_json":{"title":"rom&nd Better Than Shape 01 Oat Grain 9.5 g - Bronzer do twarzy - Selleetools.com","robots":{"index":"index","follow":"follow","max-snippet":"max-snippet:-1","max-image-preview":"max-image-preview:large","max-video-preview":"max-video-preview:-1"},"canonical":"https:\/\/admincentral.selleetools.com\/pl\/product\/romnd-better-than-shape-01-oat-grain-9-5-g-bronzer-do-twarzy\/","og_locale":"pl_PL","og_type":"article","og_title":"rom&nd Better Than Shape 01 Oat Grain 9.5 g - Bronzer do twarzy - Selleetools.com","og_description":"Rom&#038;nd Better Than Shape 01 Oat Grain to wyj\u0105tkowy bronzer do twarzy, kt\u00f3ry nada Twojej sk\u00f3rze naturalne, zdrowe wyko\u0144czenie. Formu\u0142a tego kosmetyku zosta\u0142a opracowana z my\u015bl\u0105 o zapewnieniu maksymalnej trwa\u0142o\u015bci i komfortu przez ca\u0142y dzie\u0144. Bronzer w odcieniu Oat Grain idealnie pasuje do wszystkich typ\u00f3w sk\u00f3ry, dodaj\u0105c jej subtelnego ciep\u0142a i blasku. Korzy\u015bci dla sk\u00f3ry: ... Read morerom&#038;nd Better Than Shape 01 Oat Grain 9.5 g &#8211; Bronzer do twarzy","og_url":"https:\/\/admincentral.selleetools.com\/pl\/product\/romnd-better-than-shape-01-oat-grain-9-5-g-bronzer-do-twarzy\/","og_site_name":"Selleetools.com","article_modified_time":"2025-10-30T15:36:45+00:00","og_image":[{"width":1200,"height":1200,"url":"https:\/\/selleetools.com\/wp-content\/uploads\/2025\/10\/ff1033daf8ca4d6fac78fa4828653575.jpg","type":"image\/jpeg"}],"twitter_card":"summary_large_image","twitter_misc":{"Est. reading time":"1 minuta"},"schema":{"@context":"https:\/\/schema.org","@graph":[{"@type":"Organization","@id":"https:\/\/selleetools.com\/#organization","name":"Selleetools","url":"https:\/\/selleetools.com\/","sameAs":[],"logo":{"@type":"ImageObject","inLanguage":"pl-PL","@id":"https:\/\/selleetools.com\/#\/schema\/logo\/image\/","url":"https:\/\/selleetools.com\/wp-content\/uploads\/2021\/10\/logo-dark.png","contentUrl":"https:\/\/selleetools.com\/wp-content\/uploads\/2021\/10\/logo-dark.png","width":320,"height":76,"caption":"Selleetools"},"image":{"@id":"https:\/\/selleetools.com\/#\/schema\/logo\/image\/"}},{"@type":"WebSite","@id":"https:\/\/selleetools.com\/#website","url":"https:\/\/selleetools.com\/","name":"Selleetools.com","description":"","publisher":{"@id":"https:\/\/selleetools.com\/#organization"},"potentialAction":[{"@type":"SearchAction","target":{"@type":"EntryPoint","urlTemplate":"https:\/\/selleetools.com\/?s={search_term_string}"},"query-input":"required name=search_term_string"}],"inLanguage":"pl-PL"},{"@type":"WebPage","@id":"https:\/\/admincentral.selleetools.com\/pl\/product\/romnd-better-than-shape-01-oat-grain-9-5-g-bronzer-do-twarzy\/","url":"https:\/\/admincentral.selleetools.com\/pl\/product\/romnd-better-than-shape-01-oat-grain-9-5-g-bronzer-do-twarzy\/","name":"rom&nd Better Than Shape 01 Oat Grain 9.5 g - Bronzer do twarzy - Selleetools.com","isPartOf":{"@id":"https:\/\/selleetools.com\/#website"},"datePublished":"2025-10-22T07:17:50+00:00","dateModified":"2025-10-30T15:36:45+00:00","breadcrumb":{"@id":"https:\/\/admincentral.selleetools.com\/pl\/product\/romnd-better-than-shape-01-oat-grain-9-5-g-bronzer-do-twarzy\/#breadcrumb"},"inLanguage":"pl-PL","potentialAction":[{"@type":"ReadAction","target":["https:\/\/admincentral.selleetools.com\/pl\/product\/romnd-better-than-shape-01-oat-grain-9-5-g-bronzer-do-twarzy\/"]}]},{"@type":"BreadcrumbList","@id":"https:\/\/admincentral.selleetools.com\/pl\/product\/romnd-better-than-shape-01-oat-grain-9-5-g-bronzer-do-twarzy\/#breadcrumb","itemListElement":[{"@type":"ListItem","position":1,"name":"Home","item":"https:\/\/selleetools.com\/pl\/"},{"@type":"ListItem","position":2,"name":"Katalog","item":"https:\/\/selleetools.com\/pl\/katalog\/"},{"@type":"ListItem","position":3,"name":"rom&#038;nd Better Than Shape 01 Oat Grain 9.5 g &#8211; Bronzer do twarzy"}]}]}},"_links":{"self":[{"href":"https:\/\/selleetools.com\/pl\/wp-json\/wp\/v2\/product\/600041"}],"collection":[{"href":"https:\/\/selleetools.com\/pl\/wp-json\/wp\/v2\/product"}],"about":[{"href":"https:\/\/selleetools.com\/pl\/wp-json\/wp\/v2\/types\/product"}],"replies":[{"embeddable":true,"href":"https:\/\/selleetools.com\/pl\/wp-json\/wp\/v2\/comments?post=600041"}],"wp:featuredmedia":[{"embeddable":true,"href":"https:\/\/selleetools.com\/pl\/wp-json\/wp\/v2\/media\/600037"}],"wp:attachment":[{"href":"https:\/\/selleetools.com\/pl\/wp-json\/wp\/v2\/media?parent=600041"}],"curies":[{"name":"wp","href":"https:\/\/api.w.org\/{rel}","templated":true}]}}