{"id":600036,"date":"2025-10-22T09:17:46","date_gmt":"2025-10-22T07:17:46","guid":{"rendered":"https:\/\/selleetools.com\/?post_type=product&#038;p=600036"},"modified":"2025-12-26T16:59:18","modified_gmt":"2025-12-26T15:59:18","slug":"heimish-moringa-ceramide-watery-sunscreen-50-ml-nawilzajacy-krem-z-filtrem","status":"publish","type":"product","link":"https:\/\/selleetools.com\/pl\/product\/heimish-moringa-ceramide-watery-sunscreen-50-ml-nawilzajacy-krem-z-filtrem\/","title":{"rendered":"HEIMISH Moringa Ceramide Watery Sunscreen 50 ml &#8211; nawil\u017caj\u0105cy krem z filtrem"},"content":{"rendered":"<p>HEIMISH Moringa Ceramide Hyaluronic Acid Hydrating Watery Sunscreen to lekki, nawil\u017caj\u0105cy filtr przeciws\u0142oneczny, kt\u00f3ry chroni sk\u00f3r\u0119 przed szkodliwym dzia\u0142aniem promieniowania UV. Zawiera ceramidy, kwas hialuronowy oraz ekstrakt z moringi, kt\u00f3re wspomagaj\u0105 nawil\u017cenie, wzmocnienie bariery ochronnej sk\u00f3ry oraz zapobieganie utracie wilgoci.<\/p>\n<p>Korzy\u015bci dla sk\u00f3ry:<br \/>\nOchrona przed UV: Skutecznie chroni sk\u00f3r\u0119 przed promieniowaniem UVA i UVB dzi\u0119ki wysokiemu SPF.<br \/>\nNawil\u017cenie: Kwas hialuronowy g\u0142\u0119boko nawil\u017ca sk\u00f3r\u0119, pozostawiaj\u0105c j\u0105 mi\u0119kk\u0105 i g\u0142adk\u0105.<br \/>\nRegeneracja: Ceramidy wzmacniaj\u0105 barier\u0119 ochronn\u0105 sk\u00f3ry, wspomagaj\u0105c jej regeneracj\u0119.<br \/>\nOd\u017cywienie: Ekstrakt z moringi dostarcza sk\u00f3rze witamin i antyoksydant\u00f3w, kt\u00f3re pomagaj\u0105 w jej od\u017cywieniu i ochronie przed czynnikami zewn\u0119trznymi.<\/p>\n<p>Spos\u00f3b u\u017cycia:<br \/>\nPrzed u\u017cyciem dobrze wstrz\u0105\u015bnij.<br \/>\nNa\u0142\u00f3\u017c odpowiedni\u0105 ilo\u015b\u0107 produktu na twarz i szyj\u0119 jako ostatni krok w codziennej piel\u0119gnacji sk\u00f3ry, przed na\u0142o\u017ceniem makija\u017cu.<br \/>\nAplikuj 15-20 minut przed wyj\u015bciem na s\u0142o\u0144ce.<br \/>\nPowtarzaj aplikacj\u0119 co 2-3 godziny lub po kontakcie z wod\u0105, aby utrzyma\u0107 skuteczn\u0105 ochron\u0119.<\/p>\n<p>Ten wszechstronny filtr przeciws\u0142oneczny jest idealny do codziennego u\u017cytku, niezale\u017cnie od rodzaju sk\u00f3ry. Dzi\u0119ki swojej lekkiej, wodnistej konsystencji, szybko si\u0119 wch\u0142ania, nie pozostawiaj\u0105c t\u0142ustej warstwy ani bia\u0142ych \u015blad\u00f3w.<\/p>\n","protected":false},"excerpt":{"rendered":"<p>HEIMISH Moringa Ceramide Hyaluronic Acid Hydrating Watery Sunscreen to lekki, nawil\u017caj\u0105cy filtr przeciws\u0142oneczny, kt\u00f3ry chroni sk\u00f3r\u0119 przed szkodliwym dzia\u0142aniem promieniowania UV. Zawiera ceramidy, kwas hialuronowy oraz ekstrakt z moringi, kt\u00f3re wspomagaj\u0105 nawil\u017cenie, wzmocnienie bariery ochronnej sk\u00f3ry oraz zapobieganie utracie wilgoci. Korzy\u015bci dla sk\u00f3ry: Ochrona przed UV: Skutecznie chroni sk\u00f3r\u0119 przed promieniowaniem UVA i UVB dzi\u0119ki &#8230; <a title=\"HEIMISH Moringa Ceramide Watery Sunscreen 50 ml &#8211; nawil\u017caj\u0105cy krem z filtrem\" class=\"read-more\" href=\"https:\/\/selleetools.com\/pl\/product\/heimish-moringa-ceramide-watery-sunscreen-50-ml-nawilzajacy-krem-z-filtrem\/\">Read more<span class=\"screen-reader-text\">HEIMISH Moringa Ceramide Watery Sunscreen 50 ml &#8211; nawil\u017caj\u0105cy krem z filtrem<\/span><\/a><\/p>\n","protected":false},"featured_media":600032,"comment_status":"open","ping_status":"closed","template":"","meta":{"_links_to":"","_links_to_target":""},"yoast_head":"<!-- This site is optimized with the Yoast SEO plugin v19.4 - https:\/\/yoast.com\/wordpress\/plugins\/seo\/ -->\n<title>HEIMISH Moringa Ceramide Watery Sunscreen 50 ml - nawil\u017caj\u0105cy krem z filtrem - Selleetools.com<\/title>\n<meta name=\"robots\" content=\"index, follow, max-snippet:-1, max-image-preview:large, max-video-preview:-1\" \/>\n<link rel=\"canonical\" href=\"https:\/\/selleetools.com\/product\/heimish-moringa-ceramide-watery-sunscreen-50-ml-nawilzajacy-krem-z-filtrem\/\" \/>\n<meta property=\"og:locale\" content=\"pl_PL\" \/>\n<meta property=\"og:type\" content=\"article\" \/>\n<meta property=\"og:title\" content=\"HEIMISH Moringa Ceramide Watery Sunscreen 50 ml - nawil\u017caj\u0105cy krem z filtrem - Selleetools.com\" \/>\n<meta property=\"og:description\" content=\"HEIMISH Moringa Ceramide Hyaluronic Acid Hydrating Watery Sunscreen to lekki, nawil\u017caj\u0105cy filtr przeciws\u0142oneczny, kt\u00f3ry chroni sk\u00f3r\u0119 przed szkodliwym dzia\u0142aniem promieniowania UV. Zawiera ceramidy, kwas hialuronowy oraz ekstrakt z moringi, kt\u00f3re wspomagaj\u0105 nawil\u017cenie, wzmocnienie bariery ochronnej sk\u00f3ry oraz zapobieganie utracie wilgoci. Korzy\u015bci dla sk\u00f3ry: Ochrona przed UV: Skutecznie chroni sk\u00f3r\u0119 przed promieniowaniem UVA i UVB dzi\u0119ki ... Read moreHEIMISH Moringa Ceramide Watery Sunscreen 50 ml &#8211; nawil\u017caj\u0105cy krem z filtrem\" \/>\n<meta property=\"og:url\" content=\"https:\/\/selleetools.com\/product\/heimish-moringa-ceramide-watery-sunscreen-50-ml-nawilzajacy-krem-z-filtrem\/\" \/>\n<meta property=\"og:site_name\" content=\"Selleetools.com\" \/>\n<meta property=\"article:modified_time\" content=\"2025-12-26T15:59:18+00:00\" \/>\n<meta property=\"og:image\" content=\"https:\/\/selleetools.com\/wp-content\/uploads\/2025\/10\/d478a9361730a12417be29652215f89d.jpg\" \/>\n\t<meta property=\"og:image:width\" content=\"1200\" \/>\n\t<meta property=\"og:image:height\" content=\"1200\" \/>\n\t<meta property=\"og:image:type\" content=\"image\/jpeg\" \/>\n<meta name=\"twitter:card\" content=\"summary_large_image\" \/>\n<meta name=\"twitter:label1\" content=\"Est. reading time\" \/>\n\t<meta name=\"twitter:data1\" content=\"1 minuta\" \/>\n<!-- \/ Yoast SEO plugin. -->","yoast_head_json":{"title":"HEIMISH Moringa Ceramide Watery Sunscreen 50 ml - nawil\u017caj\u0105cy krem z filtrem - Selleetools.com","robots":{"index":"index","follow":"follow","max-snippet":"max-snippet:-1","max-image-preview":"max-image-preview:large","max-video-preview":"max-video-preview:-1"},"canonical":"https:\/\/selleetools.com\/product\/heimish-moringa-ceramide-watery-sunscreen-50-ml-nawilzajacy-krem-z-filtrem\/","og_locale":"pl_PL","og_type":"article","og_title":"HEIMISH Moringa Ceramide Watery Sunscreen 50 ml - nawil\u017caj\u0105cy krem z filtrem - Selleetools.com","og_description":"HEIMISH Moringa Ceramide Hyaluronic Acid Hydrating Watery Sunscreen to lekki, nawil\u017caj\u0105cy filtr przeciws\u0142oneczny, kt\u00f3ry chroni sk\u00f3r\u0119 przed szkodliwym dzia\u0142aniem promieniowania UV. Zawiera ceramidy, kwas hialuronowy oraz ekstrakt z moringi, kt\u00f3re wspomagaj\u0105 nawil\u017cenie, wzmocnienie bariery ochronnej sk\u00f3ry oraz zapobieganie utracie wilgoci. Korzy\u015bci dla sk\u00f3ry: Ochrona przed UV: Skutecznie chroni sk\u00f3r\u0119 przed promieniowaniem UVA i UVB dzi\u0119ki ... Read moreHEIMISH Moringa Ceramide Watery Sunscreen 50 ml &#8211; nawil\u017caj\u0105cy krem z filtrem","og_url":"https:\/\/selleetools.com\/product\/heimish-moringa-ceramide-watery-sunscreen-50-ml-nawilzajacy-krem-z-filtrem\/","og_site_name":"Selleetools.com","article_modified_time":"2025-12-26T15:59:18+00:00","og_image":[{"width":1200,"height":1200,"url":"https:\/\/selleetools.com\/wp-content\/uploads\/2025\/10\/d478a9361730a12417be29652215f89d.jpg","type":"image\/jpeg"}],"twitter_card":"summary_large_image","twitter_misc":{"Est. reading time":"1 minuta"},"schema":{"@context":"https:\/\/schema.org","@graph":[{"@type":"Organization","@id":"https:\/\/selleetools.com\/#organization","name":"Selleetools","url":"https:\/\/selleetools.com\/","sameAs":[],"logo":{"@type":"ImageObject","inLanguage":"pl-PL","@id":"https:\/\/selleetools.com\/#\/schema\/logo\/image\/","url":"https:\/\/selleetools.com\/wp-content\/uploads\/2021\/10\/logo-dark.png","contentUrl":"https:\/\/selleetools.com\/wp-content\/uploads\/2021\/10\/logo-dark.png","width":320,"height":76,"caption":"Selleetools"},"image":{"@id":"https:\/\/selleetools.com\/#\/schema\/logo\/image\/"}},{"@type":"WebSite","@id":"https:\/\/selleetools.com\/#website","url":"https:\/\/selleetools.com\/","name":"Selleetools.com","description":"","publisher":{"@id":"https:\/\/selleetools.com\/#organization"},"potentialAction":[{"@type":"SearchAction","target":{"@type":"EntryPoint","urlTemplate":"https:\/\/selleetools.com\/?s={search_term_string}"},"query-input":"required name=search_term_string"}],"inLanguage":"pl-PL"},{"@type":"WebPage","@id":"https:\/\/selleetools.com\/product\/heimish-moringa-ceramide-watery-sunscreen-50-ml-nawilzajacy-krem-z-filtrem\/","url":"https:\/\/selleetools.com\/product\/heimish-moringa-ceramide-watery-sunscreen-50-ml-nawilzajacy-krem-z-filtrem\/","name":"HEIMISH Moringa Ceramide Watery Sunscreen 50 ml - nawil\u017caj\u0105cy krem z filtrem - Selleetools.com","isPartOf":{"@id":"https:\/\/selleetools.com\/#website"},"datePublished":"2025-10-22T07:17:46+00:00","dateModified":"2025-12-26T15:59:18+00:00","breadcrumb":{"@id":"https:\/\/selleetools.com\/product\/heimish-moringa-ceramide-watery-sunscreen-50-ml-nawilzajacy-krem-z-filtrem\/#breadcrumb"},"inLanguage":"pl-PL","potentialAction":[{"@type":"ReadAction","target":["https:\/\/selleetools.com\/product\/heimish-moringa-ceramide-watery-sunscreen-50-ml-nawilzajacy-krem-z-filtrem\/"]}]},{"@type":"BreadcrumbList","@id":"https:\/\/selleetools.com\/product\/heimish-moringa-ceramide-watery-sunscreen-50-ml-nawilzajacy-krem-z-filtrem\/#breadcrumb","itemListElement":[{"@type":"ListItem","position":1,"name":"Home","item":"https:\/\/selleetools.com\/pl\/"},{"@type":"ListItem","position":2,"name":"Katalog","item":"https:\/\/selleetools.com\/pl\/katalog\/"},{"@type":"ListItem","position":3,"name":"HEIMISH Moringa Ceramide Watery Sunscreen 50 ml &#8211; nawil\u017caj\u0105cy krem z filtrem"}]}]}},"_links":{"self":[{"href":"https:\/\/selleetools.com\/pl\/wp-json\/wp\/v2\/product\/600036"}],"collection":[{"href":"https:\/\/selleetools.com\/pl\/wp-json\/wp\/v2\/product"}],"about":[{"href":"https:\/\/selleetools.com\/pl\/wp-json\/wp\/v2\/types\/product"}],"replies":[{"embeddable":true,"href":"https:\/\/selleetools.com\/pl\/wp-json\/wp\/v2\/comments?post=600036"}],"wp:featuredmedia":[{"embeddable":true,"href":"https:\/\/selleetools.com\/pl\/wp-json\/wp\/v2\/media\/600032"}],"wp:attachment":[{"href":"https:\/\/selleetools.com\/pl\/wp-json\/wp\/v2\/media?parent=600036"}],"curies":[{"name":"wp","href":"https:\/\/api.w.org\/{rel}","templated":true}]}}