{"id":600026,"date":"2025-10-22T09:17:38","date_gmt":"2025-10-22T07:17:38","guid":{"rendered":"https:\/\/selleetools.com\/?post_type=product&#038;p=600026"},"modified":"2025-10-23T19:08:46","modified_gmt":"2025-10-23T17:08:46","slug":"heimish-moringa-ceramide-collagen-enriched-moiturizer-120-ml-ceramidowa-emulsja-do-twarzy","status":"publish","type":"product","link":"https:\/\/selleetools.com\/pl\/product\/heimish-moringa-ceramide-collagen-enriched-moiturizer-120-ml-ceramidowa-emulsja-do-twarzy\/","title":{"rendered":"HEIMISH Moringa Ceramide Collagen Enriched Moiturizer 120 ml &#8211; ceramidowa emulsja do twarzy"},"content":{"rendered":"<p>HEIMISH Moringa Ceramide Collagen Enriched Moisturizer to luksusowy krem nawil\u017caj\u0105cy, kt\u00f3ry \u0142\u0105czy w sobie moc naturalnych sk\u0142adnik\u00f3w, takich jak moringa, ceramidy i kolagen, aby dostarczy\u0107 sk\u00f3rze intensywnej dawki nawil\u017cenia i od\u017cywienia. Produkt przeznaczony jest dla wszystkich typ\u00f3w sk\u00f3ry, w szczeg\u00f3lno\u015bci dla sk\u00f3ry suchej i dojrza\u0142ej, wymagaj\u0105cej g\u0142\u0119bokiego nawil\u017cenia i regeneracji.<\/p>\n<p>Korzy\u015bci dla sk\u00f3ry:<br \/>\nIntensywne nawil\u017cenie: Dzi\u0119ki zawarto\u015bci ceramid\u00f3w, krem pomaga odbudowa\u0107 naturaln\u0105 barier\u0119 ochronn\u0105 sk\u00f3ry, zapobiegaj\u0105c utracie wilgoci.<br \/>\nOd\u017cywienie i regeneracja: Ekstrakt z moringi dostarcza sk\u00f3rze niezb\u0119dnych witamin i minera\u0142\u00f3w, wspieraj\u0105c jej zdrowie i blask.<br \/>\nUj\u0119drnienie i elastyczno\u015b\u0107: Kolagen wspomaga procesy regeneracyjne sk\u00f3ry, poprawiaj\u0105c jej elastyczno\u015b\u0107 i j\u0119drno\u015b\u0107.<br \/>\nOchrona przed zanieczyszczeniami: Moringa dzia\u0142a jako naturalny antyoksydant, chroni\u0105c sk\u00f3r\u0119 przed szkodliwym dzia\u0142aniem wolnych rodnik\u00f3w i zanieczyszcze\u0144 \u015brodowiskowych.<\/p>\n<p>Spos\u00f3b u\u017cycia:<br \/>\nOczyszczanie: Zaczynij od dok\u0142adnego oczyszczenia twarzy swoim ulubionym \u015brodkiem myj\u0105cym.<br \/>\nTonizacja: Na\u0142\u00f3\u017c tonik, aby przygotowa\u0107 sk\u00f3r\u0119 na lepsze wch\u0142anianie sk\u0142adnik\u00f3w aktywnych.<br \/>\nNawil\u017cenie: Niewielk\u0105 ilo\u015b\u0107 kremu nanie\u015b na sk\u00f3r\u0119 twarzy i szyi, delikatnie wmasowuj\u0105c kolistymi ruchami a\u017c do ca\u0142kowitego wch\u0142oni\u0119cia.<br \/>\nDodatkowa piel\u0119gnacja: Krem mo\u017cna stosowa\u0107 zar\u00f3wno rano, jak i wieczorem. Idealny pod makija\u017c.<\/p>\n<p>HEIMISH Moringa Ceramide Collagen Enriched Moisturizer to doskona\u0142y wyb\u00f3r dla tych, kt\u00f3rzy szukaj\u0105 kompleksowej piel\u0119gnacji sk\u00f3ry, \u0142\u0105cz\u0105cej w sobie naturalne sk\u0142adniki i nowoczesne technologie kosmetyczne.<\/p>\n","protected":false},"excerpt":{"rendered":"<p>HEIMISH Moringa Ceramide Collagen Enriched Moisturizer to luksusowy krem nawil\u017caj\u0105cy, kt\u00f3ry \u0142\u0105czy w sobie moc naturalnych sk\u0142adnik\u00f3w, takich jak moringa, ceramidy i kolagen, aby dostarczy\u0107 sk\u00f3rze intensywnej dawki nawil\u017cenia i od\u017cywienia. Produkt przeznaczony jest dla wszystkich typ\u00f3w sk\u00f3ry, w szczeg\u00f3lno\u015bci dla sk\u00f3ry suchej i dojrza\u0142ej, wymagaj\u0105cej g\u0142\u0119bokiego nawil\u017cenia i regeneracji. Korzy\u015bci dla sk\u00f3ry: Intensywne nawil\u017cenie: &#8230; <a title=\"HEIMISH Moringa Ceramide Collagen Enriched Moiturizer 120 ml &#8211; ceramidowa emulsja do twarzy\" class=\"read-more\" href=\"https:\/\/selleetools.com\/pl\/product\/heimish-moringa-ceramide-collagen-enriched-moiturizer-120-ml-ceramidowa-emulsja-do-twarzy\/\">Read more<span class=\"screen-reader-text\">HEIMISH Moringa Ceramide Collagen Enriched Moiturizer 120 ml &#8211; ceramidowa emulsja do twarzy<\/span><\/a><\/p>\n","protected":false},"featured_media":600022,"comment_status":"open","ping_status":"closed","template":"","meta":{"_links_to":"","_links_to_target":""},"yoast_head":"<!-- This site is optimized with the Yoast SEO plugin v19.4 - https:\/\/yoast.com\/wordpress\/plugins\/seo\/ -->\n<title>HEIMISH Moringa Ceramide Collagen Enriched Moiturizer 120 ml - ceramidowa emulsja do twarzy - Selleetools.com<\/title>\n<meta name=\"robots\" content=\"index, follow, max-snippet:-1, max-image-preview:large, max-video-preview:-1\" \/>\n<link rel=\"canonical\" href=\"https:\/\/selleetools.com\/product\/heimish-moringa-ceramide-collagen-enriched-moiturizer-120-ml-ceramidowa-emulsja-do-twarzy\/\" \/>\n<meta property=\"og:locale\" content=\"pl_PL\" \/>\n<meta property=\"og:type\" content=\"article\" \/>\n<meta property=\"og:title\" content=\"HEIMISH Moringa Ceramide Collagen Enriched Moiturizer 120 ml - ceramidowa emulsja do twarzy - Selleetools.com\" \/>\n<meta property=\"og:description\" content=\"HEIMISH Moringa Ceramide Collagen Enriched Moisturizer to luksusowy krem nawil\u017caj\u0105cy, kt\u00f3ry \u0142\u0105czy w sobie moc naturalnych sk\u0142adnik\u00f3w, takich jak moringa, ceramidy i kolagen, aby dostarczy\u0107 sk\u00f3rze intensywnej dawki nawil\u017cenia i od\u017cywienia. Produkt przeznaczony jest dla wszystkich typ\u00f3w sk\u00f3ry, w szczeg\u00f3lno\u015bci dla sk\u00f3ry suchej i dojrza\u0142ej, wymagaj\u0105cej g\u0142\u0119bokiego nawil\u017cenia i regeneracji. Korzy\u015bci dla sk\u00f3ry: Intensywne nawil\u017cenie: ... Read moreHEIMISH Moringa Ceramide Collagen Enriched Moiturizer 120 ml &#8211; ceramidowa emulsja do twarzy\" \/>\n<meta property=\"og:url\" content=\"https:\/\/selleetools.com\/product\/heimish-moringa-ceramide-collagen-enriched-moiturizer-120-ml-ceramidowa-emulsja-do-twarzy\/\" \/>\n<meta property=\"og:site_name\" content=\"Selleetools.com\" \/>\n<meta property=\"article:modified_time\" content=\"2025-10-23T17:08:46+00:00\" \/>\n<meta property=\"og:image\" content=\"https:\/\/selleetools.com\/wp-content\/uploads\/2025\/10\/a62ac76d774d7441a9ae922edb0e1f8b.jpg\" \/>\n\t<meta property=\"og:image:width\" content=\"1200\" \/>\n\t<meta property=\"og:image:height\" content=\"1200\" \/>\n\t<meta property=\"og:image:type\" content=\"image\/jpeg\" \/>\n<meta name=\"twitter:card\" content=\"summary_large_image\" \/>\n<meta name=\"twitter:label1\" content=\"Est. reading time\" \/>\n\t<meta name=\"twitter:data1\" content=\"1 minuta\" \/>\n<!-- \/ Yoast SEO plugin. -->","yoast_head_json":{"title":"HEIMISH Moringa Ceramide Collagen Enriched Moiturizer 120 ml - ceramidowa emulsja do twarzy - Selleetools.com","robots":{"index":"index","follow":"follow","max-snippet":"max-snippet:-1","max-image-preview":"max-image-preview:large","max-video-preview":"max-video-preview:-1"},"canonical":"https:\/\/selleetools.com\/product\/heimish-moringa-ceramide-collagen-enriched-moiturizer-120-ml-ceramidowa-emulsja-do-twarzy\/","og_locale":"pl_PL","og_type":"article","og_title":"HEIMISH Moringa Ceramide Collagen Enriched Moiturizer 120 ml - ceramidowa emulsja do twarzy - Selleetools.com","og_description":"HEIMISH Moringa Ceramide Collagen Enriched Moisturizer to luksusowy krem nawil\u017caj\u0105cy, kt\u00f3ry \u0142\u0105czy w sobie moc naturalnych sk\u0142adnik\u00f3w, takich jak moringa, ceramidy i kolagen, aby dostarczy\u0107 sk\u00f3rze intensywnej dawki nawil\u017cenia i od\u017cywienia. Produkt przeznaczony jest dla wszystkich typ\u00f3w sk\u00f3ry, w szczeg\u00f3lno\u015bci dla sk\u00f3ry suchej i dojrza\u0142ej, wymagaj\u0105cej g\u0142\u0119bokiego nawil\u017cenia i regeneracji. Korzy\u015bci dla sk\u00f3ry: Intensywne nawil\u017cenie: ... Read moreHEIMISH Moringa Ceramide Collagen Enriched Moiturizer 120 ml &#8211; ceramidowa emulsja do twarzy","og_url":"https:\/\/selleetools.com\/product\/heimish-moringa-ceramide-collagen-enriched-moiturizer-120-ml-ceramidowa-emulsja-do-twarzy\/","og_site_name":"Selleetools.com","article_modified_time":"2025-10-23T17:08:46+00:00","og_image":[{"width":1200,"height":1200,"url":"https:\/\/selleetools.com\/wp-content\/uploads\/2025\/10\/a62ac76d774d7441a9ae922edb0e1f8b.jpg","type":"image\/jpeg"}],"twitter_card":"summary_large_image","twitter_misc":{"Est. reading time":"1 minuta"},"schema":{"@context":"https:\/\/schema.org","@graph":[{"@type":"Organization","@id":"https:\/\/selleetools.com\/#organization","name":"Selleetools","url":"https:\/\/selleetools.com\/","sameAs":[],"logo":{"@type":"ImageObject","inLanguage":"pl-PL","@id":"https:\/\/selleetools.com\/#\/schema\/logo\/image\/","url":"https:\/\/selleetools.com\/wp-content\/uploads\/2021\/10\/logo-dark.png","contentUrl":"https:\/\/selleetools.com\/wp-content\/uploads\/2021\/10\/logo-dark.png","width":320,"height":76,"caption":"Selleetools"},"image":{"@id":"https:\/\/selleetools.com\/#\/schema\/logo\/image\/"}},{"@type":"WebSite","@id":"https:\/\/selleetools.com\/#website","url":"https:\/\/selleetools.com\/","name":"Selleetools.com","description":"","publisher":{"@id":"https:\/\/selleetools.com\/#organization"},"potentialAction":[{"@type":"SearchAction","target":{"@type":"EntryPoint","urlTemplate":"https:\/\/selleetools.com\/?s={search_term_string}"},"query-input":"required name=search_term_string"}],"inLanguage":"pl-PL"},{"@type":"WebPage","@id":"https:\/\/selleetools.com\/product\/heimish-moringa-ceramide-collagen-enriched-moiturizer-120-ml-ceramidowa-emulsja-do-twarzy\/","url":"https:\/\/selleetools.com\/product\/heimish-moringa-ceramide-collagen-enriched-moiturizer-120-ml-ceramidowa-emulsja-do-twarzy\/","name":"HEIMISH Moringa Ceramide Collagen Enriched Moiturizer 120 ml - ceramidowa emulsja do twarzy - Selleetools.com","isPartOf":{"@id":"https:\/\/selleetools.com\/#website"},"datePublished":"2025-10-22T07:17:38+00:00","dateModified":"2025-10-23T17:08:46+00:00","breadcrumb":{"@id":"https:\/\/selleetools.com\/product\/heimish-moringa-ceramide-collagen-enriched-moiturizer-120-ml-ceramidowa-emulsja-do-twarzy\/#breadcrumb"},"inLanguage":"pl-PL","potentialAction":[{"@type":"ReadAction","target":["https:\/\/selleetools.com\/product\/heimish-moringa-ceramide-collagen-enriched-moiturizer-120-ml-ceramidowa-emulsja-do-twarzy\/"]}]},{"@type":"BreadcrumbList","@id":"https:\/\/selleetools.com\/product\/heimish-moringa-ceramide-collagen-enriched-moiturizer-120-ml-ceramidowa-emulsja-do-twarzy\/#breadcrumb","itemListElement":[{"@type":"ListItem","position":1,"name":"Home","item":"https:\/\/selleetools.com\/pl\/"},{"@type":"ListItem","position":2,"name":"Katalog","item":"https:\/\/selleetools.com\/pl\/katalog\/"},{"@type":"ListItem","position":3,"name":"HEIMISH Moringa Ceramide Collagen Enriched Moiturizer 120 ml &#8211; ceramidowa emulsja do twarzy"}]}]}},"_links":{"self":[{"href":"https:\/\/selleetools.com\/pl\/wp-json\/wp\/v2\/product\/600026"}],"collection":[{"href":"https:\/\/selleetools.com\/pl\/wp-json\/wp\/v2\/product"}],"about":[{"href":"https:\/\/selleetools.com\/pl\/wp-json\/wp\/v2\/types\/product"}],"replies":[{"embeddable":true,"href":"https:\/\/selleetools.com\/pl\/wp-json\/wp\/v2\/comments?post=600026"}],"wp:featuredmedia":[{"embeddable":true,"href":"https:\/\/selleetools.com\/pl\/wp-json\/wp\/v2\/media\/600022"}],"wp:attachment":[{"href":"https:\/\/selleetools.com\/pl\/wp-json\/wp\/v2\/media?parent=600026"}],"curies":[{"name":"wp","href":"https:\/\/api.w.org\/{rel}","templated":true}]}}