{"id":600002,"date":"2025-10-22T09:17:16","date_gmt":"2025-10-22T07:17:16","guid":{"rendered":"https:\/\/selleetools.com\/?post_type=product&#038;p=600002"},"modified":"2025-10-23T19:08:48","modified_gmt":"2025-10-23T17:08:48","slug":"vt-cosmetics-reedle-shot-300-50-ml-booster-intensywnie-wzmacniajacy","status":"publish","type":"product","link":"https:\/\/selleetools.com\/pl\/product\/vt-cosmetics-reedle-shot-300-50-ml-booster-intensywnie-wzmacniajacy\/","title":{"rendered":"VT COSMETICS REEDLE SHOT 300, 50 ml &#8211; Booster intensywnie wzmacniaj\u0105cy"},"content":{"rendered":"<p>Booster do twarzy przeznaczony do stosowania co 3 dni jako pierwszy krok wieczornej piel\u0119gnacji. Intensywnie wyg\u0142adza, rozja\u015bnia i wyr\u00f3wnuje struktur\u0119 sk\u00f3ry, zwi\u0119kszaj\u0105c skuteczno\u015b\u0107 dzia\u0142ania kolejnych kosmetyk\u00f3w. Dzi\u0119ki formule z mikroigie\u0142kami (Cica Reedle\u2122), kosmetyk wspiera odnow\u0119 sk\u00f3ry, poprawia wch\u0142anianie sk\u0142adnik\u00f3w aktywnych i zmniejsza widoczno\u015b\u0107 niedoskona\u0142o\u015bci. Produkt niekomedogenny, odpowiedni dla ka\u017cdego typu sk\u00f3ry \u2013 r\u00f3wnie\u017c wra\u017cliwej i tr\u0105dzikowej.<\/p>\n<p>Korzy\u015bci dla sk\u00f3ry:<br \/>\nwspomaga odnow\u0119 kom\u00f3rkow\u0105 i poprawia wch\u0142anianie sk\u0142adnik\u00f3w aktywnych,<br \/>\nwyg\u0142adza struktur\u0119 sk\u00f3ry i zmniejsza widoczno\u015b\u0107 por\u00f3w,<br \/>\nrozja\u015bnia przebarwienia i wspomaga redukcje blizn potr\u0105dzikowych,<br \/>\npoprawia elastyczno\u015b\u0107 i nawil\u017cenie sk\u00f3ry,<br \/>\nwzmacnia barier\u0119 ochronn\u0105<br \/>\ndzia\u0142a regeneruj\u0105co i \u0142agodz\u0105co, minimalizuj\u0105c podra\u017cnienia.<\/p>\n<p>Spos\u00f3b u\u017cycia:<br \/>\nNale\u017cy stosowa\u0107 na noc, co 3 dni, na oczyszczon\u0105 i such\u0105 sk\u00f3r\u0119 twarzy. Na\u0142o\u017cy\u0107 niewielk\u0105 ilo\u015b\u0107 produktu i delikatnie wmasowa\u0107, nast\u0119pnie docisn\u0105\u0107 d\u0142onie do twarzy, aby wspom\u00f3c wch\u0142anianie. Po aplikacji zastosowa\u0107 kosmetyk nawil\u017caj\u0105cy. Nie stosowa\u0107 z urz\u0105dzeniami kosmetycznymi ani jednocze\u015bnie z produktami Reedle Shot 50, 100, 700, 1000.<\/p>\n","protected":false},"excerpt":{"rendered":"<p>Booster do twarzy przeznaczony do stosowania co 3 dni jako pierwszy krok wieczornej piel\u0119gnacji. Intensywnie wyg\u0142adza, rozja\u015bnia i wyr\u00f3wnuje struktur\u0119 sk\u00f3ry, zwi\u0119kszaj\u0105c skuteczno\u015b\u0107 dzia\u0142ania kolejnych kosmetyk\u00f3w. Dzi\u0119ki formule z mikroigie\u0142kami (Cica Reedle\u2122), kosmetyk wspiera odnow\u0119 sk\u00f3ry, poprawia wch\u0142anianie sk\u0142adnik\u00f3w aktywnych i zmniejsza widoczno\u015b\u0107 niedoskona\u0142o\u015bci. Produkt niekomedogenny, odpowiedni dla ka\u017cdego typu sk\u00f3ry \u2013 r\u00f3wnie\u017c wra\u017cliwej i &#8230; <a title=\"VT COSMETICS REEDLE SHOT 300, 50 ml &#8211; Booster intensywnie wzmacniaj\u0105cy\" class=\"read-more\" href=\"https:\/\/selleetools.com\/pl\/product\/vt-cosmetics-reedle-shot-300-50-ml-booster-intensywnie-wzmacniajacy\/\">Read more<span class=\"screen-reader-text\">VT COSMETICS REEDLE SHOT 300, 50 ml &#8211; Booster intensywnie wzmacniaj\u0105cy<\/span><\/a><\/p>\n","protected":false},"featured_media":599998,"comment_status":"open","ping_status":"closed","template":"","meta":{"_links_to":"","_links_to_target":""},"yoast_head":"<!-- This site is optimized with the Yoast SEO plugin v19.4 - https:\/\/yoast.com\/wordpress\/plugins\/seo\/ -->\n<title>VT COSMETICS REEDLE SHOT 300, 50 ml - Booster intensywnie wzmacniaj\u0105cy - Selleetools.com<\/title>\n<meta name=\"robots\" content=\"index, follow, max-snippet:-1, max-image-preview:large, max-video-preview:-1\" \/>\n<link rel=\"canonical\" href=\"https:\/\/selleetools.com\/pl\/product\/vt-cosmetics-reedle-shot-300-50-ml-booster-intensywnie-wzmacniajacy\/\" \/>\n<meta property=\"og:locale\" content=\"pl_PL\" \/>\n<meta property=\"og:type\" content=\"article\" \/>\n<meta property=\"og:title\" content=\"VT COSMETICS REEDLE SHOT 300, 50 ml - Booster intensywnie wzmacniaj\u0105cy - Selleetools.com\" \/>\n<meta property=\"og:description\" content=\"Booster do twarzy przeznaczony do stosowania co 3 dni jako pierwszy krok wieczornej piel\u0119gnacji. Intensywnie wyg\u0142adza, rozja\u015bnia i wyr\u00f3wnuje struktur\u0119 sk\u00f3ry, zwi\u0119kszaj\u0105c skuteczno\u015b\u0107 dzia\u0142ania kolejnych kosmetyk\u00f3w. Dzi\u0119ki formule z mikroigie\u0142kami (Cica Reedle\u2122), kosmetyk wspiera odnow\u0119 sk\u00f3ry, poprawia wch\u0142anianie sk\u0142adnik\u00f3w aktywnych i zmniejsza widoczno\u015b\u0107 niedoskona\u0142o\u015bci. Produkt niekomedogenny, odpowiedni dla ka\u017cdego typu sk\u00f3ry \u2013 r\u00f3wnie\u017c wra\u017cliwej i ... Read moreVT COSMETICS REEDLE SHOT 300, 50 ml &#8211; Booster intensywnie wzmacniaj\u0105cy\" \/>\n<meta property=\"og:url\" content=\"https:\/\/selleetools.com\/pl\/product\/vt-cosmetics-reedle-shot-300-50-ml-booster-intensywnie-wzmacniajacy\/\" \/>\n<meta property=\"og:site_name\" content=\"Selleetools.com\" \/>\n<meta property=\"article:modified_time\" content=\"2025-10-23T17:08:48+00:00\" \/>\n<meta property=\"og:image\" content=\"https:\/\/selleetools.com\/wp-content\/uploads\/2025\/10\/5679c4c4ad61ba7bac316302524e9772.jpg\" \/>\n\t<meta property=\"og:image:width\" content=\"1200\" \/>\n\t<meta property=\"og:image:height\" content=\"1200\" \/>\n\t<meta property=\"og:image:type\" content=\"image\/jpeg\" \/>\n<meta name=\"twitter:card\" content=\"summary_large_image\" \/>\n<meta name=\"twitter:label1\" content=\"Est. reading time\" \/>\n\t<meta name=\"twitter:data1\" content=\"1 minuta\" \/>\n<!-- \/ Yoast SEO plugin. -->","yoast_head_json":{"title":"VT COSMETICS REEDLE SHOT 300, 50 ml - Booster intensywnie wzmacniaj\u0105cy - Selleetools.com","robots":{"index":"index","follow":"follow","max-snippet":"max-snippet:-1","max-image-preview":"max-image-preview:large","max-video-preview":"max-video-preview:-1"},"canonical":"https:\/\/selleetools.com\/pl\/product\/vt-cosmetics-reedle-shot-300-50-ml-booster-intensywnie-wzmacniajacy\/","og_locale":"pl_PL","og_type":"article","og_title":"VT COSMETICS REEDLE SHOT 300, 50 ml - Booster intensywnie wzmacniaj\u0105cy - Selleetools.com","og_description":"Booster do twarzy przeznaczony do stosowania co 3 dni jako pierwszy krok wieczornej piel\u0119gnacji. Intensywnie wyg\u0142adza, rozja\u015bnia i wyr\u00f3wnuje struktur\u0119 sk\u00f3ry, zwi\u0119kszaj\u0105c skuteczno\u015b\u0107 dzia\u0142ania kolejnych kosmetyk\u00f3w. Dzi\u0119ki formule z mikroigie\u0142kami (Cica Reedle\u2122), kosmetyk wspiera odnow\u0119 sk\u00f3ry, poprawia wch\u0142anianie sk\u0142adnik\u00f3w aktywnych i zmniejsza widoczno\u015b\u0107 niedoskona\u0142o\u015bci. Produkt niekomedogenny, odpowiedni dla ka\u017cdego typu sk\u00f3ry \u2013 r\u00f3wnie\u017c wra\u017cliwej i ... Read moreVT COSMETICS REEDLE SHOT 300, 50 ml &#8211; Booster intensywnie wzmacniaj\u0105cy","og_url":"https:\/\/selleetools.com\/pl\/product\/vt-cosmetics-reedle-shot-300-50-ml-booster-intensywnie-wzmacniajacy\/","og_site_name":"Selleetools.com","article_modified_time":"2025-10-23T17:08:48+00:00","og_image":[{"width":1200,"height":1200,"url":"https:\/\/selleetools.com\/wp-content\/uploads\/2025\/10\/5679c4c4ad61ba7bac316302524e9772.jpg","type":"image\/jpeg"}],"twitter_card":"summary_large_image","twitter_misc":{"Est. reading time":"1 minuta"},"schema":{"@context":"https:\/\/schema.org","@graph":[{"@type":"Organization","@id":"https:\/\/selleetools.com\/#organization","name":"Selleetools","url":"https:\/\/selleetools.com\/","sameAs":[],"logo":{"@type":"ImageObject","inLanguage":"pl-PL","@id":"https:\/\/selleetools.com\/#\/schema\/logo\/image\/","url":"https:\/\/selleetools.com\/wp-content\/uploads\/2021\/10\/logo-dark.png","contentUrl":"https:\/\/selleetools.com\/wp-content\/uploads\/2021\/10\/logo-dark.png","width":320,"height":76,"caption":"Selleetools"},"image":{"@id":"https:\/\/selleetools.com\/#\/schema\/logo\/image\/"}},{"@type":"WebSite","@id":"https:\/\/selleetools.com\/#website","url":"https:\/\/selleetools.com\/","name":"Selleetools.com","description":"","publisher":{"@id":"https:\/\/selleetools.com\/#organization"},"potentialAction":[{"@type":"SearchAction","target":{"@type":"EntryPoint","urlTemplate":"https:\/\/selleetools.com\/?s={search_term_string}"},"query-input":"required name=search_term_string"}],"inLanguage":"pl-PL"},{"@type":"WebPage","@id":"https:\/\/selleetools.com\/pl\/product\/vt-cosmetics-reedle-shot-300-50-ml-booster-intensywnie-wzmacniajacy\/","url":"https:\/\/selleetools.com\/pl\/product\/vt-cosmetics-reedle-shot-300-50-ml-booster-intensywnie-wzmacniajacy\/","name":"VT COSMETICS REEDLE SHOT 300, 50 ml - Booster intensywnie wzmacniaj\u0105cy - Selleetools.com","isPartOf":{"@id":"https:\/\/selleetools.com\/#website"},"datePublished":"2025-10-22T07:17:16+00:00","dateModified":"2025-10-23T17:08:48+00:00","breadcrumb":{"@id":"https:\/\/selleetools.com\/pl\/product\/vt-cosmetics-reedle-shot-300-50-ml-booster-intensywnie-wzmacniajacy\/#breadcrumb"},"inLanguage":"pl-PL","potentialAction":[{"@type":"ReadAction","target":["https:\/\/selleetools.com\/pl\/product\/vt-cosmetics-reedle-shot-300-50-ml-booster-intensywnie-wzmacniajacy\/"]}]},{"@type":"BreadcrumbList","@id":"https:\/\/selleetools.com\/pl\/product\/vt-cosmetics-reedle-shot-300-50-ml-booster-intensywnie-wzmacniajacy\/#breadcrumb","itemListElement":[{"@type":"ListItem","position":1,"name":"Home","item":"https:\/\/selleetools.com\/pl\/"},{"@type":"ListItem","position":2,"name":"Katalog","item":"https:\/\/selleetools.com\/pl\/katalog\/"},{"@type":"ListItem","position":3,"name":"VT COSMETICS REEDLE SHOT 300, 50 ml &#8211; Booster intensywnie wzmacniaj\u0105cy"}]}]}},"_links":{"self":[{"href":"https:\/\/selleetools.com\/pl\/wp-json\/wp\/v2\/product\/600002"}],"collection":[{"href":"https:\/\/selleetools.com\/pl\/wp-json\/wp\/v2\/product"}],"about":[{"href":"https:\/\/selleetools.com\/pl\/wp-json\/wp\/v2\/types\/product"}],"replies":[{"embeddable":true,"href":"https:\/\/selleetools.com\/pl\/wp-json\/wp\/v2\/comments?post=600002"}],"wp:featuredmedia":[{"embeddable":true,"href":"https:\/\/selleetools.com\/pl\/wp-json\/wp\/v2\/media\/599998"}],"wp:attachment":[{"href":"https:\/\/selleetools.com\/pl\/wp-json\/wp\/v2\/media?parent=600002"}],"curies":[{"name":"wp","href":"https:\/\/api.w.org\/{rel}","templated":true}]}}