{"id":599997,"date":"2025-10-22T09:17:12","date_gmt":"2025-10-22T07:17:12","guid":{"rendered":"https:\/\/selleetools.com\/?post_type=product&#038;p=599997"},"modified":"2025-12-26T16:59:02","modified_gmt":"2025-12-26T15:59:02","slug":"peripera-ink-glasting-lip-gloss-002-edge-nude-4-5-ml-blyszczyk-do-ust","status":"publish","type":"product","link":"https:\/\/selleetools.com\/pl\/product\/peripera-ink-glasting-lip-gloss-002-edge-nude-4-5-ml-blyszczyk-do-ust\/","title":{"rendered":"Peripera Ink Glasting Lip Gloss 002 Edge Nude 4.5 ml &#8211; B\u0142yszczyk do ust"},"content":{"rendered":"<p>Peripera Ink Glasting Lip Gloss w odcieniu 002 Edge Nude to wyj\u0105tkowy kosmetyk, kt\u00f3ry \u0142\u0105czy w sobie intensywny blask i subtelny, naturalny kolor, idealny na ka\u017cd\u0105 okazj\u0119. B\u0142yszczyk zapewnia d\u0142ugotrwa\u0142y efekt nawil\u017cenia, podkre\u015blaj\u0105c pi\u0119kno ust i nadaj\u0105c im zdrowy, pe\u0142ny wygl\u0105d. Dzi\u0119ki lekkiej formule, produkt nie obci\u0105\u017ca ust, pozostawiaj\u0105c je mi\u0119kkie i elastyczne przez ca\u0142y dzie\u0144.<\/p>\n<p>Korzy\u015bci dla sk\u00f3ry:<br \/>\nG\u0142\u0119boko nawil\u017ca i od\u017cywia usta, zapobiegaj\u0105c ich wysuszeniu.<br \/>\nNadaje ustom pe\u0142niejszy wygl\u0105d dzi\u0119ki efektowi lustrzanego blasku.<br \/>\nDelikatna formu\u0142a sprawia, \u017ce b\u0142yszczyk nie klei si\u0119, zapewniaj\u0105c komfort noszenia.<\/p>\n<p>Spos\u00f3b u\u017cycia:<br \/>\nNa\u0142\u00f3\u017c niewielk\u0105 ilo\u015b\u0107 b\u0142yszczyka na \u015brodek dolnej wargi, a nast\u0119pnie delikatnie rozprowad\u017a na ca\u0142ej powierzchni ust. Mo\u017cesz u\u017cywa\u0107 go samodzielnie, aby uzyska\u0107 naturalny wygl\u0105d, lub na\u0142o\u017cy\u0107 na ulubion\u0105 pomadk\u0119, aby doda\u0107 jej intensywno\u015bci i blasku. Dla uzyskania najlepszego efektu, aplikuj na nawil\u017cone usta.<\/p>\n","protected":false},"excerpt":{"rendered":"<p>Peripera Ink Glasting Lip Gloss w odcieniu 002 Edge Nude to wyj\u0105tkowy kosmetyk, kt\u00f3ry \u0142\u0105czy w sobie intensywny blask i subtelny, naturalny kolor, idealny na ka\u017cd\u0105 okazj\u0119. B\u0142yszczyk zapewnia d\u0142ugotrwa\u0142y efekt nawil\u017cenia, podkre\u015blaj\u0105c pi\u0119kno ust i nadaj\u0105c im zdrowy, pe\u0142ny wygl\u0105d. Dzi\u0119ki lekkiej formule, produkt nie obci\u0105\u017ca ust, pozostawiaj\u0105c je mi\u0119kkie i elastyczne przez ca\u0142y &#8230; <a title=\"Peripera Ink Glasting Lip Gloss 002 Edge Nude 4.5 ml &#8211; B\u0142yszczyk do ust\" class=\"read-more\" href=\"https:\/\/selleetools.com\/pl\/product\/peripera-ink-glasting-lip-gloss-002-edge-nude-4-5-ml-blyszczyk-do-ust\/\">Read more<span class=\"screen-reader-text\">Peripera Ink Glasting Lip Gloss 002 Edge Nude 4.5 ml &#8211; B\u0142yszczyk do ust<\/span><\/a><\/p>\n","protected":false},"featured_media":599995,"comment_status":"open","ping_status":"closed","template":"","meta":{"_links_to":"","_links_to_target":""},"yoast_head":"<!-- This site is optimized with the Yoast SEO plugin v19.4 - https:\/\/yoast.com\/wordpress\/plugins\/seo\/ -->\n<title>Peripera Ink Glasting Lip Gloss 002 Edge Nude 4.5 ml - B\u0142yszczyk do ust - Selleetools.com<\/title>\n<meta name=\"robots\" content=\"index, follow, max-snippet:-1, max-image-preview:large, max-video-preview:-1\" \/>\n<link rel=\"canonical\" href=\"https:\/\/selleetools.com\/pl\/product\/peripera-ink-glasting-lip-gloss-002-edge-nude-4-5-ml-blyszczyk-do-ust\/\" \/>\n<meta property=\"og:locale\" content=\"pl_PL\" \/>\n<meta property=\"og:type\" content=\"article\" \/>\n<meta property=\"og:title\" content=\"Peripera Ink Glasting Lip Gloss 002 Edge Nude 4.5 ml - B\u0142yszczyk do ust - Selleetools.com\" \/>\n<meta property=\"og:description\" content=\"Peripera Ink Glasting Lip Gloss w odcieniu 002 Edge Nude to wyj\u0105tkowy kosmetyk, kt\u00f3ry \u0142\u0105czy w sobie intensywny blask i subtelny, naturalny kolor, idealny na ka\u017cd\u0105 okazj\u0119. B\u0142yszczyk zapewnia d\u0142ugotrwa\u0142y efekt nawil\u017cenia, podkre\u015blaj\u0105c pi\u0119kno ust i nadaj\u0105c im zdrowy, pe\u0142ny wygl\u0105d. Dzi\u0119ki lekkiej formule, produkt nie obci\u0105\u017ca ust, pozostawiaj\u0105c je mi\u0119kkie i elastyczne przez ca\u0142y ... Read morePeripera Ink Glasting Lip Gloss 002 Edge Nude 4.5 ml &#8211; B\u0142yszczyk do ust\" \/>\n<meta property=\"og:url\" content=\"https:\/\/selleetools.com\/pl\/product\/peripera-ink-glasting-lip-gloss-002-edge-nude-4-5-ml-blyszczyk-do-ust\/\" \/>\n<meta property=\"og:site_name\" content=\"Selleetools.com\" \/>\n<meta property=\"article:modified_time\" content=\"2025-12-26T15:59:02+00:00\" \/>\n<meta property=\"og:image\" content=\"https:\/\/selleetools.com\/wp-content\/uploads\/2025\/10\/4021a1735433cfd643c8327dfd6e52a6.jpg\" \/>\n\t<meta property=\"og:image:width\" content=\"500\" \/>\n\t<meta property=\"og:image:height\" content=\"500\" \/>\n\t<meta property=\"og:image:type\" content=\"image\/jpeg\" \/>\n<meta name=\"twitter:card\" content=\"summary_large_image\" \/>\n<meta name=\"twitter:label1\" content=\"Est. reading time\" \/>\n\t<meta name=\"twitter:data1\" content=\"1 minuta\" \/>\n<!-- \/ Yoast SEO plugin. -->","yoast_head_json":{"title":"Peripera Ink Glasting Lip Gloss 002 Edge Nude 4.5 ml - B\u0142yszczyk do ust - Selleetools.com","robots":{"index":"index","follow":"follow","max-snippet":"max-snippet:-1","max-image-preview":"max-image-preview:large","max-video-preview":"max-video-preview:-1"},"canonical":"https:\/\/selleetools.com\/pl\/product\/peripera-ink-glasting-lip-gloss-002-edge-nude-4-5-ml-blyszczyk-do-ust\/","og_locale":"pl_PL","og_type":"article","og_title":"Peripera Ink Glasting Lip Gloss 002 Edge Nude 4.5 ml - B\u0142yszczyk do ust - Selleetools.com","og_description":"Peripera Ink Glasting Lip Gloss w odcieniu 002 Edge Nude to wyj\u0105tkowy kosmetyk, kt\u00f3ry \u0142\u0105czy w sobie intensywny blask i subtelny, naturalny kolor, idealny na ka\u017cd\u0105 okazj\u0119. B\u0142yszczyk zapewnia d\u0142ugotrwa\u0142y efekt nawil\u017cenia, podkre\u015blaj\u0105c pi\u0119kno ust i nadaj\u0105c im zdrowy, pe\u0142ny wygl\u0105d. Dzi\u0119ki lekkiej formule, produkt nie obci\u0105\u017ca ust, pozostawiaj\u0105c je mi\u0119kkie i elastyczne przez ca\u0142y ... Read morePeripera Ink Glasting Lip Gloss 002 Edge Nude 4.5 ml &#8211; B\u0142yszczyk do ust","og_url":"https:\/\/selleetools.com\/pl\/product\/peripera-ink-glasting-lip-gloss-002-edge-nude-4-5-ml-blyszczyk-do-ust\/","og_site_name":"Selleetools.com","article_modified_time":"2025-12-26T15:59:02+00:00","og_image":[{"width":500,"height":500,"url":"https:\/\/selleetools.com\/wp-content\/uploads\/2025\/10\/4021a1735433cfd643c8327dfd6e52a6.jpg","type":"image\/jpeg"}],"twitter_card":"summary_large_image","twitter_misc":{"Est. reading time":"1 minuta"},"schema":{"@context":"https:\/\/schema.org","@graph":[{"@type":"Organization","@id":"https:\/\/selleetools.com\/#organization","name":"Selleetools","url":"https:\/\/selleetools.com\/","sameAs":[],"logo":{"@type":"ImageObject","inLanguage":"pl-PL","@id":"https:\/\/selleetools.com\/#\/schema\/logo\/image\/","url":"https:\/\/selleetools.com\/wp-content\/uploads\/2021\/10\/logo-dark.png","contentUrl":"https:\/\/selleetools.com\/wp-content\/uploads\/2021\/10\/logo-dark.png","width":320,"height":76,"caption":"Selleetools"},"image":{"@id":"https:\/\/selleetools.com\/#\/schema\/logo\/image\/"}},{"@type":"WebSite","@id":"https:\/\/selleetools.com\/#website","url":"https:\/\/selleetools.com\/","name":"Selleetools.com","description":"","publisher":{"@id":"https:\/\/selleetools.com\/#organization"},"potentialAction":[{"@type":"SearchAction","target":{"@type":"EntryPoint","urlTemplate":"https:\/\/selleetools.com\/?s={search_term_string}"},"query-input":"required name=search_term_string"}],"inLanguage":"pl-PL"},{"@type":"WebPage","@id":"https:\/\/selleetools.com\/pl\/product\/peripera-ink-glasting-lip-gloss-002-edge-nude-4-5-ml-blyszczyk-do-ust\/","url":"https:\/\/selleetools.com\/pl\/product\/peripera-ink-glasting-lip-gloss-002-edge-nude-4-5-ml-blyszczyk-do-ust\/","name":"Peripera Ink Glasting Lip Gloss 002 Edge Nude 4.5 ml - B\u0142yszczyk do ust - Selleetools.com","isPartOf":{"@id":"https:\/\/selleetools.com\/#website"},"datePublished":"2025-10-22T07:17:12+00:00","dateModified":"2025-12-26T15:59:02+00:00","breadcrumb":{"@id":"https:\/\/selleetools.com\/pl\/product\/peripera-ink-glasting-lip-gloss-002-edge-nude-4-5-ml-blyszczyk-do-ust\/#breadcrumb"},"inLanguage":"pl-PL","potentialAction":[{"@type":"ReadAction","target":["https:\/\/selleetools.com\/pl\/product\/peripera-ink-glasting-lip-gloss-002-edge-nude-4-5-ml-blyszczyk-do-ust\/"]}]},{"@type":"BreadcrumbList","@id":"https:\/\/selleetools.com\/pl\/product\/peripera-ink-glasting-lip-gloss-002-edge-nude-4-5-ml-blyszczyk-do-ust\/#breadcrumb","itemListElement":[{"@type":"ListItem","position":1,"name":"Home","item":"https:\/\/selleetools.com\/pl\/"},{"@type":"ListItem","position":2,"name":"Katalog","item":"https:\/\/selleetools.com\/pl\/katalog\/"},{"@type":"ListItem","position":3,"name":"Peripera Ink Glasting Lip Gloss 002 Edge Nude 4.5 ml &#8211; B\u0142yszczyk do ust"}]}]}},"_links":{"self":[{"href":"https:\/\/selleetools.com\/pl\/wp-json\/wp\/v2\/product\/599997"}],"collection":[{"href":"https:\/\/selleetools.com\/pl\/wp-json\/wp\/v2\/product"}],"about":[{"href":"https:\/\/selleetools.com\/pl\/wp-json\/wp\/v2\/types\/product"}],"replies":[{"embeddable":true,"href":"https:\/\/selleetools.com\/pl\/wp-json\/wp\/v2\/comments?post=599997"}],"wp:featuredmedia":[{"embeddable":true,"href":"https:\/\/selleetools.com\/pl\/wp-json\/wp\/v2\/media\/599995"}],"wp:attachment":[{"href":"https:\/\/selleetools.com\/pl\/wp-json\/wp\/v2\/media?parent=599997"}],"curies":[{"name":"wp","href":"https:\/\/api.w.org\/{rel}","templated":true}]}}