{"id":599994,"date":"2025-10-22T09:17:09","date_gmt":"2025-10-22T07:17:09","guid":{"rendered":"https:\/\/selleetools.com\/?post_type=product&#038;p=599994"},"modified":"2025-10-30T16:36:35","modified_gmt":"2025-10-30T15:36:35","slug":"purederm-weganska-glow-up-boosting-rainbow-hydrozelowa-maska-na-oczy-8-g","status":"publish","type":"product","link":"https:\/\/selleetools.com\/pl\/product\/purederm-weganska-glow-up-boosting-rainbow-hydrozelowa-maska-na-oczy-8-g\/","title":{"rendered":"PUREDERM Wega\u0144ska Glow-up Boosting RAINBOW: hydro\u017celowa maska na oczy, 8 g"},"content":{"rendered":"<p>PUREDERM Wega\u0144ska Glow-up Boosting RAINBOW: Hydro\u017celowa Maska na Oczy, 8 g<br \/>\nInnowacyjna hydro\u017celowa maska na oczy, stworzona z my\u015bl\u0105 o poprawie wygl\u0105du delikatnej sk\u00f3ry wok\u00f3\u0142 oczu. Dzi\u0119ki wega\u0144skim sk\u0142adnikom i efektownym, kolorowym wzorom, maska nie tylko piel\u0119gnuje, ale tak\u017ce dodaje odrobin\u0119 zabawy do rutyny piel\u0119gnacyjnej. Intensywnie nawil\u017ca sk\u00f3r\u0119 wok\u00f3\u0142 oczu, eliminuj\u0105c uczucie sucho\u015bci i napi\u0119cia. Wspomaga rozja\u015bnienie cieni i oznak zm\u0119czenia, nadaj\u0105c sk\u00f3rze zdrowy i promienny wygl\u0105d. Dzia\u0142a uj\u0119drniaj\u0105co, pomagaj\u0105c w wyg\u0142adzaniu drobnych zmarszczek i linii.<\/p>\n<p>Korzy\u015bci dla sk\u00f3ry:<br \/>\n\u015awie\u017co\u015b\u0107: Sk\u00f3ra pod oczami staje si\u0119 \u015bwie\u017csza i bardziej wypocz\u0119ta.<br \/>\nRedukcja cieni i opuchlizny: Pomaga w zmniejszeniu cieni i opuchlizny, poprawiaj\u0105c og\u00f3lny wygl\u0105d oczu.<br \/>\nG\u0142adko\u015b\u0107 i elastyczno\u015b\u0107: Poprawia elastyczno\u015b\u0107 i g\u0142adko\u015b\u0107 sk\u00f3ry, przywracaj\u0105c jej m\u0142odszy wygl\u0105d.<\/p>\n<p>Spos\u00f3b u\u017cycia:  Umyj twarz i osusz sk\u00f3r\u0119 przed aplikacj\u0105 maski. Ostro\u017cnie wyjmij maski z opakowania i na\u0142\u00f3\u017c je na sk\u00f3r\u0119 pod oczami, dopasowuj\u0105c do kszta\u0142tu. Pozostaw maski na sk\u00f3rze przez 10-15 minut, aby sk\u0142adniki aktywne mog\u0142y wnikn\u0105\u0107 w sk\u00f3r\u0119. Po up\u0142ywie czasu dzia\u0142ania zdejmij maski i delikatnie wmasuj pozosta\u0142o\u015bci produktu w sk\u00f3r\u0119.<\/p>\n","protected":false},"excerpt":{"rendered":"<p>PUREDERM Wega\u0144ska Glow-up Boosting RAINBOW: Hydro\u017celowa Maska na Oczy, 8 g Innowacyjna hydro\u017celowa maska na oczy, stworzona z my\u015bl\u0105 o poprawie wygl\u0105du delikatnej sk\u00f3ry wok\u00f3\u0142 oczu. Dzi\u0119ki wega\u0144skim sk\u0142adnikom i efektownym, kolorowym wzorom, maska nie tylko piel\u0119gnuje, ale tak\u017ce dodaje odrobin\u0119 zabawy do rutyny piel\u0119gnacyjnej. Intensywnie nawil\u017ca sk\u00f3r\u0119 wok\u00f3\u0142 oczu, eliminuj\u0105c uczucie sucho\u015bci i napi\u0119cia. &#8230; <a title=\"PUREDERM Wega\u0144ska Glow-up Boosting RAINBOW: hydro\u017celowa maska na oczy, 8 g\" class=\"read-more\" href=\"https:\/\/selleetools.com\/pl\/product\/purederm-weganska-glow-up-boosting-rainbow-hydrozelowa-maska-na-oczy-8-g\/\">Read more<span class=\"screen-reader-text\">PUREDERM Wega\u0144ska Glow-up Boosting RAINBOW: hydro\u017celowa maska na oczy, 8 g<\/span><\/a><\/p>\n","protected":false},"featured_media":599992,"comment_status":"open","ping_status":"closed","template":"","meta":{"_links_to":"","_links_to_target":""},"yoast_head":"<!-- This site is optimized with the Yoast SEO plugin v19.4 - https:\/\/yoast.com\/wordpress\/plugins\/seo\/ -->\n<title>PUREDERM Wega\u0144ska Glow-up Boosting RAINBOW: hydro\u017celowa maska na oczy, 8 g - Selleetools.com<\/title>\n<meta name=\"robots\" content=\"index, follow, max-snippet:-1, max-image-preview:large, max-video-preview:-1\" \/>\n<link rel=\"canonical\" href=\"https:\/\/admincentral.selleetools.com\/pl\/product\/purederm-weganska-glow-up-boosting-rainbow-hydrozelowa-maska-na-oczy-8-g\/\" \/>\n<meta property=\"og:locale\" content=\"pl_PL\" \/>\n<meta property=\"og:type\" content=\"article\" \/>\n<meta property=\"og:title\" content=\"PUREDERM Wega\u0144ska Glow-up Boosting RAINBOW: hydro\u017celowa maska na oczy, 8 g - Selleetools.com\" \/>\n<meta property=\"og:description\" content=\"PUREDERM Wega\u0144ska Glow-up Boosting RAINBOW: Hydro\u017celowa Maska na Oczy, 8 g Innowacyjna hydro\u017celowa maska na oczy, stworzona z my\u015bl\u0105 o poprawie wygl\u0105du delikatnej sk\u00f3ry wok\u00f3\u0142 oczu. Dzi\u0119ki wega\u0144skim sk\u0142adnikom i efektownym, kolorowym wzorom, maska nie tylko piel\u0119gnuje, ale tak\u017ce dodaje odrobin\u0119 zabawy do rutyny piel\u0119gnacyjnej. Intensywnie nawil\u017ca sk\u00f3r\u0119 wok\u00f3\u0142 oczu, eliminuj\u0105c uczucie sucho\u015bci i napi\u0119cia. ... Read morePUREDERM Wega\u0144ska Glow-up Boosting RAINBOW: hydro\u017celowa maska na oczy, 8 g\" \/>\n<meta property=\"og:url\" content=\"https:\/\/admincentral.selleetools.com\/pl\/product\/purederm-weganska-glow-up-boosting-rainbow-hydrozelowa-maska-na-oczy-8-g\/\" \/>\n<meta property=\"og:site_name\" content=\"Selleetools.com\" \/>\n<meta property=\"article:modified_time\" content=\"2025-10-30T15:36:35+00:00\" \/>\n<meta property=\"og:image\" content=\"https:\/\/selleetools.com\/wp-content\/uploads\/2025\/10\/3e7e9545c5fc4e7207065aa3e9d10971.jpg\" \/>\n\t<meta property=\"og:image:width\" content=\"1000\" \/>\n\t<meta property=\"og:image:height\" content=\"1000\" \/>\n\t<meta property=\"og:image:type\" content=\"image\/jpeg\" \/>\n<meta name=\"twitter:card\" content=\"summary_large_image\" \/>\n<meta name=\"twitter:label1\" content=\"Est. reading time\" \/>\n\t<meta name=\"twitter:data1\" content=\"1 minuta\" \/>\n<!-- \/ Yoast SEO plugin. -->","yoast_head_json":{"title":"PUREDERM Wega\u0144ska Glow-up Boosting RAINBOW: hydro\u017celowa maska na oczy, 8 g - Selleetools.com","robots":{"index":"index","follow":"follow","max-snippet":"max-snippet:-1","max-image-preview":"max-image-preview:large","max-video-preview":"max-video-preview:-1"},"canonical":"https:\/\/admincentral.selleetools.com\/pl\/product\/purederm-weganska-glow-up-boosting-rainbow-hydrozelowa-maska-na-oczy-8-g\/","og_locale":"pl_PL","og_type":"article","og_title":"PUREDERM Wega\u0144ska Glow-up Boosting RAINBOW: hydro\u017celowa maska na oczy, 8 g - Selleetools.com","og_description":"PUREDERM Wega\u0144ska Glow-up Boosting RAINBOW: Hydro\u017celowa Maska na Oczy, 8 g Innowacyjna hydro\u017celowa maska na oczy, stworzona z my\u015bl\u0105 o poprawie wygl\u0105du delikatnej sk\u00f3ry wok\u00f3\u0142 oczu. Dzi\u0119ki wega\u0144skim sk\u0142adnikom i efektownym, kolorowym wzorom, maska nie tylko piel\u0119gnuje, ale tak\u017ce dodaje odrobin\u0119 zabawy do rutyny piel\u0119gnacyjnej. Intensywnie nawil\u017ca sk\u00f3r\u0119 wok\u00f3\u0142 oczu, eliminuj\u0105c uczucie sucho\u015bci i napi\u0119cia. ... Read morePUREDERM Wega\u0144ska Glow-up Boosting RAINBOW: hydro\u017celowa maska na oczy, 8 g","og_url":"https:\/\/admincentral.selleetools.com\/pl\/product\/purederm-weganska-glow-up-boosting-rainbow-hydrozelowa-maska-na-oczy-8-g\/","og_site_name":"Selleetools.com","article_modified_time":"2025-10-30T15:36:35+00:00","og_image":[{"width":1000,"height":1000,"url":"https:\/\/selleetools.com\/wp-content\/uploads\/2025\/10\/3e7e9545c5fc4e7207065aa3e9d10971.jpg","type":"image\/jpeg"}],"twitter_card":"summary_large_image","twitter_misc":{"Est. reading time":"1 minuta"},"schema":{"@context":"https:\/\/schema.org","@graph":[{"@type":"Organization","@id":"https:\/\/selleetools.com\/#organization","name":"Selleetools","url":"https:\/\/selleetools.com\/","sameAs":[],"logo":{"@type":"ImageObject","inLanguage":"pl-PL","@id":"https:\/\/selleetools.com\/#\/schema\/logo\/image\/","url":"https:\/\/selleetools.com\/wp-content\/uploads\/2021\/10\/logo-dark.png","contentUrl":"https:\/\/selleetools.com\/wp-content\/uploads\/2021\/10\/logo-dark.png","width":320,"height":76,"caption":"Selleetools"},"image":{"@id":"https:\/\/selleetools.com\/#\/schema\/logo\/image\/"}},{"@type":"WebSite","@id":"https:\/\/selleetools.com\/#website","url":"https:\/\/selleetools.com\/","name":"Selleetools.com","description":"","publisher":{"@id":"https:\/\/selleetools.com\/#organization"},"potentialAction":[{"@type":"SearchAction","target":{"@type":"EntryPoint","urlTemplate":"https:\/\/selleetools.com\/?s={search_term_string}"},"query-input":"required name=search_term_string"}],"inLanguage":"pl-PL"},{"@type":"WebPage","@id":"https:\/\/admincentral.selleetools.com\/pl\/product\/purederm-weganska-glow-up-boosting-rainbow-hydrozelowa-maska-na-oczy-8-g\/","url":"https:\/\/admincentral.selleetools.com\/pl\/product\/purederm-weganska-glow-up-boosting-rainbow-hydrozelowa-maska-na-oczy-8-g\/","name":"PUREDERM Wega\u0144ska Glow-up Boosting RAINBOW: hydro\u017celowa maska na oczy, 8 g - Selleetools.com","isPartOf":{"@id":"https:\/\/selleetools.com\/#website"},"datePublished":"2025-10-22T07:17:09+00:00","dateModified":"2025-10-30T15:36:35+00:00","breadcrumb":{"@id":"https:\/\/admincentral.selleetools.com\/pl\/product\/purederm-weganska-glow-up-boosting-rainbow-hydrozelowa-maska-na-oczy-8-g\/#breadcrumb"},"inLanguage":"pl-PL","potentialAction":[{"@type":"ReadAction","target":["https:\/\/admincentral.selleetools.com\/pl\/product\/purederm-weganska-glow-up-boosting-rainbow-hydrozelowa-maska-na-oczy-8-g\/"]}]},{"@type":"BreadcrumbList","@id":"https:\/\/admincentral.selleetools.com\/pl\/product\/purederm-weganska-glow-up-boosting-rainbow-hydrozelowa-maska-na-oczy-8-g\/#breadcrumb","itemListElement":[{"@type":"ListItem","position":1,"name":"Home","item":"https:\/\/selleetools.com\/pl\/"},{"@type":"ListItem","position":2,"name":"Katalog","item":"https:\/\/selleetools.com\/pl\/katalog\/"},{"@type":"ListItem","position":3,"name":"PUREDERM Wega\u0144ska Glow-up Boosting RAINBOW: hydro\u017celowa maska na oczy, 8 g"}]}]}},"_links":{"self":[{"href":"https:\/\/selleetools.com\/pl\/wp-json\/wp\/v2\/product\/599994"}],"collection":[{"href":"https:\/\/selleetools.com\/pl\/wp-json\/wp\/v2\/product"}],"about":[{"href":"https:\/\/selleetools.com\/pl\/wp-json\/wp\/v2\/types\/product"}],"replies":[{"embeddable":true,"href":"https:\/\/selleetools.com\/pl\/wp-json\/wp\/v2\/comments?post=599994"}],"wp:featuredmedia":[{"embeddable":true,"href":"https:\/\/selleetools.com\/pl\/wp-json\/wp\/v2\/media\/599992"}],"wp:attachment":[{"href":"https:\/\/selleetools.com\/pl\/wp-json\/wp\/v2\/media?parent=599994"}],"curies":[{"name":"wp","href":"https:\/\/api.w.org\/{rel}","templated":true}]}}