{"id":599991,"date":"2025-10-22T09:17:05","date_gmt":"2025-10-22T07:17:05","guid":{"rendered":"https:\/\/selleetools.com\/?post_type=product&#038;p=599991"},"modified":"2025-12-26T16:59:00","modified_gmt":"2025-12-26T15:59:00","slug":"purederm-colorskin-nawilzajaca-maseczka-do-dloni-z-nadrukiem-w-gwiazdki-2-x-13-g","status":"publish","type":"product","link":"https:\/\/selleetools.com\/pl\/product\/purederm-colorskin-nawilzajaca-maseczka-do-dloni-z-nadrukiem-w-gwiazdki-2-x-13-g\/","title":{"rendered":"PUREDERM COLOR!SKIN! Nawil\u017caj\u0105ca maseczka do d\u0142oni z nadrukiem w gwiazdki, 2 x 13 g"},"content":{"rendered":"<p>PUREDERM COLOR!SKIN! Nawil\u017caj\u0105ca maseczka do d\u0142oni z nadrukiem w gwiazdki, 2 x 13 g<br \/>\nNawil\u017caj\u0105ca maseczka do d\u0142oni to innowacyjny produkt piel\u0119gnacyjny, kt\u00f3ry \u0142\u0105czy funkcje nawil\u017caj\u0105ce z estetycznym designem. Maseczka ma nadruk w gwiazdki, co dodaje jej uroku i sprawia, \u017ce piel\u0119gnacja staje si\u0119 przyjemniejsza. Maseczka intensywnie nawil\u017ca sk\u00f3r\u0119 d\u0142oni, eliminuj\u0105c uczucie sucho\u015bci i napi\u0119cia.  Pomaga w regeneracji suchej i zniszczonej sk\u00f3ry, przywracaj\u0105c jej g\u0142adko\u015b\u0107 i elastyczno\u015b\u0107. Sk\u0142adniki aktywne zmi\u0119kczaj\u0105 sk\u00f3r\u0119, poprawiaj\u0105c jej tekstur\u0119 i wygl\u0105d.<\/p>\n<p>Korzy\u015bci dla sk\u00f3ry:<br \/>\nG\u0142adko\u015b\u0107: Sk\u00f3ra staje si\u0119 g\u0142adsza i bardziej jednorodna w dotyku.<br \/>\nNawil\u017cenie: Utrzymuje optymalne nawil\u017cenie, co jest szczeg\u00f3lnie wa\u017cne w okresach zimowych lub przy cz\u0119stym myciu r\u0105k.<br \/>\nOd\u017cywienie: D\u0142onie wygl\u0105daj\u0105 zdrowiej i m\u0142odziej dzi\u0119ki od\u017cywieniu i regeneracji sk\u00f3ry.<\/p>\n<p>Spos\u00f3b u\u017cycia: Umyj i osusz d\u0142onie przed na\u0142o\u017ceniem maseczki. Rozpakuj maseczki i na\u0142\u00f3\u017c je na d\u0142onie. Dopasuj do kszta\u0142tu r\u0105k, upewniaj\u0105c si\u0119, \u017ce s\u0105 dobrze przylegaj\u0105ce.  Pozostaw maseczki na d\u0142oniach przez 20-30 minut, aby sk\u0142adniki aktywne mia\u0142y czas na dzia\u0142anie. Po up\u0142ywie czasu dzia\u0142ania zdejmij maseczki i delikatnie wmasuj pozosta\u0142o\u015bci produktu w sk\u00f3r\u0119 d\u0142oni.<\/p>\n","protected":false},"excerpt":{"rendered":"<p>PUREDERM COLOR!SKIN! Nawil\u017caj\u0105ca maseczka do d\u0142oni z nadrukiem w gwiazdki, 2 x 13 g Nawil\u017caj\u0105ca maseczka do d\u0142oni to innowacyjny produkt piel\u0119gnacyjny, kt\u00f3ry \u0142\u0105czy funkcje nawil\u017caj\u0105ce z estetycznym designem. Maseczka ma nadruk w gwiazdki, co dodaje jej uroku i sprawia, \u017ce piel\u0119gnacja staje si\u0119 przyjemniejsza. Maseczka intensywnie nawil\u017ca sk\u00f3r\u0119 d\u0142oni, eliminuj\u0105c uczucie sucho\u015bci i napi\u0119cia. &#8230; <a title=\"PUREDERM COLOR!SKIN! Nawil\u017caj\u0105ca maseczka do d\u0142oni z nadrukiem w gwiazdki, 2 x 13 g\" class=\"read-more\" href=\"https:\/\/selleetools.com\/pl\/product\/purederm-colorskin-nawilzajaca-maseczka-do-dloni-z-nadrukiem-w-gwiazdki-2-x-13-g\/\">Read more<span class=\"screen-reader-text\">PUREDERM COLOR!SKIN! Nawil\u017caj\u0105ca maseczka do d\u0142oni z nadrukiem w gwiazdki, 2 x 13 g<\/span><\/a><\/p>\n","protected":false},"featured_media":599989,"comment_status":"open","ping_status":"closed","template":"","meta":{"_links_to":"","_links_to_target":""},"yoast_head":"<!-- This site is optimized with the Yoast SEO plugin v19.4 - https:\/\/yoast.com\/wordpress\/plugins\/seo\/ -->\n<title>PUREDERM COLOR!SKIN! Nawil\u017caj\u0105ca maseczka do d\u0142oni z nadrukiem w gwiazdki, 2 x 13 g - Selleetools.com<\/title>\n<meta name=\"robots\" content=\"index, follow, max-snippet:-1, max-image-preview:large, max-video-preview:-1\" \/>\n<link rel=\"canonical\" href=\"https:\/\/admincentral.selleetools.com\/pl\/product\/purederm-colorskin-nawilzajaca-maseczka-do-dloni-z-nadrukiem-w-gwiazdki-2-x-13-g\/\" \/>\n<meta property=\"og:locale\" content=\"pl_PL\" \/>\n<meta property=\"og:type\" content=\"article\" \/>\n<meta property=\"og:title\" content=\"PUREDERM COLOR!SKIN! Nawil\u017caj\u0105ca maseczka do d\u0142oni z nadrukiem w gwiazdki, 2 x 13 g - Selleetools.com\" \/>\n<meta property=\"og:description\" content=\"PUREDERM COLOR!SKIN! Nawil\u017caj\u0105ca maseczka do d\u0142oni z nadrukiem w gwiazdki, 2 x 13 g Nawil\u017caj\u0105ca maseczka do d\u0142oni to innowacyjny produkt piel\u0119gnacyjny, kt\u00f3ry \u0142\u0105czy funkcje nawil\u017caj\u0105ce z estetycznym designem. Maseczka ma nadruk w gwiazdki, co dodaje jej uroku i sprawia, \u017ce piel\u0119gnacja staje si\u0119 przyjemniejsza. Maseczka intensywnie nawil\u017ca sk\u00f3r\u0119 d\u0142oni, eliminuj\u0105c uczucie sucho\u015bci i napi\u0119cia. ... Read morePUREDERM COLOR!SKIN! Nawil\u017caj\u0105ca maseczka do d\u0142oni z nadrukiem w gwiazdki, 2 x 13 g\" \/>\n<meta property=\"og:url\" content=\"https:\/\/admincentral.selleetools.com\/pl\/product\/purederm-colorskin-nawilzajaca-maseczka-do-dloni-z-nadrukiem-w-gwiazdki-2-x-13-g\/\" \/>\n<meta property=\"og:site_name\" content=\"Selleetools.com\" \/>\n<meta property=\"article:modified_time\" content=\"2025-12-26T15:59:00+00:00\" \/>\n<meta property=\"og:image\" content=\"https:\/\/selleetools.com\/wp-content\/uploads\/2025\/10\/8658d7f86d1c964a73268942e867fd04.jpg\" \/>\n\t<meta property=\"og:image:width\" content=\"1000\" \/>\n\t<meta property=\"og:image:height\" content=\"1000\" \/>\n\t<meta property=\"og:image:type\" content=\"image\/jpeg\" \/>\n<meta name=\"twitter:card\" content=\"summary_large_image\" \/>\n<meta name=\"twitter:label1\" content=\"Est. reading time\" \/>\n\t<meta name=\"twitter:data1\" content=\"1 minuta\" \/>\n<!-- \/ Yoast SEO plugin. -->","yoast_head_json":{"title":"PUREDERM COLOR!SKIN! Nawil\u017caj\u0105ca maseczka do d\u0142oni z nadrukiem w gwiazdki, 2 x 13 g - Selleetools.com","robots":{"index":"index","follow":"follow","max-snippet":"max-snippet:-1","max-image-preview":"max-image-preview:large","max-video-preview":"max-video-preview:-1"},"canonical":"https:\/\/admincentral.selleetools.com\/pl\/product\/purederm-colorskin-nawilzajaca-maseczka-do-dloni-z-nadrukiem-w-gwiazdki-2-x-13-g\/","og_locale":"pl_PL","og_type":"article","og_title":"PUREDERM COLOR!SKIN! Nawil\u017caj\u0105ca maseczka do d\u0142oni z nadrukiem w gwiazdki, 2 x 13 g - Selleetools.com","og_description":"PUREDERM COLOR!SKIN! Nawil\u017caj\u0105ca maseczka do d\u0142oni z nadrukiem w gwiazdki, 2 x 13 g Nawil\u017caj\u0105ca maseczka do d\u0142oni to innowacyjny produkt piel\u0119gnacyjny, kt\u00f3ry \u0142\u0105czy funkcje nawil\u017caj\u0105ce z estetycznym designem. Maseczka ma nadruk w gwiazdki, co dodaje jej uroku i sprawia, \u017ce piel\u0119gnacja staje si\u0119 przyjemniejsza. Maseczka intensywnie nawil\u017ca sk\u00f3r\u0119 d\u0142oni, eliminuj\u0105c uczucie sucho\u015bci i napi\u0119cia. ... Read morePUREDERM COLOR!SKIN! Nawil\u017caj\u0105ca maseczka do d\u0142oni z nadrukiem w gwiazdki, 2 x 13 g","og_url":"https:\/\/admincentral.selleetools.com\/pl\/product\/purederm-colorskin-nawilzajaca-maseczka-do-dloni-z-nadrukiem-w-gwiazdki-2-x-13-g\/","og_site_name":"Selleetools.com","article_modified_time":"2025-12-26T15:59:00+00:00","og_image":[{"width":1000,"height":1000,"url":"https:\/\/selleetools.com\/wp-content\/uploads\/2025\/10\/8658d7f86d1c964a73268942e867fd04.jpg","type":"image\/jpeg"}],"twitter_card":"summary_large_image","twitter_misc":{"Est. reading time":"1 minuta"},"schema":{"@context":"https:\/\/schema.org","@graph":[{"@type":"Organization","@id":"https:\/\/selleetools.com\/#organization","name":"Selleetools","url":"https:\/\/selleetools.com\/","sameAs":[],"logo":{"@type":"ImageObject","inLanguage":"pl-PL","@id":"https:\/\/selleetools.com\/#\/schema\/logo\/image\/","url":"https:\/\/selleetools.com\/wp-content\/uploads\/2021\/10\/logo-dark.png","contentUrl":"https:\/\/selleetools.com\/wp-content\/uploads\/2021\/10\/logo-dark.png","width":320,"height":76,"caption":"Selleetools"},"image":{"@id":"https:\/\/selleetools.com\/#\/schema\/logo\/image\/"}},{"@type":"WebSite","@id":"https:\/\/selleetools.com\/#website","url":"https:\/\/selleetools.com\/","name":"Selleetools.com","description":"","publisher":{"@id":"https:\/\/selleetools.com\/#organization"},"potentialAction":[{"@type":"SearchAction","target":{"@type":"EntryPoint","urlTemplate":"https:\/\/selleetools.com\/?s={search_term_string}"},"query-input":"required name=search_term_string"}],"inLanguage":"pl-PL"},{"@type":"WebPage","@id":"https:\/\/admincentral.selleetools.com\/pl\/product\/purederm-colorskin-nawilzajaca-maseczka-do-dloni-z-nadrukiem-w-gwiazdki-2-x-13-g\/","url":"https:\/\/admincentral.selleetools.com\/pl\/product\/purederm-colorskin-nawilzajaca-maseczka-do-dloni-z-nadrukiem-w-gwiazdki-2-x-13-g\/","name":"PUREDERM COLOR!SKIN! Nawil\u017caj\u0105ca maseczka do d\u0142oni z nadrukiem w gwiazdki, 2 x 13 g - Selleetools.com","isPartOf":{"@id":"https:\/\/selleetools.com\/#website"},"datePublished":"2025-10-22T07:17:05+00:00","dateModified":"2025-12-26T15:59:00+00:00","breadcrumb":{"@id":"https:\/\/admincentral.selleetools.com\/pl\/product\/purederm-colorskin-nawilzajaca-maseczka-do-dloni-z-nadrukiem-w-gwiazdki-2-x-13-g\/#breadcrumb"},"inLanguage":"pl-PL","potentialAction":[{"@type":"ReadAction","target":["https:\/\/admincentral.selleetools.com\/pl\/product\/purederm-colorskin-nawilzajaca-maseczka-do-dloni-z-nadrukiem-w-gwiazdki-2-x-13-g\/"]}]},{"@type":"BreadcrumbList","@id":"https:\/\/admincentral.selleetools.com\/pl\/product\/purederm-colorskin-nawilzajaca-maseczka-do-dloni-z-nadrukiem-w-gwiazdki-2-x-13-g\/#breadcrumb","itemListElement":[{"@type":"ListItem","position":1,"name":"Home","item":"https:\/\/selleetools.com\/pl\/"},{"@type":"ListItem","position":2,"name":"Katalog","item":"https:\/\/selleetools.com\/pl\/katalog\/"},{"@type":"ListItem","position":3,"name":"PUREDERM COLOR!SKIN! Nawil\u017caj\u0105ca maseczka do d\u0142oni z nadrukiem w gwiazdki, 2 x 13 g"}]}]}},"_links":{"self":[{"href":"https:\/\/selleetools.com\/pl\/wp-json\/wp\/v2\/product\/599991"}],"collection":[{"href":"https:\/\/selleetools.com\/pl\/wp-json\/wp\/v2\/product"}],"about":[{"href":"https:\/\/selleetools.com\/pl\/wp-json\/wp\/v2\/types\/product"}],"replies":[{"embeddable":true,"href":"https:\/\/selleetools.com\/pl\/wp-json\/wp\/v2\/comments?post=599991"}],"wp:featuredmedia":[{"embeddable":true,"href":"https:\/\/selleetools.com\/pl\/wp-json\/wp\/v2\/media\/599989"}],"wp:attachment":[{"href":"https:\/\/selleetools.com\/pl\/wp-json\/wp\/v2\/media?parent=599991"}],"curies":[{"name":"wp","href":"https:\/\/api.w.org\/{rel}","templated":true}]}}