{"id":599979,"date":"2025-10-22T09:16:51","date_gmt":"2025-10-22T07:16:51","guid":{"rendered":"https:\/\/selleetools.com\/?post_type=product&#038;p=599979"},"modified":"2025-12-26T16:58:54","modified_gmt":"2025-12-26T15:58:54","slug":"purederm-maseczka-poprawiajaca-ksztalt-posladkow-1-para-40-g","status":"publish","type":"product","link":"https:\/\/selleetools.com\/pl\/product\/purederm-maseczka-poprawiajaca-ksztalt-posladkow-1-para-40-g\/","title":{"rendered":"PUREDERM Maseczka poprawiaj\u0105ca kszta\u0142t po\u015bladk\u00f3w, 1 para 40 g"},"content":{"rendered":"<p>PUREDERM &#8211; Maseczka poprawiaj\u0105ca kszta\u0142t po\u015bladk\u00f3w, 1 para (40 g)<br \/>\nMaseczka poprawiaj\u0105ca kszta\u0142t po\u015bladk\u00f3w to innowacyjny produkt zaprojektowany w celu modelowania i wyg\u0142adzania kontur\u00f3w po\u015bladk\u00f3w. Dzi\u0119ki specjalnie opracowanej formule maseczka dzia\u0142a na sk\u00f3r\u0119, poprawiaj\u0105c jej j\u0119drno\u015b\u0107 i elastyczno\u015b\u0107. Maseczka wspomaga popraw\u0119 kszta\u0142tu po\u015bladk\u00f3w poprzez wyg\u0142adzanie i uj\u0119drnianie sk\u00f3ry. Dostarcza intensywne nawil\u017cenie, co przyczynia si\u0119 do wyg\u0142adzenia i poprawy wygl\u0105du sk\u00f3ry.  Sk\u0142adniki aktywne wspieraj\u0105 procesy regeneracji sk\u00f3ry, zwi\u0119kszaj\u0105c jej elastyczno\u015b\u0107.<\/p>\n<p>Korzy\u015bci dla sk\u00f3ry:<br \/>\nWyg\u0142adzenie: Sk\u00f3ra staje si\u0119 g\u0142adsza i bardziej jednolita.<br \/>\nJ\u0119drno\u015b\u0107: Maseczka pomaga w poprawie j\u0119drno\u015bci i elastyczno\u015bci sk\u00f3ry, co mo\u017ce prowadzi\u0107 do bardziej zdefiniowanego konturu.<br \/>\nNawil\u017cenie: Intensywne nawil\u017cenie poprawia kondycj\u0119 sk\u00f3ry, eliminuj\u0105c uczucie sucho\u015bci.<\/p>\n<p>Spos\u00f3b u\u017cycia: Umyj i osusz sk\u00f3r\u0119 po\u015bladk\u00f3w przed na\u0142o\u017ceniem maseczki. Rozpakuj maseczki i delikatnie na\u0142\u00f3\u017c je na sk\u00f3r\u0119 po\u015bladk\u00f3w, dopasowuj\u0105c do kszta\u0142tu cia\u0142a. Pozostaw maseczk\u0119 na sk\u00f3rze przez 20-30 minut, aby sk\u0142adniki aktywne mog\u0142y dobrze wnikn\u0105\u0107 i zadzia\u0142a\u0107. Po up\u0142ywie czasu dzia\u0142ania zdejmij maseczk\u0119. Delikatnie wmasuj pozosta\u0142o\u015bci produktu w sk\u00f3r\u0119, aby maksymalnie wykorzysta\u0107 efekty.<\/p>\n","protected":false},"excerpt":{"rendered":"<p>PUREDERM &#8211; Maseczka poprawiaj\u0105ca kszta\u0142t po\u015bladk\u00f3w, 1 para (40 g) Maseczka poprawiaj\u0105ca kszta\u0142t po\u015bladk\u00f3w to innowacyjny produkt zaprojektowany w celu modelowania i wyg\u0142adzania kontur\u00f3w po\u015bladk\u00f3w. Dzi\u0119ki specjalnie opracowanej formule maseczka dzia\u0142a na sk\u00f3r\u0119, poprawiaj\u0105c jej j\u0119drno\u015b\u0107 i elastyczno\u015b\u0107. Maseczka wspomaga popraw\u0119 kszta\u0142tu po\u015bladk\u00f3w poprzez wyg\u0142adzanie i uj\u0119drnianie sk\u00f3ry. Dostarcza intensywne nawil\u017cenie, co przyczynia si\u0119 do &#8230; <a title=\"PUREDERM Maseczka poprawiaj\u0105ca kszta\u0142t po\u015bladk\u00f3w, 1 para 40 g\" class=\"read-more\" href=\"https:\/\/selleetools.com\/pl\/product\/purederm-maseczka-poprawiajaca-ksztalt-posladkow-1-para-40-g\/\">Read more<span class=\"screen-reader-text\">PUREDERM Maseczka poprawiaj\u0105ca kszta\u0142t po\u015bladk\u00f3w, 1 para 40 g<\/span><\/a><\/p>\n","protected":false},"featured_media":599977,"comment_status":"open","ping_status":"closed","template":"","meta":{"_links_to":"","_links_to_target":""},"yoast_head":"<!-- This site is optimized with the Yoast SEO plugin v19.4 - https:\/\/yoast.com\/wordpress\/plugins\/seo\/ -->\n<title>PUREDERM Maseczka poprawiaj\u0105ca kszta\u0142t po\u015bladk\u00f3w, 1 para 40 g - Selleetools.com<\/title>\n<meta name=\"robots\" content=\"index, follow, max-snippet:-1, max-image-preview:large, max-video-preview:-1\" \/>\n<link rel=\"canonical\" href=\"https:\/\/admincentral.selleetools.com\/pl\/product\/purederm-maseczka-poprawiajaca-ksztalt-posladkow-1-para-40-g\/\" \/>\n<meta property=\"og:locale\" content=\"pl_PL\" \/>\n<meta property=\"og:type\" content=\"article\" \/>\n<meta property=\"og:title\" content=\"PUREDERM Maseczka poprawiaj\u0105ca kszta\u0142t po\u015bladk\u00f3w, 1 para 40 g - Selleetools.com\" \/>\n<meta property=\"og:description\" content=\"PUREDERM &#8211; Maseczka poprawiaj\u0105ca kszta\u0142t po\u015bladk\u00f3w, 1 para (40 g) Maseczka poprawiaj\u0105ca kszta\u0142t po\u015bladk\u00f3w to innowacyjny produkt zaprojektowany w celu modelowania i wyg\u0142adzania kontur\u00f3w po\u015bladk\u00f3w. Dzi\u0119ki specjalnie opracowanej formule maseczka dzia\u0142a na sk\u00f3r\u0119, poprawiaj\u0105c jej j\u0119drno\u015b\u0107 i elastyczno\u015b\u0107. Maseczka wspomaga popraw\u0119 kszta\u0142tu po\u015bladk\u00f3w poprzez wyg\u0142adzanie i uj\u0119drnianie sk\u00f3ry. Dostarcza intensywne nawil\u017cenie, co przyczynia si\u0119 do ... Read morePUREDERM Maseczka poprawiaj\u0105ca kszta\u0142t po\u015bladk\u00f3w, 1 para 40 g\" \/>\n<meta property=\"og:url\" content=\"https:\/\/admincentral.selleetools.com\/pl\/product\/purederm-maseczka-poprawiajaca-ksztalt-posladkow-1-para-40-g\/\" \/>\n<meta property=\"og:site_name\" content=\"Selleetools.com\" \/>\n<meta property=\"article:modified_time\" content=\"2025-12-26T15:58:54+00:00\" \/>\n<meta property=\"og:image\" content=\"https:\/\/selleetools.com\/wp-content\/uploads\/2025\/10\/837c3201e5b96fe0d353898d9a286dbc.jpg\" \/>\n\t<meta property=\"og:image:width\" content=\"1000\" \/>\n\t<meta property=\"og:image:height\" content=\"1000\" \/>\n\t<meta property=\"og:image:type\" content=\"image\/jpeg\" \/>\n<meta name=\"twitter:card\" content=\"summary_large_image\" \/>\n<meta name=\"twitter:label1\" content=\"Est. reading time\" \/>\n\t<meta name=\"twitter:data1\" content=\"1 minuta\" \/>\n<!-- \/ Yoast SEO plugin. -->","yoast_head_json":{"title":"PUREDERM Maseczka poprawiaj\u0105ca kszta\u0142t po\u015bladk\u00f3w, 1 para 40 g - Selleetools.com","robots":{"index":"index","follow":"follow","max-snippet":"max-snippet:-1","max-image-preview":"max-image-preview:large","max-video-preview":"max-video-preview:-1"},"canonical":"https:\/\/admincentral.selleetools.com\/pl\/product\/purederm-maseczka-poprawiajaca-ksztalt-posladkow-1-para-40-g\/","og_locale":"pl_PL","og_type":"article","og_title":"PUREDERM Maseczka poprawiaj\u0105ca kszta\u0142t po\u015bladk\u00f3w, 1 para 40 g - Selleetools.com","og_description":"PUREDERM &#8211; Maseczka poprawiaj\u0105ca kszta\u0142t po\u015bladk\u00f3w, 1 para (40 g) Maseczka poprawiaj\u0105ca kszta\u0142t po\u015bladk\u00f3w to innowacyjny produkt zaprojektowany w celu modelowania i wyg\u0142adzania kontur\u00f3w po\u015bladk\u00f3w. Dzi\u0119ki specjalnie opracowanej formule maseczka dzia\u0142a na sk\u00f3r\u0119, poprawiaj\u0105c jej j\u0119drno\u015b\u0107 i elastyczno\u015b\u0107. Maseczka wspomaga popraw\u0119 kszta\u0142tu po\u015bladk\u00f3w poprzez wyg\u0142adzanie i uj\u0119drnianie sk\u00f3ry. Dostarcza intensywne nawil\u017cenie, co przyczynia si\u0119 do ... Read morePUREDERM Maseczka poprawiaj\u0105ca kszta\u0142t po\u015bladk\u00f3w, 1 para 40 g","og_url":"https:\/\/admincentral.selleetools.com\/pl\/product\/purederm-maseczka-poprawiajaca-ksztalt-posladkow-1-para-40-g\/","og_site_name":"Selleetools.com","article_modified_time":"2025-12-26T15:58:54+00:00","og_image":[{"width":1000,"height":1000,"url":"https:\/\/selleetools.com\/wp-content\/uploads\/2025\/10\/837c3201e5b96fe0d353898d9a286dbc.jpg","type":"image\/jpeg"}],"twitter_card":"summary_large_image","twitter_misc":{"Est. reading time":"1 minuta"},"schema":{"@context":"https:\/\/schema.org","@graph":[{"@type":"Organization","@id":"https:\/\/selleetools.com\/#organization","name":"Selleetools","url":"https:\/\/selleetools.com\/","sameAs":[],"logo":{"@type":"ImageObject","inLanguage":"pl-PL","@id":"https:\/\/selleetools.com\/#\/schema\/logo\/image\/","url":"https:\/\/selleetools.com\/wp-content\/uploads\/2021\/10\/logo-dark.png","contentUrl":"https:\/\/selleetools.com\/wp-content\/uploads\/2021\/10\/logo-dark.png","width":320,"height":76,"caption":"Selleetools"},"image":{"@id":"https:\/\/selleetools.com\/#\/schema\/logo\/image\/"}},{"@type":"WebSite","@id":"https:\/\/selleetools.com\/#website","url":"https:\/\/selleetools.com\/","name":"Selleetools.com","description":"","publisher":{"@id":"https:\/\/selleetools.com\/#organization"},"potentialAction":[{"@type":"SearchAction","target":{"@type":"EntryPoint","urlTemplate":"https:\/\/selleetools.com\/?s={search_term_string}"},"query-input":"required name=search_term_string"}],"inLanguage":"pl-PL"},{"@type":"WebPage","@id":"https:\/\/admincentral.selleetools.com\/pl\/product\/purederm-maseczka-poprawiajaca-ksztalt-posladkow-1-para-40-g\/","url":"https:\/\/admincentral.selleetools.com\/pl\/product\/purederm-maseczka-poprawiajaca-ksztalt-posladkow-1-para-40-g\/","name":"PUREDERM Maseczka poprawiaj\u0105ca kszta\u0142t po\u015bladk\u00f3w, 1 para 40 g - Selleetools.com","isPartOf":{"@id":"https:\/\/selleetools.com\/#website"},"datePublished":"2025-10-22T07:16:51+00:00","dateModified":"2025-12-26T15:58:54+00:00","breadcrumb":{"@id":"https:\/\/admincentral.selleetools.com\/pl\/product\/purederm-maseczka-poprawiajaca-ksztalt-posladkow-1-para-40-g\/#breadcrumb"},"inLanguage":"pl-PL","potentialAction":[{"@type":"ReadAction","target":["https:\/\/admincentral.selleetools.com\/pl\/product\/purederm-maseczka-poprawiajaca-ksztalt-posladkow-1-para-40-g\/"]}]},{"@type":"BreadcrumbList","@id":"https:\/\/admincentral.selleetools.com\/pl\/product\/purederm-maseczka-poprawiajaca-ksztalt-posladkow-1-para-40-g\/#breadcrumb","itemListElement":[{"@type":"ListItem","position":1,"name":"Home","item":"https:\/\/selleetools.com\/pl\/"},{"@type":"ListItem","position":2,"name":"Katalog","item":"https:\/\/selleetools.com\/pl\/katalog\/"},{"@type":"ListItem","position":3,"name":"PUREDERM Maseczka poprawiaj\u0105ca kszta\u0142t po\u015bladk\u00f3w, 1 para 40 g"}]}]}},"_links":{"self":[{"href":"https:\/\/selleetools.com\/pl\/wp-json\/wp\/v2\/product\/599979"}],"collection":[{"href":"https:\/\/selleetools.com\/pl\/wp-json\/wp\/v2\/product"}],"about":[{"href":"https:\/\/selleetools.com\/pl\/wp-json\/wp\/v2\/types\/product"}],"replies":[{"embeddable":true,"href":"https:\/\/selleetools.com\/pl\/wp-json\/wp\/v2\/comments?post=599979"}],"wp:featuredmedia":[{"embeddable":true,"href":"https:\/\/selleetools.com\/pl\/wp-json\/wp\/v2\/media\/599977"}],"wp:attachment":[{"href":"https:\/\/selleetools.com\/pl\/wp-json\/wp\/v2\/media?parent=599979"}],"curies":[{"name":"wp","href":"https:\/\/api.w.org\/{rel}","templated":true}]}}