{"id":599906,"date":"2025-10-22T09:15:38","date_gmt":"2025-10-22T07:15:38","guid":{"rendered":"https:\/\/selleetools.com\/?post_type=product&#038;p=599906"},"modified":"2025-12-26T16:57:49","modified_gmt":"2025-12-26T15:57:49","slug":"jayjun-intensive-brightening-sleeping-pack-30-ea-maseczka-nocna","status":"publish","type":"product","link":"https:\/\/selleetools.com\/pl\/product\/jayjun-intensive-brightening-sleeping-pack-30-ea-maseczka-nocna\/","title":{"rendered":"JAYJUN Intensive Brightening Sleeping Pack 30 ea &#8211; Maseczka nocna"},"content":{"rendered":"<p>JAYJUN Intensive Brightening Sleeping Pack to maska na noc, kt\u00f3ra intensywnie rozja\u015bnia sk\u00f3r\u0119 i poprawia jej koloryt, zapewniaj\u0105c jej zdrowy i promienny wygl\u0105d. Formu\u0142a wzbogacona o ekstrakt z r\u00f3\u017cy damasce\u0144skiej, ekstrakt z granatu oraz ekstrakty z kwiat\u00f3w dzia\u0142a \u0142agodz\u0105co i koj\u0105co na sk\u00f3r\u0119, redukuj\u0105c podra\u017cnienia i przywracaj\u0105c jej komfort. Adenozyna poprawia mikrokr\u0105\u017cenie, wspomagaj\u0105c regeneracj\u0119 sk\u00f3ry, a witamina C rozja\u015bniaj\u0105 sk\u00f3r\u0119 i walcz\u0105 z przebarwieniami. <\/p>\n<p>Korzy\u015bci dla sk\u00f3ry:<br \/>\nIntensywne rozja\u015bnienie sk\u00f3ry i poprawa jej kolorytu<br \/>\nWyg\u0142adzenie i nawil\u017cenie sk\u00f3ry<br \/>\nDzia\u0142anie \u0142agodz\u0105ce i regeneruj\u0105ce<br \/>\nPoprawa zdrowia sk\u00f3ry i redukcja przebarwie\u0144<br \/>\nSk\u00f3ra staje si\u0119 promienna, g\u0142adka i pe\u0142na blasku<\/p>\n<p>Spos\u00f3b u\u017cycia: Na koniec wieczornej piel\u0119gnacji na\u0142\u00f3\u017c odpowiedni\u0105 ilo\u015b\u0107 maski na oczyszczon\u0105 sk\u00f3r\u0119 twarzy. Pozostaw na ca\u0142\u0105 noc, a rano dok\u0142adnie sp\u0142ucz. Stosuj regularnie, aby uzyska\u0107 najlepsze efekty.<\/p>\n","protected":false},"excerpt":{"rendered":"<p>JAYJUN Intensive Brightening Sleeping Pack to maska na noc, kt\u00f3ra intensywnie rozja\u015bnia sk\u00f3r\u0119 i poprawia jej koloryt, zapewniaj\u0105c jej zdrowy i promienny wygl\u0105d. Formu\u0142a wzbogacona o ekstrakt z r\u00f3\u017cy damasce\u0144skiej, ekstrakt z granatu oraz ekstrakty z kwiat\u00f3w dzia\u0142a \u0142agodz\u0105co i koj\u0105co na sk\u00f3r\u0119, redukuj\u0105c podra\u017cnienia i przywracaj\u0105c jej komfort. Adenozyna poprawia mikrokr\u0105\u017cenie, wspomagaj\u0105c regeneracj\u0119 sk\u00f3ry, &#8230; <a title=\"JAYJUN Intensive Brightening Sleeping Pack 30 ea &#8211; Maseczka nocna\" class=\"read-more\" href=\"https:\/\/selleetools.com\/pl\/product\/jayjun-intensive-brightening-sleeping-pack-30-ea-maseczka-nocna\/\">Read more<span class=\"screen-reader-text\">JAYJUN Intensive Brightening Sleeping Pack 30 ea &#8211; Maseczka nocna<\/span><\/a><\/p>\n","protected":false},"featured_media":599904,"comment_status":"open","ping_status":"closed","template":"","meta":{"_links_to":"","_links_to_target":""},"yoast_head":"<!-- This site is optimized with the Yoast SEO plugin v19.4 - https:\/\/yoast.com\/wordpress\/plugins\/seo\/ -->\n<title>JAYJUN Intensive Brightening Sleeping Pack 30 ea - Maseczka nocna - Selleetools.com<\/title>\n<meta name=\"robots\" content=\"index, follow, max-snippet:-1, max-image-preview:large, max-video-preview:-1\" \/>\n<link rel=\"canonical\" href=\"https:\/\/admincentral.selleetools.com\/pl\/product\/jayjun-intensive-brightening-sleeping-pack-30-ea-maseczka-nocna\/\" \/>\n<meta property=\"og:locale\" content=\"pl_PL\" \/>\n<meta property=\"og:type\" content=\"article\" \/>\n<meta property=\"og:title\" content=\"JAYJUN Intensive Brightening Sleeping Pack 30 ea - Maseczka nocna - Selleetools.com\" \/>\n<meta property=\"og:description\" content=\"JAYJUN Intensive Brightening Sleeping Pack to maska na noc, kt\u00f3ra intensywnie rozja\u015bnia sk\u00f3r\u0119 i poprawia jej koloryt, zapewniaj\u0105c jej zdrowy i promienny wygl\u0105d. Formu\u0142a wzbogacona o ekstrakt z r\u00f3\u017cy damasce\u0144skiej, ekstrakt z granatu oraz ekstrakty z kwiat\u00f3w dzia\u0142a \u0142agodz\u0105co i koj\u0105co na sk\u00f3r\u0119, redukuj\u0105c podra\u017cnienia i przywracaj\u0105c jej komfort. Adenozyna poprawia mikrokr\u0105\u017cenie, wspomagaj\u0105c regeneracj\u0119 sk\u00f3ry, ... Read moreJAYJUN Intensive Brightening Sleeping Pack 30 ea &#8211; Maseczka nocna\" \/>\n<meta property=\"og:url\" content=\"https:\/\/admincentral.selleetools.com\/pl\/product\/jayjun-intensive-brightening-sleeping-pack-30-ea-maseczka-nocna\/\" \/>\n<meta property=\"og:site_name\" content=\"Selleetools.com\" \/>\n<meta property=\"article:modified_time\" content=\"2025-12-26T15:57:49+00:00\" \/>\n<meta property=\"og:image\" content=\"https:\/\/selleetools.com\/wp-content\/uploads\/2025\/10\/890330b28180dbc4ecb721bb6e8487db.jpg\" \/>\n\t<meta property=\"og:image:width\" content=\"567\" \/>\n\t<meta property=\"og:image:height\" content=\"607\" \/>\n\t<meta property=\"og:image:type\" content=\"image\/jpeg\" \/>\n<meta name=\"twitter:card\" content=\"summary_large_image\" \/>\n<meta name=\"twitter:label1\" content=\"Est. reading time\" \/>\n\t<meta name=\"twitter:data1\" content=\"1 minuta\" \/>\n<!-- \/ Yoast SEO plugin. -->","yoast_head_json":{"title":"JAYJUN Intensive Brightening Sleeping Pack 30 ea - Maseczka nocna - Selleetools.com","robots":{"index":"index","follow":"follow","max-snippet":"max-snippet:-1","max-image-preview":"max-image-preview:large","max-video-preview":"max-video-preview:-1"},"canonical":"https:\/\/admincentral.selleetools.com\/pl\/product\/jayjun-intensive-brightening-sleeping-pack-30-ea-maseczka-nocna\/","og_locale":"pl_PL","og_type":"article","og_title":"JAYJUN Intensive Brightening Sleeping Pack 30 ea - Maseczka nocna - Selleetools.com","og_description":"JAYJUN Intensive Brightening Sleeping Pack to maska na noc, kt\u00f3ra intensywnie rozja\u015bnia sk\u00f3r\u0119 i poprawia jej koloryt, zapewniaj\u0105c jej zdrowy i promienny wygl\u0105d. Formu\u0142a wzbogacona o ekstrakt z r\u00f3\u017cy damasce\u0144skiej, ekstrakt z granatu oraz ekstrakty z kwiat\u00f3w dzia\u0142a \u0142agodz\u0105co i koj\u0105co na sk\u00f3r\u0119, redukuj\u0105c podra\u017cnienia i przywracaj\u0105c jej komfort. Adenozyna poprawia mikrokr\u0105\u017cenie, wspomagaj\u0105c regeneracj\u0119 sk\u00f3ry, ... Read moreJAYJUN Intensive Brightening Sleeping Pack 30 ea &#8211; Maseczka nocna","og_url":"https:\/\/admincentral.selleetools.com\/pl\/product\/jayjun-intensive-brightening-sleeping-pack-30-ea-maseczka-nocna\/","og_site_name":"Selleetools.com","article_modified_time":"2025-12-26T15:57:49+00:00","og_image":[{"width":567,"height":607,"url":"https:\/\/selleetools.com\/wp-content\/uploads\/2025\/10\/890330b28180dbc4ecb721bb6e8487db.jpg","type":"image\/jpeg"}],"twitter_card":"summary_large_image","twitter_misc":{"Est. reading time":"1 minuta"},"schema":{"@context":"https:\/\/schema.org","@graph":[{"@type":"Organization","@id":"https:\/\/selleetools.com\/#organization","name":"Selleetools","url":"https:\/\/selleetools.com\/","sameAs":[],"logo":{"@type":"ImageObject","inLanguage":"pl-PL","@id":"https:\/\/selleetools.com\/#\/schema\/logo\/image\/","url":"https:\/\/selleetools.com\/wp-content\/uploads\/2021\/10\/logo-dark.png","contentUrl":"https:\/\/selleetools.com\/wp-content\/uploads\/2021\/10\/logo-dark.png","width":320,"height":76,"caption":"Selleetools"},"image":{"@id":"https:\/\/selleetools.com\/#\/schema\/logo\/image\/"}},{"@type":"WebSite","@id":"https:\/\/selleetools.com\/#website","url":"https:\/\/selleetools.com\/","name":"Selleetools.com","description":"","publisher":{"@id":"https:\/\/selleetools.com\/#organization"},"potentialAction":[{"@type":"SearchAction","target":{"@type":"EntryPoint","urlTemplate":"https:\/\/selleetools.com\/?s={search_term_string}"},"query-input":"required name=search_term_string"}],"inLanguage":"pl-PL"},{"@type":"WebPage","@id":"https:\/\/admincentral.selleetools.com\/pl\/product\/jayjun-intensive-brightening-sleeping-pack-30-ea-maseczka-nocna\/","url":"https:\/\/admincentral.selleetools.com\/pl\/product\/jayjun-intensive-brightening-sleeping-pack-30-ea-maseczka-nocna\/","name":"JAYJUN Intensive Brightening Sleeping Pack 30 ea - Maseczka nocna - Selleetools.com","isPartOf":{"@id":"https:\/\/selleetools.com\/#website"},"datePublished":"2025-10-22T07:15:38+00:00","dateModified":"2025-12-26T15:57:49+00:00","breadcrumb":{"@id":"https:\/\/admincentral.selleetools.com\/pl\/product\/jayjun-intensive-brightening-sleeping-pack-30-ea-maseczka-nocna\/#breadcrumb"},"inLanguage":"pl-PL","potentialAction":[{"@type":"ReadAction","target":["https:\/\/admincentral.selleetools.com\/pl\/product\/jayjun-intensive-brightening-sleeping-pack-30-ea-maseczka-nocna\/"]}]},{"@type":"BreadcrumbList","@id":"https:\/\/admincentral.selleetools.com\/pl\/product\/jayjun-intensive-brightening-sleeping-pack-30-ea-maseczka-nocna\/#breadcrumb","itemListElement":[{"@type":"ListItem","position":1,"name":"Home","item":"https:\/\/selleetools.com\/pl\/"},{"@type":"ListItem","position":2,"name":"Katalog","item":"https:\/\/selleetools.com\/pl\/katalog\/"},{"@type":"ListItem","position":3,"name":"JAYJUN Intensive Brightening Sleeping Pack 30 ea &#8211; Maseczka nocna"}]}]}},"_links":{"self":[{"href":"https:\/\/selleetools.com\/pl\/wp-json\/wp\/v2\/product\/599906"}],"collection":[{"href":"https:\/\/selleetools.com\/pl\/wp-json\/wp\/v2\/product"}],"about":[{"href":"https:\/\/selleetools.com\/pl\/wp-json\/wp\/v2\/types\/product"}],"replies":[{"embeddable":true,"href":"https:\/\/selleetools.com\/pl\/wp-json\/wp\/v2\/comments?post=599906"}],"wp:featuredmedia":[{"embeddable":true,"href":"https:\/\/selleetools.com\/pl\/wp-json\/wp\/v2\/media\/599904"}],"wp:attachment":[{"href":"https:\/\/selleetools.com\/pl\/wp-json\/wp\/v2\/media?parent=599906"}],"curies":[{"name":"wp","href":"https:\/\/api.w.org\/{rel}","templated":true}]}}