{"id":599891,"date":"2025-10-22T09:15:18","date_gmt":"2025-10-22T07:15:18","guid":{"rendered":"https:\/\/selleetools.com\/?post_type=product&#038;p=599891"},"modified":"2025-10-23T19:09:08","modified_gmt":"2025-10-23T17:09:08","slug":"vt-cosmetics-cica-cream-100-ml-spring-edition-kojacy-krem-do-twarzy","status":"publish","type":"product","link":"https:\/\/selleetools.com\/pl\/product\/vt-cosmetics-cica-cream-100-ml-spring-edition-kojacy-krem-do-twarzy\/","title":{"rendered":"VT Cosmetics Cica Cream 100 ml SPRING EDITION &#8211; Koj\u0105cy krem do twarzy"},"content":{"rendered":"<p>VT COSMETICS Cica Cream (Spring Edition) to lekki, od\u015bwie\u017caj\u0105cy krem nawil\u017caj\u0105cy stworzony z my\u015bl\u0105 o codziennej piel\u0119gnacji. Zawiera ekstrakt z w\u0105krotki azjatyckiej (Cica), znany z koj\u0105cych i regeneruj\u0105cych w\u0142a\u015bciwo\u015bci, kt\u00f3ry wspomaga gojenie si\u0119 sk\u00f3ry i \u0142agodzi podra\u017cnienia. Krem jest idealny do stosowania na co dzie\u0144, oferuj\u0105c intensywne nawil\u017cenie i od\u017cywienie, jednocze\u015bnie pozostawiaj\u0105c sk\u00f3r\u0119 \u015bwie\u017c\u0105 i promienn\u0105.<\/p>\n<p>Korzy\u015bci dla sk\u00f3ry:<br \/>\nKoj\u0105ce dzia\u0142anie: Ekstrakt z Cica \u0142agodzi podra\u017cnienia, redukuje zaczerwienienia i wspomaga regeneracj\u0119 sk\u00f3ry.<br \/>\nNawil\u017cenie: Krem zapewnia d\u0142ugotrwa\u0142e nawil\u017cenie, pomagaj\u0105c utrzyma\u0107 odpowiedni poziom wilgoci w sk\u00f3rze.<br \/>\nOchrona: Produkt tworzy na sk\u00f3rze barier\u0119 ochronn\u0105, chroni\u0105c j\u0105 przed szkodliwymi czynnikami zewn\u0119trznymi.<br \/>\nWyg\u0142adzenie: Krem pomaga wyg\u0142adzi\u0107 powierzchni\u0119 sk\u00f3ry, nadaj\u0105c jej zdrowy i promienny wygl\u0105d.<\/p>\n<p>Spos\u00f3b u\u017cycia: Rozpocznij od oczyszczenia i tonizacji sk\u00f3ry twarzy. Na\u0142\u00f3\u017c odpowiedni\u0105 ilo\u015b\u0107 kremu na twarz i szyj\u0119, delikatnie wklepuj\u0105c produkt, aby u\u0142atwi\u0107 jego wch\u0142anianie. Pozw\u00f3l kremowi ca\u0142kowicie wch\u0142on\u0105\u0107 si\u0119 przed na\u0142o\u017ceniem makija\u017cu lub innych produkt\u00f3w piel\u0119gnacyjnych. U\u017cywaj kremu codziennie rano i wieczorem jako cz\u0119\u015b\u0107 swojej rutyny piel\u0119gnacyjnej.<\/p>\n","protected":false},"excerpt":{"rendered":"<p>VT COSMETICS Cica Cream (Spring Edition) to lekki, od\u015bwie\u017caj\u0105cy krem nawil\u017caj\u0105cy stworzony z my\u015bl\u0105 o codziennej piel\u0119gnacji. Zawiera ekstrakt z w\u0105krotki azjatyckiej (Cica), znany z koj\u0105cych i regeneruj\u0105cych w\u0142a\u015bciwo\u015bci, kt\u00f3ry wspomaga gojenie si\u0119 sk\u00f3ry i \u0142agodzi podra\u017cnienia. Krem jest idealny do stosowania na co dzie\u0144, oferuj\u0105c intensywne nawil\u017cenie i od\u017cywienie, jednocze\u015bnie pozostawiaj\u0105c sk\u00f3r\u0119 \u015bwie\u017c\u0105 i &#8230; <a title=\"VT Cosmetics Cica Cream 100 ml SPRING EDITION &#8211; Koj\u0105cy krem do twarzy\" class=\"read-more\" href=\"https:\/\/selleetools.com\/pl\/product\/vt-cosmetics-cica-cream-100-ml-spring-edition-kojacy-krem-do-twarzy\/\">Read more<span class=\"screen-reader-text\">VT Cosmetics Cica Cream 100 ml SPRING EDITION &#8211; Koj\u0105cy krem do twarzy<\/span><\/a><\/p>\n","protected":false},"featured_media":599887,"comment_status":"open","ping_status":"closed","template":"","meta":{"_links_to":"","_links_to_target":""},"yoast_head":"<!-- This site is optimized with the Yoast SEO plugin v19.4 - https:\/\/yoast.com\/wordpress\/plugins\/seo\/ -->\n<title>VT Cosmetics Cica Cream 100 ml SPRING EDITION - Koj\u0105cy krem do twarzy - Selleetools.com<\/title>\n<meta name=\"robots\" content=\"index, follow, max-snippet:-1, max-image-preview:large, max-video-preview:-1\" \/>\n<link rel=\"canonical\" href=\"https:\/\/admincentral.selleetools.com\/pl\/product\/vt-cosmetics-cica-cream-100-ml-spring-edition-kojacy-krem-do-twarzy\/\" \/>\n<meta property=\"og:locale\" content=\"pl_PL\" \/>\n<meta property=\"og:type\" content=\"article\" \/>\n<meta property=\"og:title\" content=\"VT Cosmetics Cica Cream 100 ml SPRING EDITION - Koj\u0105cy krem do twarzy - Selleetools.com\" \/>\n<meta property=\"og:description\" content=\"VT COSMETICS Cica Cream (Spring Edition) to lekki, od\u015bwie\u017caj\u0105cy krem nawil\u017caj\u0105cy stworzony z my\u015bl\u0105 o codziennej piel\u0119gnacji. Zawiera ekstrakt z w\u0105krotki azjatyckiej (Cica), znany z koj\u0105cych i regeneruj\u0105cych w\u0142a\u015bciwo\u015bci, kt\u00f3ry wspomaga gojenie si\u0119 sk\u00f3ry i \u0142agodzi podra\u017cnienia. Krem jest idealny do stosowania na co dzie\u0144, oferuj\u0105c intensywne nawil\u017cenie i od\u017cywienie, jednocze\u015bnie pozostawiaj\u0105c sk\u00f3r\u0119 \u015bwie\u017c\u0105 i ... Read moreVT Cosmetics Cica Cream 100 ml SPRING EDITION &#8211; Koj\u0105cy krem do twarzy\" \/>\n<meta property=\"og:url\" content=\"https:\/\/admincentral.selleetools.com\/pl\/product\/vt-cosmetics-cica-cream-100-ml-spring-edition-kojacy-krem-do-twarzy\/\" \/>\n<meta property=\"og:site_name\" content=\"Selleetools.com\" \/>\n<meta property=\"article:modified_time\" content=\"2025-10-23T17:09:08+00:00\" \/>\n<meta property=\"og:image\" content=\"https:\/\/selleetools.com\/wp-content\/uploads\/2025\/10\/48fa2100a936698f1ce476b492fa3f47.jpg\" \/>\n\t<meta property=\"og:image:width\" content=\"1200\" \/>\n\t<meta property=\"og:image:height\" content=\"1200\" \/>\n\t<meta property=\"og:image:type\" content=\"image\/jpeg\" \/>\n<meta name=\"twitter:card\" content=\"summary_large_image\" \/>\n<meta name=\"twitter:label1\" content=\"Est. reading time\" \/>\n\t<meta name=\"twitter:data1\" content=\"1 minuta\" \/>\n<!-- \/ Yoast SEO plugin. -->","yoast_head_json":{"title":"VT Cosmetics Cica Cream 100 ml SPRING EDITION - Koj\u0105cy krem do twarzy - Selleetools.com","robots":{"index":"index","follow":"follow","max-snippet":"max-snippet:-1","max-image-preview":"max-image-preview:large","max-video-preview":"max-video-preview:-1"},"canonical":"https:\/\/admincentral.selleetools.com\/pl\/product\/vt-cosmetics-cica-cream-100-ml-spring-edition-kojacy-krem-do-twarzy\/","og_locale":"pl_PL","og_type":"article","og_title":"VT Cosmetics Cica Cream 100 ml SPRING EDITION - Koj\u0105cy krem do twarzy - Selleetools.com","og_description":"VT COSMETICS Cica Cream (Spring Edition) to lekki, od\u015bwie\u017caj\u0105cy krem nawil\u017caj\u0105cy stworzony z my\u015bl\u0105 o codziennej piel\u0119gnacji. Zawiera ekstrakt z w\u0105krotki azjatyckiej (Cica), znany z koj\u0105cych i regeneruj\u0105cych w\u0142a\u015bciwo\u015bci, kt\u00f3ry wspomaga gojenie si\u0119 sk\u00f3ry i \u0142agodzi podra\u017cnienia. Krem jest idealny do stosowania na co dzie\u0144, oferuj\u0105c intensywne nawil\u017cenie i od\u017cywienie, jednocze\u015bnie pozostawiaj\u0105c sk\u00f3r\u0119 \u015bwie\u017c\u0105 i ... Read moreVT Cosmetics Cica Cream 100 ml SPRING EDITION &#8211; Koj\u0105cy krem do twarzy","og_url":"https:\/\/admincentral.selleetools.com\/pl\/product\/vt-cosmetics-cica-cream-100-ml-spring-edition-kojacy-krem-do-twarzy\/","og_site_name":"Selleetools.com","article_modified_time":"2025-10-23T17:09:08+00:00","og_image":[{"width":1200,"height":1200,"url":"https:\/\/selleetools.com\/wp-content\/uploads\/2025\/10\/48fa2100a936698f1ce476b492fa3f47.jpg","type":"image\/jpeg"}],"twitter_card":"summary_large_image","twitter_misc":{"Est. reading time":"1 minuta"},"schema":{"@context":"https:\/\/schema.org","@graph":[{"@type":"Organization","@id":"https:\/\/selleetools.com\/#organization","name":"Selleetools","url":"https:\/\/selleetools.com\/","sameAs":[],"logo":{"@type":"ImageObject","inLanguage":"pl-PL","@id":"https:\/\/selleetools.com\/#\/schema\/logo\/image\/","url":"https:\/\/selleetools.com\/wp-content\/uploads\/2021\/10\/logo-dark.png","contentUrl":"https:\/\/selleetools.com\/wp-content\/uploads\/2021\/10\/logo-dark.png","width":320,"height":76,"caption":"Selleetools"},"image":{"@id":"https:\/\/selleetools.com\/#\/schema\/logo\/image\/"}},{"@type":"WebSite","@id":"https:\/\/selleetools.com\/#website","url":"https:\/\/selleetools.com\/","name":"Selleetools.com","description":"","publisher":{"@id":"https:\/\/selleetools.com\/#organization"},"potentialAction":[{"@type":"SearchAction","target":{"@type":"EntryPoint","urlTemplate":"https:\/\/selleetools.com\/?s={search_term_string}"},"query-input":"required name=search_term_string"}],"inLanguage":"pl-PL"},{"@type":"WebPage","@id":"https:\/\/admincentral.selleetools.com\/pl\/product\/vt-cosmetics-cica-cream-100-ml-spring-edition-kojacy-krem-do-twarzy\/","url":"https:\/\/admincentral.selleetools.com\/pl\/product\/vt-cosmetics-cica-cream-100-ml-spring-edition-kojacy-krem-do-twarzy\/","name":"VT Cosmetics Cica Cream 100 ml SPRING EDITION - Koj\u0105cy krem do twarzy - Selleetools.com","isPartOf":{"@id":"https:\/\/selleetools.com\/#website"},"datePublished":"2025-10-22T07:15:18+00:00","dateModified":"2025-10-23T17:09:08+00:00","breadcrumb":{"@id":"https:\/\/admincentral.selleetools.com\/pl\/product\/vt-cosmetics-cica-cream-100-ml-spring-edition-kojacy-krem-do-twarzy\/#breadcrumb"},"inLanguage":"pl-PL","potentialAction":[{"@type":"ReadAction","target":["https:\/\/admincentral.selleetools.com\/pl\/product\/vt-cosmetics-cica-cream-100-ml-spring-edition-kojacy-krem-do-twarzy\/"]}]},{"@type":"BreadcrumbList","@id":"https:\/\/admincentral.selleetools.com\/pl\/product\/vt-cosmetics-cica-cream-100-ml-spring-edition-kojacy-krem-do-twarzy\/#breadcrumb","itemListElement":[{"@type":"ListItem","position":1,"name":"Home","item":"https:\/\/selleetools.com\/pl\/"},{"@type":"ListItem","position":2,"name":"Katalog","item":"https:\/\/selleetools.com\/pl\/katalog\/"},{"@type":"ListItem","position":3,"name":"VT Cosmetics Cica Cream 100 ml SPRING EDITION &#8211; Koj\u0105cy krem do twarzy"}]}]}},"_links":{"self":[{"href":"https:\/\/selleetools.com\/pl\/wp-json\/wp\/v2\/product\/599891"}],"collection":[{"href":"https:\/\/selleetools.com\/pl\/wp-json\/wp\/v2\/product"}],"about":[{"href":"https:\/\/selleetools.com\/pl\/wp-json\/wp\/v2\/types\/product"}],"replies":[{"embeddable":true,"href":"https:\/\/selleetools.com\/pl\/wp-json\/wp\/v2\/comments?post=599891"}],"wp:featuredmedia":[{"embeddable":true,"href":"https:\/\/selleetools.com\/pl\/wp-json\/wp\/v2\/media\/599887"}],"wp:attachment":[{"href":"https:\/\/selleetools.com\/pl\/wp-json\/wp\/v2\/media?parent=599891"}],"curies":[{"name":"wp","href":"https:\/\/api.w.org\/{rel}","templated":true}]}}