{"id":599867,"date":"2025-10-22T09:14:54","date_gmt":"2025-10-22T07:14:54","guid":{"rendered":"https:\/\/selleetools.com\/?post_type=product&#038;p=599867"},"modified":"2025-10-23T13:38:51","modified_gmt":"2025-10-23T11:38:51","slug":"anua-heartleaf-70-daily-lotion-200-ml-lekka-nawilzajaca-esencja-do-twarzy","status":"publish","type":"product","link":"https:\/\/selleetools.com\/pl\/product\/anua-heartleaf-70-daily-lotion-200-ml-lekka-nawilzajaca-esencja-do-twarzy\/","title":{"rendered":"ANUA HEARTLEAF 70 DAILY LOTION 200 ml &#8211; Lekka, nawil\u017caj\u0105ca esencja do twarzy"},"content":{"rendered":"<p>ANUA HEARTLEAF 70 DAILY LOTION to lekki, nawil\u017caj\u0105cy lotion, kt\u00f3ry wykorzystuje ekstrakt z w\u0105kroty sercowatej (heartleaf) do \u0142agodzenia i regeneracji sk\u00f3ry. Kosmetyk doskonale nadaje si\u0119 do codziennego u\u017cytku, pomagaj\u0105c w utrzymaniu sk\u00f3ry mi\u0119kkiej, g\u0142adkiej i nawodnionej. Dzi\u0119ki swojej delikatnej formule, lotion skutecznie redukuje podra\u017cnienia i zaczerwienienia, jednocze\u015bnie wspieraj\u0105c naturaln\u0105 barier\u0119 ochronn\u0105 sk\u00f3ry.<\/p>\n<p>Korzy\u015bci dla sk\u00f3ry<br \/>\nNawil\u017ca i od\u017cywia sk\u00f3r\u0119, zapewniaj\u0105c jej zdrowy wygl\u0105d.<br \/>\n\u0141agodzi podra\u017cnienia i zaczerwienienia, wspomagaj\u0105c regeneracj\u0119 sk\u00f3ry.<br \/>\nUtrzymuje sk\u00f3r\u0119 mi\u0119kk\u0105 i g\u0142adk\u0105 przez ca\u0142y dzie\u0144.<\/p>\n<p>Spos\u00f3b u\u017cycia:<br \/>\nNanie\u015b odpowiedni\u0105 ilo\u015b\u0107 lotionu na oczyszczon\u0105 sk\u00f3r\u0119 twarzy i delikatnie wklep, a\u017c do ca\u0142kowitego wch\u0142oni\u0119cia. Mo\u017cesz stosowa\u0107 rano i wieczorem, jako cz\u0119\u015b\u0107 codziennej rutyny piel\u0119gnacyjnej.<\/p>\n","protected":false},"excerpt":{"rendered":"<p>ANUA HEARTLEAF 70 DAILY LOTION to lekki, nawil\u017caj\u0105cy lotion, kt\u00f3ry wykorzystuje ekstrakt z w\u0105kroty sercowatej (heartleaf) do \u0142agodzenia i regeneracji sk\u00f3ry. Kosmetyk doskonale nadaje si\u0119 do codziennego u\u017cytku, pomagaj\u0105c w utrzymaniu sk\u00f3ry mi\u0119kkiej, g\u0142adkiej i nawodnionej. Dzi\u0119ki swojej delikatnej formule, lotion skutecznie redukuje podra\u017cnienia i zaczerwienienia, jednocze\u015bnie wspieraj\u0105c naturaln\u0105 barier\u0119 ochronn\u0105 sk\u00f3ry. Korzy\u015bci dla sk\u00f3ry &#8230; <a title=\"ANUA HEARTLEAF 70 DAILY LOTION 200 ml &#8211; Lekka, nawil\u017caj\u0105ca esencja do twarzy\" class=\"read-more\" href=\"https:\/\/selleetools.com\/pl\/product\/anua-heartleaf-70-daily-lotion-200-ml-lekka-nawilzajaca-esencja-do-twarzy\/\">Read more<span class=\"screen-reader-text\">ANUA HEARTLEAF 70 DAILY LOTION 200 ml &#8211; Lekka, nawil\u017caj\u0105ca esencja do twarzy<\/span><\/a><\/p>\n","protected":false},"featured_media":599865,"comment_status":"open","ping_status":"closed","template":"","meta":{"_links_to":"","_links_to_target":""},"yoast_head":"<!-- This site is optimized with the Yoast SEO plugin v19.4 - https:\/\/yoast.com\/wordpress\/plugins\/seo\/ -->\n<title>ANUA HEARTLEAF 70 DAILY LOTION 200 ml - Lekka, nawil\u017caj\u0105ca esencja do twarzy - Selleetools.com<\/title>\n<meta name=\"robots\" content=\"index, follow, max-snippet:-1, max-image-preview:large, max-video-preview:-1\" \/>\n<link rel=\"canonical\" href=\"https:\/\/selleetools.com\/pl\/product\/anua-heartleaf-70-daily-lotion-200-ml-lekka-nawilzajaca-esencja-do-twarzy\/\" \/>\n<meta property=\"og:locale\" content=\"pl_PL\" \/>\n<meta property=\"og:type\" content=\"article\" \/>\n<meta property=\"og:title\" content=\"ANUA HEARTLEAF 70 DAILY LOTION 200 ml - Lekka, nawil\u017caj\u0105ca esencja do twarzy - Selleetools.com\" \/>\n<meta property=\"og:description\" content=\"ANUA HEARTLEAF 70 DAILY LOTION to lekki, nawil\u017caj\u0105cy lotion, kt\u00f3ry wykorzystuje ekstrakt z w\u0105kroty sercowatej (heartleaf) do \u0142agodzenia i regeneracji sk\u00f3ry. Kosmetyk doskonale nadaje si\u0119 do codziennego u\u017cytku, pomagaj\u0105c w utrzymaniu sk\u00f3ry mi\u0119kkiej, g\u0142adkiej i nawodnionej. Dzi\u0119ki swojej delikatnej formule, lotion skutecznie redukuje podra\u017cnienia i zaczerwienienia, jednocze\u015bnie wspieraj\u0105c naturaln\u0105 barier\u0119 ochronn\u0105 sk\u00f3ry. Korzy\u015bci dla sk\u00f3ry ... Read moreANUA HEARTLEAF 70 DAILY LOTION 200 ml &#8211; Lekka, nawil\u017caj\u0105ca esencja do twarzy\" \/>\n<meta property=\"og:url\" content=\"https:\/\/selleetools.com\/pl\/product\/anua-heartleaf-70-daily-lotion-200-ml-lekka-nawilzajaca-esencja-do-twarzy\/\" \/>\n<meta property=\"og:site_name\" content=\"Selleetools.com\" \/>\n<meta property=\"article:modified_time\" content=\"2025-10-23T11:38:51+00:00\" \/>\n<meta property=\"og:image\" content=\"https:\/\/selleetools.com\/wp-content\/uploads\/2025\/10\/8d77a05ed803b4a77ee9b447cccb5e0f.png\" \/>\n\t<meta property=\"og:image:width\" content=\"3000\" \/>\n\t<meta property=\"og:image:height\" content=\"3000\" \/>\n\t<meta property=\"og:image:type\" content=\"image\/png\" \/>\n<meta name=\"twitter:card\" content=\"summary_large_image\" \/>\n<meta name=\"twitter:label1\" content=\"Est. reading time\" \/>\n\t<meta name=\"twitter:data1\" content=\"1 minuta\" \/>\n<!-- \/ Yoast SEO plugin. -->","yoast_head_json":{"title":"ANUA HEARTLEAF 70 DAILY LOTION 200 ml - Lekka, nawil\u017caj\u0105ca esencja do twarzy - Selleetools.com","robots":{"index":"index","follow":"follow","max-snippet":"max-snippet:-1","max-image-preview":"max-image-preview:large","max-video-preview":"max-video-preview:-1"},"canonical":"https:\/\/selleetools.com\/pl\/product\/anua-heartleaf-70-daily-lotion-200-ml-lekka-nawilzajaca-esencja-do-twarzy\/","og_locale":"pl_PL","og_type":"article","og_title":"ANUA HEARTLEAF 70 DAILY LOTION 200 ml - Lekka, nawil\u017caj\u0105ca esencja do twarzy - Selleetools.com","og_description":"ANUA HEARTLEAF 70 DAILY LOTION to lekki, nawil\u017caj\u0105cy lotion, kt\u00f3ry wykorzystuje ekstrakt z w\u0105kroty sercowatej (heartleaf) do \u0142agodzenia i regeneracji sk\u00f3ry. Kosmetyk doskonale nadaje si\u0119 do codziennego u\u017cytku, pomagaj\u0105c w utrzymaniu sk\u00f3ry mi\u0119kkiej, g\u0142adkiej i nawodnionej. Dzi\u0119ki swojej delikatnej formule, lotion skutecznie redukuje podra\u017cnienia i zaczerwienienia, jednocze\u015bnie wspieraj\u0105c naturaln\u0105 barier\u0119 ochronn\u0105 sk\u00f3ry. Korzy\u015bci dla sk\u00f3ry ... Read moreANUA HEARTLEAF 70 DAILY LOTION 200 ml &#8211; Lekka, nawil\u017caj\u0105ca esencja do twarzy","og_url":"https:\/\/selleetools.com\/pl\/product\/anua-heartleaf-70-daily-lotion-200-ml-lekka-nawilzajaca-esencja-do-twarzy\/","og_site_name":"Selleetools.com","article_modified_time":"2025-10-23T11:38:51+00:00","og_image":[{"width":3000,"height":3000,"url":"https:\/\/selleetools.com\/wp-content\/uploads\/2025\/10\/8d77a05ed803b4a77ee9b447cccb5e0f.png","type":"image\/png"}],"twitter_card":"summary_large_image","twitter_misc":{"Est. reading time":"1 minuta"},"schema":{"@context":"https:\/\/schema.org","@graph":[{"@type":"Organization","@id":"https:\/\/selleetools.com\/#organization","name":"Selleetools","url":"https:\/\/selleetools.com\/","sameAs":[],"logo":{"@type":"ImageObject","inLanguage":"pl-PL","@id":"https:\/\/selleetools.com\/#\/schema\/logo\/image\/","url":"https:\/\/selleetools.com\/wp-content\/uploads\/2021\/10\/logo-dark.png","contentUrl":"https:\/\/selleetools.com\/wp-content\/uploads\/2021\/10\/logo-dark.png","width":320,"height":76,"caption":"Selleetools"},"image":{"@id":"https:\/\/selleetools.com\/#\/schema\/logo\/image\/"}},{"@type":"WebSite","@id":"https:\/\/selleetools.com\/#website","url":"https:\/\/selleetools.com\/","name":"Selleetools.com","description":"","publisher":{"@id":"https:\/\/selleetools.com\/#organization"},"potentialAction":[{"@type":"SearchAction","target":{"@type":"EntryPoint","urlTemplate":"https:\/\/selleetools.com\/?s={search_term_string}"},"query-input":"required name=search_term_string"}],"inLanguage":"pl-PL"},{"@type":"WebPage","@id":"https:\/\/selleetools.com\/pl\/product\/anua-heartleaf-70-daily-lotion-200-ml-lekka-nawilzajaca-esencja-do-twarzy\/","url":"https:\/\/selleetools.com\/pl\/product\/anua-heartleaf-70-daily-lotion-200-ml-lekka-nawilzajaca-esencja-do-twarzy\/","name":"ANUA HEARTLEAF 70 DAILY LOTION 200 ml - Lekka, nawil\u017caj\u0105ca esencja do twarzy - Selleetools.com","isPartOf":{"@id":"https:\/\/selleetools.com\/#website"},"datePublished":"2025-10-22T07:14:54+00:00","dateModified":"2025-10-23T11:38:51+00:00","breadcrumb":{"@id":"https:\/\/selleetools.com\/pl\/product\/anua-heartleaf-70-daily-lotion-200-ml-lekka-nawilzajaca-esencja-do-twarzy\/#breadcrumb"},"inLanguage":"pl-PL","potentialAction":[{"@type":"ReadAction","target":["https:\/\/selleetools.com\/pl\/product\/anua-heartleaf-70-daily-lotion-200-ml-lekka-nawilzajaca-esencja-do-twarzy\/"]}]},{"@type":"BreadcrumbList","@id":"https:\/\/selleetools.com\/pl\/product\/anua-heartleaf-70-daily-lotion-200-ml-lekka-nawilzajaca-esencja-do-twarzy\/#breadcrumb","itemListElement":[{"@type":"ListItem","position":1,"name":"Home","item":"https:\/\/selleetools.com\/pl\/"},{"@type":"ListItem","position":2,"name":"Katalog","item":"https:\/\/selleetools.com\/pl\/katalog\/"},{"@type":"ListItem","position":3,"name":"ANUA HEARTLEAF 70 DAILY LOTION 200 ml &#8211; Lekka, nawil\u017caj\u0105ca esencja do twarzy"}]}]}},"_links":{"self":[{"href":"https:\/\/selleetools.com\/pl\/wp-json\/wp\/v2\/product\/599867"}],"collection":[{"href":"https:\/\/selleetools.com\/pl\/wp-json\/wp\/v2\/product"}],"about":[{"href":"https:\/\/selleetools.com\/pl\/wp-json\/wp\/v2\/types\/product"}],"replies":[{"embeddable":true,"href":"https:\/\/selleetools.com\/pl\/wp-json\/wp\/v2\/comments?post=599867"}],"wp:featuredmedia":[{"embeddable":true,"href":"https:\/\/selleetools.com\/pl\/wp-json\/wp\/v2\/media\/599865"}],"wp:attachment":[{"href":"https:\/\/selleetools.com\/pl\/wp-json\/wp\/v2\/media?parent=599867"}],"curies":[{"name":"wp","href":"https:\/\/api.w.org\/{rel}","templated":true}]}}