{"id":599856,"date":"2025-10-22T09:14:39","date_gmt":"2025-10-22T07:14:39","guid":{"rendered":"https:\/\/selleetools.com\/?post_type=product&#038;p=599856"},"modified":"2025-10-23T13:29:56","modified_gmt":"2025-10-23T11:29:56","slug":"anua-heartleaf-77-soothing-toner-250-ml-lagodzacy-tonik-do-twarzy","status":"publish","type":"product","link":"https:\/\/selleetools.com\/pl\/product\/anua-heartleaf-77-soothing-toner-250-ml-lagodzacy-tonik-do-twarzy\/","title":{"rendered":"ANUA HEARTLEAF 77% SOOTHING TONER 250 ml &#8211; \u0141agodz\u0105cy tonik do twarzy"},"content":{"rendered":"<p style=\"caret-color: rgb(0, 0, 0); color: rgb(0, 0, 0);\"><font style=\"font-size: 12px;\">ANUA HEARTLEAF 77% SOOTHING TONER to \u0142agodz\u0105cy tonik do twarzy, kt\u00f3ry zawiera 77% ekstraktu z w\u0105kroty azjatyckiej. Kosmetyk ten skutecznie koi i nawil\u017ca sk\u00f3r\u0119, redukuj\u0105c zaczerwienienia oraz podra\u017cnienia, jednocze\u015bnie przywracaj\u0105c jej naturaln\u0105 r\u00f3wnowag\u0119 i blask. Idealny dla wszystkich typ\u00f3w cery, w tym wra\u017cliwej i problematycznej, tonik zapewnia uczucie \u015bwie\u017co\u015bci i komfortu.<\/font><\/p>\n<h4 style=\"caret-color: rgb(0, 0, 0); color: rgb(0, 0, 0);\"><font style=\"font-size: 12px;\">Korzy\u015bci dla sk\u00f3ry<\/font><\/h4>\n<ul style=\"caret-color: rgb(0, 0, 0); color: rgb(0, 0, 0);\">\n<li><font style=\"font-size: 12px;\">\u0141agodzenie i kojenie podra\u017cnie\u0144<\/font><\/li>\n<li><font style=\"font-size: 12px;\">Intensywne nawil\u017cenie<\/font><\/li>\n<li><font style=\"font-size: 12px;\">Poprawa og\u00f3lnej kondycji sk\u00f3ry<\/font><\/li>\n<\/ul>\n<h4 style=\"caret-color: rgb(0, 0, 0); color: rgb(0, 0, 0);\"><font style=\"font-size: 12px;\">Spos\u00f3b u\u017cycia:<\/font><\/h4>\n<p style=\"caret-color: rgb(0, 0, 0); color: rgb(0, 0, 0);\"><font style=\"font-size: 12px;\">Nanie\u015b odpowiedni\u0105 ilo\u015b\u0107 toniku na wacik lub bezpo\u015brednio na d\u0142onie, a nast\u0119pnie delikatnie wklep w oczyszczon\u0105 sk\u00f3r\u0119 twarzy. Stosuj rano i wieczorem, aby przygotowa\u0107 sk\u00f3r\u0119 do dalszych etap\u00f3w piel\u0119gnacji.<\/font><\/p>\n","protected":false},"excerpt":{"rendered":"<p>ANUA HEARTLEAF 77% SOOTHING TONER to \u0142agodz\u0105cy tonik do twarzy, kt\u00f3ry zawiera 77% ekstraktu z w\u0105kroty azjatyckiej. Kosmetyk ten skutecznie koi i nawil\u017ca sk\u00f3r\u0119, redukuj\u0105c zaczerwienienia oraz podra\u017cnienia, jednocze\u015bnie przywracaj\u0105c jej naturaln\u0105 r\u00f3wnowag\u0119 i blask. Idealny dla wszystkich typ\u00f3w cery, w tym wra\u017cliwej i problematycznej, tonik zapewnia uczucie \u015bwie\u017co\u015bci i komfortu. Korzy\u015bci dla sk\u00f3ry \u0141agodzenie &#8230; <a title=\"ANUA HEARTLEAF 77% SOOTHING TONER 250 ml &#8211; \u0141agodz\u0105cy tonik do twarzy\" class=\"read-more\" href=\"https:\/\/selleetools.com\/pl\/product\/anua-heartleaf-77-soothing-toner-250-ml-lagodzacy-tonik-do-twarzy\/\">Read more<span class=\"screen-reader-text\">ANUA HEARTLEAF 77% SOOTHING TONER 250 ml &#8211; \u0141agodz\u0105cy tonik do twarzy<\/span><\/a><\/p>\n","protected":false},"featured_media":599854,"comment_status":"open","ping_status":"closed","template":"","meta":{"_links_to":"","_links_to_target":""},"yoast_head":"<!-- This site is optimized with the Yoast SEO plugin v19.4 - https:\/\/yoast.com\/wordpress\/plugins\/seo\/ -->\n<title>ANUA HEARTLEAF 77% SOOTHING TONER 250 ml - \u0141agodz\u0105cy tonik do twarzy - Selleetools.com<\/title>\n<meta name=\"robots\" content=\"index, follow, max-snippet:-1, max-image-preview:large, max-video-preview:-1\" \/>\n<link rel=\"canonical\" href=\"https:\/\/selleetools.com\/pl\/product\/anua-heartleaf-77-soothing-toner-250-ml-lagodzacy-tonik-do-twarzy\/\" \/>\n<meta property=\"og:locale\" content=\"pl_PL\" \/>\n<meta property=\"og:type\" content=\"article\" \/>\n<meta property=\"og:title\" content=\"ANUA HEARTLEAF 77% SOOTHING TONER 250 ml - \u0141agodz\u0105cy tonik do twarzy - Selleetools.com\" \/>\n<meta property=\"og:description\" content=\"ANUA HEARTLEAF 77% SOOTHING TONER to \u0142agodz\u0105cy tonik do twarzy, kt\u00f3ry zawiera 77% ekstraktu z w\u0105kroty azjatyckiej. Kosmetyk ten skutecznie koi i nawil\u017ca sk\u00f3r\u0119, redukuj\u0105c zaczerwienienia oraz podra\u017cnienia, jednocze\u015bnie przywracaj\u0105c jej naturaln\u0105 r\u00f3wnowag\u0119 i blask. Idealny dla wszystkich typ\u00f3w cery, w tym wra\u017cliwej i problematycznej, tonik zapewnia uczucie \u015bwie\u017co\u015bci i komfortu. Korzy\u015bci dla sk\u00f3ry \u0141agodzenie ... Read moreANUA HEARTLEAF 77% SOOTHING TONER 250 ml &#8211; \u0141agodz\u0105cy tonik do twarzy\" \/>\n<meta property=\"og:url\" content=\"https:\/\/selleetools.com\/pl\/product\/anua-heartleaf-77-soothing-toner-250-ml-lagodzacy-tonik-do-twarzy\/\" \/>\n<meta property=\"og:site_name\" content=\"Selleetools.com\" \/>\n<meta property=\"article:modified_time\" content=\"2025-10-23T11:29:56+00:00\" \/>\n<meta property=\"og:image\" content=\"https:\/\/selleetools.com\/wp-content\/uploads\/2025\/10\/230cefbbf5769b398886b2184b5643a2.png\" \/>\n\t<meta property=\"og:image:width\" content=\"3000\" \/>\n\t<meta property=\"og:image:height\" content=\"3000\" \/>\n\t<meta property=\"og:image:type\" content=\"image\/png\" \/>\n<meta name=\"twitter:card\" content=\"summary_large_image\" \/>\n<meta name=\"twitter:label1\" content=\"Est. reading time\" \/>\n\t<meta name=\"twitter:data1\" content=\"1 minuta\" \/>\n<!-- \/ Yoast SEO plugin. -->","yoast_head_json":{"title":"ANUA HEARTLEAF 77% SOOTHING TONER 250 ml - \u0141agodz\u0105cy tonik do twarzy - Selleetools.com","robots":{"index":"index","follow":"follow","max-snippet":"max-snippet:-1","max-image-preview":"max-image-preview:large","max-video-preview":"max-video-preview:-1"},"canonical":"https:\/\/selleetools.com\/pl\/product\/anua-heartleaf-77-soothing-toner-250-ml-lagodzacy-tonik-do-twarzy\/","og_locale":"pl_PL","og_type":"article","og_title":"ANUA HEARTLEAF 77% SOOTHING TONER 250 ml - \u0141agodz\u0105cy tonik do twarzy - Selleetools.com","og_description":"ANUA HEARTLEAF 77% SOOTHING TONER to \u0142agodz\u0105cy tonik do twarzy, kt\u00f3ry zawiera 77% ekstraktu z w\u0105kroty azjatyckiej. Kosmetyk ten skutecznie koi i nawil\u017ca sk\u00f3r\u0119, redukuj\u0105c zaczerwienienia oraz podra\u017cnienia, jednocze\u015bnie przywracaj\u0105c jej naturaln\u0105 r\u00f3wnowag\u0119 i blask. Idealny dla wszystkich typ\u00f3w cery, w tym wra\u017cliwej i problematycznej, tonik zapewnia uczucie \u015bwie\u017co\u015bci i komfortu. Korzy\u015bci dla sk\u00f3ry \u0141agodzenie ... Read moreANUA HEARTLEAF 77% SOOTHING TONER 250 ml &#8211; \u0141agodz\u0105cy tonik do twarzy","og_url":"https:\/\/selleetools.com\/pl\/product\/anua-heartleaf-77-soothing-toner-250-ml-lagodzacy-tonik-do-twarzy\/","og_site_name":"Selleetools.com","article_modified_time":"2025-10-23T11:29:56+00:00","og_image":[{"width":3000,"height":3000,"url":"https:\/\/selleetools.com\/wp-content\/uploads\/2025\/10\/230cefbbf5769b398886b2184b5643a2.png","type":"image\/png"}],"twitter_card":"summary_large_image","twitter_misc":{"Est. reading time":"1 minuta"},"schema":{"@context":"https:\/\/schema.org","@graph":[{"@type":"Organization","@id":"https:\/\/selleetools.com\/#organization","name":"Selleetools","url":"https:\/\/selleetools.com\/","sameAs":[],"logo":{"@type":"ImageObject","inLanguage":"pl-PL","@id":"https:\/\/selleetools.com\/#\/schema\/logo\/image\/","url":"https:\/\/selleetools.com\/wp-content\/uploads\/2021\/10\/logo-dark.png","contentUrl":"https:\/\/selleetools.com\/wp-content\/uploads\/2021\/10\/logo-dark.png","width":320,"height":76,"caption":"Selleetools"},"image":{"@id":"https:\/\/selleetools.com\/#\/schema\/logo\/image\/"}},{"@type":"WebSite","@id":"https:\/\/selleetools.com\/#website","url":"https:\/\/selleetools.com\/","name":"Selleetools.com","description":"","publisher":{"@id":"https:\/\/selleetools.com\/#organization"},"potentialAction":[{"@type":"SearchAction","target":{"@type":"EntryPoint","urlTemplate":"https:\/\/selleetools.com\/?s={search_term_string}"},"query-input":"required name=search_term_string"}],"inLanguage":"pl-PL"},{"@type":"WebPage","@id":"https:\/\/selleetools.com\/pl\/product\/anua-heartleaf-77-soothing-toner-250-ml-lagodzacy-tonik-do-twarzy\/","url":"https:\/\/selleetools.com\/pl\/product\/anua-heartleaf-77-soothing-toner-250-ml-lagodzacy-tonik-do-twarzy\/","name":"ANUA HEARTLEAF 77% SOOTHING TONER 250 ml - \u0141agodz\u0105cy tonik do twarzy - Selleetools.com","isPartOf":{"@id":"https:\/\/selleetools.com\/#website"},"datePublished":"2025-10-22T07:14:39+00:00","dateModified":"2025-10-23T11:29:56+00:00","breadcrumb":{"@id":"https:\/\/selleetools.com\/pl\/product\/anua-heartleaf-77-soothing-toner-250-ml-lagodzacy-tonik-do-twarzy\/#breadcrumb"},"inLanguage":"pl-PL","potentialAction":[{"@type":"ReadAction","target":["https:\/\/selleetools.com\/pl\/product\/anua-heartleaf-77-soothing-toner-250-ml-lagodzacy-tonik-do-twarzy\/"]}]},{"@type":"BreadcrumbList","@id":"https:\/\/selleetools.com\/pl\/product\/anua-heartleaf-77-soothing-toner-250-ml-lagodzacy-tonik-do-twarzy\/#breadcrumb","itemListElement":[{"@type":"ListItem","position":1,"name":"Home","item":"https:\/\/selleetools.com\/pl\/"},{"@type":"ListItem","position":2,"name":"Katalog","item":"https:\/\/selleetools.com\/pl\/katalog\/"},{"@type":"ListItem","position":3,"name":"ANUA HEARTLEAF 77% SOOTHING TONER 250 ml &#8211; \u0141agodz\u0105cy tonik do twarzy"}]}]}},"_links":{"self":[{"href":"https:\/\/selleetools.com\/pl\/wp-json\/wp\/v2\/product\/599856"}],"collection":[{"href":"https:\/\/selleetools.com\/pl\/wp-json\/wp\/v2\/product"}],"about":[{"href":"https:\/\/selleetools.com\/pl\/wp-json\/wp\/v2\/types\/product"}],"replies":[{"embeddable":true,"href":"https:\/\/selleetools.com\/pl\/wp-json\/wp\/v2\/comments?post=599856"}],"wp:featuredmedia":[{"embeddable":true,"href":"https:\/\/selleetools.com\/pl\/wp-json\/wp\/v2\/media\/599854"}],"wp:attachment":[{"href":"https:\/\/selleetools.com\/pl\/wp-json\/wp\/v2\/media?parent=599856"}],"curies":[{"name":"wp","href":"https:\/\/api.w.org\/{rel}","templated":true}]}}