{"id":599840,"date":"2025-10-22T09:14:21","date_gmt":"2025-10-22T07:14:21","guid":{"rendered":"https:\/\/selleetools.com\/?post_type=product&#038;p=599840"},"modified":"2025-10-23T19:53:20","modified_gmt":"2025-10-23T17:53:20","slug":"jumiso-all-day-vitamin-pure-c-5-5-glow-serum-30-ml-rozswietlajace-serum-do-twarzy","status":"publish","type":"product","link":"https:\/\/selleetools.com\/pl\/product\/jumiso-all-day-vitamin-pure-c-5-5-glow-serum-30-ml-rozswietlajace-serum-do-twarzy\/","title":{"rendered":"Jumiso All Day Vitamin Pure C 5.5 Glow Serum 30 ml &#8211; Roz\u015bwietlaj\u0105ce serum do twarzy"},"content":{"rendered":"<p>Jumiso All Day Vitamin Pure C 5.5 Glow Serum to lekkie, codzienne serum roz\u015bwietlaj\u0105ce z 5,5% czystej witaminy C, kt\u00f3re pomaga przywr\u00f3ci\u0107 cerze blask i wyr\u00f3wna\u0107 jej koloryt. Wzbogacone o nawil\u017caj\u0105ce i antyoksydacyjne sk\u0142adniki wspieraj\u0105ce stabilno\u015b\u0107 witaminy C, takie jak arbutyna, kwas ferulowy i tokoferol, dzia\u0142a skutecznie, ale \u0142agodnie \u2013 bez podra\u017cnie\u0144. Idealne dla ka\u017cdego typu cery, r\u00f3wnie\u017c wra\u017cliwej.<\/p>\n<p>Korzy\u015bci dla sk\u00f3ry:<br \/>\nRozja\u015bnia przebarwienia i wyr\u00f3wnuje koloryt<br \/>\nWzmacnia naturalny blask i energi\u0119 sk\u00f3ry<br \/>\nDzia\u0142a antyoksydacyjnie i chroni przed wolnymi rodnikami<br \/>\nNawil\u017ca i wspiera elastyczno\u015b\u0107 sk\u00f3ry<br \/>\nOdpowiednie do codziennego stosowania nawet dla sk\u00f3ry wra\u017cliwej<\/p>\n<p>Spos\u00f3b u\u017cycia: Na\u0142\u00f3\u017c 2\u20133 krople serum na oczyszczon\u0105 i stonizowan\u0105 sk\u00f3r\u0119 twarzy, omijaj\u0105c okolice oczu. Delikatnie wklep a\u017c do wch\u0142oni\u0119cia. Stosuj rano i\/lub wieczorem, a w ci\u0105gu dnia zawsze u\u017cywaj kremu z filtrem SPF.<\/p>\n","protected":false},"excerpt":{"rendered":"<p>Jumiso All Day Vitamin Pure C 5.5 Glow Serum to lekkie, codzienne serum roz\u015bwietlaj\u0105ce z 5,5% czystej witaminy C, kt\u00f3re pomaga przywr\u00f3ci\u0107 cerze blask i wyr\u00f3wna\u0107 jej koloryt. Wzbogacone o nawil\u017caj\u0105ce i antyoksydacyjne sk\u0142adniki wspieraj\u0105ce stabilno\u015b\u0107 witaminy C, takie jak arbutyna, kwas ferulowy i tokoferol, dzia\u0142a skutecznie, ale \u0142agodnie \u2013 bez podra\u017cnie\u0144. Idealne dla ka\u017cdego &#8230; <a title=\"Jumiso All Day Vitamin Pure C 5.5 Glow Serum 30 ml &#8211; Roz\u015bwietlaj\u0105ce serum do twarzy\" class=\"read-more\" href=\"https:\/\/selleetools.com\/pl\/product\/jumiso-all-day-vitamin-pure-c-5-5-glow-serum-30-ml-rozswietlajace-serum-do-twarzy\/\">Read more<span class=\"screen-reader-text\">Jumiso All Day Vitamin Pure C 5.5 Glow Serum 30 ml &#8211; Roz\u015bwietlaj\u0105ce serum do twarzy<\/span><\/a><\/p>\n","protected":false},"featured_media":599838,"comment_status":"open","ping_status":"closed","template":"","meta":{"_links_to":"","_links_to_target":""},"yoast_head":"<!-- This site is optimized with the Yoast SEO plugin v19.4 - https:\/\/yoast.com\/wordpress\/plugins\/seo\/ -->\n<title>Jumiso All Day Vitamin Pure C 5.5 Glow Serum 30 ml - Roz\u015bwietlaj\u0105ce serum do twarzy - Selleetools.com<\/title>\n<meta name=\"robots\" content=\"index, follow, max-snippet:-1, max-image-preview:large, max-video-preview:-1\" \/>\n<link rel=\"canonical\" href=\"https:\/\/selleetools.com\/pl\/product\/jumiso-all-day-vitamin-pure-c-5-5-glow-serum-30-ml-rozswietlajace-serum-do-twarzy\/\" \/>\n<meta property=\"og:locale\" content=\"pl_PL\" \/>\n<meta property=\"og:type\" content=\"article\" \/>\n<meta property=\"og:title\" content=\"Jumiso All Day Vitamin Pure C 5.5 Glow Serum 30 ml - Roz\u015bwietlaj\u0105ce serum do twarzy - Selleetools.com\" \/>\n<meta property=\"og:description\" content=\"Jumiso All Day Vitamin Pure C 5.5 Glow Serum to lekkie, codzienne serum roz\u015bwietlaj\u0105ce z 5,5% czystej witaminy C, kt\u00f3re pomaga przywr\u00f3ci\u0107 cerze blask i wyr\u00f3wna\u0107 jej koloryt. Wzbogacone o nawil\u017caj\u0105ce i antyoksydacyjne sk\u0142adniki wspieraj\u0105ce stabilno\u015b\u0107 witaminy C, takie jak arbutyna, kwas ferulowy i tokoferol, dzia\u0142a skutecznie, ale \u0142agodnie \u2013 bez podra\u017cnie\u0144. Idealne dla ka\u017cdego ... Read moreJumiso All Day Vitamin Pure C 5.5 Glow Serum 30 ml &#8211; Roz\u015bwietlaj\u0105ce serum do twarzy\" \/>\n<meta property=\"og:url\" content=\"https:\/\/selleetools.com\/pl\/product\/jumiso-all-day-vitamin-pure-c-5-5-glow-serum-30-ml-rozswietlajace-serum-do-twarzy\/\" \/>\n<meta property=\"og:site_name\" content=\"Selleetools.com\" \/>\n<meta property=\"article:modified_time\" content=\"2025-10-23T17:53:20+00:00\" \/>\n<meta property=\"og:image\" content=\"https:\/\/selleetools.com\/wp-content\/uploads\/2025\/10\/6183e507895af7414192274e4ec9c624.jpg\" \/>\n\t<meta property=\"og:image:width\" content=\"162\" \/>\n\t<meta property=\"og:image:height\" content=\"502\" \/>\n\t<meta property=\"og:image:type\" content=\"image\/jpeg\" \/>\n<meta name=\"twitter:card\" content=\"summary_large_image\" \/>\n<meta name=\"twitter:label1\" content=\"Est. reading time\" \/>\n\t<meta name=\"twitter:data1\" content=\"1 minuta\" \/>\n<!-- \/ Yoast SEO plugin. -->","yoast_head_json":{"title":"Jumiso All Day Vitamin Pure C 5.5 Glow Serum 30 ml - Roz\u015bwietlaj\u0105ce serum do twarzy - Selleetools.com","robots":{"index":"index","follow":"follow","max-snippet":"max-snippet:-1","max-image-preview":"max-image-preview:large","max-video-preview":"max-video-preview:-1"},"canonical":"https:\/\/selleetools.com\/pl\/product\/jumiso-all-day-vitamin-pure-c-5-5-glow-serum-30-ml-rozswietlajace-serum-do-twarzy\/","og_locale":"pl_PL","og_type":"article","og_title":"Jumiso All Day Vitamin Pure C 5.5 Glow Serum 30 ml - Roz\u015bwietlaj\u0105ce serum do twarzy - Selleetools.com","og_description":"Jumiso All Day Vitamin Pure C 5.5 Glow Serum to lekkie, codzienne serum roz\u015bwietlaj\u0105ce z 5,5% czystej witaminy C, kt\u00f3re pomaga przywr\u00f3ci\u0107 cerze blask i wyr\u00f3wna\u0107 jej koloryt. Wzbogacone o nawil\u017caj\u0105ce i antyoksydacyjne sk\u0142adniki wspieraj\u0105ce stabilno\u015b\u0107 witaminy C, takie jak arbutyna, kwas ferulowy i tokoferol, dzia\u0142a skutecznie, ale \u0142agodnie \u2013 bez podra\u017cnie\u0144. Idealne dla ka\u017cdego ... Read moreJumiso All Day Vitamin Pure C 5.5 Glow Serum 30 ml &#8211; Roz\u015bwietlaj\u0105ce serum do twarzy","og_url":"https:\/\/selleetools.com\/pl\/product\/jumiso-all-day-vitamin-pure-c-5-5-glow-serum-30-ml-rozswietlajace-serum-do-twarzy\/","og_site_name":"Selleetools.com","article_modified_time":"2025-10-23T17:53:20+00:00","og_image":[{"width":162,"height":502,"url":"https:\/\/selleetools.com\/wp-content\/uploads\/2025\/10\/6183e507895af7414192274e4ec9c624.jpg","type":"image\/jpeg"}],"twitter_card":"summary_large_image","twitter_misc":{"Est. reading time":"1 minuta"},"schema":{"@context":"https:\/\/schema.org","@graph":[{"@type":"Organization","@id":"https:\/\/selleetools.com\/#organization","name":"Selleetools","url":"https:\/\/selleetools.com\/","sameAs":[],"logo":{"@type":"ImageObject","inLanguage":"pl-PL","@id":"https:\/\/selleetools.com\/#\/schema\/logo\/image\/","url":"https:\/\/selleetools.com\/wp-content\/uploads\/2021\/10\/logo-dark.png","contentUrl":"https:\/\/selleetools.com\/wp-content\/uploads\/2021\/10\/logo-dark.png","width":320,"height":76,"caption":"Selleetools"},"image":{"@id":"https:\/\/selleetools.com\/#\/schema\/logo\/image\/"}},{"@type":"WebSite","@id":"https:\/\/selleetools.com\/#website","url":"https:\/\/selleetools.com\/","name":"Selleetools.com","description":"","publisher":{"@id":"https:\/\/selleetools.com\/#organization"},"potentialAction":[{"@type":"SearchAction","target":{"@type":"EntryPoint","urlTemplate":"https:\/\/selleetools.com\/?s={search_term_string}"},"query-input":"required name=search_term_string"}],"inLanguage":"pl-PL"},{"@type":"WebPage","@id":"https:\/\/selleetools.com\/pl\/product\/jumiso-all-day-vitamin-pure-c-5-5-glow-serum-30-ml-rozswietlajace-serum-do-twarzy\/","url":"https:\/\/selleetools.com\/pl\/product\/jumiso-all-day-vitamin-pure-c-5-5-glow-serum-30-ml-rozswietlajace-serum-do-twarzy\/","name":"Jumiso All Day Vitamin Pure C 5.5 Glow Serum 30 ml - Roz\u015bwietlaj\u0105ce serum do twarzy - Selleetools.com","isPartOf":{"@id":"https:\/\/selleetools.com\/#website"},"datePublished":"2025-10-22T07:14:21+00:00","dateModified":"2025-10-23T17:53:20+00:00","breadcrumb":{"@id":"https:\/\/selleetools.com\/pl\/product\/jumiso-all-day-vitamin-pure-c-5-5-glow-serum-30-ml-rozswietlajace-serum-do-twarzy\/#breadcrumb"},"inLanguage":"pl-PL","potentialAction":[{"@type":"ReadAction","target":["https:\/\/selleetools.com\/pl\/product\/jumiso-all-day-vitamin-pure-c-5-5-glow-serum-30-ml-rozswietlajace-serum-do-twarzy\/"]}]},{"@type":"BreadcrumbList","@id":"https:\/\/selleetools.com\/pl\/product\/jumiso-all-day-vitamin-pure-c-5-5-glow-serum-30-ml-rozswietlajace-serum-do-twarzy\/#breadcrumb","itemListElement":[{"@type":"ListItem","position":1,"name":"Home","item":"https:\/\/selleetools.com\/pl\/"},{"@type":"ListItem","position":2,"name":"Katalog","item":"https:\/\/selleetools.com\/pl\/katalog\/"},{"@type":"ListItem","position":3,"name":"Jumiso All Day Vitamin Pure C 5.5 Glow Serum 30 ml &#8211; Roz\u015bwietlaj\u0105ce serum do twarzy"}]}]}},"_links":{"self":[{"href":"https:\/\/selleetools.com\/pl\/wp-json\/wp\/v2\/product\/599840"}],"collection":[{"href":"https:\/\/selleetools.com\/pl\/wp-json\/wp\/v2\/product"}],"about":[{"href":"https:\/\/selleetools.com\/pl\/wp-json\/wp\/v2\/types\/product"}],"replies":[{"embeddable":true,"href":"https:\/\/selleetools.com\/pl\/wp-json\/wp\/v2\/comments?post=599840"}],"wp:featuredmedia":[{"embeddable":true,"href":"https:\/\/selleetools.com\/pl\/wp-json\/wp\/v2\/media\/599838"}],"wp:attachment":[{"href":"https:\/\/selleetools.com\/pl\/wp-json\/wp\/v2\/media?parent=599840"}],"curies":[{"name":"wp","href":"https:\/\/api.w.org\/{rel}","templated":true}]}}