{"id":599735,"date":"2025-10-22T09:11:58","date_gmt":"2025-10-22T07:11:58","guid":{"rendered":"https:\/\/selleetools.com\/?post_type=product&#038;p=599735"},"modified":"2025-10-23T19:09:24","modified_gmt":"2025-10-23T17:09:24","slug":"vt-cosmetics-reedle-shot-100-50-ml-regenerujacy-booster","status":"publish","type":"product","link":"https:\/\/selleetools.com\/pl\/product\/vt-cosmetics-reedle-shot-100-50-ml-regenerujacy-booster\/","title":{"rendered":"VT Cosmetics Reedle Shot 100, 50 ml &#8211; Regeneruj\u0105cy booster"},"content":{"rendered":"<p>Booster do twarzy przeznaczony do stosowania jako pierwszy krok wieczornej piel\u0119gnacji, kt\u00f3ry przygotowuje sk\u00f3r\u0119 na kolejne etapy, zwi\u0119kszaj\u0105c skuteczno\u015b\u0107 dzia\u0142ania pozosta\u0142ych produkt\u00f3w. Dzi\u0119ki formule z mikroigie\u0142kami Cica Reedle\u2122, kosmetyk delikatnie z\u0142uszcza, wyg\u0142adza i zmi\u0119kcza sk\u00f3r\u0119, poprawiaj\u0105c jej struktur\u0119 oraz wch\u0142anianie sk\u0142adnik\u00f3w aktywnych.<br \/>\nZawiera ekstrakt z w\u0105kroty azjatyckiej, kwas hialuronowy oraz zielony propolis, kt\u00f3re dzia\u0142aj\u0105 koj\u0105co, nawil\u017caj\u0105co i regeneruj\u0105co. Produkt niekomedogenny, odpowiedni dla ka\u017cdego typu sk\u00f3ry \u2013 r\u00f3wnie\u017c wra\u017cliwej i tr\u0105dzikowej.<\/p>\n<p>Korzy\u015bci dla sk\u00f3ry:<br \/>\nWidoczna poprawa struktury sk\u00f3ry \u2013 wyg\u0142adzenie i ujednolicenie<br \/>\nG\u0142\u0119bokie nawil\u017cenie i odbudowa bariery ochronnej<br \/>\nLepsze wch\u0142anianie kolejnych produkt\u00f3w piel\u0119gnacyjnych<br \/>\nWsparcie w redukcji przebarwie\u0144, niedoskona\u0142o\u015bci i oznak zm\u0119czenia<br \/>\nEfekt \u201eglass skin\u201d \u2013 cera g\u0142adka, roz\u015bwietlona i pe\u0142na blasku<br \/>\nOdpowiedni dla wszystkich typ\u00f3w sk\u00f3ry \u2013 tak\u017ce wra\u017cliwej i tr\u0105dzikowej<\/p>\n<p>Spos\u00f3b u\u017cycia: Na\u0142\u00f3\u017c odpowiedni\u0105 ilo\u015b\u0107 produktu na oczyszczon\u0105 sk\u00f3r\u0119 twarzy i delikatnie wmasuj opuszkami palc\u00f3w. Po wch\u0142oni\u0119ciu na\u0142\u00f3\u017c produkty nawil\u017caj\u0105ce lub zawieraj\u0105ce sk\u0142adniki aktywne, aby spot\u0119gowa\u0107 ich dzia\u0142anie. U\u017cywaj jako pierwszy krok wieczornej piel\u0119gnacji.<\/p>\n","protected":false},"excerpt":{"rendered":"<p>Booster do twarzy przeznaczony do stosowania jako pierwszy krok wieczornej piel\u0119gnacji, kt\u00f3ry przygotowuje sk\u00f3r\u0119 na kolejne etapy, zwi\u0119kszaj\u0105c skuteczno\u015b\u0107 dzia\u0142ania pozosta\u0142ych produkt\u00f3w. Dzi\u0119ki formule z mikroigie\u0142kami Cica Reedle\u2122, kosmetyk delikatnie z\u0142uszcza, wyg\u0142adza i zmi\u0119kcza sk\u00f3r\u0119, poprawiaj\u0105c jej struktur\u0119 oraz wch\u0142anianie sk\u0142adnik\u00f3w aktywnych. Zawiera ekstrakt z w\u0105kroty azjatyckiej, kwas hialuronowy oraz zielony propolis, kt\u00f3re dzia\u0142aj\u0105 koj\u0105co, &#8230; <a title=\"VT Cosmetics Reedle Shot 100, 50 ml &#8211; Regeneruj\u0105cy booster\" class=\"read-more\" href=\"https:\/\/selleetools.com\/pl\/product\/vt-cosmetics-reedle-shot-100-50-ml-regenerujacy-booster\/\">Read more<span class=\"screen-reader-text\">VT Cosmetics Reedle Shot 100, 50 ml &#8211; Regeneruj\u0105cy booster<\/span><\/a><\/p>\n","protected":false},"featured_media":599733,"comment_status":"open","ping_status":"closed","template":"","meta":{"_links_to":"","_links_to_target":""},"yoast_head":"<!-- This site is optimized with the Yoast SEO plugin v19.4 - https:\/\/yoast.com\/wordpress\/plugins\/seo\/ -->\n<title>VT Cosmetics Reedle Shot 100, 50 ml - Regeneruj\u0105cy booster - Selleetools.com<\/title>\n<meta name=\"robots\" content=\"index, follow, max-snippet:-1, max-image-preview:large, max-video-preview:-1\" \/>\n<link rel=\"canonical\" href=\"https:\/\/admincentral.selleetools.com\/product\/vt-cosmetics-reedle-shot-100-50-ml-regenerujacy-booster\/\" \/>\n<meta property=\"og:locale\" content=\"pl_PL\" \/>\n<meta property=\"og:type\" content=\"article\" \/>\n<meta property=\"og:title\" content=\"VT Cosmetics Reedle Shot 100, 50 ml - Regeneruj\u0105cy booster - Selleetools.com\" \/>\n<meta property=\"og:description\" content=\"Booster do twarzy przeznaczony do stosowania jako pierwszy krok wieczornej piel\u0119gnacji, kt\u00f3ry przygotowuje sk\u00f3r\u0119 na kolejne etapy, zwi\u0119kszaj\u0105c skuteczno\u015b\u0107 dzia\u0142ania pozosta\u0142ych produkt\u00f3w. Dzi\u0119ki formule z mikroigie\u0142kami Cica Reedle\u2122, kosmetyk delikatnie z\u0142uszcza, wyg\u0142adza i zmi\u0119kcza sk\u00f3r\u0119, poprawiaj\u0105c jej struktur\u0119 oraz wch\u0142anianie sk\u0142adnik\u00f3w aktywnych. Zawiera ekstrakt z w\u0105kroty azjatyckiej, kwas hialuronowy oraz zielony propolis, kt\u00f3re dzia\u0142aj\u0105 koj\u0105co, ... Read moreVT Cosmetics Reedle Shot 100, 50 ml &#8211; Regeneruj\u0105cy booster\" \/>\n<meta property=\"og:url\" content=\"https:\/\/admincentral.selleetools.com\/product\/vt-cosmetics-reedle-shot-100-50-ml-regenerujacy-booster\/\" \/>\n<meta property=\"og:site_name\" content=\"Selleetools.com\" \/>\n<meta property=\"article:modified_time\" content=\"2025-10-23T17:09:24+00:00\" \/>\n<meta property=\"og:image\" content=\"https:\/\/selleetools.com\/wp-content\/uploads\/2025\/10\/f5cb539c419cfda781fec0c6021f955e.jpg\" \/>\n\t<meta property=\"og:image:width\" content=\"780\" \/>\n\t<meta property=\"og:image:height\" content=\"780\" \/>\n\t<meta property=\"og:image:type\" content=\"image\/jpeg\" \/>\n<meta name=\"twitter:card\" content=\"summary_large_image\" \/>\n<meta name=\"twitter:label1\" content=\"Est. reading time\" \/>\n\t<meta name=\"twitter:data1\" content=\"1 minuta\" \/>\n<!-- \/ Yoast SEO plugin. -->","yoast_head_json":{"title":"VT Cosmetics Reedle Shot 100, 50 ml - Regeneruj\u0105cy booster - Selleetools.com","robots":{"index":"index","follow":"follow","max-snippet":"max-snippet:-1","max-image-preview":"max-image-preview:large","max-video-preview":"max-video-preview:-1"},"canonical":"https:\/\/admincentral.selleetools.com\/product\/vt-cosmetics-reedle-shot-100-50-ml-regenerujacy-booster\/","og_locale":"pl_PL","og_type":"article","og_title":"VT Cosmetics Reedle Shot 100, 50 ml - Regeneruj\u0105cy booster - Selleetools.com","og_description":"Booster do twarzy przeznaczony do stosowania jako pierwszy krok wieczornej piel\u0119gnacji, kt\u00f3ry przygotowuje sk\u00f3r\u0119 na kolejne etapy, zwi\u0119kszaj\u0105c skuteczno\u015b\u0107 dzia\u0142ania pozosta\u0142ych produkt\u00f3w. Dzi\u0119ki formule z mikroigie\u0142kami Cica Reedle\u2122, kosmetyk delikatnie z\u0142uszcza, wyg\u0142adza i zmi\u0119kcza sk\u00f3r\u0119, poprawiaj\u0105c jej struktur\u0119 oraz wch\u0142anianie sk\u0142adnik\u00f3w aktywnych. Zawiera ekstrakt z w\u0105kroty azjatyckiej, kwas hialuronowy oraz zielony propolis, kt\u00f3re dzia\u0142aj\u0105 koj\u0105co, ... Read moreVT Cosmetics Reedle Shot 100, 50 ml &#8211; Regeneruj\u0105cy booster","og_url":"https:\/\/admincentral.selleetools.com\/product\/vt-cosmetics-reedle-shot-100-50-ml-regenerujacy-booster\/","og_site_name":"Selleetools.com","article_modified_time":"2025-10-23T17:09:24+00:00","og_image":[{"width":780,"height":780,"url":"https:\/\/selleetools.com\/wp-content\/uploads\/2025\/10\/f5cb539c419cfda781fec0c6021f955e.jpg","type":"image\/jpeg"}],"twitter_card":"summary_large_image","twitter_misc":{"Est. reading time":"1 minuta"},"schema":{"@context":"https:\/\/schema.org","@graph":[{"@type":"Organization","@id":"https:\/\/selleetools.com\/#organization","name":"Selleetools","url":"https:\/\/selleetools.com\/","sameAs":[],"logo":{"@type":"ImageObject","inLanguage":"pl-PL","@id":"https:\/\/selleetools.com\/#\/schema\/logo\/image\/","url":"https:\/\/selleetools.com\/wp-content\/uploads\/2021\/10\/logo-dark.png","contentUrl":"https:\/\/selleetools.com\/wp-content\/uploads\/2021\/10\/logo-dark.png","width":320,"height":76,"caption":"Selleetools"},"image":{"@id":"https:\/\/selleetools.com\/#\/schema\/logo\/image\/"}},{"@type":"WebSite","@id":"https:\/\/selleetools.com\/#website","url":"https:\/\/selleetools.com\/","name":"Selleetools.com","description":"","publisher":{"@id":"https:\/\/selleetools.com\/#organization"},"potentialAction":[{"@type":"SearchAction","target":{"@type":"EntryPoint","urlTemplate":"https:\/\/selleetools.com\/?s={search_term_string}"},"query-input":"required name=search_term_string"}],"inLanguage":"pl-PL"},{"@type":"WebPage","@id":"https:\/\/admincentral.selleetools.com\/product\/vt-cosmetics-reedle-shot-100-50-ml-regenerujacy-booster\/","url":"https:\/\/admincentral.selleetools.com\/product\/vt-cosmetics-reedle-shot-100-50-ml-regenerujacy-booster\/","name":"VT Cosmetics Reedle Shot 100, 50 ml - Regeneruj\u0105cy booster - Selleetools.com","isPartOf":{"@id":"https:\/\/selleetools.com\/#website"},"datePublished":"2025-10-22T07:11:58+00:00","dateModified":"2025-10-23T17:09:24+00:00","breadcrumb":{"@id":"https:\/\/admincentral.selleetools.com\/product\/vt-cosmetics-reedle-shot-100-50-ml-regenerujacy-booster\/#breadcrumb"},"inLanguage":"pl-PL","potentialAction":[{"@type":"ReadAction","target":["https:\/\/admincentral.selleetools.com\/product\/vt-cosmetics-reedle-shot-100-50-ml-regenerujacy-booster\/"]}]},{"@type":"BreadcrumbList","@id":"https:\/\/admincentral.selleetools.com\/product\/vt-cosmetics-reedle-shot-100-50-ml-regenerujacy-booster\/#breadcrumb","itemListElement":[{"@type":"ListItem","position":1,"name":"Home","item":"https:\/\/selleetools.com\/pl\/"},{"@type":"ListItem","position":2,"name":"Katalog","item":"https:\/\/selleetools.com\/pl\/katalog\/"},{"@type":"ListItem","position":3,"name":"VT Cosmetics Reedle Shot 100, 50 ml &#8211; Regeneruj\u0105cy booster"}]}]}},"_links":{"self":[{"href":"https:\/\/selleetools.com\/pl\/wp-json\/wp\/v2\/product\/599735"}],"collection":[{"href":"https:\/\/selleetools.com\/pl\/wp-json\/wp\/v2\/product"}],"about":[{"href":"https:\/\/selleetools.com\/pl\/wp-json\/wp\/v2\/types\/product"}],"replies":[{"embeddable":true,"href":"https:\/\/selleetools.com\/pl\/wp-json\/wp\/v2\/comments?post=599735"}],"wp:featuredmedia":[{"embeddable":true,"href":"https:\/\/selleetools.com\/pl\/wp-json\/wp\/v2\/media\/599733"}],"wp:attachment":[{"href":"https:\/\/selleetools.com\/pl\/wp-json\/wp\/v2\/media?parent=599735"}],"curies":[{"name":"wp","href":"https:\/\/api.w.org\/{rel}","templated":true}]}}