{"id":599732,"date":"2025-10-22T09:11:54","date_gmt":"2025-10-22T07:11:54","guid":{"rendered":"https:\/\/selleetools.com\/?post_type=product&#038;p=599732"},"modified":"2025-10-23T19:09:25","modified_gmt":"2025-10-23T17:09:25","slug":"vt-cosmetics-cica-reti-a-mask-30-sheets-maski-z-retinolem-i-wakrotka-azjatycka","status":"publish","type":"product","link":"https:\/\/selleetools.com\/pl\/product\/vt-cosmetics-cica-reti-a-mask-30-sheets-maski-z-retinolem-i-wakrotka-azjatycka\/","title":{"rendered":"VT Cosmetics Cica Reti-A Mask 30 Sheets &#8211; Maski z retinolem i w\u0105krotk\u0105 azjatyck\u0105"},"content":{"rendered":"<p>VT Cosmetics Cica Reti-A Mask to innowacyjna maseczka do twarzy, kt\u00f3ra \u0142\u0105czy moc retinolu z koj\u0105cymi w\u0142a\u015bciwo\u015bciami Cica (Centella Asiatica). Produkt zosta\u0142 stworzony z my\u015bl\u0105 o intensywnej piel\u0119gnacji sk\u00f3ry, oferuj\u0105c 30 pojedynczo pakowanych maseczek, kt\u00f3re s\u0105 \u0142atwe w u\u017cyciu i higieniczne.<\/p>\n<p>Korzy\u015bci dla sk\u00f3ry:<br \/>\nRegeneracja sk\u00f3ry: Dzi\u0119ki zawarto\u015bci retinolu, maska pomaga w regeneracji sk\u00f3ry, stymuluj\u0105c produkcj\u0119 kolagenu i wspomagaj\u0105c odnow\u0119 kom\u00f3rkow\u0105. Retinol jest znany ze swoich w\u0142a\u015bciwo\u015bci przeciwstarzeniowych, redukuj\u0105c widoczno\u015b\u0107 drobnych linii i zmarszczek.<br \/>\nKojenie i nawil\u017cenie: Cica, czyli Centella Asiatica, dzia\u0142a \u0142agodz\u0105co na sk\u00f3r\u0119, zmniejszaj\u0105c zaczerwienienia i podra\u017cnienia. Dodatkowo, maska zapewnia g\u0142\u0119bokie nawil\u017cenie, co sprawia, \u017ce sk\u00f3ra staje si\u0119 mi\u0119kka i g\u0142adka.<br \/>\nPoprawa tekstury sk\u00f3ry: Regularne stosowanie maski poprawia tekstur\u0119 sk\u00f3ry, czyni\u0105c j\u0105 bardziej jednolit\u0105 i promienn\u0105. Maska pomaga r\u00f3wnie\u017c w redukcji blizn potr\u0105dzikowych i innych niedoskona\u0142o\u015bci.<\/p>\n<p>Spos\u00f3b u\u017cycia:<br \/>\nOczyszczenie: Przed na\u0142o\u017ceniem maski dok\u0142adnie oczy\u015b\u0107 twarz za pomoc\u0105 ulubionego \u015brodka do demakija\u017cu i toniku.<br \/>\nAplikacja maski: Ostro\u017cnie wyjmij maseczk\u0119 z opakowania i roz\u0142\u00f3\u017c j\u0105 na twarzy, dopasowuj\u0105c do kontur\u00f3w. Upewnij si\u0119, \u017ce maska dobrze przylega do sk\u00f3ry.<br \/>\nCzas dzia\u0142ania: Pozostaw mask\u0119 na twarzy na oko\u0142o 10-20 minut. Pozw\u00f3l sk\u0142adnikom aktywnym wnika\u0107 g\u0142\u0119boko w sk\u00f3r\u0119.<br \/>\nZdejmowanie maski: Po up\u0142ywie zalecanego czasu, delikatnie zdejmij mask\u0119 i wyrzu\u0107 j\u0105. Pozosta\u0142y na sk\u00f3rze esencj\u0119 wmasuj delikatnie do ca\u0142kowitego wch\u0142oni\u0119cia.<br \/>\nPiel\u0119gnacja ko\u0144cowa: Kontynuuj swoj\u0105 codzienn\u0105 rutyn\u0119 piel\u0119gnacyjn\u0105, nak\u0142adaj\u0105c serum, krem nawil\u017caj\u0105cy lub inne produkty, kt\u00f3re zazwyczaj stosujesz.<\/p>\n<p>Maska VT Cosmetics Cica Reti-A to doskona\u0142y wyb\u00f3r dla os\u00f3b pragn\u0105cych poprawi\u0107 kondycj\u0119 swojej sk\u00f3ry, jednocze\u015bnie ciesz\u0105c si\u0119 chwil\u0105 relaksu.<\/p>\n","protected":false},"excerpt":{"rendered":"<p>VT Cosmetics Cica Reti-A Mask to innowacyjna maseczka do twarzy, kt\u00f3ra \u0142\u0105czy moc retinolu z koj\u0105cymi w\u0142a\u015bciwo\u015bciami Cica (Centella Asiatica). Produkt zosta\u0142 stworzony z my\u015bl\u0105 o intensywnej piel\u0119gnacji sk\u00f3ry, oferuj\u0105c 30 pojedynczo pakowanych maseczek, kt\u00f3re s\u0105 \u0142atwe w u\u017cyciu i higieniczne. Korzy\u015bci dla sk\u00f3ry: Regeneracja sk\u00f3ry: Dzi\u0119ki zawarto\u015bci retinolu, maska pomaga w regeneracji sk\u00f3ry, stymuluj\u0105c &#8230; <a title=\"VT Cosmetics Cica Reti-A Mask 30 Sheets &#8211; Maski z retinolem i w\u0105krotk\u0105 azjatyck\u0105\" class=\"read-more\" href=\"https:\/\/selleetools.com\/pl\/product\/vt-cosmetics-cica-reti-a-mask-30-sheets-maski-z-retinolem-i-wakrotka-azjatycka\/\">Read more<span class=\"screen-reader-text\">VT Cosmetics Cica Reti-A Mask 30 Sheets &#8211; Maski z retinolem i w\u0105krotk\u0105 azjatyck\u0105<\/span><\/a><\/p>\n","protected":false},"featured_media":599728,"comment_status":"open","ping_status":"closed","template":"","meta":{"_links_to":"","_links_to_target":""},"yoast_head":"<!-- This site is optimized with the Yoast SEO plugin v19.4 - https:\/\/yoast.com\/wordpress\/plugins\/seo\/ -->\n<title>VT Cosmetics Cica Reti-A Mask 30 Sheets - Maski z retinolem i w\u0105krotk\u0105 azjatyck\u0105 - Selleetools.com<\/title>\n<meta name=\"robots\" content=\"index, follow, max-snippet:-1, max-image-preview:large, max-video-preview:-1\" \/>\n<link rel=\"canonical\" href=\"https:\/\/admincentral.selleetools.com\/pl\/product\/vt-cosmetics-cica-reti-a-mask-30-sheets-maski-z-retinolem-i-wakrotka-azjatycka\/\" \/>\n<meta property=\"og:locale\" content=\"pl_PL\" \/>\n<meta property=\"og:type\" content=\"article\" \/>\n<meta property=\"og:title\" content=\"VT Cosmetics Cica Reti-A Mask 30 Sheets - Maski z retinolem i w\u0105krotk\u0105 azjatyck\u0105 - Selleetools.com\" \/>\n<meta property=\"og:description\" content=\"VT Cosmetics Cica Reti-A Mask to innowacyjna maseczka do twarzy, kt\u00f3ra \u0142\u0105czy moc retinolu z koj\u0105cymi w\u0142a\u015bciwo\u015bciami Cica (Centella Asiatica). Produkt zosta\u0142 stworzony z my\u015bl\u0105 o intensywnej piel\u0119gnacji sk\u00f3ry, oferuj\u0105c 30 pojedynczo pakowanych maseczek, kt\u00f3re s\u0105 \u0142atwe w u\u017cyciu i higieniczne. Korzy\u015bci dla sk\u00f3ry: Regeneracja sk\u00f3ry: Dzi\u0119ki zawarto\u015bci retinolu, maska pomaga w regeneracji sk\u00f3ry, stymuluj\u0105c ... Read moreVT Cosmetics Cica Reti-A Mask 30 Sheets &#8211; Maski z retinolem i w\u0105krotk\u0105 azjatyck\u0105\" \/>\n<meta property=\"og:url\" content=\"https:\/\/admincentral.selleetools.com\/pl\/product\/vt-cosmetics-cica-reti-a-mask-30-sheets-maski-z-retinolem-i-wakrotka-azjatycka\/\" \/>\n<meta property=\"og:site_name\" content=\"Selleetools.com\" \/>\n<meta property=\"article:modified_time\" content=\"2025-10-23T17:09:25+00:00\" \/>\n<meta property=\"og:image\" content=\"https:\/\/selleetools.com\/wp-content\/uploads\/2025\/10\/e38d4e81f795981978690783a0adb641.png\" \/>\n\t<meta property=\"og:image:width\" content=\"1200\" \/>\n\t<meta property=\"og:image:height\" content=\"1200\" \/>\n\t<meta property=\"og:image:type\" content=\"image\/png\" \/>\n<meta name=\"twitter:card\" content=\"summary_large_image\" \/>\n<meta name=\"twitter:label1\" content=\"Est. reading time\" \/>\n\t<meta name=\"twitter:data1\" content=\"2 minuty\" \/>\n<!-- \/ Yoast SEO plugin. -->","yoast_head_json":{"title":"VT Cosmetics Cica Reti-A Mask 30 Sheets - Maski z retinolem i w\u0105krotk\u0105 azjatyck\u0105 - Selleetools.com","robots":{"index":"index","follow":"follow","max-snippet":"max-snippet:-1","max-image-preview":"max-image-preview:large","max-video-preview":"max-video-preview:-1"},"canonical":"https:\/\/admincentral.selleetools.com\/pl\/product\/vt-cosmetics-cica-reti-a-mask-30-sheets-maski-z-retinolem-i-wakrotka-azjatycka\/","og_locale":"pl_PL","og_type":"article","og_title":"VT Cosmetics Cica Reti-A Mask 30 Sheets - Maski z retinolem i w\u0105krotk\u0105 azjatyck\u0105 - Selleetools.com","og_description":"VT Cosmetics Cica Reti-A Mask to innowacyjna maseczka do twarzy, kt\u00f3ra \u0142\u0105czy moc retinolu z koj\u0105cymi w\u0142a\u015bciwo\u015bciami Cica (Centella Asiatica). Produkt zosta\u0142 stworzony z my\u015bl\u0105 o intensywnej piel\u0119gnacji sk\u00f3ry, oferuj\u0105c 30 pojedynczo pakowanych maseczek, kt\u00f3re s\u0105 \u0142atwe w u\u017cyciu i higieniczne. Korzy\u015bci dla sk\u00f3ry: Regeneracja sk\u00f3ry: Dzi\u0119ki zawarto\u015bci retinolu, maska pomaga w regeneracji sk\u00f3ry, stymuluj\u0105c ... Read moreVT Cosmetics Cica Reti-A Mask 30 Sheets &#8211; Maski z retinolem i w\u0105krotk\u0105 azjatyck\u0105","og_url":"https:\/\/admincentral.selleetools.com\/pl\/product\/vt-cosmetics-cica-reti-a-mask-30-sheets-maski-z-retinolem-i-wakrotka-azjatycka\/","og_site_name":"Selleetools.com","article_modified_time":"2025-10-23T17:09:25+00:00","og_image":[{"width":1200,"height":1200,"url":"https:\/\/selleetools.com\/wp-content\/uploads\/2025\/10\/e38d4e81f795981978690783a0adb641.png","type":"image\/png"}],"twitter_card":"summary_large_image","twitter_misc":{"Est. reading time":"2 minuty"},"schema":{"@context":"https:\/\/schema.org","@graph":[{"@type":"Organization","@id":"https:\/\/selleetools.com\/#organization","name":"Selleetools","url":"https:\/\/selleetools.com\/","sameAs":[],"logo":{"@type":"ImageObject","inLanguage":"pl-PL","@id":"https:\/\/selleetools.com\/#\/schema\/logo\/image\/","url":"https:\/\/selleetools.com\/wp-content\/uploads\/2021\/10\/logo-dark.png","contentUrl":"https:\/\/selleetools.com\/wp-content\/uploads\/2021\/10\/logo-dark.png","width":320,"height":76,"caption":"Selleetools"},"image":{"@id":"https:\/\/selleetools.com\/#\/schema\/logo\/image\/"}},{"@type":"WebSite","@id":"https:\/\/selleetools.com\/#website","url":"https:\/\/selleetools.com\/","name":"Selleetools.com","description":"","publisher":{"@id":"https:\/\/selleetools.com\/#organization"},"potentialAction":[{"@type":"SearchAction","target":{"@type":"EntryPoint","urlTemplate":"https:\/\/selleetools.com\/?s={search_term_string}"},"query-input":"required name=search_term_string"}],"inLanguage":"pl-PL"},{"@type":"WebPage","@id":"https:\/\/admincentral.selleetools.com\/pl\/product\/vt-cosmetics-cica-reti-a-mask-30-sheets-maski-z-retinolem-i-wakrotka-azjatycka\/","url":"https:\/\/admincentral.selleetools.com\/pl\/product\/vt-cosmetics-cica-reti-a-mask-30-sheets-maski-z-retinolem-i-wakrotka-azjatycka\/","name":"VT Cosmetics Cica Reti-A Mask 30 Sheets - Maski z retinolem i w\u0105krotk\u0105 azjatyck\u0105 - Selleetools.com","isPartOf":{"@id":"https:\/\/selleetools.com\/#website"},"datePublished":"2025-10-22T07:11:54+00:00","dateModified":"2025-10-23T17:09:25+00:00","breadcrumb":{"@id":"https:\/\/admincentral.selleetools.com\/pl\/product\/vt-cosmetics-cica-reti-a-mask-30-sheets-maski-z-retinolem-i-wakrotka-azjatycka\/#breadcrumb"},"inLanguage":"pl-PL","potentialAction":[{"@type":"ReadAction","target":["https:\/\/admincentral.selleetools.com\/pl\/product\/vt-cosmetics-cica-reti-a-mask-30-sheets-maski-z-retinolem-i-wakrotka-azjatycka\/"]}]},{"@type":"BreadcrumbList","@id":"https:\/\/admincentral.selleetools.com\/pl\/product\/vt-cosmetics-cica-reti-a-mask-30-sheets-maski-z-retinolem-i-wakrotka-azjatycka\/#breadcrumb","itemListElement":[{"@type":"ListItem","position":1,"name":"Home","item":"https:\/\/selleetools.com\/pl\/"},{"@type":"ListItem","position":2,"name":"Katalog","item":"https:\/\/selleetools.com\/pl\/katalog\/"},{"@type":"ListItem","position":3,"name":"VT Cosmetics Cica Reti-A Mask 30 Sheets &#8211; Maski z retinolem i w\u0105krotk\u0105 azjatyck\u0105"}]}]}},"_links":{"self":[{"href":"https:\/\/selleetools.com\/pl\/wp-json\/wp\/v2\/product\/599732"}],"collection":[{"href":"https:\/\/selleetools.com\/pl\/wp-json\/wp\/v2\/product"}],"about":[{"href":"https:\/\/selleetools.com\/pl\/wp-json\/wp\/v2\/types\/product"}],"replies":[{"embeddable":true,"href":"https:\/\/selleetools.com\/pl\/wp-json\/wp\/v2\/comments?post=599732"}],"wp:featuredmedia":[{"embeddable":true,"href":"https:\/\/selleetools.com\/pl\/wp-json\/wp\/v2\/media\/599728"}],"wp:attachment":[{"href":"https:\/\/selleetools.com\/pl\/wp-json\/wp\/v2\/media?parent=599732"}],"curies":[{"name":"wp","href":"https:\/\/api.w.org\/{rel}","templated":true}]}}