{"id":599660,"date":"2025-10-22T09:10:45","date_gmt":"2025-10-22T07:10:45","guid":{"rendered":"https:\/\/selleetools.com\/?post_type=product&#038;p=599660"},"modified":"2025-10-30T16:35:57","modified_gmt":"2025-10-30T15:35:57","slug":"peripera-new-ink-the-velvet-ad-08-sellout-red-4-g-aksamitny-tint-do-ust","status":"publish","type":"product","link":"https:\/\/selleetools.com\/pl\/product\/peripera-new-ink-the-velvet-ad-08-sellout-red-4-g-aksamitny-tint-do-ust\/","title":{"rendered":"Peripera New Ink The Velvet (AD) 08 Sellout Red 4 g &#8211; Aksamitny tint do ust"},"content":{"rendered":"<p>Peripera New Ink The Velvet 4g #08 SELLOUT RED to intensywnie napigmentowany tint do ust, kt\u00f3ry \u0142\u0105czy w sobie trwa\u0142o\u015b\u0107 i aksamitne wyko\u0144czenie. Jego lekka, kremowa formu\u0142a g\u0142adko rozprowadza si\u0119 na ustach, zapewniaj\u0105c r\u00f3wnomierne krycie bez uczucia lepko\u015bci. Dzi\u0119ki innowacyjnej technologii barwnik\u00f3w, kolor utrzymuje si\u0119 przez wiele godzin, nie trac\u0105c intensywno\u015bci.<\/p>\n<p>Korzy\u015bci ze stosowania:<br \/>\nD\u0142ugotrwa\u0142y efekt bez rozmazywania<br \/>\nAksamitne, lekkie wyko\u0144czenie<br \/>\nIntensywna pigmentacja zapewniaj\u0105ca pe\u0142ne krycie<br \/>\nNawil\u017caj\u0105ca formu\u0142a zapobiegaj\u0105ca wysuszaniu ust<br \/>\nKomfortowa aplikacja dzi\u0119ki kremowej konsystencji<\/p>\n<p>Spos\u00f3b u\u017cycia:<br \/>\nAplikuj tint na czyste i suche usta, rozprowadzaj\u0105c r\u00f3wnomiernie przy pomocy aplikatora. Mo\u017cesz na\u0142o\u017cy\u0107 jedn\u0105 warstw\u0119 dla subtelnego efektu lub doda\u0107 kolejne dla wi\u0119kszej intensywno\u015bci. Idealny do codziennego makija\u017cu oraz wieczorowych stylizacji.<\/p>\n","protected":false},"excerpt":{"rendered":"<p>Peripera New Ink The Velvet 4g #08 SELLOUT RED to intensywnie napigmentowany tint do ust, kt\u00f3ry \u0142\u0105czy w sobie trwa\u0142o\u015b\u0107 i aksamitne wyko\u0144czenie. Jego lekka, kremowa formu\u0142a g\u0142adko rozprowadza si\u0119 na ustach, zapewniaj\u0105c r\u00f3wnomierne krycie bez uczucia lepko\u015bci. Dzi\u0119ki innowacyjnej technologii barwnik\u00f3w, kolor utrzymuje si\u0119 przez wiele godzin, nie trac\u0105c intensywno\u015bci. Korzy\u015bci ze stosowania: D\u0142ugotrwa\u0142y &#8230; <a title=\"Peripera New Ink The Velvet (AD) 08 Sellout Red 4 g &#8211; Aksamitny tint do ust\" class=\"read-more\" href=\"https:\/\/selleetools.com\/pl\/product\/peripera-new-ink-the-velvet-ad-08-sellout-red-4-g-aksamitny-tint-do-ust\/\">Read more<span class=\"screen-reader-text\">Peripera New Ink The Velvet (AD) 08 Sellout Red 4 g &#8211; Aksamitny tint do ust<\/span><\/a><\/p>\n","protected":false},"featured_media":599656,"comment_status":"open","ping_status":"closed","template":"","meta":{"_links_to":"","_links_to_target":""},"yoast_head":"<!-- This site is optimized with the Yoast SEO plugin v19.4 - https:\/\/yoast.com\/wordpress\/plugins\/seo\/ -->\n<title>Peripera New Ink The Velvet (AD) 08 Sellout Red 4 g - Aksamitny tint do ust - Selleetools.com<\/title>\n<meta name=\"robots\" content=\"index, follow, max-snippet:-1, max-image-preview:large, max-video-preview:-1\" \/>\n<link rel=\"canonical\" href=\"https:\/\/admincentral.selleetools.com\/pl\/product\/peripera-new-ink-the-velvet-ad-08-sellout-red-4-g-aksamitny-tint-do-ust\/\" \/>\n<meta property=\"og:locale\" content=\"pl_PL\" \/>\n<meta property=\"og:type\" content=\"article\" \/>\n<meta property=\"og:title\" content=\"Peripera New Ink The Velvet (AD) 08 Sellout Red 4 g - Aksamitny tint do ust - Selleetools.com\" \/>\n<meta property=\"og:description\" content=\"Peripera New Ink The Velvet 4g #08 SELLOUT RED to intensywnie napigmentowany tint do ust, kt\u00f3ry \u0142\u0105czy w sobie trwa\u0142o\u015b\u0107 i aksamitne wyko\u0144czenie. Jego lekka, kremowa formu\u0142a g\u0142adko rozprowadza si\u0119 na ustach, zapewniaj\u0105c r\u00f3wnomierne krycie bez uczucia lepko\u015bci. Dzi\u0119ki innowacyjnej technologii barwnik\u00f3w, kolor utrzymuje si\u0119 przez wiele godzin, nie trac\u0105c intensywno\u015bci. Korzy\u015bci ze stosowania: D\u0142ugotrwa\u0142y ... Read morePeripera New Ink The Velvet (AD) 08 Sellout Red 4 g &#8211; Aksamitny tint do ust\" \/>\n<meta property=\"og:url\" content=\"https:\/\/admincentral.selleetools.com\/pl\/product\/peripera-new-ink-the-velvet-ad-08-sellout-red-4-g-aksamitny-tint-do-ust\/\" \/>\n<meta property=\"og:site_name\" content=\"Selleetools.com\" \/>\n<meta property=\"article:modified_time\" content=\"2025-10-30T15:35:57+00:00\" \/>\n<meta property=\"og:image\" content=\"https:\/\/selleetools.com\/wp-content\/uploads\/2025\/10\/e48b0f47451b16a0c68f2bdcbd98adfa.jpg\" \/>\n\t<meta property=\"og:image:width\" content=\"643\" \/>\n\t<meta property=\"og:image:height\" content=\"736\" \/>\n\t<meta property=\"og:image:type\" content=\"image\/jpeg\" \/>\n<meta name=\"twitter:card\" content=\"summary_large_image\" \/>\n<meta name=\"twitter:label1\" content=\"Est. reading time\" \/>\n\t<meta name=\"twitter:data1\" content=\"1 minuta\" \/>\n<!-- \/ Yoast SEO plugin. -->","yoast_head_json":{"title":"Peripera New Ink The Velvet (AD) 08 Sellout Red 4 g - Aksamitny tint do ust - Selleetools.com","robots":{"index":"index","follow":"follow","max-snippet":"max-snippet:-1","max-image-preview":"max-image-preview:large","max-video-preview":"max-video-preview:-1"},"canonical":"https:\/\/admincentral.selleetools.com\/pl\/product\/peripera-new-ink-the-velvet-ad-08-sellout-red-4-g-aksamitny-tint-do-ust\/","og_locale":"pl_PL","og_type":"article","og_title":"Peripera New Ink The Velvet (AD) 08 Sellout Red 4 g - Aksamitny tint do ust - Selleetools.com","og_description":"Peripera New Ink The Velvet 4g #08 SELLOUT RED to intensywnie napigmentowany tint do ust, kt\u00f3ry \u0142\u0105czy w sobie trwa\u0142o\u015b\u0107 i aksamitne wyko\u0144czenie. Jego lekka, kremowa formu\u0142a g\u0142adko rozprowadza si\u0119 na ustach, zapewniaj\u0105c r\u00f3wnomierne krycie bez uczucia lepko\u015bci. Dzi\u0119ki innowacyjnej technologii barwnik\u00f3w, kolor utrzymuje si\u0119 przez wiele godzin, nie trac\u0105c intensywno\u015bci. Korzy\u015bci ze stosowania: D\u0142ugotrwa\u0142y ... Read morePeripera New Ink The Velvet (AD) 08 Sellout Red 4 g &#8211; Aksamitny tint do ust","og_url":"https:\/\/admincentral.selleetools.com\/pl\/product\/peripera-new-ink-the-velvet-ad-08-sellout-red-4-g-aksamitny-tint-do-ust\/","og_site_name":"Selleetools.com","article_modified_time":"2025-10-30T15:35:57+00:00","og_image":[{"width":643,"height":736,"url":"https:\/\/selleetools.com\/wp-content\/uploads\/2025\/10\/e48b0f47451b16a0c68f2bdcbd98adfa.jpg","type":"image\/jpeg"}],"twitter_card":"summary_large_image","twitter_misc":{"Est. reading time":"1 minuta"},"schema":{"@context":"https:\/\/schema.org","@graph":[{"@type":"Organization","@id":"https:\/\/selleetools.com\/#organization","name":"Selleetools","url":"https:\/\/selleetools.com\/","sameAs":[],"logo":{"@type":"ImageObject","inLanguage":"pl-PL","@id":"https:\/\/selleetools.com\/#\/schema\/logo\/image\/","url":"https:\/\/selleetools.com\/wp-content\/uploads\/2021\/10\/logo-dark.png","contentUrl":"https:\/\/selleetools.com\/wp-content\/uploads\/2021\/10\/logo-dark.png","width":320,"height":76,"caption":"Selleetools"},"image":{"@id":"https:\/\/selleetools.com\/#\/schema\/logo\/image\/"}},{"@type":"WebSite","@id":"https:\/\/selleetools.com\/#website","url":"https:\/\/selleetools.com\/","name":"Selleetools.com","description":"","publisher":{"@id":"https:\/\/selleetools.com\/#organization"},"potentialAction":[{"@type":"SearchAction","target":{"@type":"EntryPoint","urlTemplate":"https:\/\/selleetools.com\/?s={search_term_string}"},"query-input":"required name=search_term_string"}],"inLanguage":"pl-PL"},{"@type":"WebPage","@id":"https:\/\/admincentral.selleetools.com\/pl\/product\/peripera-new-ink-the-velvet-ad-08-sellout-red-4-g-aksamitny-tint-do-ust\/","url":"https:\/\/admincentral.selleetools.com\/pl\/product\/peripera-new-ink-the-velvet-ad-08-sellout-red-4-g-aksamitny-tint-do-ust\/","name":"Peripera New Ink The Velvet (AD) 08 Sellout Red 4 g - Aksamitny tint do ust - Selleetools.com","isPartOf":{"@id":"https:\/\/selleetools.com\/#website"},"datePublished":"2025-10-22T07:10:45+00:00","dateModified":"2025-10-30T15:35:57+00:00","breadcrumb":{"@id":"https:\/\/admincentral.selleetools.com\/pl\/product\/peripera-new-ink-the-velvet-ad-08-sellout-red-4-g-aksamitny-tint-do-ust\/#breadcrumb"},"inLanguage":"pl-PL","potentialAction":[{"@type":"ReadAction","target":["https:\/\/admincentral.selleetools.com\/pl\/product\/peripera-new-ink-the-velvet-ad-08-sellout-red-4-g-aksamitny-tint-do-ust\/"]}]},{"@type":"BreadcrumbList","@id":"https:\/\/admincentral.selleetools.com\/pl\/product\/peripera-new-ink-the-velvet-ad-08-sellout-red-4-g-aksamitny-tint-do-ust\/#breadcrumb","itemListElement":[{"@type":"ListItem","position":1,"name":"Home","item":"https:\/\/selleetools.com\/pl\/"},{"@type":"ListItem","position":2,"name":"Katalog","item":"https:\/\/selleetools.com\/pl\/katalog\/"},{"@type":"ListItem","position":3,"name":"Peripera New Ink The Velvet (AD) 08 Sellout Red 4 g &#8211; Aksamitny tint do ust"}]}]}},"_links":{"self":[{"href":"https:\/\/selleetools.com\/pl\/wp-json\/wp\/v2\/product\/599660"}],"collection":[{"href":"https:\/\/selleetools.com\/pl\/wp-json\/wp\/v2\/product"}],"about":[{"href":"https:\/\/selleetools.com\/pl\/wp-json\/wp\/v2\/types\/product"}],"replies":[{"embeddable":true,"href":"https:\/\/selleetools.com\/pl\/wp-json\/wp\/v2\/comments?post=599660"}],"wp:featuredmedia":[{"embeddable":true,"href":"https:\/\/selleetools.com\/pl\/wp-json\/wp\/v2\/media\/599656"}],"wp:attachment":[{"href":"https:\/\/selleetools.com\/pl\/wp-json\/wp\/v2\/media?parent=599660"}],"curies":[{"name":"wp","href":"https:\/\/api.w.org\/{rel}","templated":true}]}}