{"id":599536,"date":"2025-10-22T09:08:55","date_gmt":"2025-10-22T07:08:55","guid":{"rendered":"https:\/\/selleetools.com\/?post_type=product&#038;p=599536"},"modified":"2026-03-03T11:11:34","modified_gmt":"2026-03-03T10:11:34","slug":"marymay-premium-idebenon-blackberry-complex-ampoule-mask-20-ea-odmladzajaco-regenerujace-maseczki-w-plachcie","status":"publish","type":"product","link":"https:\/\/selleetools.com\/pl\/product\/marymay-premium-idebenon-blackberry-complex-ampoule-mask-20-ea-odmladzajaco-regenerujace-maseczki-w-plachcie\/","title":{"rendered":"Mary&#038;May Premium Idebenon Blackberry Complex Ampoule Mask 20 ea &#8211; Odm\u0142adzaj\u0105co-regeneruj\u0105ce maseczki w p\u0142achcie"},"content":{"rendered":"<p style=\"text-align: justify;color: #000000\"><strong>Mary&amp;May Premium Idebenon Blackberry Complex Ampoule Mask 20ea<\/strong> to luksusowa maseczka w p\u0142achcie, kt\u00f3ra \u0142\u0105czy pot\u0119\u017cne w\u0142a\u015bciwo\u015bci odm\u0142adzaj\u0105ce i regeneruj\u0105ce. Formu\u0142a maski zawiera idebenon, silny przeciwutleniacz, oraz kompleks je\u017cynowy, kt\u00f3ry dostarcza sk\u00f3rze niezb\u0119dnych witamin i minera\u0142\u00f3w. Dodatkowo, maska wzbogacona jest kwasem hialuronowym, kolagenem i niacynamidem, co zapewnia intensywne nawil\u017cenie, rozja\u015bnienie i wyg\u0142adzenie sk\u00f3ry. <span style=\"background: var(--elevation-bg)\">Mary&amp;May Premium Idebenon Blackberry Complex Ampoule Mask to idealny wyb\u00f3r dla os\u00f3b pragn\u0105cych intensywnego nawil\u017cenia, regeneracji i odm\u0142odzenia sk\u00f3ry.<\/span><\/p>\n<h4 style=\"text-align: justify;color: #000000\">Korzy\u015bci dla sk\u00f3ry<\/h4>\n<ul style=\"color: #000000\">\n<li style=\"text-align: justify\"><strong>Odm\u0142odzenie<\/strong>: Idebenon pomaga zwalcza\u0107 oznaki starzenia si\u0119 sk\u00f3ry, poprawiaj\u0105c jej elastyczno\u015b\u0107 i j\u0119drno\u015b\u0107.<\/li>\n<li style=\"text-align: justify\"><strong>Nawil\u017cenie i wyg\u0142adzenie<\/strong>: Kwas hialuronowy i kolagen intensywnie nawil\u017caj\u0105 sk\u00f3r\u0119, redukuj\u0105c drobne zmarszczki.<\/li>\n<li style=\"text-align: justify\"><strong>Rozja\u015bnienie<\/strong>: Niacynamid rozja\u015bnia sk\u00f3r\u0119, wyr\u00f3wnuj\u0105c jej koloryt i redukuj\u0105c przebarwienia.<\/li>\n<li style=\"text-align: justify\"><strong>Ochrona<\/strong>: Silne przeciwutleniacze chroni\u0105 sk\u00f3r\u0119 przed szkodliwym dzia\u0142aniem wolnych rodnik\u00f3w.<\/li>\n<\/ul>\n<h4 style=\"text-align: justify;color: #000000\">Spos\u00f3b u\u017cycia<\/h4>\n<ol style=\"color: #000000\">\n<li style=\"text-align: justify\"><strong>Oczyszczenie<\/strong>: Dok\u0142adnie oczy\u015b\u0107 twarz przed na\u0142o\u017ceniem maski.<\/li>\n<li style=\"text-align: justify\"><strong>Aplikacja<\/strong>: Na\u0142\u00f3\u017c maseczk\u0119 na twarz, dopasowuj\u0105c j\u0105 do kontur\u00f3w.<\/li>\n<li style=\"text-align: justify\"><strong>Relaksacja<\/strong>: Pozostaw mask\u0119 na sk\u00f3rze przez 15-20 minut.<\/li>\n<li style=\"text-align: justify\"><strong>Usuni\u0119cie<\/strong>: Zdejmij mask\u0119 i delikatnie wklep pozosta\u0142o\u015bci esencji w sk\u00f3r\u0119, aby lepiej si\u0119 wch\u0142on\u0119\u0142y.<\/li>\n<li style=\"text-align: justify\"><strong>Zako\u0144czenie<\/strong>: Kontynuuj swoj\u0105 rutyn\u0119 piel\u0119gnacyjn\u0105 jak zwykle.<\/li>\n<\/ol>\n<p style=\"color: #000000\">\u00a0<\/p>\n","protected":false},"excerpt":{"rendered":"<p>Mary&amp;May Premium Idebenon Blackberry Complex Ampoule Mask 20ea to luksusowa maseczka w p\u0142achcie, kt\u00f3ra \u0142\u0105czy pot\u0119\u017cne w\u0142a\u015bciwo\u015bci odm\u0142adzaj\u0105ce i regeneruj\u0105ce. Formu\u0142a maski zawiera idebenon, silny przeciwutleniacz, oraz kompleks je\u017cynowy, kt\u00f3ry dostarcza sk\u00f3rze niezb\u0119dnych witamin i minera\u0142\u00f3w. Dodatkowo, maska wzbogacona jest kwasem hialuronowym, kolagenem i niacynamidem, co zapewnia intensywne nawil\u017cenie, rozja\u015bnienie i wyg\u0142adzenie sk\u00f3ry. Mary&amp;May Premium &#8230; <a title=\"Mary&#038;May Premium Idebenon Blackberry Complex Ampoule Mask 20 ea &#8211; Odm\u0142adzaj\u0105co-regeneruj\u0105ce maseczki w p\u0142achcie\" class=\"read-more\" href=\"https:\/\/selleetools.com\/pl\/product\/marymay-premium-idebenon-blackberry-complex-ampoule-mask-20-ea-odmladzajaco-regenerujace-maseczki-w-plachcie\/\">Read more<span class=\"screen-reader-text\">Mary&#038;May Premium Idebenon Blackberry Complex Ampoule Mask 20 ea &#8211; Odm\u0142adzaj\u0105co-regeneruj\u0105ce maseczki w p\u0142achcie<\/span><\/a><\/p>\n","protected":false},"featured_media":599528,"comment_status":"closed","ping_status":"closed","template":"","meta":{"_links_to":"","_links_to_target":""},"yoast_head":"<!-- This site is optimized with the Yoast SEO plugin v19.4 - https:\/\/yoast.com\/wordpress\/plugins\/seo\/ -->\n<title>Mary&amp;May Premium Idebenon Blackberry Complex Ampoule Mask 20 ea - Odm\u0142adzaj\u0105co-regeneruj\u0105ce maseczki w p\u0142achcie - Selleetools.com<\/title>\n<meta name=\"robots\" content=\"index, follow, max-snippet:-1, max-image-preview:large, max-video-preview:-1\" \/>\n<link rel=\"canonical\" href=\"https:\/\/selleetools.com\/pl\/product\/marymay-premium-idebenon-blackberry-complex-ampoule-mask-20-ea-odmladzajaco-regenerujace-maseczki-w-plachcie\/\" \/>\n<meta property=\"og:locale\" content=\"pl_PL\" \/>\n<meta property=\"og:type\" content=\"article\" \/>\n<meta property=\"og:title\" content=\"Mary&amp;May Premium Idebenon Blackberry Complex Ampoule Mask 20 ea - Odm\u0142adzaj\u0105co-regeneruj\u0105ce maseczki w p\u0142achcie - Selleetools.com\" \/>\n<meta property=\"og:description\" content=\"Mary&amp;May Premium Idebenon Blackberry Complex Ampoule Mask 20ea to luksusowa maseczka w p\u0142achcie, kt\u00f3ra \u0142\u0105czy pot\u0119\u017cne w\u0142a\u015bciwo\u015bci odm\u0142adzaj\u0105ce i regeneruj\u0105ce. Formu\u0142a maski zawiera idebenon, silny przeciwutleniacz, oraz kompleks je\u017cynowy, kt\u00f3ry dostarcza sk\u00f3rze niezb\u0119dnych witamin i minera\u0142\u00f3w. Dodatkowo, maska wzbogacona jest kwasem hialuronowym, kolagenem i niacynamidem, co zapewnia intensywne nawil\u017cenie, rozja\u015bnienie i wyg\u0142adzenie sk\u00f3ry. Mary&amp;May Premium ... Read moreMary&#038;May Premium Idebenon Blackberry Complex Ampoule Mask 20 ea &#8211; Odm\u0142adzaj\u0105co-regeneruj\u0105ce maseczki w p\u0142achcie\" \/>\n<meta property=\"og:url\" content=\"https:\/\/selleetools.com\/pl\/product\/marymay-premium-idebenon-blackberry-complex-ampoule-mask-20-ea-odmladzajaco-regenerujace-maseczki-w-plachcie\/\" \/>\n<meta property=\"og:site_name\" content=\"Selleetools.com\" \/>\n<meta property=\"article:modified_time\" content=\"2026-03-03T10:11:34+00:00\" \/>\n<meta property=\"og:image\" content=\"https:\/\/selleetools.com\/wp-content\/uploads\/2025\/10\/92aff8c39e7b7dcf72f90e5d5d9008b3.jpg\" \/>\n\t<meta property=\"og:image:width\" content=\"491\" \/>\n\t<meta property=\"og:image:height\" content=\"481\" \/>\n\t<meta property=\"og:image:type\" content=\"image\/jpeg\" \/>\n<meta name=\"twitter:card\" content=\"summary_large_image\" \/>\n<meta name=\"twitter:label1\" content=\"Est. reading time\" \/>\n\t<meta name=\"twitter:data1\" content=\"1 minuta\" \/>\n<!-- \/ Yoast SEO plugin. -->","yoast_head_json":{"title":"Mary&May Premium Idebenon Blackberry Complex Ampoule Mask 20 ea - Odm\u0142adzaj\u0105co-regeneruj\u0105ce maseczki w p\u0142achcie - Selleetools.com","robots":{"index":"index","follow":"follow","max-snippet":"max-snippet:-1","max-image-preview":"max-image-preview:large","max-video-preview":"max-video-preview:-1"},"canonical":"https:\/\/selleetools.com\/pl\/product\/marymay-premium-idebenon-blackberry-complex-ampoule-mask-20-ea-odmladzajaco-regenerujace-maseczki-w-plachcie\/","og_locale":"pl_PL","og_type":"article","og_title":"Mary&May Premium Idebenon Blackberry Complex Ampoule Mask 20 ea - Odm\u0142adzaj\u0105co-regeneruj\u0105ce maseczki w p\u0142achcie - Selleetools.com","og_description":"Mary&amp;May Premium Idebenon Blackberry Complex Ampoule Mask 20ea to luksusowa maseczka w p\u0142achcie, kt\u00f3ra \u0142\u0105czy pot\u0119\u017cne w\u0142a\u015bciwo\u015bci odm\u0142adzaj\u0105ce i regeneruj\u0105ce. Formu\u0142a maski zawiera idebenon, silny przeciwutleniacz, oraz kompleks je\u017cynowy, kt\u00f3ry dostarcza sk\u00f3rze niezb\u0119dnych witamin i minera\u0142\u00f3w. Dodatkowo, maska wzbogacona jest kwasem hialuronowym, kolagenem i niacynamidem, co zapewnia intensywne nawil\u017cenie, rozja\u015bnienie i wyg\u0142adzenie sk\u00f3ry. Mary&amp;May Premium ... Read moreMary&#038;May Premium Idebenon Blackberry Complex Ampoule Mask 20 ea &#8211; Odm\u0142adzaj\u0105co-regeneruj\u0105ce maseczki w p\u0142achcie","og_url":"https:\/\/selleetools.com\/pl\/product\/marymay-premium-idebenon-blackberry-complex-ampoule-mask-20-ea-odmladzajaco-regenerujace-maseczki-w-plachcie\/","og_site_name":"Selleetools.com","article_modified_time":"2026-03-03T10:11:34+00:00","og_image":[{"width":491,"height":481,"url":"https:\/\/selleetools.com\/wp-content\/uploads\/2025\/10\/92aff8c39e7b7dcf72f90e5d5d9008b3.jpg","type":"image\/jpeg"}],"twitter_card":"summary_large_image","twitter_misc":{"Est. reading time":"1 minuta"},"schema":{"@context":"https:\/\/schema.org","@graph":[{"@type":"Organization","@id":"https:\/\/selleetools.com\/#organization","name":"Selleetools","url":"https:\/\/selleetools.com\/","sameAs":[],"logo":{"@type":"ImageObject","inLanguage":"pl-PL","@id":"https:\/\/selleetools.com\/#\/schema\/logo\/image\/","url":"https:\/\/selleetools.com\/wp-content\/uploads\/2021\/10\/logo-dark.png","contentUrl":"https:\/\/selleetools.com\/wp-content\/uploads\/2021\/10\/logo-dark.png","width":320,"height":76,"caption":"Selleetools"},"image":{"@id":"https:\/\/selleetools.com\/#\/schema\/logo\/image\/"}},{"@type":"WebSite","@id":"https:\/\/selleetools.com\/#website","url":"https:\/\/selleetools.com\/","name":"Selleetools.com","description":"","publisher":{"@id":"https:\/\/selleetools.com\/#organization"},"potentialAction":[{"@type":"SearchAction","target":{"@type":"EntryPoint","urlTemplate":"https:\/\/selleetools.com\/?s={search_term_string}"},"query-input":"required name=search_term_string"}],"inLanguage":"pl-PL"},{"@type":"WebPage","@id":"https:\/\/selleetools.com\/pl\/product\/marymay-premium-idebenon-blackberry-complex-ampoule-mask-20-ea-odmladzajaco-regenerujace-maseczki-w-plachcie\/","url":"https:\/\/selleetools.com\/pl\/product\/marymay-premium-idebenon-blackberry-complex-ampoule-mask-20-ea-odmladzajaco-regenerujace-maseczki-w-plachcie\/","name":"Mary&May Premium Idebenon Blackberry Complex Ampoule Mask 20 ea - Odm\u0142adzaj\u0105co-regeneruj\u0105ce maseczki w p\u0142achcie - Selleetools.com","isPartOf":{"@id":"https:\/\/selleetools.com\/#website"},"datePublished":"2025-10-22T07:08:55+00:00","dateModified":"2026-03-03T10:11:34+00:00","breadcrumb":{"@id":"https:\/\/selleetools.com\/pl\/product\/marymay-premium-idebenon-blackberry-complex-ampoule-mask-20-ea-odmladzajaco-regenerujace-maseczki-w-plachcie\/#breadcrumb"},"inLanguage":"pl-PL","potentialAction":[{"@type":"ReadAction","target":["https:\/\/selleetools.com\/pl\/product\/marymay-premium-idebenon-blackberry-complex-ampoule-mask-20-ea-odmladzajaco-regenerujace-maseczki-w-plachcie\/"]}]},{"@type":"BreadcrumbList","@id":"https:\/\/selleetools.com\/pl\/product\/marymay-premium-idebenon-blackberry-complex-ampoule-mask-20-ea-odmladzajaco-regenerujace-maseczki-w-plachcie\/#breadcrumb","itemListElement":[{"@type":"ListItem","position":1,"name":"Home","item":"https:\/\/selleetools.com\/pl\/"},{"@type":"ListItem","position":2,"name":"Katalog","item":"https:\/\/selleetools.com\/pl\/katalog\/"},{"@type":"ListItem","position":3,"name":"Mary&#038;May Premium Idebenon Blackberry Complex Ampoule Mask 20 ea &#8211; Odm\u0142adzaj\u0105co-regeneruj\u0105ce maseczki w p\u0142achcie"}]}]}},"_links":{"self":[{"href":"https:\/\/selleetools.com\/pl\/wp-json\/wp\/v2\/product\/599536"}],"collection":[{"href":"https:\/\/selleetools.com\/pl\/wp-json\/wp\/v2\/product"}],"about":[{"href":"https:\/\/selleetools.com\/pl\/wp-json\/wp\/v2\/types\/product"}],"replies":[{"embeddable":true,"href":"https:\/\/selleetools.com\/pl\/wp-json\/wp\/v2\/comments?post=599536"}],"wp:featuredmedia":[{"embeddable":true,"href":"https:\/\/selleetools.com\/pl\/wp-json\/wp\/v2\/media\/599528"}],"wp:attachment":[{"href":"https:\/\/selleetools.com\/pl\/wp-json\/wp\/v2\/media?parent=599536"}],"curies":[{"name":"wp","href":"https:\/\/api.w.org\/{rel}","templated":true}]}}