{"id":599462,"date":"2025-10-22T09:07:52","date_gmt":"2025-10-22T07:07:52","guid":{"rendered":"https:\/\/selleetools.com\/?post_type=product&#038;p=599462"},"modified":"2025-12-26T16:54:46","modified_gmt":"2025-12-26T15:54:46","slug":"mediheal-teatree-essential-mask-24-ml-kojaca-maska-w-plachcie-z-ekstraktem-z-drzewa-herbacianego-i-aminokwasami","status":"publish","type":"product","link":"https:\/\/selleetools.com\/pl\/product\/mediheal-teatree-essential-mask-24-ml-kojaca-maska-w-plachcie-z-ekstraktem-z-drzewa-herbacianego-i-aminokwasami\/","title":{"rendered":"MEDIHEAL Teatree Essential Mask 24 ml &#8211; Koj\u0105ca maska w p\u0142achcie z ekstraktem z drzewa herbacianego i aminokwasami"},"content":{"rendered":"<p><font style=\"font-size: 12px;\">MEDIHEAL Teatree Essential Mask to wyj\u0105tkowa maseczka na bazie esencji z drzewa herbacianego, kt\u00f3ra zosta\u0142a stworzona z my\u015bl\u0105 o piel\u0119gnacji sk\u00f3ry problematycznej, sk\u0142onnej do wyprysk\u00f3w i nadmiaru sebum. Maska ta jest doskona\u0142ym rozwi\u0105zaniem dla os\u00f3b poszukuj\u0105cych produktu, kt\u00f3ry dzia\u0142a koj\u0105co i r\u00f3wnowa\u017c\u0105co na cer\u0119, jednocze\u015bnie zapewniaj\u0105c jej intensywne nawil\u017cenie.<\/font><\/p>\n<p><strong><font style=\"font-size: 12px;\">Korzy\u015bci dla sk\u00f3ry:<\/font><\/strong><\/p>\n<ul>\n<li><font style=\"font-size: 12px;\"><strong>Redukcja wyprysk\u00f3w:<\/strong> Ekstrakt z drzewa herbacianego znany jest ze swoich w\u0142a\u015bciwo\u015bci antybakteryjnych i przeciwzapalnych, co pomaga zmniejszy\u0107 widoczno\u015b\u0107 wyprysk\u00f3w i zapobiega\u0107 ich powstawaniu.<\/font><\/li>\n<li><font style=\"font-size: 12px;\"><strong>Regulacja sebum:<\/strong> Maska wspomaga regulacj\u0119 wydzielania sebum, co jest szczeg\u00f3lnie korzystne dla os\u00f3b z cer\u0105 t\u0142ust\u0105 i mieszan\u0105.<\/font><\/li>\n<li><font style=\"font-size: 12px;\"><strong>Nawil\u017cenie i ukojenie:<\/strong> Formu\u0142a maseczki zawiera tak\u017ce sk\u0142adniki nawil\u017caj\u0105ce, kt\u00f3re pomagaj\u0105 utrzyma\u0107 odpowiedni poziom wilgoci w sk\u00f3rze, jednocze\u015bnie \u0142agodz\u0105c podra\u017cnienia.<\/font><\/li>\n<\/ul>\n<p><strong><font style=\"font-size: 12px;\">Spos\u00f3b u\u017cycia:<\/font><\/strong><\/p>\n<ol>\n<li><font style=\"font-size: 12px;\">Oczy\u015b\u0107 twarz i delikatnie osusz sk\u00f3r\u0119.<\/font><\/li>\n<li><font style=\"font-size: 12px;\">Wyjmij maseczk\u0119 z opakowania i na\u0142\u00f3\u017c j\u0105 r\u00f3wnomiernie na twarz, dok\u0142adnie dopasowuj\u0105c do kontur\u00f3w.<\/font><\/li>\n<li><font style=\"font-size: 12px;\">Pozostaw maseczk\u0119 na twarzy na 15-20 minut.<\/font><\/li>\n<li><font style=\"font-size: 12px;\">Po up\u0142ywie tego czasu, delikatnie zdejmij maseczk\u0119 i wklep pozosta\u0142o\u015bci esencji w sk\u00f3r\u0119, a\u017c do pe\u0142nego wch\u0142oni\u0119cia.<\/font><\/li>\n<\/ol>\n<p><font style=\"font-size: 12px;\">Dla najlepszych rezultat\u00f3w zaleca si\u0119 stosowanie maseczki 2-3 razy w tygodniu, w zale\u017cno\u015bci od potrzeb sk\u00f3ry.<\/font><\/p>\n","protected":false},"excerpt":{"rendered":"<p>MEDIHEAL Teatree Essential Mask to wyj\u0105tkowa maseczka na bazie esencji z drzewa herbacianego, kt\u00f3ra zosta\u0142a stworzona z my\u015bl\u0105 o piel\u0119gnacji sk\u00f3ry problematycznej, sk\u0142onnej do wyprysk\u00f3w i nadmiaru sebum. Maska ta jest doskona\u0142ym rozwi\u0105zaniem dla os\u00f3b poszukuj\u0105cych produktu, kt\u00f3ry dzia\u0142a koj\u0105co i r\u00f3wnowa\u017c\u0105co na cer\u0119, jednocze\u015bnie zapewniaj\u0105c jej intensywne nawil\u017cenie. Korzy\u015bci dla sk\u00f3ry: Redukcja wyprysk\u00f3w: Ekstrakt &#8230; <a title=\"MEDIHEAL Teatree Essential Mask 24 ml &#8211; Koj\u0105ca maska w p\u0142achcie z ekstraktem z drzewa herbacianego i aminokwasami\" class=\"read-more\" href=\"https:\/\/selleetools.com\/pl\/product\/mediheal-teatree-essential-mask-24-ml-kojaca-maska-w-plachcie-z-ekstraktem-z-drzewa-herbacianego-i-aminokwasami\/\">Read more<span class=\"screen-reader-text\">MEDIHEAL Teatree Essential Mask 24 ml &#8211; Koj\u0105ca maska w p\u0142achcie z ekstraktem z drzewa herbacianego i aminokwasami<\/span><\/a><\/p>\n","protected":false},"featured_media":599458,"comment_status":"open","ping_status":"closed","template":"","meta":{"_links_to":"","_links_to_target":""},"yoast_head":"<!-- This site is optimized with the Yoast SEO plugin v19.4 - https:\/\/yoast.com\/wordpress\/plugins\/seo\/ -->\n<title>MEDIHEAL Teatree Essential Mask 24 ml - Koj\u0105ca maska w p\u0142achcie z ekstraktem z drzewa herbacianego i aminokwasami - Selleetools.com<\/title>\n<meta name=\"robots\" content=\"index, follow, max-snippet:-1, max-image-preview:large, max-video-preview:-1\" \/>\n<link rel=\"canonical\" href=\"https:\/\/admincentral.selleetools.com\/pl\/product\/mediheal-teatree-essential-mask-24-ml-kojaca-maska-w-plachcie-z-ekstraktem-z-drzewa-herbacianego-i-aminokwasami\/\" \/>\n<meta property=\"og:locale\" content=\"pl_PL\" \/>\n<meta property=\"og:type\" content=\"article\" \/>\n<meta property=\"og:title\" content=\"MEDIHEAL Teatree Essential Mask 24 ml - Koj\u0105ca maska w p\u0142achcie z ekstraktem z drzewa herbacianego i aminokwasami - Selleetools.com\" \/>\n<meta property=\"og:description\" content=\"MEDIHEAL Teatree Essential Mask to wyj\u0105tkowa maseczka na bazie esencji z drzewa herbacianego, kt\u00f3ra zosta\u0142a stworzona z my\u015bl\u0105 o piel\u0119gnacji sk\u00f3ry problematycznej, sk\u0142onnej do wyprysk\u00f3w i nadmiaru sebum. Maska ta jest doskona\u0142ym rozwi\u0105zaniem dla os\u00f3b poszukuj\u0105cych produktu, kt\u00f3ry dzia\u0142a koj\u0105co i r\u00f3wnowa\u017c\u0105co na cer\u0119, jednocze\u015bnie zapewniaj\u0105c jej intensywne nawil\u017cenie. Korzy\u015bci dla sk\u00f3ry: Redukcja wyprysk\u00f3w: Ekstrakt ... Read moreMEDIHEAL Teatree Essential Mask 24 ml &#8211; Koj\u0105ca maska w p\u0142achcie z ekstraktem z drzewa herbacianego i aminokwasami\" \/>\n<meta property=\"og:url\" content=\"https:\/\/admincentral.selleetools.com\/pl\/product\/mediheal-teatree-essential-mask-24-ml-kojaca-maska-w-plachcie-z-ekstraktem-z-drzewa-herbacianego-i-aminokwasami\/\" \/>\n<meta property=\"og:site_name\" content=\"Selleetools.com\" \/>\n<meta property=\"article:modified_time\" content=\"2025-12-26T15:54:46+00:00\" \/>\n<meta property=\"og:image\" content=\"https:\/\/selleetools.com\/wp-content\/uploads\/2025\/10\/0b10b826280076413f017c54304141f2.jpg\" \/>\n\t<meta property=\"og:image:width\" content=\"412\" \/>\n\t<meta property=\"og:image:height\" content=\"700\" \/>\n\t<meta property=\"og:image:type\" content=\"image\/jpeg\" \/>\n<meta name=\"twitter:card\" content=\"summary_large_image\" \/>\n<meta name=\"twitter:label1\" content=\"Est. reading time\" \/>\n\t<meta name=\"twitter:data1\" content=\"1 minuta\" \/>\n<!-- \/ Yoast SEO plugin. -->","yoast_head_json":{"title":"MEDIHEAL Teatree Essential Mask 24 ml - Koj\u0105ca maska w p\u0142achcie z ekstraktem z drzewa herbacianego i aminokwasami - Selleetools.com","robots":{"index":"index","follow":"follow","max-snippet":"max-snippet:-1","max-image-preview":"max-image-preview:large","max-video-preview":"max-video-preview:-1"},"canonical":"https:\/\/admincentral.selleetools.com\/pl\/product\/mediheal-teatree-essential-mask-24-ml-kojaca-maska-w-plachcie-z-ekstraktem-z-drzewa-herbacianego-i-aminokwasami\/","og_locale":"pl_PL","og_type":"article","og_title":"MEDIHEAL Teatree Essential Mask 24 ml - Koj\u0105ca maska w p\u0142achcie z ekstraktem z drzewa herbacianego i aminokwasami - Selleetools.com","og_description":"MEDIHEAL Teatree Essential Mask to wyj\u0105tkowa maseczka na bazie esencji z drzewa herbacianego, kt\u00f3ra zosta\u0142a stworzona z my\u015bl\u0105 o piel\u0119gnacji sk\u00f3ry problematycznej, sk\u0142onnej do wyprysk\u00f3w i nadmiaru sebum. Maska ta jest doskona\u0142ym rozwi\u0105zaniem dla os\u00f3b poszukuj\u0105cych produktu, kt\u00f3ry dzia\u0142a koj\u0105co i r\u00f3wnowa\u017c\u0105co na cer\u0119, jednocze\u015bnie zapewniaj\u0105c jej intensywne nawil\u017cenie. Korzy\u015bci dla sk\u00f3ry: Redukcja wyprysk\u00f3w: Ekstrakt ... Read moreMEDIHEAL Teatree Essential Mask 24 ml &#8211; Koj\u0105ca maska w p\u0142achcie z ekstraktem z drzewa herbacianego i aminokwasami","og_url":"https:\/\/admincentral.selleetools.com\/pl\/product\/mediheal-teatree-essential-mask-24-ml-kojaca-maska-w-plachcie-z-ekstraktem-z-drzewa-herbacianego-i-aminokwasami\/","og_site_name":"Selleetools.com","article_modified_time":"2025-12-26T15:54:46+00:00","og_image":[{"width":412,"height":700,"url":"https:\/\/selleetools.com\/wp-content\/uploads\/2025\/10\/0b10b826280076413f017c54304141f2.jpg","type":"image\/jpeg"}],"twitter_card":"summary_large_image","twitter_misc":{"Est. reading time":"1 minuta"},"schema":{"@context":"https:\/\/schema.org","@graph":[{"@type":"Organization","@id":"https:\/\/selleetools.com\/#organization","name":"Selleetools","url":"https:\/\/selleetools.com\/","sameAs":[],"logo":{"@type":"ImageObject","inLanguage":"pl-PL","@id":"https:\/\/selleetools.com\/#\/schema\/logo\/image\/","url":"https:\/\/selleetools.com\/wp-content\/uploads\/2021\/10\/logo-dark.png","contentUrl":"https:\/\/selleetools.com\/wp-content\/uploads\/2021\/10\/logo-dark.png","width":320,"height":76,"caption":"Selleetools"},"image":{"@id":"https:\/\/selleetools.com\/#\/schema\/logo\/image\/"}},{"@type":"WebSite","@id":"https:\/\/selleetools.com\/#website","url":"https:\/\/selleetools.com\/","name":"Selleetools.com","description":"","publisher":{"@id":"https:\/\/selleetools.com\/#organization"},"potentialAction":[{"@type":"SearchAction","target":{"@type":"EntryPoint","urlTemplate":"https:\/\/selleetools.com\/?s={search_term_string}"},"query-input":"required name=search_term_string"}],"inLanguage":"pl-PL"},{"@type":"WebPage","@id":"https:\/\/admincentral.selleetools.com\/pl\/product\/mediheal-teatree-essential-mask-24-ml-kojaca-maska-w-plachcie-z-ekstraktem-z-drzewa-herbacianego-i-aminokwasami\/","url":"https:\/\/admincentral.selleetools.com\/pl\/product\/mediheal-teatree-essential-mask-24-ml-kojaca-maska-w-plachcie-z-ekstraktem-z-drzewa-herbacianego-i-aminokwasami\/","name":"MEDIHEAL Teatree Essential Mask 24 ml - Koj\u0105ca maska w p\u0142achcie z ekstraktem z drzewa herbacianego i aminokwasami - Selleetools.com","isPartOf":{"@id":"https:\/\/selleetools.com\/#website"},"datePublished":"2025-10-22T07:07:52+00:00","dateModified":"2025-12-26T15:54:46+00:00","breadcrumb":{"@id":"https:\/\/admincentral.selleetools.com\/pl\/product\/mediheal-teatree-essential-mask-24-ml-kojaca-maska-w-plachcie-z-ekstraktem-z-drzewa-herbacianego-i-aminokwasami\/#breadcrumb"},"inLanguage":"pl-PL","potentialAction":[{"@type":"ReadAction","target":["https:\/\/admincentral.selleetools.com\/pl\/product\/mediheal-teatree-essential-mask-24-ml-kojaca-maska-w-plachcie-z-ekstraktem-z-drzewa-herbacianego-i-aminokwasami\/"]}]},{"@type":"BreadcrumbList","@id":"https:\/\/admincentral.selleetools.com\/pl\/product\/mediheal-teatree-essential-mask-24-ml-kojaca-maska-w-plachcie-z-ekstraktem-z-drzewa-herbacianego-i-aminokwasami\/#breadcrumb","itemListElement":[{"@type":"ListItem","position":1,"name":"Home","item":"https:\/\/selleetools.com\/pl\/"},{"@type":"ListItem","position":2,"name":"Katalog","item":"https:\/\/selleetools.com\/pl\/katalog\/"},{"@type":"ListItem","position":3,"name":"MEDIHEAL Teatree Essential Mask 24 ml &#8211; Koj\u0105ca maska w p\u0142achcie z ekstraktem z drzewa herbacianego i aminokwasami"}]}]}},"_links":{"self":[{"href":"https:\/\/selleetools.com\/pl\/wp-json\/wp\/v2\/product\/599462"}],"collection":[{"href":"https:\/\/selleetools.com\/pl\/wp-json\/wp\/v2\/product"}],"about":[{"href":"https:\/\/selleetools.com\/pl\/wp-json\/wp\/v2\/types\/product"}],"replies":[{"embeddable":true,"href":"https:\/\/selleetools.com\/pl\/wp-json\/wp\/v2\/comments?post=599462"}],"wp:featuredmedia":[{"embeddable":true,"href":"https:\/\/selleetools.com\/pl\/wp-json\/wp\/v2\/media\/599458"}],"wp:attachment":[{"href":"https:\/\/selleetools.com\/pl\/wp-json\/wp\/v2\/media?parent=599462"}],"curies":[{"name":"wp","href":"https:\/\/api.w.org\/{rel}","templated":true}]}}