{"id":599454,"date":"2025-10-22T09:07:42","date_gmt":"2025-10-22T07:07:42","guid":{"rendered":"https:\/\/selleetools.com\/?post_type=product&#038;p=599454"},"modified":"2025-12-10T15:00:16","modified_gmt":"2025-12-10T14:00:16","slug":"beauty-of-joseon-dynasty-cream-50-ml-nawilzajaco-rozjasniajacy-krem-do-twarzy","status":"publish","type":"product","link":"https:\/\/selleetools.com\/pl\/product\/beauty-of-joseon-dynasty-cream-50-ml-nawilzajaco-rozjasniajacy-krem-do-twarzy\/","title":{"rendered":"Beauty of Joseon Dynasty Cream 50 ml &#8211; Nawil\u017caj\u0105co-rozja\u015bniaj\u0105cy krem do twarzy"},"content":{"rendered":"<p style=\"caret-color: rgb(0, 0, 0); color: rgb(0, 0, 0);\"><font style=\"font-size: 12px;\">Beauty of Joseon Dynasty Cream to luksusowy krem do twarzy inspirowany tradycyjnymi recepturami korea\u0144skiej piel\u0119gnacji sk\u00f3ry. Zapewnia g\u0142\u0119bokie nawil\u017cenie, rozja\u015bnia cer\u0119 oraz wyg\u0142adza drobne zmarszczki, przywracaj\u0105c sk\u00f3rze zdrowy blask i elastyczno\u015b\u0107. Krem jest odpowiedni dla wszystkich typ\u00f3w cery, szczeg\u00f3lnie suchej i dojrza\u0142ej.<\/font><\/p>\n<h4 style=\"caret-color: rgb(0, 0, 0); color: rgb(0, 0, 0);\"><font style=\"font-size: 12px;\">Korzy\u015bci dla sk\u00f3ry:<\/font><\/h4>\n<ul style=\"caret-color: rgb(0, 0, 0); color: rgb(0, 0, 0);\">\n<li><font style=\"font-size: 12px;\"><strong>G\u0142\u0119bokie nawil\u017cenie<\/strong>: Intensywnie nawil\u017ca sk\u00f3r\u0119, zapobiegaj\u0105c jej przesuszeniu.<\/font><\/li>\n<li><font style=\"font-size: 12px;\"><strong>Rozja\u015bnienie cery<\/strong>: Wyr\u00f3wnuje koloryt sk\u00f3ry i nadaje jej promienny wygl\u0105d.<\/font><\/li>\n<li><font style=\"font-size: 12px;\"><strong>Wyg\u0142adzenie zmarszczek<\/strong>: Poprawia elastyczno\u015b\u0107 sk\u00f3ry i redukuje widoczno\u015b\u0107 drobnych zmarszczek.<\/font><\/li>\n<\/ul>\n<h4 style=\"caret-color: rgb(0, 0, 0); color: rgb(0, 0, 0);\"><font style=\"font-size: 12px;\">Spos\u00f3b u\u017cycia:<\/font><\/h4>\n<p style=\"caret-color: rgb(0, 0, 0); color: rgb(0, 0, 0);\"><font style=\"font-size: 12px;\">Na\u0142\u00f3\u017c niewielk\u0105 ilo\u015b\u0107 kremu na oczyszczon\u0105 sk\u00f3r\u0119 twarzy i szyi, delikatnie wklepuj\u0105c i masuj\u0105c, a\u017c do ca\u0142kowitego wch\u0142oni\u0119cia. Stosuj codziennie rano i wieczorem jako ostatni krok w rutynie piel\u0119gnacyjnej.<\/font><\/p>\n","protected":false},"excerpt":{"rendered":"<p>Beauty of Joseon Dynasty Cream to luksusowy krem do twarzy inspirowany tradycyjnymi recepturami korea\u0144skiej piel\u0119gnacji sk\u00f3ry. Zapewnia g\u0142\u0119bokie nawil\u017cenie, rozja\u015bnia cer\u0119 oraz wyg\u0142adza drobne zmarszczki, przywracaj\u0105c sk\u00f3rze zdrowy blask i elastyczno\u015b\u0107. Krem jest odpowiedni dla wszystkich typ\u00f3w cery, szczeg\u00f3lnie suchej i dojrza\u0142ej. Korzy\u015bci dla sk\u00f3ry: G\u0142\u0119bokie nawil\u017cenie: Intensywnie nawil\u017ca sk\u00f3r\u0119, zapobiegaj\u0105c jej przesuszeniu. Rozja\u015bnienie cery: &#8230; <a title=\"Beauty of Joseon Dynasty Cream 50 ml &#8211; Nawil\u017caj\u0105co-rozja\u015bniaj\u0105cy krem do twarzy\" class=\"read-more\" href=\"https:\/\/selleetools.com\/pl\/product\/beauty-of-joseon-dynasty-cream-50-ml-nawilzajaco-rozjasniajacy-krem-do-twarzy\/\">Read more<span class=\"screen-reader-text\">Beauty of Joseon Dynasty Cream 50 ml &#8211; Nawil\u017caj\u0105co-rozja\u015bniaj\u0105cy krem do twarzy<\/span><\/a><\/p>\n","protected":false},"featured_media":599452,"comment_status":"open","ping_status":"closed","template":"","meta":{"_links_to":"","_links_to_target":""},"yoast_head":"<!-- This site is optimized with the Yoast SEO plugin v19.4 - https:\/\/yoast.com\/wordpress\/plugins\/seo\/ -->\n<title>Beauty of Joseon Dynasty Cream 50 ml - Nawil\u017caj\u0105co-rozja\u015bniaj\u0105cy krem do twarzy - Selleetools.com<\/title>\n<meta name=\"robots\" content=\"index, follow, max-snippet:-1, max-image-preview:large, max-video-preview:-1\" \/>\n<link rel=\"canonical\" href=\"https:\/\/selleetools.com\/product\/beauty-of-joseon-dynasty-cream-50-ml-nawilzajaco-rozjasniajacy-krem-do-twarzy\/\" \/>\n<meta property=\"og:locale\" content=\"pl_PL\" \/>\n<meta property=\"og:type\" content=\"article\" \/>\n<meta property=\"og:title\" content=\"Beauty of Joseon Dynasty Cream 50 ml - Nawil\u017caj\u0105co-rozja\u015bniaj\u0105cy krem do twarzy - Selleetools.com\" \/>\n<meta property=\"og:description\" content=\"Beauty of Joseon Dynasty Cream to luksusowy krem do twarzy inspirowany tradycyjnymi recepturami korea\u0144skiej piel\u0119gnacji sk\u00f3ry. Zapewnia g\u0142\u0119bokie nawil\u017cenie, rozja\u015bnia cer\u0119 oraz wyg\u0142adza drobne zmarszczki, przywracaj\u0105c sk\u00f3rze zdrowy blask i elastyczno\u015b\u0107. Krem jest odpowiedni dla wszystkich typ\u00f3w cery, szczeg\u00f3lnie suchej i dojrza\u0142ej. Korzy\u015bci dla sk\u00f3ry: G\u0142\u0119bokie nawil\u017cenie: Intensywnie nawil\u017ca sk\u00f3r\u0119, zapobiegaj\u0105c jej przesuszeniu. Rozja\u015bnienie cery: ... Read moreBeauty of Joseon Dynasty Cream 50 ml &#8211; Nawil\u017caj\u0105co-rozja\u015bniaj\u0105cy krem do twarzy\" \/>\n<meta property=\"og:url\" content=\"https:\/\/selleetools.com\/product\/beauty-of-joseon-dynasty-cream-50-ml-nawilzajaco-rozjasniajacy-krem-do-twarzy\/\" \/>\n<meta property=\"og:site_name\" content=\"Selleetools.com\" \/>\n<meta property=\"article:modified_time\" content=\"2025-12-10T14:00:16+00:00\" \/>\n<meta property=\"og:image\" content=\"https:\/\/selleetools.com\/wp-content\/uploads\/2025\/10\/02f26f4e1f7c4f5441eb54d874f719aa.png\" \/>\n\t<meta property=\"og:image:width\" content=\"1200\" \/>\n\t<meta property=\"og:image:height\" content=\"1200\" \/>\n\t<meta property=\"og:image:type\" content=\"image\/png\" \/>\n<meta name=\"twitter:card\" content=\"summary_large_image\" \/>\n<meta name=\"twitter:label1\" content=\"Est. reading time\" \/>\n\t<meta name=\"twitter:data1\" content=\"1 minuta\" \/>\n<!-- \/ Yoast SEO plugin. -->","yoast_head_json":{"title":"Beauty of Joseon Dynasty Cream 50 ml - Nawil\u017caj\u0105co-rozja\u015bniaj\u0105cy krem do twarzy - Selleetools.com","robots":{"index":"index","follow":"follow","max-snippet":"max-snippet:-1","max-image-preview":"max-image-preview:large","max-video-preview":"max-video-preview:-1"},"canonical":"https:\/\/selleetools.com\/product\/beauty-of-joseon-dynasty-cream-50-ml-nawilzajaco-rozjasniajacy-krem-do-twarzy\/","og_locale":"pl_PL","og_type":"article","og_title":"Beauty of Joseon Dynasty Cream 50 ml - Nawil\u017caj\u0105co-rozja\u015bniaj\u0105cy krem do twarzy - Selleetools.com","og_description":"Beauty of Joseon Dynasty Cream to luksusowy krem do twarzy inspirowany tradycyjnymi recepturami korea\u0144skiej piel\u0119gnacji sk\u00f3ry. Zapewnia g\u0142\u0119bokie nawil\u017cenie, rozja\u015bnia cer\u0119 oraz wyg\u0142adza drobne zmarszczki, przywracaj\u0105c sk\u00f3rze zdrowy blask i elastyczno\u015b\u0107. Krem jest odpowiedni dla wszystkich typ\u00f3w cery, szczeg\u00f3lnie suchej i dojrza\u0142ej. Korzy\u015bci dla sk\u00f3ry: G\u0142\u0119bokie nawil\u017cenie: Intensywnie nawil\u017ca sk\u00f3r\u0119, zapobiegaj\u0105c jej przesuszeniu. Rozja\u015bnienie cery: ... Read moreBeauty of Joseon Dynasty Cream 50 ml &#8211; Nawil\u017caj\u0105co-rozja\u015bniaj\u0105cy krem do twarzy","og_url":"https:\/\/selleetools.com\/product\/beauty-of-joseon-dynasty-cream-50-ml-nawilzajaco-rozjasniajacy-krem-do-twarzy\/","og_site_name":"Selleetools.com","article_modified_time":"2025-12-10T14:00:16+00:00","og_image":[{"width":1200,"height":1200,"url":"https:\/\/selleetools.com\/wp-content\/uploads\/2025\/10\/02f26f4e1f7c4f5441eb54d874f719aa.png","type":"image\/png"}],"twitter_card":"summary_large_image","twitter_misc":{"Est. reading time":"1 minuta"},"schema":{"@context":"https:\/\/schema.org","@graph":[{"@type":"Organization","@id":"https:\/\/selleetools.com\/#organization","name":"Selleetools","url":"https:\/\/selleetools.com\/","sameAs":[],"logo":{"@type":"ImageObject","inLanguage":"pl-PL","@id":"https:\/\/selleetools.com\/#\/schema\/logo\/image\/","url":"https:\/\/selleetools.com\/wp-content\/uploads\/2021\/10\/logo-dark.png","contentUrl":"https:\/\/selleetools.com\/wp-content\/uploads\/2021\/10\/logo-dark.png","width":320,"height":76,"caption":"Selleetools"},"image":{"@id":"https:\/\/selleetools.com\/#\/schema\/logo\/image\/"}},{"@type":"WebSite","@id":"https:\/\/selleetools.com\/#website","url":"https:\/\/selleetools.com\/","name":"Selleetools.com","description":"","publisher":{"@id":"https:\/\/selleetools.com\/#organization"},"potentialAction":[{"@type":"SearchAction","target":{"@type":"EntryPoint","urlTemplate":"https:\/\/selleetools.com\/?s={search_term_string}"},"query-input":"required name=search_term_string"}],"inLanguage":"pl-PL"},{"@type":"WebPage","@id":"https:\/\/selleetools.com\/product\/beauty-of-joseon-dynasty-cream-50-ml-nawilzajaco-rozjasniajacy-krem-do-twarzy\/","url":"https:\/\/selleetools.com\/product\/beauty-of-joseon-dynasty-cream-50-ml-nawilzajaco-rozjasniajacy-krem-do-twarzy\/","name":"Beauty of Joseon Dynasty Cream 50 ml - Nawil\u017caj\u0105co-rozja\u015bniaj\u0105cy krem do twarzy - Selleetools.com","isPartOf":{"@id":"https:\/\/selleetools.com\/#website"},"datePublished":"2025-10-22T07:07:42+00:00","dateModified":"2025-12-10T14:00:16+00:00","breadcrumb":{"@id":"https:\/\/selleetools.com\/product\/beauty-of-joseon-dynasty-cream-50-ml-nawilzajaco-rozjasniajacy-krem-do-twarzy\/#breadcrumb"},"inLanguage":"pl-PL","potentialAction":[{"@type":"ReadAction","target":["https:\/\/selleetools.com\/product\/beauty-of-joseon-dynasty-cream-50-ml-nawilzajaco-rozjasniajacy-krem-do-twarzy\/"]}]},{"@type":"BreadcrumbList","@id":"https:\/\/selleetools.com\/product\/beauty-of-joseon-dynasty-cream-50-ml-nawilzajaco-rozjasniajacy-krem-do-twarzy\/#breadcrumb","itemListElement":[{"@type":"ListItem","position":1,"name":"Home","item":"https:\/\/selleetools.com\/pl\/"},{"@type":"ListItem","position":2,"name":"Katalog","item":"https:\/\/selleetools.com\/pl\/katalog\/"},{"@type":"ListItem","position":3,"name":"Beauty of Joseon Dynasty Cream 50 ml &#8211; Nawil\u017caj\u0105co-rozja\u015bniaj\u0105cy krem do twarzy"}]}]}},"_links":{"self":[{"href":"https:\/\/selleetools.com\/pl\/wp-json\/wp\/v2\/product\/599454"}],"collection":[{"href":"https:\/\/selleetools.com\/pl\/wp-json\/wp\/v2\/product"}],"about":[{"href":"https:\/\/selleetools.com\/pl\/wp-json\/wp\/v2\/types\/product"}],"replies":[{"embeddable":true,"href":"https:\/\/selleetools.com\/pl\/wp-json\/wp\/v2\/comments?post=599454"}],"wp:featuredmedia":[{"embeddable":true,"href":"https:\/\/selleetools.com\/pl\/wp-json\/wp\/v2\/media\/599452"}],"wp:attachment":[{"href":"https:\/\/selleetools.com\/pl\/wp-json\/wp\/v2\/media?parent=599454"}],"curies":[{"name":"wp","href":"https:\/\/api.w.org\/{rel}","templated":true}]}}