{"id":599403,"date":"2025-10-22T09:06:52","date_gmt":"2025-10-22T07:06:52","guid":{"rendered":"https:\/\/selleetools.com\/?post_type=product&#038;p=599403"},"modified":"2025-12-26T16:54:23","modified_gmt":"2025-12-26T15:54:23","slug":"marymay-cica-teatree-soothing-wash-off-pack-30-g-kojaco-wygladzajaca-maseczka-w-kremie","status":"publish","type":"product","link":"https:\/\/selleetools.com\/pl\/product\/marymay-cica-teatree-soothing-wash-off-pack-30-g-kojaco-wygladzajaca-maseczka-w-kremie\/","title":{"rendered":"Mary&#038;May CICA TeaTree Soothing Wash off Pack 30 g -Koj\u0105co-wyg\u0142adzaj\u0105ca maseczka w kremie"},"content":{"rendered":"<p style=\"color: rgb(0, 0, 0); text-align: justify; caret-color: rgb(0, 0, 0);\"><font style=\"font-size: 12px;\"><span style=\"font-weight: 600;\">Mary&#038;May CICA TeaTree Soothing Wash off Pack<\/span> to koj\u0105ca maseczka do twarzy, kt\u00f3ra \u0142\u0105czy moc w\u0105kroty azjatyckiej (CICA) i olejku z drzewa herbacianego, aby z\u0142agodzi\u0107 podra\u017cnienia, redukowa\u0107 zaczerwienienia i wspomaga\u0107 procesy regeneracyjne sk\u00f3ry. Formu\u0142a maseczki zosta\u0142a wzbogacona o naturalne ekstrakty ro\u015blinne, kt\u00f3re dzia\u0142aj\u0105 przeciwzapalnie i antybakteryjnie, jednocze\u015bnie zapewniaj\u0105c sk\u00f3rze uczucie \u015bwie\u017co\u015bci i komfortu. <\/font><\/p>\n<p style=\"color: rgb(0, 0, 0); text-align: justify; caret-color: rgb(0, 0, 0);\"><font style=\"font-size: 12px;\">Mary&#038;May CICA TeaTree Soothing Wash off Pack to doskona\u0142y wyb\u00f3r dla os\u00f3b z wra\u017cliw\u0105, sk\u0142onn\u0105 do podra\u017cnie\u0144 sk\u00f3r\u0105, kt\u00f3re szukaj\u0105 koj\u0105cej i regeneruj\u0105cej piel\u0119gnacji.<br \/><\/font><\/p>\n<h4 style=\"font-family: \" open=\"\" sans\",=\"\" \"helvetica=\"\" neue\",=\"\" helvetica,=\"\" arial,=\"\" sans-serif;=\"\" color:=\"\" rgb(0,=\"\" 0,=\"\" 0);=\"\" caret-color:=\"\" 0);\"=\"\"><font style=\"font-size: 12px;\">Korzy\u015bci dla sk\u00f3ry<\/font><\/h4>\n<ul style=\"caret-color: rgb(0, 0, 0); color: rgb(0, 0, 0);\">\n<li><font style=\"font-size: 12px;\"><span style=\"font-weight: 600;\">\u0141agodzenie podra\u017cnie\u0144<\/span>: W\u0105krota azjatycka i olejek z drzewa herbacianego redukuj\u0105 zaczerwienienia i stany zapalne.<\/font><\/li>\n<li><font style=\"font-size: 12px;\"><span style=\"font-weight: 600;\">Regeneracja<\/span>: Sk\u0142adniki aktywne wspomagaj\u0105 gojenie si\u0119 sk\u00f3ry i przyspieszaj\u0105 regeneracj\u0119 kom\u00f3rek.<\/font><\/li>\n<li><font style=\"font-size: 12px;\"><span style=\"font-weight: 600;\">Oczyszczenie i od\u015bwie\u017cenie<\/span>: Maseczka g\u0142\u0119boko oczyszcza pory, usuwaj\u0105c nadmiar sebum i zanieczyszczenia.<\/font><\/li>\n<li><font style=\"font-size: 12px;\"><span style=\"font-weight: 600;\">Nawil\u017cenie i od\u017cywienie<\/span>: Naturalne ekstrakty ro\u015blinne nawil\u017caj\u0105 sk\u00f3r\u0119, pozostawiaj\u0105c j\u0105 mi\u0119kk\u0105 i g\u0142adk\u0105.<\/font><\/li>\n<\/ul>\n<h4 style=\"font-family: \" open=\"\" sans\",=\"\" \"helvetica=\"\" neue\",=\"\" helvetica,=\"\" arial,=\"\" sans-serif;=\"\" color:=\"\" rgb(0,=\"\" 0,=\"\" 0);=\"\" caret-color:=\"\" 0);\"=\"\"><font style=\"font-size: 12px;\">Spos\u00f3b u\u017cycia<\/font><\/h4>\n<ol style=\"caret-color: rgb(0, 0, 0); color: rgb(0, 0, 0);\">\n<li><font style=\"font-size: 12px;\"><span style=\"font-weight: 600;\">Oczyszczenie<\/span>: Na\u0142\u00f3\u017c maseczk\u0119 na oczyszczon\u0105 sk\u00f3r\u0119 twarzy, omijaj\u0105c okolice oczu i ust.<\/font><\/li>\n<li><font style=\"font-size: 12px;\"><span style=\"font-weight: 600;\">Aplikacja<\/span>: Rozprowad\u017a r\u00f3wnomiernie cienk\u0105 warstw\u0119 maseczki, pozostawiaj\u0105c na sk\u00f3rze przez 10-15 minut.<\/font><\/li>\n<li><font style=\"font-size: 12px;\"><span style=\"font-weight: 600;\">Zmycie<\/span>: Dok\u0142adnie sp\u0142ucz maseczk\u0119 letni\u0105 wod\u0105, delikatnie masuj\u0105c sk\u00f3r\u0119, aby usun\u0105\u0107 wszystkie resztki produktu.<\/font><\/li>\n<li><font style=\"font-size: 12px;\"><span style=\"font-weight: 600;\">Cz\u0119stotliwo\u015b\u0107<\/span>: Stosuj 2-3 razy w tygodniu lub w zale\u017cno\u015bci od potrzeb sk\u00f3ry.<\/font><\/li>\n<\/ol>\n","protected":false},"excerpt":{"rendered":"<p>Mary&#038;May CICA TeaTree Soothing Wash off Pack to koj\u0105ca maseczka do twarzy, kt\u00f3ra \u0142\u0105czy moc w\u0105kroty azjatyckiej (CICA) i olejku z drzewa herbacianego, aby z\u0142agodzi\u0107 podra\u017cnienia, redukowa\u0107 zaczerwienienia i wspomaga\u0107 procesy regeneracyjne sk\u00f3ry. Formu\u0142a maseczki zosta\u0142a wzbogacona o naturalne ekstrakty ro\u015blinne, kt\u00f3re dzia\u0142aj\u0105 przeciwzapalnie i antybakteryjnie, jednocze\u015bnie zapewniaj\u0105c sk\u00f3rze uczucie \u015bwie\u017co\u015bci i komfortu. Mary&#038;May CICA &#8230; <a title=\"Mary&#038;May CICA TeaTree Soothing Wash off Pack 30 g -Koj\u0105co-wyg\u0142adzaj\u0105ca maseczka w kremie\" class=\"read-more\" href=\"https:\/\/selleetools.com\/pl\/product\/marymay-cica-teatree-soothing-wash-off-pack-30-g-kojaco-wygladzajaca-maseczka-w-kremie\/\">Read more<span class=\"screen-reader-text\">Mary&#038;May CICA TeaTree Soothing Wash off Pack 30 g -Koj\u0105co-wyg\u0142adzaj\u0105ca maseczka w kremie<\/span><\/a><\/p>\n","protected":false},"featured_media":599397,"comment_status":"open","ping_status":"closed","template":"","meta":{"_links_to":"","_links_to_target":""},"yoast_head":"<!-- This site is optimized with the Yoast SEO plugin v19.4 - https:\/\/yoast.com\/wordpress\/plugins\/seo\/ -->\n<title>Mary&amp;May CICA TeaTree Soothing Wash off Pack 30 g -Koj\u0105co-wyg\u0142adzaj\u0105ca maseczka w kremie - Selleetools.com<\/title>\n<meta name=\"robots\" content=\"index, follow, max-snippet:-1, max-image-preview:large, max-video-preview:-1\" \/>\n<link rel=\"canonical\" href=\"https:\/\/admincentral.selleetools.com\/pl\/product\/marymay-cica-teatree-soothing-wash-off-pack-30-g-kojaco-wygladzajaca-maseczka-w-kremie\/\" \/>\n<meta property=\"og:locale\" content=\"pl_PL\" \/>\n<meta property=\"og:type\" content=\"article\" \/>\n<meta property=\"og:title\" content=\"Mary&amp;May CICA TeaTree Soothing Wash off Pack 30 g -Koj\u0105co-wyg\u0142adzaj\u0105ca maseczka w kremie - Selleetools.com\" \/>\n<meta property=\"og:description\" content=\"Mary&#038;May CICA TeaTree Soothing Wash off Pack to koj\u0105ca maseczka do twarzy, kt\u00f3ra \u0142\u0105czy moc w\u0105kroty azjatyckiej (CICA) i olejku z drzewa herbacianego, aby z\u0142agodzi\u0107 podra\u017cnienia, redukowa\u0107 zaczerwienienia i wspomaga\u0107 procesy regeneracyjne sk\u00f3ry. Formu\u0142a maseczki zosta\u0142a wzbogacona o naturalne ekstrakty ro\u015blinne, kt\u00f3re dzia\u0142aj\u0105 przeciwzapalnie i antybakteryjnie, jednocze\u015bnie zapewniaj\u0105c sk\u00f3rze uczucie \u015bwie\u017co\u015bci i komfortu. Mary&#038;May CICA ... Read moreMary&#038;May CICA TeaTree Soothing Wash off Pack 30 g -Koj\u0105co-wyg\u0142adzaj\u0105ca maseczka w kremie\" \/>\n<meta property=\"og:url\" content=\"https:\/\/admincentral.selleetools.com\/pl\/product\/marymay-cica-teatree-soothing-wash-off-pack-30-g-kojaco-wygladzajaca-maseczka-w-kremie\/\" \/>\n<meta property=\"og:site_name\" content=\"Selleetools.com\" \/>\n<meta property=\"article:modified_time\" content=\"2025-12-26T15:54:23+00:00\" \/>\n<meta property=\"og:image\" content=\"https:\/\/selleetools.com\/wp-content\/uploads\/2025\/10\/8f9cdebc74d28bfda0a5a114172d7ca3.jpg\" \/>\n\t<meta property=\"og:image:width\" content=\"1080\" \/>\n\t<meta property=\"og:image:height\" content=\"1080\" \/>\n\t<meta property=\"og:image:type\" content=\"image\/jpeg\" \/>\n<meta name=\"twitter:card\" content=\"summary_large_image\" \/>\n<meta name=\"twitter:label1\" content=\"Est. reading time\" \/>\n\t<meta name=\"twitter:data1\" content=\"1 minuta\" \/>\n<!-- \/ Yoast SEO plugin. -->","yoast_head_json":{"title":"Mary&May CICA TeaTree Soothing Wash off Pack 30 g -Koj\u0105co-wyg\u0142adzaj\u0105ca maseczka w kremie - Selleetools.com","robots":{"index":"index","follow":"follow","max-snippet":"max-snippet:-1","max-image-preview":"max-image-preview:large","max-video-preview":"max-video-preview:-1"},"canonical":"https:\/\/admincentral.selleetools.com\/pl\/product\/marymay-cica-teatree-soothing-wash-off-pack-30-g-kojaco-wygladzajaca-maseczka-w-kremie\/","og_locale":"pl_PL","og_type":"article","og_title":"Mary&May CICA TeaTree Soothing Wash off Pack 30 g -Koj\u0105co-wyg\u0142adzaj\u0105ca maseczka w kremie - Selleetools.com","og_description":"Mary&#038;May CICA TeaTree Soothing Wash off Pack to koj\u0105ca maseczka do twarzy, kt\u00f3ra \u0142\u0105czy moc w\u0105kroty azjatyckiej (CICA) i olejku z drzewa herbacianego, aby z\u0142agodzi\u0107 podra\u017cnienia, redukowa\u0107 zaczerwienienia i wspomaga\u0107 procesy regeneracyjne sk\u00f3ry. Formu\u0142a maseczki zosta\u0142a wzbogacona o naturalne ekstrakty ro\u015blinne, kt\u00f3re dzia\u0142aj\u0105 przeciwzapalnie i antybakteryjnie, jednocze\u015bnie zapewniaj\u0105c sk\u00f3rze uczucie \u015bwie\u017co\u015bci i komfortu. Mary&#038;May CICA ... Read moreMary&#038;May CICA TeaTree Soothing Wash off Pack 30 g -Koj\u0105co-wyg\u0142adzaj\u0105ca maseczka w kremie","og_url":"https:\/\/admincentral.selleetools.com\/pl\/product\/marymay-cica-teatree-soothing-wash-off-pack-30-g-kojaco-wygladzajaca-maseczka-w-kremie\/","og_site_name":"Selleetools.com","article_modified_time":"2025-12-26T15:54:23+00:00","og_image":[{"width":1080,"height":1080,"url":"https:\/\/selleetools.com\/wp-content\/uploads\/2025\/10\/8f9cdebc74d28bfda0a5a114172d7ca3.jpg","type":"image\/jpeg"}],"twitter_card":"summary_large_image","twitter_misc":{"Est. reading time":"1 minuta"},"schema":{"@context":"https:\/\/schema.org","@graph":[{"@type":"Organization","@id":"https:\/\/selleetools.com\/#organization","name":"Selleetools","url":"https:\/\/selleetools.com\/","sameAs":[],"logo":{"@type":"ImageObject","inLanguage":"pl-PL","@id":"https:\/\/selleetools.com\/#\/schema\/logo\/image\/","url":"https:\/\/selleetools.com\/wp-content\/uploads\/2021\/10\/logo-dark.png","contentUrl":"https:\/\/selleetools.com\/wp-content\/uploads\/2021\/10\/logo-dark.png","width":320,"height":76,"caption":"Selleetools"},"image":{"@id":"https:\/\/selleetools.com\/#\/schema\/logo\/image\/"}},{"@type":"WebSite","@id":"https:\/\/selleetools.com\/#website","url":"https:\/\/selleetools.com\/","name":"Selleetools.com","description":"","publisher":{"@id":"https:\/\/selleetools.com\/#organization"},"potentialAction":[{"@type":"SearchAction","target":{"@type":"EntryPoint","urlTemplate":"https:\/\/selleetools.com\/?s={search_term_string}"},"query-input":"required name=search_term_string"}],"inLanguage":"pl-PL"},{"@type":"WebPage","@id":"https:\/\/admincentral.selleetools.com\/pl\/product\/marymay-cica-teatree-soothing-wash-off-pack-30-g-kojaco-wygladzajaca-maseczka-w-kremie\/","url":"https:\/\/admincentral.selleetools.com\/pl\/product\/marymay-cica-teatree-soothing-wash-off-pack-30-g-kojaco-wygladzajaca-maseczka-w-kremie\/","name":"Mary&May CICA TeaTree Soothing Wash off Pack 30 g -Koj\u0105co-wyg\u0142adzaj\u0105ca maseczka w kremie - Selleetools.com","isPartOf":{"@id":"https:\/\/selleetools.com\/#website"},"datePublished":"2025-10-22T07:06:52+00:00","dateModified":"2025-12-26T15:54:23+00:00","breadcrumb":{"@id":"https:\/\/admincentral.selleetools.com\/pl\/product\/marymay-cica-teatree-soothing-wash-off-pack-30-g-kojaco-wygladzajaca-maseczka-w-kremie\/#breadcrumb"},"inLanguage":"pl-PL","potentialAction":[{"@type":"ReadAction","target":["https:\/\/admincentral.selleetools.com\/pl\/product\/marymay-cica-teatree-soothing-wash-off-pack-30-g-kojaco-wygladzajaca-maseczka-w-kremie\/"]}]},{"@type":"BreadcrumbList","@id":"https:\/\/admincentral.selleetools.com\/pl\/product\/marymay-cica-teatree-soothing-wash-off-pack-30-g-kojaco-wygladzajaca-maseczka-w-kremie\/#breadcrumb","itemListElement":[{"@type":"ListItem","position":1,"name":"Home","item":"https:\/\/selleetools.com\/pl\/"},{"@type":"ListItem","position":2,"name":"Katalog","item":"https:\/\/selleetools.com\/pl\/katalog\/"},{"@type":"ListItem","position":3,"name":"Mary&#038;May CICA TeaTree Soothing Wash off Pack 30 g -Koj\u0105co-wyg\u0142adzaj\u0105ca maseczka w kremie"}]}]}},"_links":{"self":[{"href":"https:\/\/selleetools.com\/pl\/wp-json\/wp\/v2\/product\/599403"}],"collection":[{"href":"https:\/\/selleetools.com\/pl\/wp-json\/wp\/v2\/product"}],"about":[{"href":"https:\/\/selleetools.com\/pl\/wp-json\/wp\/v2\/types\/product"}],"replies":[{"embeddable":true,"href":"https:\/\/selleetools.com\/pl\/wp-json\/wp\/v2\/comments?post=599403"}],"wp:featuredmedia":[{"embeddable":true,"href":"https:\/\/selleetools.com\/pl\/wp-json\/wp\/v2\/media\/599397"}],"wp:attachment":[{"href":"https:\/\/selleetools.com\/pl\/wp-json\/wp\/v2\/media?parent=599403"}],"curies":[{"name":"wp","href":"https:\/\/api.w.org\/{rel}","templated":true}]}}