{"id":599396,"date":"2025-10-22T09:06:48","date_gmt":"2025-10-22T07:06:48","guid":{"rendered":"https:\/\/selleetools.com\/?post_type=product&#038;p=599396"},"modified":"2025-12-26T16:54:20","modified_gmt":"2025-12-26T15:54:20","slug":"some-by-mi-beta-panthenol-repair-toner-150-ml-tonik-naprawczy","status":"publish","type":"product","link":"https:\/\/selleetools.com\/pl\/product\/some-by-mi-beta-panthenol-repair-toner-150-ml-tonik-naprawczy\/","title":{"rendered":"SOME BY MI Beta Panthenol Repair Toner 150 ml &#8211; Tonik naprawczy"},"content":{"rendered":"<p>SOME BY MI Beta Panthenol Repair Toner to wyj\u0105tkowy tonik, kt\u00f3ry wspiera regeneracj\u0119 i nawil\u017cenie sk\u00f3ry. Dzi\u0119ki zaawansowanej formule z beta-glukanem i pantenolem, produkt skutecznie \u0142agodzi podra\u017cnienia, wzmacnia barier\u0119 ochronn\u0105 sk\u00f3ry oraz przyspiesza jej naturalny proces gojenia. Tonik jest idealny do piel\u0119gnacji sk\u00f3ry wra\u017cliwej i sk\u0142onnej do zaczerwienie\u0144. Regularne stosowanie poprawia elastyczno\u015b\u0107 sk\u00f3ry, pozostawiaj\u0105c j\u0105 jedwabi\u015bcie g\u0142adk\u0105 i od\u015bwie\u017con\u0105.<\/p>\n<p>Korzy\u015bci dla sk\u00f3ry:<br \/>\nIntensywne nawil\u017cenie i regeneracja<br \/>\nWzmacnia naturaln\u0105 barier\u0119 ochronn\u0105 sk\u00f3ry<br \/>\n\u0141agodzi podra\u017cnienia i zaczerwienienia<br \/>\nPoprawia elastyczno\u015b\u0107 i g\u0142adko\u015b\u0107 sk\u00f3ry<\/p>\n<p>Spos\u00f3b u\u017cycia:<br \/>\nNa oczyszczon\u0105 sk\u00f3r\u0119 twarzy nanie\u015b niewielk\u0105 ilo\u015b\u0107 toniku na wacik i delikatnie przetrzyj ca\u0142\u0105 twarz, omijaj\u0105c okolice oczu. Mo\u017cesz r\u00f3wnie\u017c na\u0142o\u017cy\u0107 tonik bezpo\u015brednio na sk\u00f3r\u0119, delikatnie wklepuj\u0105c opuszkami palc\u00f3w. Stosuj rano i wieczorem, przed na\u0142o\u017ceniem serum lub kremu.<\/p>\n","protected":false},"excerpt":{"rendered":"<p>SOME BY MI Beta Panthenol Repair Toner to wyj\u0105tkowy tonik, kt\u00f3ry wspiera regeneracj\u0119 i nawil\u017cenie sk\u00f3ry. Dzi\u0119ki zaawansowanej formule z beta-glukanem i pantenolem, produkt skutecznie \u0142agodzi podra\u017cnienia, wzmacnia barier\u0119 ochronn\u0105 sk\u00f3ry oraz przyspiesza jej naturalny proces gojenia. Tonik jest idealny do piel\u0119gnacji sk\u00f3ry wra\u017cliwej i sk\u0142onnej do zaczerwienie\u0144. Regularne stosowanie poprawia elastyczno\u015b\u0107 sk\u00f3ry, pozostawiaj\u0105c j\u0105 &#8230; <a title=\"SOME BY MI Beta Panthenol Repair Toner 150 ml &#8211; Tonik naprawczy\" class=\"read-more\" href=\"https:\/\/selleetools.com\/pl\/product\/some-by-mi-beta-panthenol-repair-toner-150-ml-tonik-naprawczy\/\">Read more<span class=\"screen-reader-text\">SOME BY MI Beta Panthenol Repair Toner 150 ml &#8211; Tonik naprawczy<\/span><\/a><\/p>\n","protected":false},"featured_media":599392,"comment_status":"open","ping_status":"closed","template":"","meta":{"_links_to":"","_links_to_target":""},"yoast_head":"<!-- This site is optimized with the Yoast SEO plugin v19.4 - https:\/\/yoast.com\/wordpress\/plugins\/seo\/ -->\n<title>SOME BY MI Beta Panthenol Repair Toner 150 ml - Tonik naprawczy - Selleetools.com<\/title>\n<meta name=\"robots\" content=\"index, follow, max-snippet:-1, max-image-preview:large, max-video-preview:-1\" \/>\n<link rel=\"canonical\" href=\"https:\/\/admincentral.selleetools.com\/pl\/product\/some-by-mi-beta-panthenol-repair-toner-150-ml-tonik-naprawczy\/\" \/>\n<meta property=\"og:locale\" content=\"pl_PL\" \/>\n<meta property=\"og:type\" content=\"article\" \/>\n<meta property=\"og:title\" content=\"SOME BY MI Beta Panthenol Repair Toner 150 ml - Tonik naprawczy - Selleetools.com\" \/>\n<meta property=\"og:description\" content=\"SOME BY MI Beta Panthenol Repair Toner to wyj\u0105tkowy tonik, kt\u00f3ry wspiera regeneracj\u0119 i nawil\u017cenie sk\u00f3ry. Dzi\u0119ki zaawansowanej formule z beta-glukanem i pantenolem, produkt skutecznie \u0142agodzi podra\u017cnienia, wzmacnia barier\u0119 ochronn\u0105 sk\u00f3ry oraz przyspiesza jej naturalny proces gojenia. Tonik jest idealny do piel\u0119gnacji sk\u00f3ry wra\u017cliwej i sk\u0142onnej do zaczerwienie\u0144. Regularne stosowanie poprawia elastyczno\u015b\u0107 sk\u00f3ry, pozostawiaj\u0105c j\u0105 ... Read moreSOME BY MI Beta Panthenol Repair Toner 150 ml &#8211; Tonik naprawczy\" \/>\n<meta property=\"og:url\" content=\"https:\/\/admincentral.selleetools.com\/pl\/product\/some-by-mi-beta-panthenol-repair-toner-150-ml-tonik-naprawczy\/\" \/>\n<meta property=\"og:site_name\" content=\"Selleetools.com\" \/>\n<meta property=\"article:modified_time\" content=\"2025-12-26T15:54:20+00:00\" \/>\n<meta property=\"og:image\" content=\"https:\/\/selleetools.com\/wp-content\/uploads\/2025\/10\/77b7aad4ee63ae48120f67e5760b4286.jpg\" \/>\n\t<meta property=\"og:image:width\" content=\"538\" \/>\n\t<meta property=\"og:image:height\" content=\"1755\" \/>\n\t<meta property=\"og:image:type\" content=\"image\/jpeg\" \/>\n<meta name=\"twitter:card\" content=\"summary_large_image\" \/>\n<meta name=\"twitter:label1\" content=\"Est. reading time\" \/>\n\t<meta name=\"twitter:data1\" content=\"1 minuta\" \/>\n<!-- \/ Yoast SEO plugin. -->","yoast_head_json":{"title":"SOME BY MI Beta Panthenol Repair Toner 150 ml - Tonik naprawczy - Selleetools.com","robots":{"index":"index","follow":"follow","max-snippet":"max-snippet:-1","max-image-preview":"max-image-preview:large","max-video-preview":"max-video-preview:-1"},"canonical":"https:\/\/admincentral.selleetools.com\/pl\/product\/some-by-mi-beta-panthenol-repair-toner-150-ml-tonik-naprawczy\/","og_locale":"pl_PL","og_type":"article","og_title":"SOME BY MI Beta Panthenol Repair Toner 150 ml - Tonik naprawczy - Selleetools.com","og_description":"SOME BY MI Beta Panthenol Repair Toner to wyj\u0105tkowy tonik, kt\u00f3ry wspiera regeneracj\u0119 i nawil\u017cenie sk\u00f3ry. Dzi\u0119ki zaawansowanej formule z beta-glukanem i pantenolem, produkt skutecznie \u0142agodzi podra\u017cnienia, wzmacnia barier\u0119 ochronn\u0105 sk\u00f3ry oraz przyspiesza jej naturalny proces gojenia. Tonik jest idealny do piel\u0119gnacji sk\u00f3ry wra\u017cliwej i sk\u0142onnej do zaczerwienie\u0144. Regularne stosowanie poprawia elastyczno\u015b\u0107 sk\u00f3ry, pozostawiaj\u0105c j\u0105 ... Read moreSOME BY MI Beta Panthenol Repair Toner 150 ml &#8211; Tonik naprawczy","og_url":"https:\/\/admincentral.selleetools.com\/pl\/product\/some-by-mi-beta-panthenol-repair-toner-150-ml-tonik-naprawczy\/","og_site_name":"Selleetools.com","article_modified_time":"2025-12-26T15:54:20+00:00","og_image":[{"width":538,"height":1755,"url":"https:\/\/selleetools.com\/wp-content\/uploads\/2025\/10\/77b7aad4ee63ae48120f67e5760b4286.jpg","type":"image\/jpeg"}],"twitter_card":"summary_large_image","twitter_misc":{"Est. reading time":"1 minuta"},"schema":{"@context":"https:\/\/schema.org","@graph":[{"@type":"Organization","@id":"https:\/\/selleetools.com\/#organization","name":"Selleetools","url":"https:\/\/selleetools.com\/","sameAs":[],"logo":{"@type":"ImageObject","inLanguage":"pl-PL","@id":"https:\/\/selleetools.com\/#\/schema\/logo\/image\/","url":"https:\/\/selleetools.com\/wp-content\/uploads\/2021\/10\/logo-dark.png","contentUrl":"https:\/\/selleetools.com\/wp-content\/uploads\/2021\/10\/logo-dark.png","width":320,"height":76,"caption":"Selleetools"},"image":{"@id":"https:\/\/selleetools.com\/#\/schema\/logo\/image\/"}},{"@type":"WebSite","@id":"https:\/\/selleetools.com\/#website","url":"https:\/\/selleetools.com\/","name":"Selleetools.com","description":"","publisher":{"@id":"https:\/\/selleetools.com\/#organization"},"potentialAction":[{"@type":"SearchAction","target":{"@type":"EntryPoint","urlTemplate":"https:\/\/selleetools.com\/?s={search_term_string}"},"query-input":"required name=search_term_string"}],"inLanguage":"pl-PL"},{"@type":"WebPage","@id":"https:\/\/admincentral.selleetools.com\/pl\/product\/some-by-mi-beta-panthenol-repair-toner-150-ml-tonik-naprawczy\/","url":"https:\/\/admincentral.selleetools.com\/pl\/product\/some-by-mi-beta-panthenol-repair-toner-150-ml-tonik-naprawczy\/","name":"SOME BY MI Beta Panthenol Repair Toner 150 ml - Tonik naprawczy - Selleetools.com","isPartOf":{"@id":"https:\/\/selleetools.com\/#website"},"datePublished":"2025-10-22T07:06:48+00:00","dateModified":"2025-12-26T15:54:20+00:00","breadcrumb":{"@id":"https:\/\/admincentral.selleetools.com\/pl\/product\/some-by-mi-beta-panthenol-repair-toner-150-ml-tonik-naprawczy\/#breadcrumb"},"inLanguage":"pl-PL","potentialAction":[{"@type":"ReadAction","target":["https:\/\/admincentral.selleetools.com\/pl\/product\/some-by-mi-beta-panthenol-repair-toner-150-ml-tonik-naprawczy\/"]}]},{"@type":"BreadcrumbList","@id":"https:\/\/admincentral.selleetools.com\/pl\/product\/some-by-mi-beta-panthenol-repair-toner-150-ml-tonik-naprawczy\/#breadcrumb","itemListElement":[{"@type":"ListItem","position":1,"name":"Home","item":"https:\/\/selleetools.com\/pl\/"},{"@type":"ListItem","position":2,"name":"Katalog","item":"https:\/\/selleetools.com\/pl\/katalog\/"},{"@type":"ListItem","position":3,"name":"SOME BY MI Beta Panthenol Repair Toner 150 ml &#8211; Tonik naprawczy"}]}]}},"_links":{"self":[{"href":"https:\/\/selleetools.com\/pl\/wp-json\/wp\/v2\/product\/599396"}],"collection":[{"href":"https:\/\/selleetools.com\/pl\/wp-json\/wp\/v2\/product"}],"about":[{"href":"https:\/\/selleetools.com\/pl\/wp-json\/wp\/v2\/types\/product"}],"replies":[{"embeddable":true,"href":"https:\/\/selleetools.com\/pl\/wp-json\/wp\/v2\/comments?post=599396"}],"wp:featuredmedia":[{"embeddable":true,"href":"https:\/\/selleetools.com\/pl\/wp-json\/wp\/v2\/media\/599392"}],"wp:attachment":[{"href":"https:\/\/selleetools.com\/pl\/wp-json\/wp\/v2\/media?parent=599396"}],"curies":[{"name":"wp","href":"https:\/\/api.w.org\/{rel}","templated":true}]}}