{"id":599385,"date":"2025-10-22T09:06:38","date_gmt":"2025-10-22T07:06:38","guid":{"rendered":"https:\/\/selleetools.com\/?post_type=product&#038;p=599385"},"modified":"2025-10-22T14:09:39","modified_gmt":"2025-10-22T12:09:39","slug":"altruist-sunscreen-spf-30-200-ml-krem-przeciwsloneczny","status":"publish","type":"product","link":"https:\/\/selleetools.com\/pl\/product\/altruist-sunscreen-spf-30-200-ml-krem-przeciwsloneczny\/","title":{"rendered":"ALTRUIST Sunscreen SPF 30 200 ml &#8211; Krem przeciws\u0142oneczny"},"content":{"rendered":"<p>ALTRUIST Sunscreen SPF 30 to wysokiej jako\u015bci krem przeciws\u0142oneczny, kt\u00f3ry zapewnia skuteczn\u0105 ochron\u0119 przed szkodliwym promieniowaniem UVA i UVB. Dzi\u0119ki formule o szerokim zakresie ochrony, skutecznie zapobiega oparzeniom s\u0142onecznym oraz przedwczesnemu starzeniu si\u0119 sk\u00f3ry spowodowanemu s\u0142o\u0144cem. Lekka konsystencja szybko si\u0119 wch\u0142ania, nie pozostawiaj\u0105c t\u0142ustego filmu, co czyni go idealnym zar\u00f3wno do codziennego u\u017cytku, jak i podczas aktywno\u015bci na \u015bwie\u017cym powietrzu.<\/p>\n<p>Korzy\u015bci dla sk\u00f3ry:<br \/>\nOchrona przed promieniowaniem UVA i UVB.<br \/>\nZapobiega oparzeniom s\u0142onecznym oraz przedwczesnemu starzeniu si\u0119 sk\u00f3ry.<br \/>\nNawil\u017ca i od\u017cywia sk\u00f3r\u0119, pozostawiaj\u0105c j\u0105 g\u0142adk\u0105 i mi\u0119kk\u0105.<br \/>\nFormu\u0142a niekomedogenna, nie blokuje por\u00f3w.<\/p>\n<p>Spos\u00f3b u\u017cycia:<br \/>\nNa\u0142\u00f3\u017c r\u00f3wnomiernie na sk\u00f3r\u0119 twarzy i cia\u0142a oko\u0142o 15 minut przed ekspozycj\u0105 na s\u0142o\u0144ce. Aby uzyska\u0107 najlepsze rezultaty, stosuj ponownie co 2 godziny oraz po p\u0142ywaniu, poceniu si\u0119 lub osuszaniu r\u0119cznikiem.<\/p>\n","protected":false},"excerpt":{"rendered":"<p>ALTRUIST Sunscreen SPF 30 to wysokiej jako\u015bci krem przeciws\u0142oneczny, kt\u00f3ry zapewnia skuteczn\u0105 ochron\u0119 przed szkodliwym promieniowaniem UVA i UVB. Dzi\u0119ki formule o szerokim zakresie ochrony, skutecznie zapobiega oparzeniom s\u0142onecznym oraz przedwczesnemu starzeniu si\u0119 sk\u00f3ry spowodowanemu s\u0142o\u0144cem. Lekka konsystencja szybko si\u0119 wch\u0142ania, nie pozostawiaj\u0105c t\u0142ustego filmu, co czyni go idealnym zar\u00f3wno do codziennego u\u017cytku, jak i &#8230; <a title=\"ALTRUIST Sunscreen SPF 30 200 ml &#8211; Krem przeciws\u0142oneczny\" class=\"read-more\" href=\"https:\/\/selleetools.com\/pl\/product\/altruist-sunscreen-spf-30-200-ml-krem-przeciwsloneczny\/\">Read more<span class=\"screen-reader-text\">ALTRUIST Sunscreen SPF 30 200 ml &#8211; Krem przeciws\u0142oneczny<\/span><\/a><\/p>\n","protected":false},"featured_media":599383,"comment_status":"open","ping_status":"closed","template":"","meta":{"_links_to":"","_links_to_target":""},"yoast_head":"<!-- This site is optimized with the Yoast SEO plugin v19.4 - https:\/\/yoast.com\/wordpress\/plugins\/seo\/ -->\n<title>ALTRUIST Sunscreen SPF 30 200 ml - Krem przeciws\u0142oneczny - Selleetools.com<\/title>\n<meta name=\"robots\" content=\"index, follow, max-snippet:-1, max-image-preview:large, max-video-preview:-1\" \/>\n<link rel=\"canonical\" href=\"https:\/\/selleetools.com\/pl\/product\/altruist-sunscreen-spf-30-200-ml-krem-przeciwsloneczny\/\" \/>\n<meta property=\"og:locale\" content=\"pl_PL\" \/>\n<meta property=\"og:type\" content=\"article\" \/>\n<meta property=\"og:title\" content=\"ALTRUIST Sunscreen SPF 30 200 ml - Krem przeciws\u0142oneczny - Selleetools.com\" \/>\n<meta property=\"og:description\" content=\"ALTRUIST Sunscreen SPF 30 to wysokiej jako\u015bci krem przeciws\u0142oneczny, kt\u00f3ry zapewnia skuteczn\u0105 ochron\u0119 przed szkodliwym promieniowaniem UVA i UVB. Dzi\u0119ki formule o szerokim zakresie ochrony, skutecznie zapobiega oparzeniom s\u0142onecznym oraz przedwczesnemu starzeniu si\u0119 sk\u00f3ry spowodowanemu s\u0142o\u0144cem. Lekka konsystencja szybko si\u0119 wch\u0142ania, nie pozostawiaj\u0105c t\u0142ustego filmu, co czyni go idealnym zar\u00f3wno do codziennego u\u017cytku, jak i ... Read moreALTRUIST Sunscreen SPF 30 200 ml &#8211; Krem przeciws\u0142oneczny\" \/>\n<meta property=\"og:url\" content=\"https:\/\/selleetools.com\/pl\/product\/altruist-sunscreen-spf-30-200-ml-krem-przeciwsloneczny\/\" \/>\n<meta property=\"og:site_name\" content=\"Selleetools.com\" \/>\n<meta property=\"article:modified_time\" content=\"2025-10-22T12:09:39+00:00\" \/>\n<meta property=\"og:image\" content=\"https:\/\/selleetools.com\/wp-content\/uploads\/2025\/10\/5f9a0a204e104d7a9c91af2f0e1a050e.png\" \/>\n\t<meta property=\"og:image:width\" content=\"600\" \/>\n\t<meta property=\"og:image:height\" content=\"600\" \/>\n\t<meta property=\"og:image:type\" content=\"image\/png\" \/>\n<meta name=\"twitter:card\" content=\"summary_large_image\" \/>\n<meta name=\"twitter:label1\" content=\"Est. reading time\" \/>\n\t<meta name=\"twitter:data1\" content=\"1 minuta\" \/>\n<!-- \/ Yoast SEO plugin. -->","yoast_head_json":{"title":"ALTRUIST Sunscreen SPF 30 200 ml - Krem przeciws\u0142oneczny - Selleetools.com","robots":{"index":"index","follow":"follow","max-snippet":"max-snippet:-1","max-image-preview":"max-image-preview:large","max-video-preview":"max-video-preview:-1"},"canonical":"https:\/\/selleetools.com\/pl\/product\/altruist-sunscreen-spf-30-200-ml-krem-przeciwsloneczny\/","og_locale":"pl_PL","og_type":"article","og_title":"ALTRUIST Sunscreen SPF 30 200 ml - Krem przeciws\u0142oneczny - Selleetools.com","og_description":"ALTRUIST Sunscreen SPF 30 to wysokiej jako\u015bci krem przeciws\u0142oneczny, kt\u00f3ry zapewnia skuteczn\u0105 ochron\u0119 przed szkodliwym promieniowaniem UVA i UVB. Dzi\u0119ki formule o szerokim zakresie ochrony, skutecznie zapobiega oparzeniom s\u0142onecznym oraz przedwczesnemu starzeniu si\u0119 sk\u00f3ry spowodowanemu s\u0142o\u0144cem. Lekka konsystencja szybko si\u0119 wch\u0142ania, nie pozostawiaj\u0105c t\u0142ustego filmu, co czyni go idealnym zar\u00f3wno do codziennego u\u017cytku, jak i ... Read moreALTRUIST Sunscreen SPF 30 200 ml &#8211; Krem przeciws\u0142oneczny","og_url":"https:\/\/selleetools.com\/pl\/product\/altruist-sunscreen-spf-30-200-ml-krem-przeciwsloneczny\/","og_site_name":"Selleetools.com","article_modified_time":"2025-10-22T12:09:39+00:00","og_image":[{"width":600,"height":600,"url":"https:\/\/selleetools.com\/wp-content\/uploads\/2025\/10\/5f9a0a204e104d7a9c91af2f0e1a050e.png","type":"image\/png"}],"twitter_card":"summary_large_image","twitter_misc":{"Est. reading time":"1 minuta"},"schema":{"@context":"https:\/\/schema.org","@graph":[{"@type":"Organization","@id":"https:\/\/selleetools.com\/#organization","name":"Selleetools","url":"https:\/\/selleetools.com\/","sameAs":[],"logo":{"@type":"ImageObject","inLanguage":"pl-PL","@id":"https:\/\/selleetools.com\/#\/schema\/logo\/image\/","url":"https:\/\/selleetools.com\/wp-content\/uploads\/2021\/10\/logo-dark.png","contentUrl":"https:\/\/selleetools.com\/wp-content\/uploads\/2021\/10\/logo-dark.png","width":320,"height":76,"caption":"Selleetools"},"image":{"@id":"https:\/\/selleetools.com\/#\/schema\/logo\/image\/"}},{"@type":"WebSite","@id":"https:\/\/selleetools.com\/#website","url":"https:\/\/selleetools.com\/","name":"Selleetools.com","description":"","publisher":{"@id":"https:\/\/selleetools.com\/#organization"},"potentialAction":[{"@type":"SearchAction","target":{"@type":"EntryPoint","urlTemplate":"https:\/\/selleetools.com\/?s={search_term_string}"},"query-input":"required name=search_term_string"}],"inLanguage":"pl-PL"},{"@type":"WebPage","@id":"https:\/\/selleetools.com\/pl\/product\/altruist-sunscreen-spf-30-200-ml-krem-przeciwsloneczny\/","url":"https:\/\/selleetools.com\/pl\/product\/altruist-sunscreen-spf-30-200-ml-krem-przeciwsloneczny\/","name":"ALTRUIST Sunscreen SPF 30 200 ml - Krem przeciws\u0142oneczny - Selleetools.com","isPartOf":{"@id":"https:\/\/selleetools.com\/#website"},"datePublished":"2025-10-22T07:06:38+00:00","dateModified":"2025-10-22T12:09:39+00:00","breadcrumb":{"@id":"https:\/\/selleetools.com\/pl\/product\/altruist-sunscreen-spf-30-200-ml-krem-przeciwsloneczny\/#breadcrumb"},"inLanguage":"pl-PL","potentialAction":[{"@type":"ReadAction","target":["https:\/\/selleetools.com\/pl\/product\/altruist-sunscreen-spf-30-200-ml-krem-przeciwsloneczny\/"]}]},{"@type":"BreadcrumbList","@id":"https:\/\/selleetools.com\/pl\/product\/altruist-sunscreen-spf-30-200-ml-krem-przeciwsloneczny\/#breadcrumb","itemListElement":[{"@type":"ListItem","position":1,"name":"Home","item":"https:\/\/selleetools.com\/pl\/"},{"@type":"ListItem","position":2,"name":"Katalog","item":"https:\/\/selleetools.com\/pl\/katalog\/"},{"@type":"ListItem","position":3,"name":"ALTRUIST Sunscreen SPF 30 200 ml &#8211; Krem przeciws\u0142oneczny"}]}]}},"_links":{"self":[{"href":"https:\/\/selleetools.com\/pl\/wp-json\/wp\/v2\/product\/599385"}],"collection":[{"href":"https:\/\/selleetools.com\/pl\/wp-json\/wp\/v2\/product"}],"about":[{"href":"https:\/\/selleetools.com\/pl\/wp-json\/wp\/v2\/types\/product"}],"replies":[{"embeddable":true,"href":"https:\/\/selleetools.com\/pl\/wp-json\/wp\/v2\/comments?post=599385"}],"wp:featuredmedia":[{"embeddable":true,"href":"https:\/\/selleetools.com\/pl\/wp-json\/wp\/v2\/media\/599383"}],"wp:attachment":[{"href":"https:\/\/selleetools.com\/pl\/wp-json\/wp\/v2\/media?parent=599385"}],"curies":[{"name":"wp","href":"https:\/\/api.w.org\/{rel}","templated":true}]}}