{"id":599382,"date":"2025-10-22T09:06:35","date_gmt":"2025-10-22T07:06:35","guid":{"rendered":"https:\/\/selleetools.com\/?post_type=product&#038;p=599382"},"modified":"2025-10-23T19:09:42","modified_gmt":"2025-10-23T17:09:42","slug":"cosrx-aloe-54-2-aqua-tone-up-sunscreen-spf50-pa-50-ml-ochronny-krem-z-filtrem-uv-poprawiajacy-koloryt-skory","status":"publish","type":"product","link":"https:\/\/selleetools.com\/pl\/product\/cosrx-aloe-54-2-aqua-tone-up-sunscreen-spf50-pa-50-ml-ochronny-krem-z-filtrem-uv-poprawiajacy-koloryt-skory\/","title":{"rendered":"COSRX Aloe 54.2 Aqua Tone-Up Sunscreen SPF50+\/PA++++ 50 ml &#8211; Ochronny krem z filtrem UV poprawiaj\u0105cy koloryt sk\u00f3ry"},"content":{"rendered":"<p>COSRX Aloe 54.2 Aqua Tone-Up Sunscreen SPF50+\/PA++++ to wyj\u0105tkowy korea\u0144ski krem przeciws\u0142oneczny, kt\u00f3ry nie tylko chroni sk\u00f3r\u0119 przed szkodliwym dzia\u0142aniem promieni UV, ale tak\u017ce nawil\u017ca i tonizuje j\u0105, dzi\u0119ki zawarto\u015bci ekstraktu z aloesu. Jego lekka formu\u0142a szybko si\u0119 wch\u0142ania, nie pozostawiaj\u0105c t\u0142ustej warstwy, co sprawia, \u017ce jest idealny do codziennego u\u017cytku.<\/p>\n<p>Korzy\u015bci dla sk\u00f3ry:<br \/>\nWysoka ochrona przeciws\u0142oneczna: SPF50+\/PA++++ zapewnia zaawansowan\u0105 ochron\u0119 przed promieniowaniem UVA i UVB.<br \/>\nNawil\u017cenie i ukojenie: Ekstrakt z aloesu g\u0142\u0119boko nawil\u017ca sk\u00f3r\u0119, \u0142agodzi podra\u017cnienia i wspomaga regeneracj\u0119.<br \/>\nTonizowanie: Krem nadaje sk\u00f3rze zdrowy, promienny wygl\u0105d, wyr\u00f3wnuj\u0105c jej koloryt.<br \/>\nLekka formu\u0142a: Szybko si\u0119 wch\u0142ania, nie pozostawiaj\u0105c t\u0142ustej ani lepkiej warstwy.<\/p>\n<p>Przeznaczenie:<br \/>\nRodzaj cery: Idealny dla wszystkich typ\u00f3w sk\u00f3ry, w tym suchej, t\u0142ustej, mieszanej i wra\u017cliwej. Szczeg\u00f3lnie polecany dla sk\u00f3ry wymagaj\u0105cej nawil\u017cenia i ukojenia.<\/p>\n<p>Spos\u00f3b u\u017cycia:<br \/>\nNa\u0142\u00f3\u017c odpowiedni\u0105 ilo\u015b\u0107 kremu na twarz jako ostatni krok w codziennej rutynie piel\u0119gnacyjnej.<br \/>\nDelikatnie wmasuj krem w sk\u00f3r\u0119, a\u017c do ca\u0142kowitego wch\u0142oni\u0119cia.<br \/>\nStosuj codziennie, 15-20 minut przed ekspozycj\u0105 na s\u0142o\u0144ce. W razie potrzeby, powtarzaj aplikacj\u0119 w ci\u0105gu dnia, zw\u0142aszcza po p\u0142ywaniu, poceniu si\u0119 lub u\u017cyciu r\u0119cznika.<\/p>\n<p>Zadbaj o kompleksow\u0105 ochron\u0119 i nawil\u017cenie swojej sk\u00f3ry z COSRX Aloe 54.2 Aqua Tone-Up Sunscreen SPF50+\/PA++++ i ciesz si\u0119 zdrowym, promiennym wygl\u0105dem ka\u017cdego dnia.<\/p>\n","protected":false},"excerpt":{"rendered":"<p>COSRX Aloe 54.2 Aqua Tone-Up Sunscreen SPF50+\/PA++++ to wyj\u0105tkowy korea\u0144ski krem przeciws\u0142oneczny, kt\u00f3ry nie tylko chroni sk\u00f3r\u0119 przed szkodliwym dzia\u0142aniem promieni UV, ale tak\u017ce nawil\u017ca i tonizuje j\u0105, dzi\u0119ki zawarto\u015bci ekstraktu z aloesu. Jego lekka formu\u0142a szybko si\u0119 wch\u0142ania, nie pozostawiaj\u0105c t\u0142ustej warstwy, co sprawia, \u017ce jest idealny do codziennego u\u017cytku. Korzy\u015bci dla sk\u00f3ry: Wysoka &#8230; <a title=\"COSRX Aloe 54.2 Aqua Tone-Up Sunscreen SPF50+\/PA++++ 50 ml &#8211; Ochronny krem z filtrem UV poprawiaj\u0105cy koloryt sk\u00f3ry\" class=\"read-more\" href=\"https:\/\/selleetools.com\/pl\/product\/cosrx-aloe-54-2-aqua-tone-up-sunscreen-spf50-pa-50-ml-ochronny-krem-z-filtrem-uv-poprawiajacy-koloryt-skory\/\">Read more<span class=\"screen-reader-text\">COSRX Aloe 54.2 Aqua Tone-Up Sunscreen SPF50+\/PA++++ 50 ml &#8211; Ochronny krem z filtrem UV poprawiaj\u0105cy koloryt sk\u00f3ry<\/span><\/a><\/p>\n","protected":false},"featured_media":599378,"comment_status":"open","ping_status":"closed","template":"","meta":{"_links_to":"","_links_to_target":""},"yoast_head":"<!-- This site is optimized with the Yoast SEO plugin v19.4 - https:\/\/yoast.com\/wordpress\/plugins\/seo\/ -->\n<title>COSRX Aloe 54.2 Aqua Tone-Up Sunscreen SPF50+\/PA++++ 50 ml - Ochronny krem z filtrem UV poprawiaj\u0105cy koloryt sk\u00f3ry - Selleetools.com<\/title>\n<meta name=\"robots\" content=\"index, follow, max-snippet:-1, max-image-preview:large, max-video-preview:-1\" \/>\n<link rel=\"canonical\" href=\"https:\/\/selleetools.com\/pl\/product\/cosrx-aloe-54-2-aqua-tone-up-sunscreen-spf50-pa-50-ml-ochronny-krem-z-filtrem-uv-poprawiajacy-koloryt-skory\/\" \/>\n<meta property=\"og:locale\" content=\"pl_PL\" \/>\n<meta property=\"og:type\" content=\"article\" \/>\n<meta property=\"og:title\" content=\"COSRX Aloe 54.2 Aqua Tone-Up Sunscreen SPF50+\/PA++++ 50 ml - Ochronny krem z filtrem UV poprawiaj\u0105cy koloryt sk\u00f3ry - Selleetools.com\" \/>\n<meta property=\"og:description\" content=\"COSRX Aloe 54.2 Aqua Tone-Up Sunscreen SPF50+\/PA++++ to wyj\u0105tkowy korea\u0144ski krem przeciws\u0142oneczny, kt\u00f3ry nie tylko chroni sk\u00f3r\u0119 przed szkodliwym dzia\u0142aniem promieni UV, ale tak\u017ce nawil\u017ca i tonizuje j\u0105, dzi\u0119ki zawarto\u015bci ekstraktu z aloesu. Jego lekka formu\u0142a szybko si\u0119 wch\u0142ania, nie pozostawiaj\u0105c t\u0142ustej warstwy, co sprawia, \u017ce jest idealny do codziennego u\u017cytku. Korzy\u015bci dla sk\u00f3ry: Wysoka ... Read moreCOSRX Aloe 54.2 Aqua Tone-Up Sunscreen SPF50+\/PA++++ 50 ml &#8211; Ochronny krem z filtrem UV poprawiaj\u0105cy koloryt sk\u00f3ry\" \/>\n<meta property=\"og:url\" content=\"https:\/\/selleetools.com\/pl\/product\/cosrx-aloe-54-2-aqua-tone-up-sunscreen-spf50-pa-50-ml-ochronny-krem-z-filtrem-uv-poprawiajacy-koloryt-skory\/\" \/>\n<meta property=\"og:site_name\" content=\"Selleetools.com\" \/>\n<meta property=\"article:modified_time\" content=\"2025-10-23T17:09:42+00:00\" \/>\n<meta property=\"og:image\" content=\"https:\/\/selleetools.com\/wp-content\/uploads\/2025\/10\/b36c4d15591fd3c8bc7d711ba536b209.jpg\" \/>\n\t<meta property=\"og:image:width\" content=\"1200\" \/>\n\t<meta property=\"og:image:height\" content=\"1200\" \/>\n\t<meta property=\"og:image:type\" content=\"image\/jpeg\" \/>\n<meta name=\"twitter:card\" content=\"summary_large_image\" \/>\n<meta name=\"twitter:label1\" content=\"Est. reading time\" \/>\n\t<meta name=\"twitter:data1\" content=\"1 minuta\" \/>\n<!-- \/ Yoast SEO plugin. -->","yoast_head_json":{"title":"COSRX Aloe 54.2 Aqua Tone-Up Sunscreen SPF50+\/PA++++ 50 ml - Ochronny krem z filtrem UV poprawiaj\u0105cy koloryt sk\u00f3ry - Selleetools.com","robots":{"index":"index","follow":"follow","max-snippet":"max-snippet:-1","max-image-preview":"max-image-preview:large","max-video-preview":"max-video-preview:-1"},"canonical":"https:\/\/selleetools.com\/pl\/product\/cosrx-aloe-54-2-aqua-tone-up-sunscreen-spf50-pa-50-ml-ochronny-krem-z-filtrem-uv-poprawiajacy-koloryt-skory\/","og_locale":"pl_PL","og_type":"article","og_title":"COSRX Aloe 54.2 Aqua Tone-Up Sunscreen SPF50+\/PA++++ 50 ml - Ochronny krem z filtrem UV poprawiaj\u0105cy koloryt sk\u00f3ry - Selleetools.com","og_description":"COSRX Aloe 54.2 Aqua Tone-Up Sunscreen SPF50+\/PA++++ to wyj\u0105tkowy korea\u0144ski krem przeciws\u0142oneczny, kt\u00f3ry nie tylko chroni sk\u00f3r\u0119 przed szkodliwym dzia\u0142aniem promieni UV, ale tak\u017ce nawil\u017ca i tonizuje j\u0105, dzi\u0119ki zawarto\u015bci ekstraktu z aloesu. Jego lekka formu\u0142a szybko si\u0119 wch\u0142ania, nie pozostawiaj\u0105c t\u0142ustej warstwy, co sprawia, \u017ce jest idealny do codziennego u\u017cytku. Korzy\u015bci dla sk\u00f3ry: Wysoka ... Read moreCOSRX Aloe 54.2 Aqua Tone-Up Sunscreen SPF50+\/PA++++ 50 ml &#8211; Ochronny krem z filtrem UV poprawiaj\u0105cy koloryt sk\u00f3ry","og_url":"https:\/\/selleetools.com\/pl\/product\/cosrx-aloe-54-2-aqua-tone-up-sunscreen-spf50-pa-50-ml-ochronny-krem-z-filtrem-uv-poprawiajacy-koloryt-skory\/","og_site_name":"Selleetools.com","article_modified_time":"2025-10-23T17:09:42+00:00","og_image":[{"width":1200,"height":1200,"url":"https:\/\/selleetools.com\/wp-content\/uploads\/2025\/10\/b36c4d15591fd3c8bc7d711ba536b209.jpg","type":"image\/jpeg"}],"twitter_card":"summary_large_image","twitter_misc":{"Est. reading time":"1 minuta"},"schema":{"@context":"https:\/\/schema.org","@graph":[{"@type":"Organization","@id":"https:\/\/selleetools.com\/#organization","name":"Selleetools","url":"https:\/\/selleetools.com\/","sameAs":[],"logo":{"@type":"ImageObject","inLanguage":"pl-PL","@id":"https:\/\/selleetools.com\/#\/schema\/logo\/image\/","url":"https:\/\/selleetools.com\/wp-content\/uploads\/2021\/10\/logo-dark.png","contentUrl":"https:\/\/selleetools.com\/wp-content\/uploads\/2021\/10\/logo-dark.png","width":320,"height":76,"caption":"Selleetools"},"image":{"@id":"https:\/\/selleetools.com\/#\/schema\/logo\/image\/"}},{"@type":"WebSite","@id":"https:\/\/selleetools.com\/#website","url":"https:\/\/selleetools.com\/","name":"Selleetools.com","description":"","publisher":{"@id":"https:\/\/selleetools.com\/#organization"},"potentialAction":[{"@type":"SearchAction","target":{"@type":"EntryPoint","urlTemplate":"https:\/\/selleetools.com\/?s={search_term_string}"},"query-input":"required name=search_term_string"}],"inLanguage":"pl-PL"},{"@type":"WebPage","@id":"https:\/\/selleetools.com\/pl\/product\/cosrx-aloe-54-2-aqua-tone-up-sunscreen-spf50-pa-50-ml-ochronny-krem-z-filtrem-uv-poprawiajacy-koloryt-skory\/","url":"https:\/\/selleetools.com\/pl\/product\/cosrx-aloe-54-2-aqua-tone-up-sunscreen-spf50-pa-50-ml-ochronny-krem-z-filtrem-uv-poprawiajacy-koloryt-skory\/","name":"COSRX Aloe 54.2 Aqua Tone-Up Sunscreen SPF50+\/PA++++ 50 ml - Ochronny krem z filtrem UV poprawiaj\u0105cy koloryt sk\u00f3ry - Selleetools.com","isPartOf":{"@id":"https:\/\/selleetools.com\/#website"},"datePublished":"2025-10-22T07:06:35+00:00","dateModified":"2025-10-23T17:09:42+00:00","breadcrumb":{"@id":"https:\/\/selleetools.com\/pl\/product\/cosrx-aloe-54-2-aqua-tone-up-sunscreen-spf50-pa-50-ml-ochronny-krem-z-filtrem-uv-poprawiajacy-koloryt-skory\/#breadcrumb"},"inLanguage":"pl-PL","potentialAction":[{"@type":"ReadAction","target":["https:\/\/selleetools.com\/pl\/product\/cosrx-aloe-54-2-aqua-tone-up-sunscreen-spf50-pa-50-ml-ochronny-krem-z-filtrem-uv-poprawiajacy-koloryt-skory\/"]}]},{"@type":"BreadcrumbList","@id":"https:\/\/selleetools.com\/pl\/product\/cosrx-aloe-54-2-aqua-tone-up-sunscreen-spf50-pa-50-ml-ochronny-krem-z-filtrem-uv-poprawiajacy-koloryt-skory\/#breadcrumb","itemListElement":[{"@type":"ListItem","position":1,"name":"Home","item":"https:\/\/selleetools.com\/pl\/"},{"@type":"ListItem","position":2,"name":"Katalog","item":"https:\/\/selleetools.com\/pl\/katalog\/"},{"@type":"ListItem","position":3,"name":"COSRX Aloe 54.2 Aqua Tone-Up Sunscreen SPF50+\/PA++++ 50 ml &#8211; Ochronny krem z filtrem UV poprawiaj\u0105cy koloryt sk\u00f3ry"}]}]}},"_links":{"self":[{"href":"https:\/\/selleetools.com\/pl\/wp-json\/wp\/v2\/product\/599382"}],"collection":[{"href":"https:\/\/selleetools.com\/pl\/wp-json\/wp\/v2\/product"}],"about":[{"href":"https:\/\/selleetools.com\/pl\/wp-json\/wp\/v2\/types\/product"}],"replies":[{"embeddable":true,"href":"https:\/\/selleetools.com\/pl\/wp-json\/wp\/v2\/comments?post=599382"}],"wp:featuredmedia":[{"embeddable":true,"href":"https:\/\/selleetools.com\/pl\/wp-json\/wp\/v2\/media\/599378"}],"wp:attachment":[{"href":"https:\/\/selleetools.com\/pl\/wp-json\/wp\/v2\/media?parent=599382"}],"curies":[{"name":"wp","href":"https:\/\/api.w.org\/{rel}","templated":true}]}}