{"id":599359,"date":"2025-10-22T09:06:15","date_gmt":"2025-10-22T07:06:15","guid":{"rendered":"https:\/\/selleetools.com\/?post_type=product&#038;p=599359"},"modified":"2025-10-23T19:11:49","modified_gmt":"2025-10-23T17:11:49","slug":"beauty-of-joseon-hanbang-serum-discovery-kit-4x10-ml-zestaw-miniaturowych-serum-do-twarzy","status":"publish","type":"product","link":"https:\/\/selleetools.com\/pl\/product\/beauty-of-joseon-hanbang-serum-discovery-kit-4x10-ml-zestaw-miniaturowych-serum-do-twarzy\/","title":{"rendered":"Beauty of Joseon Hanbang Serum Discovery Kit, 4&#215;10 ml &#8211; Zestaw miniaturowych serum do twarzy"},"content":{"rendered":"<p style=\"caret-color: rgb(0, 0, 0); color: rgb(0, 0, 0);\"><font style=\"font-size: 12px;\">Beauty of Joseon Hanbang Serum Discovery Kit to zestaw czterech miniaturowych serum (Revive Serum : Ginseng+Snail Mucin 10ml+Glow Deep Seum : Rice +Alpha Arbutin 10ml+Glow Serum : Propolis+Niacinamide 10ml+Calming Serum : Green tea+Panthenol 10ml), kt\u00f3re \u0142\u0105cz\u0105 tradycyjne korea\u0144skie sk\u0142adniki z nowoczesn\u0105 technologi\u0105 piel\u0119gnacyjn\u0105. Ka\u017cde serum jest ukierunkowane na r\u00f3\u017cne potrzeby sk\u00f3ry, takie jak nawil\u017cenie, rozja\u015bnianie, uj\u0119drnianie i \u0142agodzenie. Regularne stosowanie serum poprawia og\u00f3lny wygl\u0105d cery, czyni\u0105c j\u0105 bardziej promienn\u0105, g\u0142adk\u0105 i zdrow\u0105.<\/font><\/p>\n<p style=\"caret-color: rgb(0, 0, 0); color: rgb(0, 0, 0);\"><font style=\"font-size: 12px;\"><strong>Korzy\u015bci dla sk\u00f3ry<\/strong>:<\/font><\/p>\n<ul style=\"caret-color: rgb(0, 0, 0); color: rgb(0, 0, 0);\">\n<li><font style=\"font-size: 12px;\">Intensywne nawil\u017cenie i od\u017cywienie<\/font><\/li>\n<li><font style=\"font-size: 12px;\">Rozja\u015bnienie przebarwie\u0144 i wyr\u00f3wnanie kolorytu sk\u00f3ry<\/font><\/li>\n<li><font style=\"font-size: 12px;\">Poprawa j\u0119drno\u015bci i elastyczno\u015bci<\/font><\/li>\n<li><font style=\"font-size: 12px;\">\u0141agodzenie podra\u017cnie\u0144 i zaczerwienie\u0144<\/font><\/li>\n<\/ul>\n<p style=\"caret-color: rgb(0, 0, 0); color: rgb(0, 0, 0);\"><font style=\"font-size: 12px;\"><strong>Spos\u00f3b u\u017cycia<\/strong>: Po oczyszczeniu i tonizacji sk\u00f3ry, na\u0142\u00f3\u017c kilka kropel wybranego serum na twarz, delikatnie wklepuj\u0105c a\u017c do ca\u0142kowitego wch\u0142oni\u0119cia. Serum mo\u017cna stosowa\u0107 rano i wieczorem, przed na\u0142o\u017ceniem kremu nawil\u017caj\u0105cego.<\/font><\/p>\n","protected":false},"excerpt":{"rendered":"<p>Beauty of Joseon Hanbang Serum Discovery Kit to zestaw czterech miniaturowych serum (Revive Serum : Ginseng+Snail Mucin 10ml+Glow Deep Seum : Rice +Alpha Arbutin 10ml+Glow Serum : Propolis+Niacinamide 10ml+Calming Serum : Green tea+Panthenol 10ml), kt\u00f3re \u0142\u0105cz\u0105 tradycyjne korea\u0144skie sk\u0142adniki z nowoczesn\u0105 technologi\u0105 piel\u0119gnacyjn\u0105. Ka\u017cde serum jest ukierunkowane na r\u00f3\u017cne potrzeby sk\u00f3ry, takie jak nawil\u017cenie, rozja\u015bnianie, &#8230; <a title=\"Beauty of Joseon Hanbang Serum Discovery Kit, 4&#215;10 ml &#8211; Zestaw miniaturowych serum do twarzy\" class=\"read-more\" href=\"https:\/\/selleetools.com\/pl\/product\/beauty-of-joseon-hanbang-serum-discovery-kit-4x10-ml-zestaw-miniaturowych-serum-do-twarzy\/\">Read more<span class=\"screen-reader-text\">Beauty of Joseon Hanbang Serum Discovery Kit, 4&#215;10 ml &#8211; Zestaw miniaturowych serum do twarzy<\/span><\/a><\/p>\n","protected":false},"featured_media":599357,"comment_status":"open","ping_status":"closed","template":"","meta":{"_links_to":"","_links_to_target":""},"yoast_head":"<!-- This site is optimized with the Yoast SEO plugin v19.4 - https:\/\/yoast.com\/wordpress\/plugins\/seo\/ -->\n<title>Beauty of Joseon Hanbang Serum Discovery Kit, 4x10 ml - Zestaw miniaturowych serum do twarzy - Selleetools.com<\/title>\n<meta name=\"robots\" content=\"index, follow, max-snippet:-1, max-image-preview:large, max-video-preview:-1\" \/>\n<link rel=\"canonical\" href=\"https:\/\/admincentral.selleetools.com\/pl\/product\/beauty-of-joseon-hanbang-serum-discovery-kit-4x10-ml-zestaw-miniaturowych-serum-do-twarzy\/\" \/>\n<meta property=\"og:locale\" content=\"pl_PL\" \/>\n<meta property=\"og:type\" content=\"article\" \/>\n<meta property=\"og:title\" content=\"Beauty of Joseon Hanbang Serum Discovery Kit, 4x10 ml - Zestaw miniaturowych serum do twarzy - Selleetools.com\" \/>\n<meta property=\"og:description\" content=\"Beauty of Joseon Hanbang Serum Discovery Kit to zestaw czterech miniaturowych serum (Revive Serum : Ginseng+Snail Mucin 10ml+Glow Deep Seum : Rice +Alpha Arbutin 10ml+Glow Serum : Propolis+Niacinamide 10ml+Calming Serum : Green tea+Panthenol 10ml), kt\u00f3re \u0142\u0105cz\u0105 tradycyjne korea\u0144skie sk\u0142adniki z nowoczesn\u0105 technologi\u0105 piel\u0119gnacyjn\u0105. Ka\u017cde serum jest ukierunkowane na r\u00f3\u017cne potrzeby sk\u00f3ry, takie jak nawil\u017cenie, rozja\u015bnianie, ... Read moreBeauty of Joseon Hanbang Serum Discovery Kit, 4&#215;10 ml &#8211; Zestaw miniaturowych serum do twarzy\" \/>\n<meta property=\"og:url\" content=\"https:\/\/admincentral.selleetools.com\/pl\/product\/beauty-of-joseon-hanbang-serum-discovery-kit-4x10-ml-zestaw-miniaturowych-serum-do-twarzy\/\" \/>\n<meta property=\"og:site_name\" content=\"Selleetools.com\" \/>\n<meta property=\"article:modified_time\" content=\"2025-10-23T17:11:49+00:00\" \/>\n<meta property=\"og:image\" content=\"https:\/\/selleetools.com\/wp-content\/uploads\/2025\/10\/3a2ad3aeaf9097d4cfc30581e709438e.jpg\" \/>\n\t<meta property=\"og:image:width\" content=\"615\" \/>\n\t<meta property=\"og:image:height\" content=\"615\" \/>\n\t<meta property=\"og:image:type\" content=\"image\/jpeg\" \/>\n<meta name=\"twitter:card\" content=\"summary_large_image\" \/>\n<meta name=\"twitter:label1\" content=\"Est. reading time\" \/>\n\t<meta name=\"twitter:data1\" content=\"1 minuta\" \/>\n<!-- \/ Yoast SEO plugin. -->","yoast_head_json":{"title":"Beauty of Joseon Hanbang Serum Discovery Kit, 4x10 ml - Zestaw miniaturowych serum do twarzy - Selleetools.com","robots":{"index":"index","follow":"follow","max-snippet":"max-snippet:-1","max-image-preview":"max-image-preview:large","max-video-preview":"max-video-preview:-1"},"canonical":"https:\/\/admincentral.selleetools.com\/pl\/product\/beauty-of-joseon-hanbang-serum-discovery-kit-4x10-ml-zestaw-miniaturowych-serum-do-twarzy\/","og_locale":"pl_PL","og_type":"article","og_title":"Beauty of Joseon Hanbang Serum Discovery Kit, 4x10 ml - Zestaw miniaturowych serum do twarzy - Selleetools.com","og_description":"Beauty of Joseon Hanbang Serum Discovery Kit to zestaw czterech miniaturowych serum (Revive Serum : Ginseng+Snail Mucin 10ml+Glow Deep Seum : Rice +Alpha Arbutin 10ml+Glow Serum : Propolis+Niacinamide 10ml+Calming Serum : Green tea+Panthenol 10ml), kt\u00f3re \u0142\u0105cz\u0105 tradycyjne korea\u0144skie sk\u0142adniki z nowoczesn\u0105 technologi\u0105 piel\u0119gnacyjn\u0105. Ka\u017cde serum jest ukierunkowane na r\u00f3\u017cne potrzeby sk\u00f3ry, takie jak nawil\u017cenie, rozja\u015bnianie, ... Read moreBeauty of Joseon Hanbang Serum Discovery Kit, 4&#215;10 ml &#8211; Zestaw miniaturowych serum do twarzy","og_url":"https:\/\/admincentral.selleetools.com\/pl\/product\/beauty-of-joseon-hanbang-serum-discovery-kit-4x10-ml-zestaw-miniaturowych-serum-do-twarzy\/","og_site_name":"Selleetools.com","article_modified_time":"2025-10-23T17:11:49+00:00","og_image":[{"width":615,"height":615,"url":"https:\/\/selleetools.com\/wp-content\/uploads\/2025\/10\/3a2ad3aeaf9097d4cfc30581e709438e.jpg","type":"image\/jpeg"}],"twitter_card":"summary_large_image","twitter_misc":{"Est. reading time":"1 minuta"},"schema":{"@context":"https:\/\/schema.org","@graph":[{"@type":"Organization","@id":"https:\/\/selleetools.com\/#organization","name":"Selleetools","url":"https:\/\/selleetools.com\/","sameAs":[],"logo":{"@type":"ImageObject","inLanguage":"pl-PL","@id":"https:\/\/selleetools.com\/#\/schema\/logo\/image\/","url":"https:\/\/selleetools.com\/wp-content\/uploads\/2021\/10\/logo-dark.png","contentUrl":"https:\/\/selleetools.com\/wp-content\/uploads\/2021\/10\/logo-dark.png","width":320,"height":76,"caption":"Selleetools"},"image":{"@id":"https:\/\/selleetools.com\/#\/schema\/logo\/image\/"}},{"@type":"WebSite","@id":"https:\/\/selleetools.com\/#website","url":"https:\/\/selleetools.com\/","name":"Selleetools.com","description":"","publisher":{"@id":"https:\/\/selleetools.com\/#organization"},"potentialAction":[{"@type":"SearchAction","target":{"@type":"EntryPoint","urlTemplate":"https:\/\/selleetools.com\/?s={search_term_string}"},"query-input":"required name=search_term_string"}],"inLanguage":"pl-PL"},{"@type":"WebPage","@id":"https:\/\/admincentral.selleetools.com\/pl\/product\/beauty-of-joseon-hanbang-serum-discovery-kit-4x10-ml-zestaw-miniaturowych-serum-do-twarzy\/","url":"https:\/\/admincentral.selleetools.com\/pl\/product\/beauty-of-joseon-hanbang-serum-discovery-kit-4x10-ml-zestaw-miniaturowych-serum-do-twarzy\/","name":"Beauty of Joseon Hanbang Serum Discovery Kit, 4x10 ml - Zestaw miniaturowych serum do twarzy - Selleetools.com","isPartOf":{"@id":"https:\/\/selleetools.com\/#website"},"datePublished":"2025-10-22T07:06:15+00:00","dateModified":"2025-10-23T17:11:49+00:00","breadcrumb":{"@id":"https:\/\/admincentral.selleetools.com\/pl\/product\/beauty-of-joseon-hanbang-serum-discovery-kit-4x10-ml-zestaw-miniaturowych-serum-do-twarzy\/#breadcrumb"},"inLanguage":"pl-PL","potentialAction":[{"@type":"ReadAction","target":["https:\/\/admincentral.selleetools.com\/pl\/product\/beauty-of-joseon-hanbang-serum-discovery-kit-4x10-ml-zestaw-miniaturowych-serum-do-twarzy\/"]}]},{"@type":"BreadcrumbList","@id":"https:\/\/admincentral.selleetools.com\/pl\/product\/beauty-of-joseon-hanbang-serum-discovery-kit-4x10-ml-zestaw-miniaturowych-serum-do-twarzy\/#breadcrumb","itemListElement":[{"@type":"ListItem","position":1,"name":"Home","item":"https:\/\/selleetools.com\/pl\/"},{"@type":"ListItem","position":2,"name":"Katalog","item":"https:\/\/selleetools.com\/pl\/katalog\/"},{"@type":"ListItem","position":3,"name":"Beauty of Joseon Hanbang Serum Discovery Kit, 4&#215;10 ml &#8211; Zestaw miniaturowych serum do twarzy"}]}]}},"_links":{"self":[{"href":"https:\/\/selleetools.com\/pl\/wp-json\/wp\/v2\/product\/599359"}],"collection":[{"href":"https:\/\/selleetools.com\/pl\/wp-json\/wp\/v2\/product"}],"about":[{"href":"https:\/\/selleetools.com\/pl\/wp-json\/wp\/v2\/types\/product"}],"replies":[{"embeddable":true,"href":"https:\/\/selleetools.com\/pl\/wp-json\/wp\/v2\/comments?post=599359"}],"wp:featuredmedia":[{"embeddable":true,"href":"https:\/\/selleetools.com\/pl\/wp-json\/wp\/v2\/media\/599357"}],"wp:attachment":[{"href":"https:\/\/selleetools.com\/pl\/wp-json\/wp\/v2\/media?parent=599359"}],"curies":[{"name":"wp","href":"https:\/\/api.w.org\/{rel}","templated":true}]}}