{"id":599326,"date":"2025-10-22T09:05:43","date_gmt":"2025-10-22T07:05:43","guid":{"rendered":"https:\/\/selleetools.com\/?post_type=product&#038;p=599326"},"modified":"2025-12-26T16:54:03","modified_gmt":"2025-12-26T15:54:03","slug":"mediheal-labocare-lip-balm-10-ml-balsam-do-ust-z-pantenolem-i-olejem-makadamia","status":"publish","type":"product","link":"https:\/\/selleetools.com\/pl\/product\/mediheal-labocare-lip-balm-10-ml-balsam-do-ust-z-pantenolem-i-olejem-makadamia\/","title":{"rendered":"Mediheal Labocare Lip Balm 10 ml &#8211; Balsam do ust z pantenolem i olejem makadamia"},"content":{"rendered":"<p><font style=\"font-size: 12px;\">Mediheal Labocare Lip Balm to intensywnie nawil\u017caj\u0105cy balsam do ust, kt\u00f3ry zosta\u0142 opracowany z my\u015bl\u0105 o skutecznej regeneracji i ochronie delikatnej sk\u00f3ry warg. Produkt ten jest szczeg\u00f3lnie polecany do codziennej piel\u0119gnacji suchych, spierzchni\u0119tych ust, zapewniaj\u0105c im natychmiastowe nawil\u017cenie i d\u0142ugotrwa\u0142\u0105 ochron\u0119.<\/font><\/p>\n<h3><font style=\"font-size: 12px;\">Korzy\u015bci:<\/font><\/h3>\n<ul>\n<li><font style=\"font-size: 12px;\"><strong>G\u0142\u0119bokie nawil\u017cenie:<\/strong> Dzi\u0119ki zawarto\u015bci sk\u0142adnik\u00f3w nawil\u017caj\u0105cych, takich jak kwas hialuronowy, balsam natychmiastowo przywraca nawil\u017cenie suchym ustom, zapobiegaj\u0105c ich p\u0119kaniu.<\/font><\/li>\n<li><font style=\"font-size: 12px;\"><strong>Ochrona przed czynnikami zewn\u0119trznymi:<\/strong> Stworzy warstw\u0119 ochronn\u0105 na powierzchni ust, chroni\u0105c je przed szkodliwym dzia\u0142aniem czynnik\u00f3w zewn\u0119trznych, takich jak wiatr, mr\u00f3z czy s\u0142o\u0144ce.<\/font><\/li>\n<li><font style=\"font-size: 12px;\"><strong>Regeneracja i \u0142agodzenie:<\/strong> Zawiera sk\u0142adniki regeneruj\u0105ce, kt\u00f3re wspomagaj\u0105 odbudow\u0119 spierzchni\u0119tych warg oraz \u0142agodz\u0105 podra\u017cnienia i zaczerwienienia.<\/font><\/li>\n<li><font style=\"font-size: 12px;\"><strong>Lekka formu\u0142a:<\/strong> Balsam jest lekki i nieklej\u0105cy, co sprawia, \u017ce jest komfortowy w noszeniu przez ca\u0142y dzie\u0144.<\/font><\/li>\n<\/ul>\n<h3><font style=\"font-size: 12px;\">Spos\u00f3b u\u017cycia:<\/font><\/h3>\n<p><font style=\"font-size: 12px;\">Na\u0142\u00f3\u017c odpowiedni\u0105 ilo\u015b\u0107 balsamu na usta, delikatnie rozprowadzaj\u0105c go na ca\u0142ej ich powierzchni. Mo\u017cesz u\u017cywa\u0107 balsamu kilka razy dziennie, szczeg\u00f3lnie przed wyj\u015bciem na zewn\u0105trz, aby zapewni\u0107 swoim ustom optymaln\u0105 ochron\u0119 i nawil\u017cenie. Dla intensywnej regeneracji, stosuj grubsz\u0105 warstw\u0119 przed snem.<\/font><\/p>\n","protected":false},"excerpt":{"rendered":"<p>Mediheal Labocare Lip Balm to intensywnie nawil\u017caj\u0105cy balsam do ust, kt\u00f3ry zosta\u0142 opracowany z my\u015bl\u0105 o skutecznej regeneracji i ochronie delikatnej sk\u00f3ry warg. Produkt ten jest szczeg\u00f3lnie polecany do codziennej piel\u0119gnacji suchych, spierzchni\u0119tych ust, zapewniaj\u0105c im natychmiastowe nawil\u017cenie i d\u0142ugotrwa\u0142\u0105 ochron\u0119. Korzy\u015bci: G\u0142\u0119bokie nawil\u017cenie: Dzi\u0119ki zawarto\u015bci sk\u0142adnik\u00f3w nawil\u017caj\u0105cych, takich jak kwas hialuronowy, balsam natychmiastowo przywraca &#8230; <a title=\"Mediheal Labocare Lip Balm 10 ml &#8211; Balsam do ust z pantenolem i olejem makadamia\" class=\"read-more\" href=\"https:\/\/selleetools.com\/pl\/product\/mediheal-labocare-lip-balm-10-ml-balsam-do-ust-z-pantenolem-i-olejem-makadamia\/\">Read more<span class=\"screen-reader-text\">Mediheal Labocare Lip Balm 10 ml &#8211; Balsam do ust z pantenolem i olejem makadamia<\/span><\/a><\/p>\n","protected":false},"featured_media":599322,"comment_status":"open","ping_status":"closed","template":"","meta":{"_links_to":"","_links_to_target":""},"yoast_head":"<!-- This site is optimized with the Yoast SEO plugin v19.4 - https:\/\/yoast.com\/wordpress\/plugins\/seo\/ -->\n<title>Mediheal Labocare Lip Balm 10 ml - Balsam do ust z pantenolem i olejem makadamia - Selleetools.com<\/title>\n<meta name=\"robots\" content=\"index, follow, max-snippet:-1, max-image-preview:large, max-video-preview:-1\" \/>\n<link rel=\"canonical\" href=\"https:\/\/selleetools.com\/pl\/product\/mediheal-labocare-lip-balm-10-ml-balsam-do-ust-z-pantenolem-i-olejem-makadamia\/\" \/>\n<meta property=\"og:locale\" content=\"pl_PL\" \/>\n<meta property=\"og:type\" content=\"article\" \/>\n<meta property=\"og:title\" content=\"Mediheal Labocare Lip Balm 10 ml - Balsam do ust z pantenolem i olejem makadamia - Selleetools.com\" \/>\n<meta property=\"og:description\" content=\"Mediheal Labocare Lip Balm to intensywnie nawil\u017caj\u0105cy balsam do ust, kt\u00f3ry zosta\u0142 opracowany z my\u015bl\u0105 o skutecznej regeneracji i ochronie delikatnej sk\u00f3ry warg. Produkt ten jest szczeg\u00f3lnie polecany do codziennej piel\u0119gnacji suchych, spierzchni\u0119tych ust, zapewniaj\u0105c im natychmiastowe nawil\u017cenie i d\u0142ugotrwa\u0142\u0105 ochron\u0119. Korzy\u015bci: G\u0142\u0119bokie nawil\u017cenie: Dzi\u0119ki zawarto\u015bci sk\u0142adnik\u00f3w nawil\u017caj\u0105cych, takich jak kwas hialuronowy, balsam natychmiastowo przywraca ... Read moreMediheal Labocare Lip Balm 10 ml &#8211; Balsam do ust z pantenolem i olejem makadamia\" \/>\n<meta property=\"og:url\" content=\"https:\/\/selleetools.com\/pl\/product\/mediheal-labocare-lip-balm-10-ml-balsam-do-ust-z-pantenolem-i-olejem-makadamia\/\" \/>\n<meta property=\"og:site_name\" content=\"Selleetools.com\" \/>\n<meta property=\"article:modified_time\" content=\"2025-12-26T15:54:03+00:00\" \/>\n<meta property=\"og:image\" content=\"https:\/\/selleetools.com\/wp-content\/uploads\/2025\/10\/f91f1c6b364bc17674496f278f32bd10.jpg\" \/>\n\t<meta property=\"og:image:width\" content=\"900\" \/>\n\t<meta property=\"og:image:height\" content=\"900\" \/>\n\t<meta property=\"og:image:type\" content=\"image\/jpeg\" \/>\n<meta name=\"twitter:card\" content=\"summary_large_image\" \/>\n<meta name=\"twitter:label1\" content=\"Est. reading time\" \/>\n\t<meta name=\"twitter:data1\" content=\"1 minuta\" \/>\n<!-- \/ Yoast SEO plugin. -->","yoast_head_json":{"title":"Mediheal Labocare Lip Balm 10 ml - Balsam do ust z pantenolem i olejem makadamia - Selleetools.com","robots":{"index":"index","follow":"follow","max-snippet":"max-snippet:-1","max-image-preview":"max-image-preview:large","max-video-preview":"max-video-preview:-1"},"canonical":"https:\/\/selleetools.com\/pl\/product\/mediheal-labocare-lip-balm-10-ml-balsam-do-ust-z-pantenolem-i-olejem-makadamia\/","og_locale":"pl_PL","og_type":"article","og_title":"Mediheal Labocare Lip Balm 10 ml - Balsam do ust z pantenolem i olejem makadamia - Selleetools.com","og_description":"Mediheal Labocare Lip Balm to intensywnie nawil\u017caj\u0105cy balsam do ust, kt\u00f3ry zosta\u0142 opracowany z my\u015bl\u0105 o skutecznej regeneracji i ochronie delikatnej sk\u00f3ry warg. Produkt ten jest szczeg\u00f3lnie polecany do codziennej piel\u0119gnacji suchych, spierzchni\u0119tych ust, zapewniaj\u0105c im natychmiastowe nawil\u017cenie i d\u0142ugotrwa\u0142\u0105 ochron\u0119. Korzy\u015bci: G\u0142\u0119bokie nawil\u017cenie: Dzi\u0119ki zawarto\u015bci sk\u0142adnik\u00f3w nawil\u017caj\u0105cych, takich jak kwas hialuronowy, balsam natychmiastowo przywraca ... Read moreMediheal Labocare Lip Balm 10 ml &#8211; Balsam do ust z pantenolem i olejem makadamia","og_url":"https:\/\/selleetools.com\/pl\/product\/mediheal-labocare-lip-balm-10-ml-balsam-do-ust-z-pantenolem-i-olejem-makadamia\/","og_site_name":"Selleetools.com","article_modified_time":"2025-12-26T15:54:03+00:00","og_image":[{"width":900,"height":900,"url":"https:\/\/selleetools.com\/wp-content\/uploads\/2025\/10\/f91f1c6b364bc17674496f278f32bd10.jpg","type":"image\/jpeg"}],"twitter_card":"summary_large_image","twitter_misc":{"Est. reading time":"1 minuta"},"schema":{"@context":"https:\/\/schema.org","@graph":[{"@type":"Organization","@id":"https:\/\/selleetools.com\/#organization","name":"Selleetools","url":"https:\/\/selleetools.com\/","sameAs":[],"logo":{"@type":"ImageObject","inLanguage":"pl-PL","@id":"https:\/\/selleetools.com\/#\/schema\/logo\/image\/","url":"https:\/\/selleetools.com\/wp-content\/uploads\/2021\/10\/logo-dark.png","contentUrl":"https:\/\/selleetools.com\/wp-content\/uploads\/2021\/10\/logo-dark.png","width":320,"height":76,"caption":"Selleetools"},"image":{"@id":"https:\/\/selleetools.com\/#\/schema\/logo\/image\/"}},{"@type":"WebSite","@id":"https:\/\/selleetools.com\/#website","url":"https:\/\/selleetools.com\/","name":"Selleetools.com","description":"","publisher":{"@id":"https:\/\/selleetools.com\/#organization"},"potentialAction":[{"@type":"SearchAction","target":{"@type":"EntryPoint","urlTemplate":"https:\/\/selleetools.com\/?s={search_term_string}"},"query-input":"required name=search_term_string"}],"inLanguage":"pl-PL"},{"@type":"WebPage","@id":"https:\/\/selleetools.com\/pl\/product\/mediheal-labocare-lip-balm-10-ml-balsam-do-ust-z-pantenolem-i-olejem-makadamia\/","url":"https:\/\/selleetools.com\/pl\/product\/mediheal-labocare-lip-balm-10-ml-balsam-do-ust-z-pantenolem-i-olejem-makadamia\/","name":"Mediheal Labocare Lip Balm 10 ml - Balsam do ust z pantenolem i olejem makadamia - Selleetools.com","isPartOf":{"@id":"https:\/\/selleetools.com\/#website"},"datePublished":"2025-10-22T07:05:43+00:00","dateModified":"2025-12-26T15:54:03+00:00","breadcrumb":{"@id":"https:\/\/selleetools.com\/pl\/product\/mediheal-labocare-lip-balm-10-ml-balsam-do-ust-z-pantenolem-i-olejem-makadamia\/#breadcrumb"},"inLanguage":"pl-PL","potentialAction":[{"@type":"ReadAction","target":["https:\/\/selleetools.com\/pl\/product\/mediheal-labocare-lip-balm-10-ml-balsam-do-ust-z-pantenolem-i-olejem-makadamia\/"]}]},{"@type":"BreadcrumbList","@id":"https:\/\/selleetools.com\/pl\/product\/mediheal-labocare-lip-balm-10-ml-balsam-do-ust-z-pantenolem-i-olejem-makadamia\/#breadcrumb","itemListElement":[{"@type":"ListItem","position":1,"name":"Home","item":"https:\/\/selleetools.com\/pl\/"},{"@type":"ListItem","position":2,"name":"Katalog","item":"https:\/\/selleetools.com\/pl\/katalog\/"},{"@type":"ListItem","position":3,"name":"Mediheal Labocare Lip Balm 10 ml &#8211; Balsam do ust z pantenolem i olejem makadamia"}]}]}},"_links":{"self":[{"href":"https:\/\/selleetools.com\/pl\/wp-json\/wp\/v2\/product\/599326"}],"collection":[{"href":"https:\/\/selleetools.com\/pl\/wp-json\/wp\/v2\/product"}],"about":[{"href":"https:\/\/selleetools.com\/pl\/wp-json\/wp\/v2\/types\/product"}],"replies":[{"embeddable":true,"href":"https:\/\/selleetools.com\/pl\/wp-json\/wp\/v2\/comments?post=599326"}],"wp:featuredmedia":[{"embeddable":true,"href":"https:\/\/selleetools.com\/pl\/wp-json\/wp\/v2\/media\/599322"}],"wp:attachment":[{"href":"https:\/\/selleetools.com\/pl\/wp-json\/wp\/v2\/media?parent=599326"}],"curies":[{"name":"wp","href":"https:\/\/api.w.org\/{rel}","templated":true}]}}