{"id":599321,"date":"2025-10-22T09:05:39","date_gmt":"2025-10-22T07:05:39","guid":{"rendered":"https:\/\/selleetools.com\/?post_type=product&#038;p=599321"},"modified":"2025-12-26T16:53:58","modified_gmt":"2025-12-26T15:53:58","slug":"mediheal-labocare-lip-balm-10-ml-kojacy-zelowy-balsam-do-ust-z-maslem-shea-i-olejem-arganowym","status":"publish","type":"product","link":"https:\/\/selleetools.com\/pl\/product\/mediheal-labocare-lip-balm-10-ml-kojacy-zelowy-balsam-do-ust-z-maslem-shea-i-olejem-arganowym\/","title":{"rendered":"MEDIHEAL Labocare Lip Balm 10 ml &#8211; Koj\u0105cy \u017celowy balsam do ust z mas\u0142em shea i olejem arganowym"},"content":{"rendered":"<p><font style=\"font-size: 12px;\"><strong>MEDIHEAL Labocare Lip Balm<\/strong> to innowacyjny balsam do ust, kt\u00f3ry zosta\u0142 stworzony z my\u015bl\u0105 o intensywnej piel\u0119gnacji i ochronie wra\u017cliwej sk\u00f3ry ust. Formu\u0142a tego produktu zosta\u0142a opracowana w laboratoriach MEDIHEAL, lidera w dziedzinie kosmetyk\u00f3w dermatologicznych, aby zapewni\u0107 skuteczne nawil\u017cenie, regeneracj\u0119 oraz ochron\u0119 ust przed szkodliwymi czynnikami zewn\u0119trznymi.<\/font><\/p>\n<h4><font style=\"font-size: 12px;\">Korzy\u015bci dla sk\u00f3ry:<\/font><\/h4>\n<ul>\n<li><font style=\"font-size: 12px;\"><strong>Intensywne nawil\u017cenie<\/strong>: Dzi\u0119ki zawarto\u015bci sk\u0142adnik\u00f3w o silnym dzia\u0142aniu nawil\u017caj\u0105cym, takich jak mas\u0142o shea i olej jojoba, balsam g\u0142\u0119boko nawil\u017ca sk\u00f3r\u0119 ust, zapobiegaj\u0105c ich wysuszeniu i p\u0119kaniu.<\/font><\/li>\n<li><font style=\"font-size: 12px;\"><strong>Regeneracja<\/strong>: Sk\u0142adniki regeneruj\u0105ce, takie jak pantenol i ceramidy, wspieraj\u0105 odbudow\u0119 nask\u00f3rka, przyspieszaj\u0105c proces gojenia si\u0119 drobnych uszkodze\u0144 i spierzchni\u0119\u0107.<\/font><\/li>\n<li><font style=\"font-size: 12px;\"><strong>Ochrona<\/strong>: Tworzy ochronn\u0105 barier\u0119 na powierzchni ust, kt\u00f3ra chroni je przed dzia\u0142aniem czynnik\u00f3w atmosferycznych, takich jak wiatr, mr\u00f3z, czy s\u0142o\u0144ce.<\/font><\/li>\n<\/ul>\n<h4><font style=\"font-size: 12px;\">Spos\u00f3b u\u017cycia:<\/font><\/h4>\n<p><font style=\"font-size: 12px;\">Aby uzyska\u0107 najlepsze rezultaty, na\u0142\u00f3\u017c balsam na czyste usta, delikatnie wmasowuj\u0105c go w sk\u00f3r\u0119. Produkt mo\u017cna stosowa\u0107 kilka razy dziennie, w zale\u017cno\u015bci od potrzeb. Jest idealny do codziennej piel\u0119gnacji, a tak\u017ce jako intensywna kuracja regeneracyjna na noc. Dla zapewnienia maksymalnej ochrony i nawil\u017cenia, stosuj balsam przed wyj\u015bciem na zewn\u0105trz oraz przed snem.<\/font><\/p>\n<p><font style=\"font-size: 12px;\"><strong>MEDIHEAL Labocare Lip Balm<\/strong> to doskona\u0142y wyb\u00f3r dla os\u00f3b, kt\u00f3re pragn\u0105 zapewni\u0107 swoim ustom kompleksow\u0105 piel\u0119gnacj\u0119, ochron\u0119 i regeneracj\u0119 w jednym produkcie.<\/font><\/p>\n","protected":false},"excerpt":{"rendered":"<p>MEDIHEAL Labocare Lip Balm to innowacyjny balsam do ust, kt\u00f3ry zosta\u0142 stworzony z my\u015bl\u0105 o intensywnej piel\u0119gnacji i ochronie wra\u017cliwej sk\u00f3ry ust. Formu\u0142a tego produktu zosta\u0142a opracowana w laboratoriach MEDIHEAL, lidera w dziedzinie kosmetyk\u00f3w dermatologicznych, aby zapewni\u0107 skuteczne nawil\u017cenie, regeneracj\u0119 oraz ochron\u0119 ust przed szkodliwymi czynnikami zewn\u0119trznymi. Korzy\u015bci dla sk\u00f3ry: Intensywne nawil\u017cenie: Dzi\u0119ki zawarto\u015bci sk\u0142adnik\u00f3w &#8230; <a title=\"MEDIHEAL Labocare Lip Balm 10 ml &#8211; Koj\u0105cy \u017celowy balsam do ust z mas\u0142em shea i olejem arganowym\" class=\"read-more\" href=\"https:\/\/selleetools.com\/pl\/product\/mediheal-labocare-lip-balm-10-ml-kojacy-zelowy-balsam-do-ust-z-maslem-shea-i-olejem-arganowym\/\">Read more<span class=\"screen-reader-text\">MEDIHEAL Labocare Lip Balm 10 ml &#8211; Koj\u0105cy \u017celowy balsam do ust z mas\u0142em shea i olejem arganowym<\/span><\/a><\/p>\n","protected":false},"featured_media":599317,"comment_status":"open","ping_status":"closed","template":"","meta":{"_links_to":"","_links_to_target":""},"yoast_head":"<!-- This site is optimized with the Yoast SEO plugin v19.4 - https:\/\/yoast.com\/wordpress\/plugins\/seo\/ -->\n<title>MEDIHEAL Labocare Lip Balm 10 ml - Koj\u0105cy \u017celowy balsam do ust z mas\u0142em shea i olejem arganowym - Selleetools.com<\/title>\n<meta name=\"robots\" content=\"index, follow, max-snippet:-1, max-image-preview:large, max-video-preview:-1\" \/>\n<link rel=\"canonical\" href=\"https:\/\/selleetools.com\/product\/mediheal-labocare-lip-balm-10-ml-kojacy-zelowy-balsam-do-ust-z-maslem-shea-i-olejem-arganowym\/\" \/>\n<meta property=\"og:locale\" content=\"pl_PL\" \/>\n<meta property=\"og:type\" content=\"article\" \/>\n<meta property=\"og:title\" content=\"MEDIHEAL Labocare Lip Balm 10 ml - Koj\u0105cy \u017celowy balsam do ust z mas\u0142em shea i olejem arganowym - Selleetools.com\" \/>\n<meta property=\"og:description\" content=\"MEDIHEAL Labocare Lip Balm to innowacyjny balsam do ust, kt\u00f3ry zosta\u0142 stworzony z my\u015bl\u0105 o intensywnej piel\u0119gnacji i ochronie wra\u017cliwej sk\u00f3ry ust. Formu\u0142a tego produktu zosta\u0142a opracowana w laboratoriach MEDIHEAL, lidera w dziedzinie kosmetyk\u00f3w dermatologicznych, aby zapewni\u0107 skuteczne nawil\u017cenie, regeneracj\u0119 oraz ochron\u0119 ust przed szkodliwymi czynnikami zewn\u0119trznymi. Korzy\u015bci dla sk\u00f3ry: Intensywne nawil\u017cenie: Dzi\u0119ki zawarto\u015bci sk\u0142adnik\u00f3w ... Read moreMEDIHEAL Labocare Lip Balm 10 ml &#8211; Koj\u0105cy \u017celowy balsam do ust z mas\u0142em shea i olejem arganowym\" \/>\n<meta property=\"og:url\" content=\"https:\/\/selleetools.com\/product\/mediheal-labocare-lip-balm-10-ml-kojacy-zelowy-balsam-do-ust-z-maslem-shea-i-olejem-arganowym\/\" \/>\n<meta property=\"og:site_name\" content=\"Selleetools.com\" \/>\n<meta property=\"article:modified_time\" content=\"2025-12-26T15:53:58+00:00\" \/>\n<meta property=\"og:image\" content=\"https:\/\/selleetools.com\/wp-content\/uploads\/2025\/10\/5a431519cd653b4768c33bfb46cb614f.jpg\" \/>\n\t<meta property=\"og:image:width\" content=\"900\" \/>\n\t<meta property=\"og:image:height\" content=\"900\" \/>\n\t<meta property=\"og:image:type\" content=\"image\/jpeg\" \/>\n<meta name=\"twitter:card\" content=\"summary_large_image\" \/>\n<meta name=\"twitter:label1\" content=\"Est. reading time\" \/>\n\t<meta name=\"twitter:data1\" content=\"1 minuta\" \/>\n<!-- \/ Yoast SEO plugin. -->","yoast_head_json":{"title":"MEDIHEAL Labocare Lip Balm 10 ml - Koj\u0105cy \u017celowy balsam do ust z mas\u0142em shea i olejem arganowym - Selleetools.com","robots":{"index":"index","follow":"follow","max-snippet":"max-snippet:-1","max-image-preview":"max-image-preview:large","max-video-preview":"max-video-preview:-1"},"canonical":"https:\/\/selleetools.com\/product\/mediheal-labocare-lip-balm-10-ml-kojacy-zelowy-balsam-do-ust-z-maslem-shea-i-olejem-arganowym\/","og_locale":"pl_PL","og_type":"article","og_title":"MEDIHEAL Labocare Lip Balm 10 ml - Koj\u0105cy \u017celowy balsam do ust z mas\u0142em shea i olejem arganowym - Selleetools.com","og_description":"MEDIHEAL Labocare Lip Balm to innowacyjny balsam do ust, kt\u00f3ry zosta\u0142 stworzony z my\u015bl\u0105 o intensywnej piel\u0119gnacji i ochronie wra\u017cliwej sk\u00f3ry ust. Formu\u0142a tego produktu zosta\u0142a opracowana w laboratoriach MEDIHEAL, lidera w dziedzinie kosmetyk\u00f3w dermatologicznych, aby zapewni\u0107 skuteczne nawil\u017cenie, regeneracj\u0119 oraz ochron\u0119 ust przed szkodliwymi czynnikami zewn\u0119trznymi. Korzy\u015bci dla sk\u00f3ry: Intensywne nawil\u017cenie: Dzi\u0119ki zawarto\u015bci sk\u0142adnik\u00f3w ... Read moreMEDIHEAL Labocare Lip Balm 10 ml &#8211; Koj\u0105cy \u017celowy balsam do ust z mas\u0142em shea i olejem arganowym","og_url":"https:\/\/selleetools.com\/product\/mediheal-labocare-lip-balm-10-ml-kojacy-zelowy-balsam-do-ust-z-maslem-shea-i-olejem-arganowym\/","og_site_name":"Selleetools.com","article_modified_time":"2025-12-26T15:53:58+00:00","og_image":[{"width":900,"height":900,"url":"https:\/\/selleetools.com\/wp-content\/uploads\/2025\/10\/5a431519cd653b4768c33bfb46cb614f.jpg","type":"image\/jpeg"}],"twitter_card":"summary_large_image","twitter_misc":{"Est. reading time":"1 minuta"},"schema":{"@context":"https:\/\/schema.org","@graph":[{"@type":"Organization","@id":"https:\/\/selleetools.com\/#organization","name":"Selleetools","url":"https:\/\/selleetools.com\/","sameAs":[],"logo":{"@type":"ImageObject","inLanguage":"pl-PL","@id":"https:\/\/selleetools.com\/#\/schema\/logo\/image\/","url":"https:\/\/selleetools.com\/wp-content\/uploads\/2021\/10\/logo-dark.png","contentUrl":"https:\/\/selleetools.com\/wp-content\/uploads\/2021\/10\/logo-dark.png","width":320,"height":76,"caption":"Selleetools"},"image":{"@id":"https:\/\/selleetools.com\/#\/schema\/logo\/image\/"}},{"@type":"WebSite","@id":"https:\/\/selleetools.com\/#website","url":"https:\/\/selleetools.com\/","name":"Selleetools.com","description":"","publisher":{"@id":"https:\/\/selleetools.com\/#organization"},"potentialAction":[{"@type":"SearchAction","target":{"@type":"EntryPoint","urlTemplate":"https:\/\/selleetools.com\/?s={search_term_string}"},"query-input":"required name=search_term_string"}],"inLanguage":"pl-PL"},{"@type":"WebPage","@id":"https:\/\/selleetools.com\/product\/mediheal-labocare-lip-balm-10-ml-kojacy-zelowy-balsam-do-ust-z-maslem-shea-i-olejem-arganowym\/","url":"https:\/\/selleetools.com\/product\/mediheal-labocare-lip-balm-10-ml-kojacy-zelowy-balsam-do-ust-z-maslem-shea-i-olejem-arganowym\/","name":"MEDIHEAL Labocare Lip Balm 10 ml - Koj\u0105cy \u017celowy balsam do ust z mas\u0142em shea i olejem arganowym - Selleetools.com","isPartOf":{"@id":"https:\/\/selleetools.com\/#website"},"datePublished":"2025-10-22T07:05:39+00:00","dateModified":"2025-12-26T15:53:58+00:00","breadcrumb":{"@id":"https:\/\/selleetools.com\/product\/mediheal-labocare-lip-balm-10-ml-kojacy-zelowy-balsam-do-ust-z-maslem-shea-i-olejem-arganowym\/#breadcrumb"},"inLanguage":"pl-PL","potentialAction":[{"@type":"ReadAction","target":["https:\/\/selleetools.com\/product\/mediheal-labocare-lip-balm-10-ml-kojacy-zelowy-balsam-do-ust-z-maslem-shea-i-olejem-arganowym\/"]}]},{"@type":"BreadcrumbList","@id":"https:\/\/selleetools.com\/product\/mediheal-labocare-lip-balm-10-ml-kojacy-zelowy-balsam-do-ust-z-maslem-shea-i-olejem-arganowym\/#breadcrumb","itemListElement":[{"@type":"ListItem","position":1,"name":"Home","item":"https:\/\/selleetools.com\/pl\/"},{"@type":"ListItem","position":2,"name":"Katalog","item":"https:\/\/selleetools.com\/pl\/katalog\/"},{"@type":"ListItem","position":3,"name":"MEDIHEAL Labocare Lip Balm 10 ml &#8211; Koj\u0105cy \u017celowy balsam do ust z mas\u0142em shea i olejem arganowym"}]}]}},"_links":{"self":[{"href":"https:\/\/selleetools.com\/pl\/wp-json\/wp\/v2\/product\/599321"}],"collection":[{"href":"https:\/\/selleetools.com\/pl\/wp-json\/wp\/v2\/product"}],"about":[{"href":"https:\/\/selleetools.com\/pl\/wp-json\/wp\/v2\/types\/product"}],"replies":[{"embeddable":true,"href":"https:\/\/selleetools.com\/pl\/wp-json\/wp\/v2\/comments?post=599321"}],"wp:featuredmedia":[{"embeddable":true,"href":"https:\/\/selleetools.com\/pl\/wp-json\/wp\/v2\/media\/599317"}],"wp:attachment":[{"href":"https:\/\/selleetools.com\/pl\/wp-json\/wp\/v2\/media?parent=599321"}],"curies":[{"name":"wp","href":"https:\/\/api.w.org\/{rel}","templated":true}]}}