{"id":599262,"date":"2025-10-22T09:04:40","date_gmt":"2025-10-22T07:04:40","guid":{"rendered":"https:\/\/selleetools.com\/?post_type=product&#038;p=599262"},"modified":"2025-12-26T16:51:25","modified_gmt":"2025-12-26T15:51:25","slug":"marymay-blackberry-complex-glow-wash-off-pack-30-g-rozjasniajaco-ujedrniajaca-maseczka-do-twarzy","status":"publish","type":"product","link":"https:\/\/selleetools.com\/pl\/product\/marymay-blackberry-complex-glow-wash-off-pack-30-g-rozjasniajaco-ujedrniajaca-maseczka-do-twarzy\/","title":{"rendered":"Mary&#038;May Blackberry Complex Glow Wash off Pack 30 g &#8211; Rozja\u015bniaj\u0105co-uj\u0119drniaj\u0105ca maseczka do twarzy"},"content":{"rendered":"<p style=\"color: rgb(0, 0, 0); caret-color: rgb(0, 0, 0);\"><font style=\"font-size: 12px;\">Mary&#038;May Blackberry Complex Glow Washoff Pack to maseczka do twarzy o kremowej konsystencji, kt\u00f3ra zawiera kompleks z je\u017cyn oraz inne sk\u0142adniki aktywne, takie jak witamina C i kwas hialuronowy. Produkt jest stworzony z my\u015bl\u0105 o od\u017cywieniu, nawil\u017ceniu i rozja\u015bnieniu sk\u00f3ry, pozostawiaj\u0105c j\u0105 promienn\u0105 i g\u0142adk\u0105.<\/font><\/p>\n<h4 style=\"font-family: \"Open Sans\", \"Helvetica Neue\", Helvetica, Arial, sans-serif; color: rgb(0, 0, 0); caret-color: rgb(0, 0, 0);\"><font style=\"font-size: 12px;\">Korzy\u015bci dla sk\u00f3ry<\/font><\/h4>\n<ul style=\"caret-color: rgb(0, 0, 0); color: rgb(0, 0, 0);\">\n<li><font style=\"font-size: 12px;\"><span style=\"font-weight: 600;\">Rozja\u015bnienie i wyr\u00f3wnanie kolorytu<\/span>: Dzi\u0119ki zawarto\u015bci witaminy C maseczka pomaga zredukowa\u0107 przebarwienia i nada\u0107 sk\u00f3rze blask.<\/font><\/li>\n<li><font style=\"font-size: 12px;\"><span style=\"font-weight: 600;\">Nawil\u017cenie<\/span>: Kwas hialuronowy zapewnia g\u0142\u0119bokie nawil\u017cenie, poprawiaj\u0105c elastyczno\u015b\u0107 sk\u00f3ry.<\/font><\/li>\n<li><font style=\"font-size: 12px;\"><span style=\"font-weight: 600;\">Od\u017cywienie<\/span>: Ekstrakt z je\u017cyn dostarcza sk\u00f3rze niezb\u0119dnych witamin i minera\u0142\u00f3w, wspomagaj\u0105c jej regeneracj\u0119.<\/font><\/li>\n<\/ul>\n<h4 style=\"font-family: \"Open Sans\", \"Helvetica Neue\", Helvetica, Arial, sans-serif; color: rgb(0, 0, 0); caret-color: rgb(0, 0, 0);\"><font style=\"font-size: 12px;\">Spos\u00f3b u\u017cycia<\/font><\/h4>\n<ol style=\"caret-color: rgb(0, 0, 0); color: rgb(0, 0, 0);\">\n<li><font style=\"font-size: 12px;\"><span style=\"font-weight: 600;\">Oczyszczenie<\/span>: Na\u0142\u00f3\u017c maseczk\u0119 na czyst\u0105, such\u0105 sk\u00f3r\u0119 twarzy, omijaj\u0105c okolice oczu i ust.<\/font><\/li>\n<li><font style=\"font-size: 12px;\"><span style=\"font-weight: 600;\">Aplikacja<\/span>: Rozprowad\u017a r\u00f3wnomiernie cienk\u0105 warstw\u0119 produktu.<\/font><\/li>\n<li><font style=\"font-size: 12px;\"><span style=\"font-weight: 600;\">Czas dzia\u0142ania<\/span>: Pozostaw na sk\u00f3rze na oko\u0142o 10-15 minut.<\/font><\/li>\n<li><font style=\"font-size: 12px;\"><span style=\"font-weight: 600;\">Zmywanie<\/span>: Sp\u0142ucz maseczk\u0119 letni\u0105 wod\u0105, delikatnie masuj\u0105c sk\u00f3r\u0119 kolistymi ruchami.<\/font><\/li>\n<li><font style=\"font-size: 12px;\"><span style=\"font-weight: 600;\">Cz\u0119stotliwo\u015b\u0107<\/span>: Stosuj 1-2 razy w tygodniu dla najlepszych efekt\u00f3w.<\/font><\/li>\n<\/ol>\n","protected":false},"excerpt":{"rendered":"<p>Mary&#038;May Blackberry Complex Glow Washoff Pack to maseczka do twarzy o kremowej konsystencji, kt\u00f3ra zawiera kompleks z je\u017cyn oraz inne sk\u0142adniki aktywne, takie jak witamina C i kwas hialuronowy. Produkt jest stworzony z my\u015bl\u0105 o od\u017cywieniu, nawil\u017ceniu i rozja\u015bnieniu sk\u00f3ry, pozostawiaj\u0105c j\u0105 promienn\u0105 i g\u0142adk\u0105. Korzy\u015bci dla sk\u00f3ry Rozja\u015bnienie i wyr\u00f3wnanie kolorytu: Dzi\u0119ki zawarto\u015bci witaminy &#8230; <a title=\"Mary&#038;May Blackberry Complex Glow Wash off Pack 30 g &#8211; Rozja\u015bniaj\u0105co-uj\u0119drniaj\u0105ca maseczka do twarzy\" class=\"read-more\" href=\"https:\/\/selleetools.com\/pl\/product\/marymay-blackberry-complex-glow-wash-off-pack-30-g-rozjasniajaco-ujedrniajaca-maseczka-do-twarzy\/\">Read more<span class=\"screen-reader-text\">Mary&#038;May Blackberry Complex Glow Wash off Pack 30 g &#8211; Rozja\u015bniaj\u0105co-uj\u0119drniaj\u0105ca maseczka do twarzy<\/span><\/a><\/p>\n","protected":false},"featured_media":599260,"comment_status":"open","ping_status":"closed","template":"","meta":{"_links_to":"","_links_to_target":""},"yoast_head":"<!-- This site is optimized with the Yoast SEO plugin v19.4 - https:\/\/yoast.com\/wordpress\/plugins\/seo\/ -->\n<title>Mary&amp;May Blackberry Complex Glow Wash off Pack 30 g - Rozja\u015bniaj\u0105co-uj\u0119drniaj\u0105ca maseczka do twarzy - Selleetools.com<\/title>\n<meta name=\"robots\" content=\"index, follow, max-snippet:-1, max-image-preview:large, max-video-preview:-1\" \/>\n<link rel=\"canonical\" href=\"https:\/\/selleetools.com\/pl\/product\/marymay-blackberry-complex-glow-wash-off-pack-30-g-rozjasniajaco-ujedrniajaca-maseczka-do-twarzy\/\" \/>\n<meta property=\"og:locale\" content=\"pl_PL\" \/>\n<meta property=\"og:type\" content=\"article\" \/>\n<meta property=\"og:title\" content=\"Mary&amp;May Blackberry Complex Glow Wash off Pack 30 g - Rozja\u015bniaj\u0105co-uj\u0119drniaj\u0105ca maseczka do twarzy - Selleetools.com\" \/>\n<meta property=\"og:description\" content=\"Mary&#038;May Blackberry Complex Glow Washoff Pack to maseczka do twarzy o kremowej konsystencji, kt\u00f3ra zawiera kompleks z je\u017cyn oraz inne sk\u0142adniki aktywne, takie jak witamina C i kwas hialuronowy. Produkt jest stworzony z my\u015bl\u0105 o od\u017cywieniu, nawil\u017ceniu i rozja\u015bnieniu sk\u00f3ry, pozostawiaj\u0105c j\u0105 promienn\u0105 i g\u0142adk\u0105. Korzy\u015bci dla sk\u00f3ry Rozja\u015bnienie i wyr\u00f3wnanie kolorytu: Dzi\u0119ki zawarto\u015bci witaminy ... Read moreMary&#038;May Blackberry Complex Glow Wash off Pack 30 g &#8211; Rozja\u015bniaj\u0105co-uj\u0119drniaj\u0105ca maseczka do twarzy\" \/>\n<meta property=\"og:url\" content=\"https:\/\/selleetools.com\/pl\/product\/marymay-blackberry-complex-glow-wash-off-pack-30-g-rozjasniajaco-ujedrniajaca-maseczka-do-twarzy\/\" \/>\n<meta property=\"og:site_name\" content=\"Selleetools.com\" \/>\n<meta property=\"article:modified_time\" content=\"2025-12-26T15:51:25+00:00\" \/>\n<meta property=\"og:image\" content=\"https:\/\/selleetools.com\/wp-content\/uploads\/2025\/10\/f321fa2b96eaf1980c7e3c4fe503db45.png\" \/>\n\t<meta property=\"og:image:width\" content=\"600\" \/>\n\t<meta property=\"og:image:height\" content=\"600\" \/>\n\t<meta property=\"og:image:type\" content=\"image\/png\" \/>\n<meta name=\"twitter:card\" content=\"summary_large_image\" \/>\n<meta name=\"twitter:label1\" content=\"Est. reading time\" \/>\n\t<meta name=\"twitter:data1\" content=\"1 minuta\" \/>\n<!-- \/ Yoast SEO plugin. -->","yoast_head_json":{"title":"Mary&May Blackberry Complex Glow Wash off Pack 30 g - Rozja\u015bniaj\u0105co-uj\u0119drniaj\u0105ca maseczka do twarzy - Selleetools.com","robots":{"index":"index","follow":"follow","max-snippet":"max-snippet:-1","max-image-preview":"max-image-preview:large","max-video-preview":"max-video-preview:-1"},"canonical":"https:\/\/selleetools.com\/pl\/product\/marymay-blackberry-complex-glow-wash-off-pack-30-g-rozjasniajaco-ujedrniajaca-maseczka-do-twarzy\/","og_locale":"pl_PL","og_type":"article","og_title":"Mary&May Blackberry Complex Glow Wash off Pack 30 g - Rozja\u015bniaj\u0105co-uj\u0119drniaj\u0105ca maseczka do twarzy - Selleetools.com","og_description":"Mary&#038;May Blackberry Complex Glow Washoff Pack to maseczka do twarzy o kremowej konsystencji, kt\u00f3ra zawiera kompleks z je\u017cyn oraz inne sk\u0142adniki aktywne, takie jak witamina C i kwas hialuronowy. Produkt jest stworzony z my\u015bl\u0105 o od\u017cywieniu, nawil\u017ceniu i rozja\u015bnieniu sk\u00f3ry, pozostawiaj\u0105c j\u0105 promienn\u0105 i g\u0142adk\u0105. Korzy\u015bci dla sk\u00f3ry Rozja\u015bnienie i wyr\u00f3wnanie kolorytu: Dzi\u0119ki zawarto\u015bci witaminy ... Read moreMary&#038;May Blackberry Complex Glow Wash off Pack 30 g &#8211; Rozja\u015bniaj\u0105co-uj\u0119drniaj\u0105ca maseczka do twarzy","og_url":"https:\/\/selleetools.com\/pl\/product\/marymay-blackberry-complex-glow-wash-off-pack-30-g-rozjasniajaco-ujedrniajaca-maseczka-do-twarzy\/","og_site_name":"Selleetools.com","article_modified_time":"2025-12-26T15:51:25+00:00","og_image":[{"width":600,"height":600,"url":"https:\/\/selleetools.com\/wp-content\/uploads\/2025\/10\/f321fa2b96eaf1980c7e3c4fe503db45.png","type":"image\/png"}],"twitter_card":"summary_large_image","twitter_misc":{"Est. reading time":"1 minuta"},"schema":{"@context":"https:\/\/schema.org","@graph":[{"@type":"Organization","@id":"https:\/\/selleetools.com\/#organization","name":"Selleetools","url":"https:\/\/selleetools.com\/","sameAs":[],"logo":{"@type":"ImageObject","inLanguage":"pl-PL","@id":"https:\/\/selleetools.com\/#\/schema\/logo\/image\/","url":"https:\/\/selleetools.com\/wp-content\/uploads\/2021\/10\/logo-dark.png","contentUrl":"https:\/\/selleetools.com\/wp-content\/uploads\/2021\/10\/logo-dark.png","width":320,"height":76,"caption":"Selleetools"},"image":{"@id":"https:\/\/selleetools.com\/#\/schema\/logo\/image\/"}},{"@type":"WebSite","@id":"https:\/\/selleetools.com\/#website","url":"https:\/\/selleetools.com\/","name":"Selleetools.com","description":"","publisher":{"@id":"https:\/\/selleetools.com\/#organization"},"potentialAction":[{"@type":"SearchAction","target":{"@type":"EntryPoint","urlTemplate":"https:\/\/selleetools.com\/?s={search_term_string}"},"query-input":"required name=search_term_string"}],"inLanguage":"pl-PL"},{"@type":"WebPage","@id":"https:\/\/selleetools.com\/pl\/product\/marymay-blackberry-complex-glow-wash-off-pack-30-g-rozjasniajaco-ujedrniajaca-maseczka-do-twarzy\/","url":"https:\/\/selleetools.com\/pl\/product\/marymay-blackberry-complex-glow-wash-off-pack-30-g-rozjasniajaco-ujedrniajaca-maseczka-do-twarzy\/","name":"Mary&May Blackberry Complex Glow Wash off Pack 30 g - Rozja\u015bniaj\u0105co-uj\u0119drniaj\u0105ca maseczka do twarzy - Selleetools.com","isPartOf":{"@id":"https:\/\/selleetools.com\/#website"},"datePublished":"2025-10-22T07:04:40+00:00","dateModified":"2025-12-26T15:51:25+00:00","breadcrumb":{"@id":"https:\/\/selleetools.com\/pl\/product\/marymay-blackberry-complex-glow-wash-off-pack-30-g-rozjasniajaco-ujedrniajaca-maseczka-do-twarzy\/#breadcrumb"},"inLanguage":"pl-PL","potentialAction":[{"@type":"ReadAction","target":["https:\/\/selleetools.com\/pl\/product\/marymay-blackberry-complex-glow-wash-off-pack-30-g-rozjasniajaco-ujedrniajaca-maseczka-do-twarzy\/"]}]},{"@type":"BreadcrumbList","@id":"https:\/\/selleetools.com\/pl\/product\/marymay-blackberry-complex-glow-wash-off-pack-30-g-rozjasniajaco-ujedrniajaca-maseczka-do-twarzy\/#breadcrumb","itemListElement":[{"@type":"ListItem","position":1,"name":"Home","item":"https:\/\/selleetools.com\/pl\/"},{"@type":"ListItem","position":2,"name":"Katalog","item":"https:\/\/selleetools.com\/pl\/katalog\/"},{"@type":"ListItem","position":3,"name":"Mary&#038;May Blackberry Complex Glow Wash off Pack 30 g &#8211; Rozja\u015bniaj\u0105co-uj\u0119drniaj\u0105ca maseczka do twarzy"}]}]}},"_links":{"self":[{"href":"https:\/\/selleetools.com\/pl\/wp-json\/wp\/v2\/product\/599262"}],"collection":[{"href":"https:\/\/selleetools.com\/pl\/wp-json\/wp\/v2\/product"}],"about":[{"href":"https:\/\/selleetools.com\/pl\/wp-json\/wp\/v2\/types\/product"}],"replies":[{"embeddable":true,"href":"https:\/\/selleetools.com\/pl\/wp-json\/wp\/v2\/comments?post=599262"}],"wp:featuredmedia":[{"embeddable":true,"href":"https:\/\/selleetools.com\/pl\/wp-json\/wp\/v2\/media\/599260"}],"wp:attachment":[{"href":"https:\/\/selleetools.com\/pl\/wp-json\/wp\/v2\/media?parent=599262"}],"curies":[{"name":"wp","href":"https:\/\/api.w.org\/{rel}","templated":true}]}}