{"id":599256,"date":"2025-10-22T09:04:34","date_gmt":"2025-10-22T07:04:34","guid":{"rendered":"https:\/\/selleetools.com\/?post_type=product&#038;p=599256"},"modified":"2025-12-26T16:51:20","modified_gmt":"2025-12-26T15:51:20","slug":"beauty-of-joseon-glow-deep-serum-rice-alpha-arbutin-30-ml-serum-do-twarzy-redukujace-przebarwienia","status":"publish","type":"product","link":"https:\/\/selleetools.com\/pl\/product\/beauty-of-joseon-glow-deep-serum-rice-alpha-arbutin-30-ml-serum-do-twarzy-redukujace-przebarwienia\/","title":{"rendered":"Beauty of Joseon Glow Deep Serum Rice + Alpha Arbutin 30 ml &#8211; Serum do twarzy redukuj\u0105ce przebarwienia"},"content":{"rendered":"<section class=\"section\">\n<div class=\"item item-6\">\n<section class=\"image-item\">\n            <img src=\"https:\/\/upload.cdn.baselinker.com\/products\/3013857\/df48e196928c0f6300050866b6d062f9.jpg\"><br \/>\n        <\/section>\n<\/p><\/div>\n<div class=\"item item-6\">\n<section class=\"text-item\">\n<h1>Beauty of Joseon &#8211; Glow Deep Serum Rice + Alpha Arbutin, 30ml<\/h1>\n<p>Serum roz\u015bwietlaj\u0105ce, kt\u00f3re \u0142\u0105czy w sobie korzy\u015bci sk\u0142adnik\u00f3w pochodzenia naturalnego z nowoczesn\u0105 technologi\u0105 piel\u0119gnacyjn\u0105. Serum jest wzbogacone o ekstrakt z ry\u017cu, kt\u00f3ry jest bogaty w witaminy, minera\u0142y i antyoksydanty, oraz alfa arbutyn\u0119, kt\u00f3ra pomaga rozja\u015bnia\u0107 przebarwienia i wyr\u00f3wnywa\u0107 koloryt sk\u00f3ry. Formu\u0142a ta intensywnie nawil\u017ca, od\u017cywia i poprawia tekstur\u0119 sk\u00f3ry, nadaj\u0105c jej promienny i zdrowy wygl\u0105d. Idealne dla wszystkich typ\u00f3w sk\u00f3ry, szczeg\u00f3lnie dla sk\u00f3ry z przebarwieniami, matowej i pozbawionej blasku.<\/p>\n<p><b>Spos\u00f3b u\u017cycia:\u00a0<\/b>Na\u0142\u00f3\u017c kilka kropli serum na oczyszczon\u0105 i tonizowan\u0105 sk\u00f3r\u0119 twarzy. Delikatnie wmasuj opuszkami palc\u00f3w, a\u017c do ca\u0142kowitego wch\u0142oni\u0119cia. Stosuj codziennie rano i wieczorem przed na\u0142o\u017ceniem kremu.<\/p>\n<\/section><\/div>\n<\/section>\n","protected":false},"excerpt":{"rendered":"<p>Beauty of Joseon &#8211; Glow Deep Serum Rice + Alpha Arbutin, 30ml Serum roz\u015bwietlaj\u0105ce, kt\u00f3re \u0142\u0105czy w sobie korzy\u015bci sk\u0142adnik\u00f3w pochodzenia naturalnego z nowoczesn\u0105 technologi\u0105 piel\u0119gnacyjn\u0105. Serum jest wzbogacone o ekstrakt z ry\u017cu, kt\u00f3ry jest bogaty w witaminy, minera\u0142y i antyoksydanty, oraz alfa arbutyn\u0119, kt\u00f3ra pomaga rozja\u015bnia\u0107 przebarwienia i wyr\u00f3wnywa\u0107 koloryt sk\u00f3ry. Formu\u0142a ta intensywnie &#8230; <a title=\"Beauty of Joseon Glow Deep Serum Rice + Alpha Arbutin 30 ml &#8211; Serum do twarzy redukuj\u0105ce przebarwienia\" class=\"read-more\" href=\"https:\/\/selleetools.com\/pl\/product\/beauty-of-joseon-glow-deep-serum-rice-alpha-arbutin-30-ml-serum-do-twarzy-redukujace-przebarwienia\/\">Read more<span class=\"screen-reader-text\">Beauty of Joseon Glow Deep Serum Rice + Alpha Arbutin 30 ml &#8211; Serum do twarzy redukuj\u0105ce przebarwienia<\/span><\/a><\/p>\n","protected":false},"featured_media":599254,"comment_status":"open","ping_status":"closed","template":"","meta":{"_links_to":"","_links_to_target":""},"yoast_head":"<!-- This site is optimized with the Yoast SEO plugin v19.4 - https:\/\/yoast.com\/wordpress\/plugins\/seo\/ -->\n<title>Beauty of Joseon Glow Deep Serum Rice + Alpha Arbutin 30 ml - Serum do twarzy redukuj\u0105ce przebarwienia - Selleetools.com<\/title>\n<meta name=\"robots\" content=\"index, follow, max-snippet:-1, max-image-preview:large, max-video-preview:-1\" \/>\n<link rel=\"canonical\" href=\"https:\/\/selleetools.com\/product\/beauty-of-joseon-glow-deep-serum-rice-alpha-arbutin-30-ml-serum-do-twarzy-redukujace-przebarwienia\/\" \/>\n<meta property=\"og:locale\" content=\"pl_PL\" \/>\n<meta property=\"og:type\" content=\"article\" \/>\n<meta property=\"og:title\" content=\"Beauty of Joseon Glow Deep Serum Rice + Alpha Arbutin 30 ml - Serum do twarzy redukuj\u0105ce przebarwienia - Selleetools.com\" \/>\n<meta property=\"og:description\" content=\"Beauty of Joseon &#8211; Glow Deep Serum Rice + Alpha Arbutin, 30ml Serum roz\u015bwietlaj\u0105ce, kt\u00f3re \u0142\u0105czy w sobie korzy\u015bci sk\u0142adnik\u00f3w pochodzenia naturalnego z nowoczesn\u0105 technologi\u0105 piel\u0119gnacyjn\u0105. Serum jest wzbogacone o ekstrakt z ry\u017cu, kt\u00f3ry jest bogaty w witaminy, minera\u0142y i antyoksydanty, oraz alfa arbutyn\u0119, kt\u00f3ra pomaga rozja\u015bnia\u0107 przebarwienia i wyr\u00f3wnywa\u0107 koloryt sk\u00f3ry. Formu\u0142a ta intensywnie ... Read moreBeauty of Joseon Glow Deep Serum Rice + Alpha Arbutin 30 ml &#8211; Serum do twarzy redukuj\u0105ce przebarwienia\" \/>\n<meta property=\"og:url\" content=\"https:\/\/selleetools.com\/product\/beauty-of-joseon-glow-deep-serum-rice-alpha-arbutin-30-ml-serum-do-twarzy-redukujace-przebarwienia\/\" \/>\n<meta property=\"og:site_name\" content=\"Selleetools.com\" \/>\n<meta property=\"article:modified_time\" content=\"2025-12-26T15:51:20+00:00\" \/>\n<meta property=\"og:image\" content=\"https:\/\/selleetools.com\/wp-content\/uploads\/2025\/10\/df48e196928c0f6300050866b6d062f9.jpg\" \/>\n\t<meta property=\"og:image:width\" content=\"425\" \/>\n\t<meta property=\"og:image:height\" content=\"425\" \/>\n\t<meta property=\"og:image:type\" content=\"image\/jpeg\" \/>\n<meta name=\"twitter:card\" content=\"summary_large_image\" \/>\n<meta name=\"twitter:label1\" content=\"Est. reading time\" \/>\n\t<meta name=\"twitter:data1\" content=\"1 minuta\" \/>\n<!-- \/ Yoast SEO plugin. -->","yoast_head_json":{"title":"Beauty of Joseon Glow Deep Serum Rice + Alpha Arbutin 30 ml - Serum do twarzy redukuj\u0105ce przebarwienia - Selleetools.com","robots":{"index":"index","follow":"follow","max-snippet":"max-snippet:-1","max-image-preview":"max-image-preview:large","max-video-preview":"max-video-preview:-1"},"canonical":"https:\/\/selleetools.com\/product\/beauty-of-joseon-glow-deep-serum-rice-alpha-arbutin-30-ml-serum-do-twarzy-redukujace-przebarwienia\/","og_locale":"pl_PL","og_type":"article","og_title":"Beauty of Joseon Glow Deep Serum Rice + Alpha Arbutin 30 ml - Serum do twarzy redukuj\u0105ce przebarwienia - Selleetools.com","og_description":"Beauty of Joseon &#8211; Glow Deep Serum Rice + Alpha Arbutin, 30ml Serum roz\u015bwietlaj\u0105ce, kt\u00f3re \u0142\u0105czy w sobie korzy\u015bci sk\u0142adnik\u00f3w pochodzenia naturalnego z nowoczesn\u0105 technologi\u0105 piel\u0119gnacyjn\u0105. Serum jest wzbogacone o ekstrakt z ry\u017cu, kt\u00f3ry jest bogaty w witaminy, minera\u0142y i antyoksydanty, oraz alfa arbutyn\u0119, kt\u00f3ra pomaga rozja\u015bnia\u0107 przebarwienia i wyr\u00f3wnywa\u0107 koloryt sk\u00f3ry. Formu\u0142a ta intensywnie ... Read moreBeauty of Joseon Glow Deep Serum Rice + Alpha Arbutin 30 ml &#8211; Serum do twarzy redukuj\u0105ce przebarwienia","og_url":"https:\/\/selleetools.com\/product\/beauty-of-joseon-glow-deep-serum-rice-alpha-arbutin-30-ml-serum-do-twarzy-redukujace-przebarwienia\/","og_site_name":"Selleetools.com","article_modified_time":"2025-12-26T15:51:20+00:00","og_image":[{"width":425,"height":425,"url":"https:\/\/selleetools.com\/wp-content\/uploads\/2025\/10\/df48e196928c0f6300050866b6d062f9.jpg","type":"image\/jpeg"}],"twitter_card":"summary_large_image","twitter_misc":{"Est. reading time":"1 minuta"},"schema":{"@context":"https:\/\/schema.org","@graph":[{"@type":"Organization","@id":"https:\/\/selleetools.com\/#organization","name":"Selleetools","url":"https:\/\/selleetools.com\/","sameAs":[],"logo":{"@type":"ImageObject","inLanguage":"pl-PL","@id":"https:\/\/selleetools.com\/#\/schema\/logo\/image\/","url":"https:\/\/selleetools.com\/wp-content\/uploads\/2021\/10\/logo-dark.png","contentUrl":"https:\/\/selleetools.com\/wp-content\/uploads\/2021\/10\/logo-dark.png","width":320,"height":76,"caption":"Selleetools"},"image":{"@id":"https:\/\/selleetools.com\/#\/schema\/logo\/image\/"}},{"@type":"WebSite","@id":"https:\/\/selleetools.com\/#website","url":"https:\/\/selleetools.com\/","name":"Selleetools.com","description":"","publisher":{"@id":"https:\/\/selleetools.com\/#organization"},"potentialAction":[{"@type":"SearchAction","target":{"@type":"EntryPoint","urlTemplate":"https:\/\/selleetools.com\/?s={search_term_string}"},"query-input":"required name=search_term_string"}],"inLanguage":"pl-PL"},{"@type":"WebPage","@id":"https:\/\/selleetools.com\/product\/beauty-of-joseon-glow-deep-serum-rice-alpha-arbutin-30-ml-serum-do-twarzy-redukujace-przebarwienia\/","url":"https:\/\/selleetools.com\/product\/beauty-of-joseon-glow-deep-serum-rice-alpha-arbutin-30-ml-serum-do-twarzy-redukujace-przebarwienia\/","name":"Beauty of Joseon Glow Deep Serum Rice + Alpha Arbutin 30 ml - Serum do twarzy redukuj\u0105ce przebarwienia - Selleetools.com","isPartOf":{"@id":"https:\/\/selleetools.com\/#website"},"datePublished":"2025-10-22T07:04:34+00:00","dateModified":"2025-12-26T15:51:20+00:00","breadcrumb":{"@id":"https:\/\/selleetools.com\/product\/beauty-of-joseon-glow-deep-serum-rice-alpha-arbutin-30-ml-serum-do-twarzy-redukujace-przebarwienia\/#breadcrumb"},"inLanguage":"pl-PL","potentialAction":[{"@type":"ReadAction","target":["https:\/\/selleetools.com\/product\/beauty-of-joseon-glow-deep-serum-rice-alpha-arbutin-30-ml-serum-do-twarzy-redukujace-przebarwienia\/"]}]},{"@type":"BreadcrumbList","@id":"https:\/\/selleetools.com\/product\/beauty-of-joseon-glow-deep-serum-rice-alpha-arbutin-30-ml-serum-do-twarzy-redukujace-przebarwienia\/#breadcrumb","itemListElement":[{"@type":"ListItem","position":1,"name":"Home","item":"https:\/\/selleetools.com\/pl\/"},{"@type":"ListItem","position":2,"name":"Katalog","item":"https:\/\/selleetools.com\/pl\/katalog\/"},{"@type":"ListItem","position":3,"name":"Beauty of Joseon Glow Deep Serum Rice + Alpha Arbutin 30 ml &#8211; Serum do twarzy redukuj\u0105ce przebarwienia"}]}]}},"_links":{"self":[{"href":"https:\/\/selleetools.com\/pl\/wp-json\/wp\/v2\/product\/599256"}],"collection":[{"href":"https:\/\/selleetools.com\/pl\/wp-json\/wp\/v2\/product"}],"about":[{"href":"https:\/\/selleetools.com\/pl\/wp-json\/wp\/v2\/types\/product"}],"replies":[{"embeddable":true,"href":"https:\/\/selleetools.com\/pl\/wp-json\/wp\/v2\/comments?post=599256"}],"wp:featuredmedia":[{"embeddable":true,"href":"https:\/\/selleetools.com\/pl\/wp-json\/wp\/v2\/media\/599254"}],"wp:attachment":[{"href":"https:\/\/selleetools.com\/pl\/wp-json\/wp\/v2\/media?parent=599256"}],"curies":[{"name":"wp","href":"https:\/\/api.w.org\/{rel}","templated":true}]}}