{"id":599243,"date":"2025-10-22T09:04:23","date_gmt":"2025-10-22T07:04:23","guid":{"rendered":"https:\/\/selleetools.com\/?post_type=product&#038;p=599243"},"modified":"2025-11-04T20:36:41","modified_gmt":"2025-11-04T19:36:41","slug":"be-the-skin-bha-dark-spot-zero-cream-35-g-krem-do-twarzy-na-przebarwienia","status":"publish","type":"product","link":"https:\/\/selleetools.com\/pl\/product\/be-the-skin-bha-dark-spot-zero-cream-35-g-krem-do-twarzy-na-przebarwienia\/","title":{"rendered":"Be The Skin BHA+ Dark Spot ZERO Cream 35 g &#8211; Krem do twarzy na przebarwienia"},"content":{"rendered":"<p style=\"caret-color: rgb(0, 0, 0); color: rgb(0, 0, 0);\"><font style=\"font-size: 12px;\">Be The Skin BHA+ Dark Spot ZERO Cream to innowacyjny krem przeznaczony do redukcji ciemnych plam i przebarwie\u0144, kt\u00f3ry jednocze\u015bnie nawil\u017ca i wyg\u0142adza sk\u00f3r\u0119. Dzi\u0119ki swojej zaawansowanej formule, krem efektywnie wyr\u00f3wnuje koloryt sk\u00f3ry, redukuje widoczno\u015b\u0107 przebarwie\u0144 oraz poprawia tekstur\u0119 cery. Dodatkowo, wspomaga regeneracj\u0119 sk\u00f3ry i dzia\u0142a przeciwzapalnie, co sprawia, \u017ce jest idealny dla os\u00f3b z problemami sk\u00f3rnymi.<\/font><\/p>\n<h4 style=\"caret-color: rgb(0, 0, 0); color: rgb(0, 0, 0);\"><font style=\"font-size: 12px;\">Korzy\u015bci dla sk\u00f3ry<\/font><\/h4>\n<ul style=\"caret-color: rgb(0, 0, 0); color: rgb(0, 0, 0);\">\n<li><font style=\"font-size: 12px;\">Redukcja ciemnych plam i przebarwie\u0144.<\/font><\/li>\n<li><font style=\"font-size: 12px;\">Nawil\u017cenie i wyg\u0142adzenie sk\u00f3ry.<\/font><\/li>\n<li><font style=\"font-size: 12px;\">Poprawa tekstury i kolorytu cery.<\/font><\/li>\n<li><font style=\"font-size: 12px;\">Dzia\u0142anie przeciwzapalne i regeneracyjne.<\/font><\/li>\n<\/ul>\n<h4 style=\"caret-color: rgb(0, 0, 0); color: rgb(0, 0, 0);\"><font style=\"font-size: 12px;\">Spos\u00f3b u\u017cycia<\/font><\/h4>\n<p style=\"caret-color: rgb(0, 0, 0); color: rgb(0, 0, 0);\"><font style=\"font-size: 12px;\">Na\u0142\u00f3\u017c niewielk\u0105 ilo\u015b\u0107 kremu na oczyszczon\u0105 sk\u00f3r\u0119 twarzy, koncentruj\u0105c si\u0119 na obszarach z przebarwieniami. Delikatnie wklep krem do ca\u0142kowitego wch\u0142oni\u0119cia. Stosuj codziennie rano i wieczorem.<\/font><\/p>\n","protected":false},"excerpt":{"rendered":"<p>Be The Skin BHA+ Dark Spot ZERO Cream to innowacyjny krem przeznaczony do redukcji ciemnych plam i przebarwie\u0144, kt\u00f3ry jednocze\u015bnie nawil\u017ca i wyg\u0142adza sk\u00f3r\u0119. Dzi\u0119ki swojej zaawansowanej formule, krem efektywnie wyr\u00f3wnuje koloryt sk\u00f3ry, redukuje widoczno\u015b\u0107 przebarwie\u0144 oraz poprawia tekstur\u0119 cery. Dodatkowo, wspomaga regeneracj\u0119 sk\u00f3ry i dzia\u0142a przeciwzapalnie, co sprawia, \u017ce jest idealny dla os\u00f3b z &#8230; <a title=\"Be The Skin BHA+ Dark Spot ZERO Cream 35 g &#8211; Krem do twarzy na przebarwienia\" class=\"read-more\" href=\"https:\/\/selleetools.com\/pl\/product\/be-the-skin-bha-dark-spot-zero-cream-35-g-krem-do-twarzy-na-przebarwienia\/\">Read more<span class=\"screen-reader-text\">Be The Skin BHA+ Dark Spot ZERO Cream 35 g &#8211; Krem do twarzy na przebarwienia<\/span><\/a><\/p>\n","protected":false},"featured_media":599239,"comment_status":"open","ping_status":"closed","template":"","meta":{"_links_to":"","_links_to_target":""},"yoast_head":"<!-- This site is optimized with the Yoast SEO plugin v19.4 - https:\/\/yoast.com\/wordpress\/plugins\/seo\/ -->\n<title>Be The Skin BHA+ Dark Spot ZERO Cream 35 g - Krem do twarzy na przebarwienia - Selleetools.com<\/title>\n<meta name=\"robots\" content=\"index, follow, max-snippet:-1, max-image-preview:large, max-video-preview:-1\" \/>\n<link rel=\"canonical\" href=\"https:\/\/selleetools.com\/pl\/product\/be-the-skin-bha-dark-spot-zero-cream-35-g-krem-do-twarzy-na-przebarwienia\/\" \/>\n<meta property=\"og:locale\" content=\"pl_PL\" \/>\n<meta property=\"og:type\" content=\"article\" \/>\n<meta property=\"og:title\" content=\"Be The Skin BHA+ Dark Spot ZERO Cream 35 g - Krem do twarzy na przebarwienia - Selleetools.com\" \/>\n<meta property=\"og:description\" content=\"Be The Skin BHA+ Dark Spot ZERO Cream to innowacyjny krem przeznaczony do redukcji ciemnych plam i przebarwie\u0144, kt\u00f3ry jednocze\u015bnie nawil\u017ca i wyg\u0142adza sk\u00f3r\u0119. Dzi\u0119ki swojej zaawansowanej formule, krem efektywnie wyr\u00f3wnuje koloryt sk\u00f3ry, redukuje widoczno\u015b\u0107 przebarwie\u0144 oraz poprawia tekstur\u0119 cery. Dodatkowo, wspomaga regeneracj\u0119 sk\u00f3ry i dzia\u0142a przeciwzapalnie, co sprawia, \u017ce jest idealny dla os\u00f3b z ... Read moreBe The Skin BHA+ Dark Spot ZERO Cream 35 g &#8211; Krem do twarzy na przebarwienia\" \/>\n<meta property=\"og:url\" content=\"https:\/\/selleetools.com\/pl\/product\/be-the-skin-bha-dark-spot-zero-cream-35-g-krem-do-twarzy-na-przebarwienia\/\" \/>\n<meta property=\"og:site_name\" content=\"Selleetools.com\" \/>\n<meta property=\"article:modified_time\" content=\"2025-11-04T19:36:41+00:00\" \/>\n<meta property=\"og:image\" content=\"https:\/\/selleetools.com\/wp-content\/uploads\/2025\/10\/89912885cd5bf42ee4726ef4c9c60690.jpg\" \/>\n\t<meta property=\"og:image:width\" content=\"425\" \/>\n\t<meta property=\"og:image:height\" content=\"425\" \/>\n\t<meta property=\"og:image:type\" content=\"image\/jpeg\" \/>\n<meta name=\"twitter:card\" content=\"summary_large_image\" \/>\n<meta name=\"twitter:label1\" content=\"Est. reading time\" \/>\n\t<meta name=\"twitter:data1\" content=\"1 minuta\" \/>\n<!-- \/ Yoast SEO plugin. -->","yoast_head_json":{"title":"Be The Skin BHA+ Dark Spot ZERO Cream 35 g - Krem do twarzy na przebarwienia - Selleetools.com","robots":{"index":"index","follow":"follow","max-snippet":"max-snippet:-1","max-image-preview":"max-image-preview:large","max-video-preview":"max-video-preview:-1"},"canonical":"https:\/\/selleetools.com\/pl\/product\/be-the-skin-bha-dark-spot-zero-cream-35-g-krem-do-twarzy-na-przebarwienia\/","og_locale":"pl_PL","og_type":"article","og_title":"Be The Skin BHA+ Dark Spot ZERO Cream 35 g - Krem do twarzy na przebarwienia - Selleetools.com","og_description":"Be The Skin BHA+ Dark Spot ZERO Cream to innowacyjny krem przeznaczony do redukcji ciemnych plam i przebarwie\u0144, kt\u00f3ry jednocze\u015bnie nawil\u017ca i wyg\u0142adza sk\u00f3r\u0119. Dzi\u0119ki swojej zaawansowanej formule, krem efektywnie wyr\u00f3wnuje koloryt sk\u00f3ry, redukuje widoczno\u015b\u0107 przebarwie\u0144 oraz poprawia tekstur\u0119 cery. Dodatkowo, wspomaga regeneracj\u0119 sk\u00f3ry i dzia\u0142a przeciwzapalnie, co sprawia, \u017ce jest idealny dla os\u00f3b z ... Read moreBe The Skin BHA+ Dark Spot ZERO Cream 35 g &#8211; Krem do twarzy na przebarwienia","og_url":"https:\/\/selleetools.com\/pl\/product\/be-the-skin-bha-dark-spot-zero-cream-35-g-krem-do-twarzy-na-przebarwienia\/","og_site_name":"Selleetools.com","article_modified_time":"2025-11-04T19:36:41+00:00","og_image":[{"width":425,"height":425,"url":"https:\/\/selleetools.com\/wp-content\/uploads\/2025\/10\/89912885cd5bf42ee4726ef4c9c60690.jpg","type":"image\/jpeg"}],"twitter_card":"summary_large_image","twitter_misc":{"Est. reading time":"1 minuta"},"schema":{"@context":"https:\/\/schema.org","@graph":[{"@type":"Organization","@id":"https:\/\/selleetools.com\/#organization","name":"Selleetools","url":"https:\/\/selleetools.com\/","sameAs":[],"logo":{"@type":"ImageObject","inLanguage":"pl-PL","@id":"https:\/\/selleetools.com\/#\/schema\/logo\/image\/","url":"https:\/\/selleetools.com\/wp-content\/uploads\/2021\/10\/logo-dark.png","contentUrl":"https:\/\/selleetools.com\/wp-content\/uploads\/2021\/10\/logo-dark.png","width":320,"height":76,"caption":"Selleetools"},"image":{"@id":"https:\/\/selleetools.com\/#\/schema\/logo\/image\/"}},{"@type":"WebSite","@id":"https:\/\/selleetools.com\/#website","url":"https:\/\/selleetools.com\/","name":"Selleetools.com","description":"","publisher":{"@id":"https:\/\/selleetools.com\/#organization"},"potentialAction":[{"@type":"SearchAction","target":{"@type":"EntryPoint","urlTemplate":"https:\/\/selleetools.com\/?s={search_term_string}"},"query-input":"required name=search_term_string"}],"inLanguage":"pl-PL"},{"@type":"WebPage","@id":"https:\/\/selleetools.com\/pl\/product\/be-the-skin-bha-dark-spot-zero-cream-35-g-krem-do-twarzy-na-przebarwienia\/","url":"https:\/\/selleetools.com\/pl\/product\/be-the-skin-bha-dark-spot-zero-cream-35-g-krem-do-twarzy-na-przebarwienia\/","name":"Be The Skin BHA+ Dark Spot ZERO Cream 35 g - Krem do twarzy na przebarwienia - Selleetools.com","isPartOf":{"@id":"https:\/\/selleetools.com\/#website"},"datePublished":"2025-10-22T07:04:23+00:00","dateModified":"2025-11-04T19:36:41+00:00","breadcrumb":{"@id":"https:\/\/selleetools.com\/pl\/product\/be-the-skin-bha-dark-spot-zero-cream-35-g-krem-do-twarzy-na-przebarwienia\/#breadcrumb"},"inLanguage":"pl-PL","potentialAction":[{"@type":"ReadAction","target":["https:\/\/selleetools.com\/pl\/product\/be-the-skin-bha-dark-spot-zero-cream-35-g-krem-do-twarzy-na-przebarwienia\/"]}]},{"@type":"BreadcrumbList","@id":"https:\/\/selleetools.com\/pl\/product\/be-the-skin-bha-dark-spot-zero-cream-35-g-krem-do-twarzy-na-przebarwienia\/#breadcrumb","itemListElement":[{"@type":"ListItem","position":1,"name":"Home","item":"https:\/\/selleetools.com\/pl\/"},{"@type":"ListItem","position":2,"name":"Katalog","item":"https:\/\/selleetools.com\/pl\/katalog\/"},{"@type":"ListItem","position":3,"name":"Be The Skin BHA+ Dark Spot ZERO Cream 35 g &#8211; Krem do twarzy na przebarwienia"}]}]}},"_links":{"self":[{"href":"https:\/\/selleetools.com\/pl\/wp-json\/wp\/v2\/product\/599243"}],"collection":[{"href":"https:\/\/selleetools.com\/pl\/wp-json\/wp\/v2\/product"}],"about":[{"href":"https:\/\/selleetools.com\/pl\/wp-json\/wp\/v2\/types\/product"}],"replies":[{"embeddable":true,"href":"https:\/\/selleetools.com\/pl\/wp-json\/wp\/v2\/comments?post=599243"}],"wp:featuredmedia":[{"embeddable":true,"href":"https:\/\/selleetools.com\/pl\/wp-json\/wp\/v2\/media\/599239"}],"wp:attachment":[{"href":"https:\/\/selleetools.com\/pl\/wp-json\/wp\/v2\/media?parent=599243"}],"curies":[{"name":"wp","href":"https:\/\/api.w.org\/{rel}","templated":true}]}}