{"id":599232,"date":"2025-10-22T09:04:05","date_gmt":"2025-10-22T07:04:05","guid":{"rendered":"https:\/\/selleetools.com\/?post_type=product&#038;p=599232"},"modified":"2026-02-25T19:12:06","modified_gmt":"2026-02-25T18:12:06","slug":"be-the-skin-bha-pore-zero-30-second-exfoliator-100-g-delikatnie-zluszczajacy-peeling-do-twarzy","status":"publish","type":"product","link":"https:\/\/selleetools.com\/pl\/product\/be-the-skin-bha-pore-zero-30-second-exfoliator-100-g-delikatnie-zluszczajacy-peeling-do-twarzy\/","title":{"rendered":"Be The Skin BHA+ PORE ZERO 30 SECOND EXFOLIATOR 100 g &#8211; Delikatnie z\u0142uszczaj\u0105cy peeling do twarzy"},"content":{"rendered":"<section class=\"section\">\n<div class=\"item item-6\">\n<section class=\"image-item\">\n<p style=\"caret-color: rgb(0, 0, 0); color: rgb(0, 0, 0);\"><font style=\"font-size: 12px;\">Be The Skin BHA+ PORE ZERO 30 SECOND EXFOLIATOR to szybki i efektywny peeling do twarzy, kt\u00f3ry w zaledwie 30 sekund oczyszcza sk\u00f3r\u0119 z martwych kom\u00f3rek, odblokowuje pory oraz redukuje nadmiar sebum. Dzi\u0119ki swojej formule, delikatnie z\u0142uszcza nask\u00f3rek, pozostawiaj\u0105c sk\u00f3r\u0119 g\u0142adk\u0105, promienn\u0105 i od\u015bwie\u017con\u0105. Jest idealny dla os\u00f3b z problematyczn\u0105 cer\u0105, zmagaj\u0105cych si\u0119 z zask\u00f3rnikami i rozszerzonymi porami.<\/font><\/p>\n<h4 style=\"caret-color: rgb(0, 0, 0); color: rgb(0, 0, 0);\"><font style=\"font-size: 12px;\">Korzy\u015bci dla sk\u00f3ry:<\/font><\/h4>\n<ul style=\"caret-color: rgb(0, 0, 0); color: rgb(0, 0, 0);\">\n<li><font style=\"font-size: 12px;\">Szybkie i skuteczne oczyszczanie por\u00f3w<\/font><\/li>\n<li><font style=\"font-size: 12px;\">Redukcja nadmiaru sebum<\/font><\/li>\n<li><font style=\"font-size: 12px;\">Wyg\u0142adzenie i od\u015bwie\u017cenie sk\u00f3ry<\/font><\/li>\n<\/ul>\n<h4 style=\"caret-color: rgb(0, 0, 0); color: rgb(0, 0, 0);\"><font style=\"font-size: 12px;\">Spos\u00f3b u\u017cycia:<\/font><\/h4>\n<p style=\"caret-color: rgb(0, 0, 0); color: rgb(0, 0, 0);\"><font style=\"font-size: 12px;\">Na oczyszczon\u0105 i such\u0105 sk\u00f3r\u0119 twarzy na\u0142\u00f3\u017c niewielk\u0105 ilo\u015b\u0107 peelingu, delikatnie masuj\u0105c przez 30 sekund, a nast\u0119pnie sp\u0142ucz letni\u0105 wod\u0105. Stosuj 1-2 razy w tygodniu, aby uzyska\u0107 najlepsze rezultaty.<\/font><\/p>\n<\/section>\n<\/div>\n<\/section>\n<section class=\"section\">\n<div class=\"item item-12\">\n<section class=\"text-item\">\n        <\/section>\n<\/p><\/div>\n<\/section>\n","protected":false},"excerpt":{"rendered":"<p>Be The Skin BHA+ PORE ZERO 30 SECOND EXFOLIATOR to szybki i efektywny peeling do twarzy, kt\u00f3ry w zaledwie 30 sekund oczyszcza sk\u00f3r\u0119 z martwych kom\u00f3rek, odblokowuje pory oraz redukuje nadmiar sebum. Dzi\u0119ki swojej formule, delikatnie z\u0142uszcza nask\u00f3rek, pozostawiaj\u0105c sk\u00f3r\u0119 g\u0142adk\u0105, promienn\u0105 i od\u015bwie\u017con\u0105. Jest idealny dla os\u00f3b z problematyczn\u0105 cer\u0105, zmagaj\u0105cych si\u0119 z zask\u00f3rnikami &#8230; <a title=\"Be The Skin BHA+ PORE ZERO 30 SECOND EXFOLIATOR 100 g &#8211; Delikatnie z\u0142uszczaj\u0105cy peeling do twarzy\" class=\"read-more\" href=\"https:\/\/selleetools.com\/pl\/product\/be-the-skin-bha-pore-zero-30-second-exfoliator-100-g-delikatnie-zluszczajacy-peeling-do-twarzy\/\">Read more<span class=\"screen-reader-text\">Be The Skin BHA+ PORE ZERO 30 SECOND EXFOLIATOR 100 g &#8211; Delikatnie z\u0142uszczaj\u0105cy peeling do twarzy<\/span><\/a><\/p>\n","protected":false},"featured_media":599228,"comment_status":"open","ping_status":"closed","template":"","meta":{"_links_to":"","_links_to_target":""},"yoast_head":"<!-- This site is optimized with the Yoast SEO plugin v19.4 - https:\/\/yoast.com\/wordpress\/plugins\/seo\/ -->\n<title>Be The Skin BHA+ PORE ZERO 30 SECOND EXFOLIATOR 100 g - Delikatnie z\u0142uszczaj\u0105cy peeling do twarzy - Selleetools.com<\/title>\n<meta name=\"robots\" content=\"index, follow, max-snippet:-1, max-image-preview:large, max-video-preview:-1\" \/>\n<link rel=\"canonical\" href=\"https:\/\/admincentral.selleetools.com\/pl\/product\/be-the-skin-bha-pore-zero-30-second-exfoliator-100-g-delikatnie-zluszczajacy-peeling-do-twarzy\/\" \/>\n<meta property=\"og:locale\" content=\"pl_PL\" \/>\n<meta property=\"og:type\" content=\"article\" \/>\n<meta property=\"og:title\" content=\"Be The Skin BHA+ PORE ZERO 30 SECOND EXFOLIATOR 100 g - Delikatnie z\u0142uszczaj\u0105cy peeling do twarzy - Selleetools.com\" \/>\n<meta property=\"og:description\" content=\"Be The Skin BHA+ PORE ZERO 30 SECOND EXFOLIATOR to szybki i efektywny peeling do twarzy, kt\u00f3ry w zaledwie 30 sekund oczyszcza sk\u00f3r\u0119 z martwych kom\u00f3rek, odblokowuje pory oraz redukuje nadmiar sebum. Dzi\u0119ki swojej formule, delikatnie z\u0142uszcza nask\u00f3rek, pozostawiaj\u0105c sk\u00f3r\u0119 g\u0142adk\u0105, promienn\u0105 i od\u015bwie\u017con\u0105. Jest idealny dla os\u00f3b z problematyczn\u0105 cer\u0105, zmagaj\u0105cych si\u0119 z zask\u00f3rnikami ... Read moreBe The Skin BHA+ PORE ZERO 30 SECOND EXFOLIATOR 100 g &#8211; Delikatnie z\u0142uszczaj\u0105cy peeling do twarzy\" \/>\n<meta property=\"og:url\" content=\"https:\/\/admincentral.selleetools.com\/pl\/product\/be-the-skin-bha-pore-zero-30-second-exfoliator-100-g-delikatnie-zluszczajacy-peeling-do-twarzy\/\" \/>\n<meta property=\"og:site_name\" content=\"Selleetools.com\" \/>\n<meta property=\"article:modified_time\" content=\"2026-02-25T18:12:06+00:00\" \/>\n<meta property=\"og:image\" content=\"https:\/\/selleetools.com\/wp-content\/uploads\/2025\/10\/a54e88d651983f9263c583601a1e8e5d.jpg\" \/>\n\t<meta property=\"og:image:width\" content=\"405\" \/>\n\t<meta property=\"og:image:height\" content=\"405\" \/>\n\t<meta property=\"og:image:type\" content=\"image\/jpeg\" \/>\n<meta name=\"twitter:card\" content=\"summary_large_image\" \/>\n<meta name=\"twitter:label1\" content=\"Est. reading time\" \/>\n\t<meta name=\"twitter:data1\" content=\"1 minuta\" \/>\n<!-- \/ Yoast SEO plugin. -->","yoast_head_json":{"title":"Be The Skin BHA+ PORE ZERO 30 SECOND EXFOLIATOR 100 g - Delikatnie z\u0142uszczaj\u0105cy peeling do twarzy - Selleetools.com","robots":{"index":"index","follow":"follow","max-snippet":"max-snippet:-1","max-image-preview":"max-image-preview:large","max-video-preview":"max-video-preview:-1"},"canonical":"https:\/\/admincentral.selleetools.com\/pl\/product\/be-the-skin-bha-pore-zero-30-second-exfoliator-100-g-delikatnie-zluszczajacy-peeling-do-twarzy\/","og_locale":"pl_PL","og_type":"article","og_title":"Be The Skin BHA+ PORE ZERO 30 SECOND EXFOLIATOR 100 g - Delikatnie z\u0142uszczaj\u0105cy peeling do twarzy - Selleetools.com","og_description":"Be The Skin BHA+ PORE ZERO 30 SECOND EXFOLIATOR to szybki i efektywny peeling do twarzy, kt\u00f3ry w zaledwie 30 sekund oczyszcza sk\u00f3r\u0119 z martwych kom\u00f3rek, odblokowuje pory oraz redukuje nadmiar sebum. Dzi\u0119ki swojej formule, delikatnie z\u0142uszcza nask\u00f3rek, pozostawiaj\u0105c sk\u00f3r\u0119 g\u0142adk\u0105, promienn\u0105 i od\u015bwie\u017con\u0105. Jest idealny dla os\u00f3b z problematyczn\u0105 cer\u0105, zmagaj\u0105cych si\u0119 z zask\u00f3rnikami ... Read moreBe The Skin BHA+ PORE ZERO 30 SECOND EXFOLIATOR 100 g &#8211; Delikatnie z\u0142uszczaj\u0105cy peeling do twarzy","og_url":"https:\/\/admincentral.selleetools.com\/pl\/product\/be-the-skin-bha-pore-zero-30-second-exfoliator-100-g-delikatnie-zluszczajacy-peeling-do-twarzy\/","og_site_name":"Selleetools.com","article_modified_time":"2026-02-25T18:12:06+00:00","og_image":[{"width":405,"height":405,"url":"https:\/\/selleetools.com\/wp-content\/uploads\/2025\/10\/a54e88d651983f9263c583601a1e8e5d.jpg","type":"image\/jpeg"}],"twitter_card":"summary_large_image","twitter_misc":{"Est. reading time":"1 minuta"},"schema":{"@context":"https:\/\/schema.org","@graph":[{"@type":"Organization","@id":"https:\/\/selleetools.com\/#organization","name":"Selleetools","url":"https:\/\/selleetools.com\/","sameAs":[],"logo":{"@type":"ImageObject","inLanguage":"pl-PL","@id":"https:\/\/selleetools.com\/#\/schema\/logo\/image\/","url":"https:\/\/selleetools.com\/wp-content\/uploads\/2021\/10\/logo-dark.png","contentUrl":"https:\/\/selleetools.com\/wp-content\/uploads\/2021\/10\/logo-dark.png","width":320,"height":76,"caption":"Selleetools"},"image":{"@id":"https:\/\/selleetools.com\/#\/schema\/logo\/image\/"}},{"@type":"WebSite","@id":"https:\/\/selleetools.com\/#website","url":"https:\/\/selleetools.com\/","name":"Selleetools.com","description":"","publisher":{"@id":"https:\/\/selleetools.com\/#organization"},"potentialAction":[{"@type":"SearchAction","target":{"@type":"EntryPoint","urlTemplate":"https:\/\/selleetools.com\/?s={search_term_string}"},"query-input":"required name=search_term_string"}],"inLanguage":"pl-PL"},{"@type":"WebPage","@id":"https:\/\/admincentral.selleetools.com\/pl\/product\/be-the-skin-bha-pore-zero-30-second-exfoliator-100-g-delikatnie-zluszczajacy-peeling-do-twarzy\/","url":"https:\/\/admincentral.selleetools.com\/pl\/product\/be-the-skin-bha-pore-zero-30-second-exfoliator-100-g-delikatnie-zluszczajacy-peeling-do-twarzy\/","name":"Be The Skin BHA+ PORE ZERO 30 SECOND EXFOLIATOR 100 g - Delikatnie z\u0142uszczaj\u0105cy peeling do twarzy - Selleetools.com","isPartOf":{"@id":"https:\/\/selleetools.com\/#website"},"datePublished":"2025-10-22T07:04:05+00:00","dateModified":"2026-02-25T18:12:06+00:00","breadcrumb":{"@id":"https:\/\/admincentral.selleetools.com\/pl\/product\/be-the-skin-bha-pore-zero-30-second-exfoliator-100-g-delikatnie-zluszczajacy-peeling-do-twarzy\/#breadcrumb"},"inLanguage":"pl-PL","potentialAction":[{"@type":"ReadAction","target":["https:\/\/admincentral.selleetools.com\/pl\/product\/be-the-skin-bha-pore-zero-30-second-exfoliator-100-g-delikatnie-zluszczajacy-peeling-do-twarzy\/"]}]},{"@type":"BreadcrumbList","@id":"https:\/\/admincentral.selleetools.com\/pl\/product\/be-the-skin-bha-pore-zero-30-second-exfoliator-100-g-delikatnie-zluszczajacy-peeling-do-twarzy\/#breadcrumb","itemListElement":[{"@type":"ListItem","position":1,"name":"Home","item":"https:\/\/selleetools.com\/pl\/"},{"@type":"ListItem","position":2,"name":"Katalog","item":"https:\/\/selleetools.com\/pl\/katalog\/"},{"@type":"ListItem","position":3,"name":"Be The Skin BHA+ PORE ZERO 30 SECOND EXFOLIATOR 100 g &#8211; Delikatnie z\u0142uszczaj\u0105cy peeling do twarzy"}]}]}},"_links":{"self":[{"href":"https:\/\/selleetools.com\/pl\/wp-json\/wp\/v2\/product\/599232"}],"collection":[{"href":"https:\/\/selleetools.com\/pl\/wp-json\/wp\/v2\/product"}],"about":[{"href":"https:\/\/selleetools.com\/pl\/wp-json\/wp\/v2\/types\/product"}],"replies":[{"embeddable":true,"href":"https:\/\/selleetools.com\/pl\/wp-json\/wp\/v2\/comments?post=599232"}],"wp:featuredmedia":[{"embeddable":true,"href":"https:\/\/selleetools.com\/pl\/wp-json\/wp\/v2\/media\/599228"}],"wp:attachment":[{"href":"https:\/\/selleetools.com\/pl\/wp-json\/wp\/v2\/media?parent=599232"}],"curies":[{"name":"wp","href":"https:\/\/api.w.org\/{rel}","templated":true}]}}