{"id":599217,"date":"2025-10-22T09:03:50","date_gmt":"2025-10-22T07:03:50","guid":{"rendered":"https:\/\/selleetools.com\/?post_type=product&#038;p=599217"},"modified":"2025-12-26T16:50:51","modified_gmt":"2025-12-26T15:50:51","slug":"beauty-of-joseon-relief-sun-rice-probiotics-spf50pa-50-ml-krem-ochronny-z-wysokim-filtrem-uv","status":"publish","type":"product","link":"https:\/\/selleetools.com\/pl\/product\/beauty-of-joseon-relief-sun-rice-probiotics-spf50pa-50-ml-krem-ochronny-z-wysokim-filtrem-uv\/","title":{"rendered":"Beauty of Joseon Relief Sun : Rice + Probiotics SPF50+PA++++, 50 ml &#8211; Krem ochronny z wysokim filtrem UV"},"content":{"rendered":"<p style=\"text-align: justify; caret-color: rgb(0, 0, 0); color: rgb(0, 0, 0);\"><font style=\"font-size: 12px;\">Beauty of Joseon Relief Sun : Rice + Probiotics to lekki krem przeciws\u0142oneczny, kt\u00f3ry zapewnia skuteczn\u0105 ochron\u0119 przed promieniowaniem UV, jednocze\u015bnie nawil\u017caj\u0105c i koj\u0105c sk\u00f3r\u0119. Dzi\u0119ki zawarto\u015bci ry\u017cu i probiotyk\u00f3w, krem wspiera regeneracj\u0119 sk\u00f3ry, poprawia jej elastyczno\u015b\u0107 oraz wyr\u00f3wnuje koloryt. Idealny dla wszystkich typ\u00f3w cery, szczeg\u00f3lnie wra\u017cliwej i sk\u0142onnej do podra\u017cnie\u0144.<\/font><\/p>\n<h4 style=\"caret-color: rgb(0, 0, 0); color: rgb(0, 0, 0);\"><font style=\"font-size: 12px;\">Korzy\u015bci dla sk\u00f3ry:<\/font><\/h4>\n<ul style=\"caret-color: rgb(0, 0, 0); color: rgb(0, 0, 0);\">\n<li><font style=\"font-size: 12px;\"><strong>Ochrona UV<\/strong>: Skutecznie chroni przed szkodliwym dzia\u0142aniem promieni s\u0142onecznych.<\/font><\/li>\n<li><font style=\"font-size: 12px;\"><strong>Nawil\u017cenie i regeneracja<\/strong>: Intensywnie nawil\u017ca i wspomaga procesy regeneracyjne sk\u00f3ry.<\/font><\/li>\n<li><font style=\"font-size: 12px;\"><strong>Poprawa elastyczno\u015bci<\/strong>: Wzmacnia barier\u0119 ochronn\u0105 sk\u00f3ry, czyni\u0105c j\u0105 bardziej elastyczn\u0105 i zdrow\u0105.<\/font><\/li>\n<\/ul>\n<h4 style=\"caret-color: rgb(0, 0, 0); color: rgb(0, 0, 0);\"><font style=\"font-size: 12px;\">Spos\u00f3b u\u017cycia:<\/font><\/h4>\n<p style=\"caret-color: rgb(0, 0, 0); color: rgb(0, 0, 0);\"><font style=\"font-size: 12px;\">Nak\u0142adaj r\u00f3wnomiernie na sk\u00f3r\u0119 twarzy jako ostatni krok w porannej rutynie piel\u0119gnacyjnej, przed ekspozycj\u0105 na s\u0142o\u0144ce. Powtarzaj aplikacj\u0119 co 2-3 godziny w ci\u0105gu dnia, aby utrzyma\u0107 optymaln\u0105 ochron\u0119 przeciws\u0142oneczn\u0105.<\/font><\/p>\n","protected":false},"excerpt":{"rendered":"<p>Beauty of Joseon Relief Sun : Rice + Probiotics to lekki krem przeciws\u0142oneczny, kt\u00f3ry zapewnia skuteczn\u0105 ochron\u0119 przed promieniowaniem UV, jednocze\u015bnie nawil\u017caj\u0105c i koj\u0105c sk\u00f3r\u0119. Dzi\u0119ki zawarto\u015bci ry\u017cu i probiotyk\u00f3w, krem wspiera regeneracj\u0119 sk\u00f3ry, poprawia jej elastyczno\u015b\u0107 oraz wyr\u00f3wnuje koloryt. Idealny dla wszystkich typ\u00f3w cery, szczeg\u00f3lnie wra\u017cliwej i sk\u0142onnej do podra\u017cnie\u0144. Korzy\u015bci dla sk\u00f3ry: Ochrona &#8230; <a title=\"Beauty of Joseon Relief Sun : Rice + Probiotics SPF50+PA++++, 50 ml &#8211; Krem ochronny z wysokim filtrem UV\" class=\"read-more\" href=\"https:\/\/selleetools.com\/pl\/product\/beauty-of-joseon-relief-sun-rice-probiotics-spf50pa-50-ml-krem-ochronny-z-wysokim-filtrem-uv\/\">Read more<span class=\"screen-reader-text\">Beauty of Joseon Relief Sun : Rice + Probiotics SPF50+PA++++, 50 ml &#8211; Krem ochronny z wysokim filtrem UV<\/span><\/a><\/p>\n","protected":false},"featured_media":599211,"comment_status":"open","ping_status":"closed","template":"","meta":{"_links_to":"","_links_to_target":""},"yoast_head":"<!-- This site is optimized with the Yoast SEO plugin v19.4 - https:\/\/yoast.com\/wordpress\/plugins\/seo\/ -->\n<title>Beauty of Joseon Relief Sun : Rice + Probiotics SPF50+PA++++, 50 ml - Krem ochronny z wysokim filtrem UV - Selleetools.com<\/title>\n<meta name=\"robots\" content=\"index, follow, max-snippet:-1, max-image-preview:large, max-video-preview:-1\" \/>\n<link rel=\"canonical\" href=\"https:\/\/admincentral.selleetools.com\/pl\/product\/beauty-of-joseon-relief-sun-rice-probiotics-spf50pa-50-ml-krem-ochronny-z-wysokim-filtrem-uv\/\" \/>\n<meta property=\"og:locale\" content=\"pl_PL\" \/>\n<meta property=\"og:type\" content=\"article\" \/>\n<meta property=\"og:title\" content=\"Beauty of Joseon Relief Sun : Rice + Probiotics SPF50+PA++++, 50 ml - Krem ochronny z wysokim filtrem UV - Selleetools.com\" \/>\n<meta property=\"og:description\" content=\"Beauty of Joseon Relief Sun : Rice + Probiotics to lekki krem przeciws\u0142oneczny, kt\u00f3ry zapewnia skuteczn\u0105 ochron\u0119 przed promieniowaniem UV, jednocze\u015bnie nawil\u017caj\u0105c i koj\u0105c sk\u00f3r\u0119. Dzi\u0119ki zawarto\u015bci ry\u017cu i probiotyk\u00f3w, krem wspiera regeneracj\u0119 sk\u00f3ry, poprawia jej elastyczno\u015b\u0107 oraz wyr\u00f3wnuje koloryt. Idealny dla wszystkich typ\u00f3w cery, szczeg\u00f3lnie wra\u017cliwej i sk\u0142onnej do podra\u017cnie\u0144. Korzy\u015bci dla sk\u00f3ry: Ochrona ... Read moreBeauty of Joseon Relief Sun : Rice + Probiotics SPF50+PA++++, 50 ml &#8211; Krem ochronny z wysokim filtrem UV\" \/>\n<meta property=\"og:url\" content=\"https:\/\/admincentral.selleetools.com\/pl\/product\/beauty-of-joseon-relief-sun-rice-probiotics-spf50pa-50-ml-krem-ochronny-z-wysokim-filtrem-uv\/\" \/>\n<meta property=\"og:site_name\" content=\"Selleetools.com\" \/>\n<meta property=\"article:modified_time\" content=\"2025-12-26T15:50:51+00:00\" \/>\n<meta property=\"og:image\" content=\"https:\/\/selleetools.com\/wp-content\/uploads\/2025\/10\/4f82cefe084464a2ba70c8ed386e7fa8.jpg\" \/>\n\t<meta property=\"og:image:width\" content=\"1200\" \/>\n\t<meta property=\"og:image:height\" content=\"1200\" \/>\n\t<meta property=\"og:image:type\" content=\"image\/jpeg\" \/>\n<meta name=\"twitter:card\" content=\"summary_large_image\" \/>\n<meta name=\"twitter:label1\" content=\"Est. reading time\" \/>\n\t<meta name=\"twitter:data1\" content=\"1 minuta\" \/>\n<!-- \/ Yoast SEO plugin. -->","yoast_head_json":{"title":"Beauty of Joseon Relief Sun : Rice + Probiotics SPF50+PA++++, 50 ml - Krem ochronny z wysokim filtrem UV - Selleetools.com","robots":{"index":"index","follow":"follow","max-snippet":"max-snippet:-1","max-image-preview":"max-image-preview:large","max-video-preview":"max-video-preview:-1"},"canonical":"https:\/\/admincentral.selleetools.com\/pl\/product\/beauty-of-joseon-relief-sun-rice-probiotics-spf50pa-50-ml-krem-ochronny-z-wysokim-filtrem-uv\/","og_locale":"pl_PL","og_type":"article","og_title":"Beauty of Joseon Relief Sun : Rice + Probiotics SPF50+PA++++, 50 ml - Krem ochronny z wysokim filtrem UV - Selleetools.com","og_description":"Beauty of Joseon Relief Sun : Rice + Probiotics to lekki krem przeciws\u0142oneczny, kt\u00f3ry zapewnia skuteczn\u0105 ochron\u0119 przed promieniowaniem UV, jednocze\u015bnie nawil\u017caj\u0105c i koj\u0105c sk\u00f3r\u0119. Dzi\u0119ki zawarto\u015bci ry\u017cu i probiotyk\u00f3w, krem wspiera regeneracj\u0119 sk\u00f3ry, poprawia jej elastyczno\u015b\u0107 oraz wyr\u00f3wnuje koloryt. Idealny dla wszystkich typ\u00f3w cery, szczeg\u00f3lnie wra\u017cliwej i sk\u0142onnej do podra\u017cnie\u0144. Korzy\u015bci dla sk\u00f3ry: Ochrona ... Read moreBeauty of Joseon Relief Sun : Rice + Probiotics SPF50+PA++++, 50 ml &#8211; Krem ochronny z wysokim filtrem UV","og_url":"https:\/\/admincentral.selleetools.com\/pl\/product\/beauty-of-joseon-relief-sun-rice-probiotics-spf50pa-50-ml-krem-ochronny-z-wysokim-filtrem-uv\/","og_site_name":"Selleetools.com","article_modified_time":"2025-12-26T15:50:51+00:00","og_image":[{"width":1200,"height":1200,"url":"https:\/\/selleetools.com\/wp-content\/uploads\/2025\/10\/4f82cefe084464a2ba70c8ed386e7fa8.jpg","type":"image\/jpeg"}],"twitter_card":"summary_large_image","twitter_misc":{"Est. reading time":"1 minuta"},"schema":{"@context":"https:\/\/schema.org","@graph":[{"@type":"Organization","@id":"https:\/\/selleetools.com\/#organization","name":"Selleetools","url":"https:\/\/selleetools.com\/","sameAs":[],"logo":{"@type":"ImageObject","inLanguage":"pl-PL","@id":"https:\/\/selleetools.com\/#\/schema\/logo\/image\/","url":"https:\/\/selleetools.com\/wp-content\/uploads\/2021\/10\/logo-dark.png","contentUrl":"https:\/\/selleetools.com\/wp-content\/uploads\/2021\/10\/logo-dark.png","width":320,"height":76,"caption":"Selleetools"},"image":{"@id":"https:\/\/selleetools.com\/#\/schema\/logo\/image\/"}},{"@type":"WebSite","@id":"https:\/\/selleetools.com\/#website","url":"https:\/\/selleetools.com\/","name":"Selleetools.com","description":"","publisher":{"@id":"https:\/\/selleetools.com\/#organization"},"potentialAction":[{"@type":"SearchAction","target":{"@type":"EntryPoint","urlTemplate":"https:\/\/selleetools.com\/?s={search_term_string}"},"query-input":"required name=search_term_string"}],"inLanguage":"pl-PL"},{"@type":"WebPage","@id":"https:\/\/admincentral.selleetools.com\/pl\/product\/beauty-of-joseon-relief-sun-rice-probiotics-spf50pa-50-ml-krem-ochronny-z-wysokim-filtrem-uv\/","url":"https:\/\/admincentral.selleetools.com\/pl\/product\/beauty-of-joseon-relief-sun-rice-probiotics-spf50pa-50-ml-krem-ochronny-z-wysokim-filtrem-uv\/","name":"Beauty of Joseon Relief Sun : Rice + Probiotics SPF50+PA++++, 50 ml - Krem ochronny z wysokim filtrem UV - Selleetools.com","isPartOf":{"@id":"https:\/\/selleetools.com\/#website"},"datePublished":"2025-10-22T07:03:50+00:00","dateModified":"2025-12-26T15:50:51+00:00","breadcrumb":{"@id":"https:\/\/admincentral.selleetools.com\/pl\/product\/beauty-of-joseon-relief-sun-rice-probiotics-spf50pa-50-ml-krem-ochronny-z-wysokim-filtrem-uv\/#breadcrumb"},"inLanguage":"pl-PL","potentialAction":[{"@type":"ReadAction","target":["https:\/\/admincentral.selleetools.com\/pl\/product\/beauty-of-joseon-relief-sun-rice-probiotics-spf50pa-50-ml-krem-ochronny-z-wysokim-filtrem-uv\/"]}]},{"@type":"BreadcrumbList","@id":"https:\/\/admincentral.selleetools.com\/pl\/product\/beauty-of-joseon-relief-sun-rice-probiotics-spf50pa-50-ml-krem-ochronny-z-wysokim-filtrem-uv\/#breadcrumb","itemListElement":[{"@type":"ListItem","position":1,"name":"Home","item":"https:\/\/selleetools.com\/pl\/"},{"@type":"ListItem","position":2,"name":"Katalog","item":"https:\/\/selleetools.com\/pl\/katalog\/"},{"@type":"ListItem","position":3,"name":"Beauty of Joseon Relief Sun : Rice + Probiotics SPF50+PA++++, 50 ml &#8211; Krem ochronny z wysokim filtrem UV"}]}]}},"_links":{"self":[{"href":"https:\/\/selleetools.com\/pl\/wp-json\/wp\/v2\/product\/599217"}],"collection":[{"href":"https:\/\/selleetools.com\/pl\/wp-json\/wp\/v2\/product"}],"about":[{"href":"https:\/\/selleetools.com\/pl\/wp-json\/wp\/v2\/types\/product"}],"replies":[{"embeddable":true,"href":"https:\/\/selleetools.com\/pl\/wp-json\/wp\/v2\/comments?post=599217"}],"wp:featuredmedia":[{"embeddable":true,"href":"https:\/\/selleetools.com\/pl\/wp-json\/wp\/v2\/media\/599211"}],"wp:attachment":[{"href":"https:\/\/selleetools.com\/pl\/wp-json\/wp\/v2\/media?parent=599217"}],"curies":[{"name":"wp","href":"https:\/\/api.w.org\/{rel}","templated":true}]}}