{"id":599167,"date":"2025-10-22T09:03:09","date_gmt":"2025-10-22T07:03:09","guid":{"rendered":"https:\/\/selleetools.com\/?post_type=product&#038;p=599167"},"modified":"2026-01-04T15:26:47","modified_gmt":"2026-01-04T14:26:47","slug":"baroness-rose-flower-mask-sheet-21-g-maska-w-plachcie-z-ekstraktem-z-kwiatu-rozy","status":"publish","type":"product","link":"https:\/\/selleetools.com\/pl\/product\/baroness-rose-flower-mask-sheet-21-g-maska-w-plachcie-z-ekstraktem-z-kwiatu-rozy\/","title":{"rendered":"BARONESS Rose Flower Mask Sheet, 21 g &#8211; Maska w p\u0142achcie z ekstraktem z kwiatu r\u00f3\u017cy"},"content":{"rendered":"<p style=\"caret-color: rgb(0, 0, 0); color: rgb(0, 0, 0);\"><font style=\"font-size: 12px;\">BARONESS Rose Flower Mask Sheet to nawil\u017caj\u0105ca i od\u017cywcza maseczka w p\u0142achcie, kt\u00f3ra dostarcza sk\u00f3rze intensywnej dawki wilgoci i sk\u0142adnik\u00f3w od\u017cywczych. Dzi\u0119ki ekstraktowi z r\u00f3\u017cy, maseczka dzia\u0142a koj\u0105co, roz\u015bwietlaj\u0105co i poprawia elastyczno\u015b\u0107 sk\u00f3ry, pozostawiaj\u0105c j\u0105 mi\u0119kk\u0105 i promienn\u0105. Idealna do wszystkich typ\u00f3w cery, szczeg\u00f3lnie polecana dla sk\u00f3ry suchej i zm\u0119czonej.<\/font><\/p>\n<h4 style=\"caret-color: rgb(0, 0, 0); color: rgb(0, 0, 0);\"><font style=\"font-size: 12px;\">Korzy\u015bci dla sk\u00f3ry<\/font><\/h4>\n<ul style=\"caret-color: rgb(0, 0, 0); color: rgb(0, 0, 0);\">\n<li><font style=\"font-size: 12px;\"><strong>Nawil\u017cenie i od\u017cywienie<\/strong>: Zapewnia intensywne nawil\u017cenie i dostarcza sk\u00f3rze cennych sk\u0142adnik\u00f3w od\u017cywczych.<\/font><\/li>\n<li><font style=\"font-size: 12px;\"><strong>Kojenie i roz\u015bwietlenie<\/strong>: Dzia\u0142a koj\u0105co, redukuje podra\u017cnienia i dodaje sk\u00f3rze zdrowego blasku.<\/font><\/li>\n<li><font style=\"font-size: 12px;\"><strong>Poprawa elastyczno\u015bci<\/strong>: Pomaga poprawi\u0107 elastyczno\u015b\u0107 sk\u00f3ry, sprawiaj\u0105c, \u017ce jest bardziej j\u0119drna i g\u0142adka.<\/font><\/li>\n<\/ul>\n<h4 style=\"caret-color: rgb(0, 0, 0); color: rgb(0, 0, 0);\"><font style=\"font-size: 12px;\">Spos\u00f3b u\u017cycia<\/font><\/h4>\n<ol style=\"caret-color: rgb(0, 0, 0); color: rgb(0, 0, 0);\">\n<li><font style=\"font-size: 12px;\"><strong>Oczyszczenie<\/strong>: Dok\u0142adnie oczy\u015b\u0107 twarz.<\/font><\/li>\n<li><font style=\"font-size: 12px;\"><strong>Aplikacja<\/strong>: Na\u0142\u00f3\u017c maseczk\u0119 na twarz, dopasowuj\u0105c j\u0105 do kszta\u0142tu twarzy.<\/font><\/li>\n<li><font style=\"font-size: 12px;\"><strong>Relaksacja<\/strong>: Pozostaw na 15-20 minut, aby sk\u00f3ra mog\u0142a wch\u0142on\u0105\u0107 esencj\u0119.<\/font><\/li>\n<li><font style=\"font-size: 12px;\"><strong>Zdejmowanie<\/strong>: Usu\u0144 maseczk\u0119 i delikatnie wmasuj pozosta\u0142o\u015bci esencji w sk\u00f3r\u0119.<\/font><\/li>\n<\/ol>\n<p style=\"caret-color: rgb(0, 0, 0); color: rgb(0, 0, 0);\"><font style=\"font-size: 12px;\">Ta maseczka to szybki i \u0142atwy spos\u00f3b na intensywn\u0105 piel\u0119gnacj\u0119 sk\u00f3ry, zapewniaj\u0105c jej natychmiastowe nawil\u017cenie, ukojenie i promienny wygl\u0105d.<\/font><\/p>\n","protected":false},"excerpt":{"rendered":"<p>BARONESS Rose Flower Mask Sheet to nawil\u017caj\u0105ca i od\u017cywcza maseczka w p\u0142achcie, kt\u00f3ra dostarcza sk\u00f3rze intensywnej dawki wilgoci i sk\u0142adnik\u00f3w od\u017cywczych. Dzi\u0119ki ekstraktowi z r\u00f3\u017cy, maseczka dzia\u0142a koj\u0105co, roz\u015bwietlaj\u0105co i poprawia elastyczno\u015b\u0107 sk\u00f3ry, pozostawiaj\u0105c j\u0105 mi\u0119kk\u0105 i promienn\u0105. Idealna do wszystkich typ\u00f3w cery, szczeg\u00f3lnie polecana dla sk\u00f3ry suchej i zm\u0119czonej. Korzy\u015bci dla sk\u00f3ry Nawil\u017cenie i &#8230; <a title=\"BARONESS Rose Flower Mask Sheet, 21 g &#8211; Maska w p\u0142achcie z ekstraktem z kwiatu r\u00f3\u017cy\" class=\"read-more\" href=\"https:\/\/selleetools.com\/pl\/product\/baroness-rose-flower-mask-sheet-21-g-maska-w-plachcie-z-ekstraktem-z-kwiatu-rozy\/\">Read more<span class=\"screen-reader-text\">BARONESS Rose Flower Mask Sheet, 21 g &#8211; Maska w p\u0142achcie z ekstraktem z kwiatu r\u00f3\u017cy<\/span><\/a><\/p>\n","protected":false},"featured_media":599164,"comment_status":"open","ping_status":"closed","template":"","meta":{"_links_to":"","_links_to_target":""},"yoast_head":"<!-- This site is optimized with the Yoast SEO plugin v19.4 - https:\/\/yoast.com\/wordpress\/plugins\/seo\/ -->\n<title>BARONESS Rose Flower Mask Sheet, 21 g - Maska w p\u0142achcie z ekstraktem z kwiatu r\u00f3\u017cy - Selleetools.com<\/title>\n<meta name=\"robots\" content=\"index, follow, max-snippet:-1, max-image-preview:large, max-video-preview:-1\" \/>\n<link rel=\"canonical\" href=\"https:\/\/selleetools.com\/pl\/product\/baroness-rose-flower-mask-sheet-21-g-maska-w-plachcie-z-ekstraktem-z-kwiatu-rozy\/\" \/>\n<meta property=\"og:locale\" content=\"pl_PL\" \/>\n<meta property=\"og:type\" content=\"article\" \/>\n<meta property=\"og:title\" content=\"BARONESS Rose Flower Mask Sheet, 21 g - Maska w p\u0142achcie z ekstraktem z kwiatu r\u00f3\u017cy - Selleetools.com\" \/>\n<meta property=\"og:description\" content=\"BARONESS Rose Flower Mask Sheet to nawil\u017caj\u0105ca i od\u017cywcza maseczka w p\u0142achcie, kt\u00f3ra dostarcza sk\u00f3rze intensywnej dawki wilgoci i sk\u0142adnik\u00f3w od\u017cywczych. Dzi\u0119ki ekstraktowi z r\u00f3\u017cy, maseczka dzia\u0142a koj\u0105co, roz\u015bwietlaj\u0105co i poprawia elastyczno\u015b\u0107 sk\u00f3ry, pozostawiaj\u0105c j\u0105 mi\u0119kk\u0105 i promienn\u0105. Idealna do wszystkich typ\u00f3w cery, szczeg\u00f3lnie polecana dla sk\u00f3ry suchej i zm\u0119czonej. Korzy\u015bci dla sk\u00f3ry Nawil\u017cenie i ... Read moreBARONESS Rose Flower Mask Sheet, 21 g &#8211; Maska w p\u0142achcie z ekstraktem z kwiatu r\u00f3\u017cy\" \/>\n<meta property=\"og:url\" content=\"https:\/\/selleetools.com\/pl\/product\/baroness-rose-flower-mask-sheet-21-g-maska-w-plachcie-z-ekstraktem-z-kwiatu-rozy\/\" \/>\n<meta property=\"og:site_name\" content=\"Selleetools.com\" \/>\n<meta property=\"article:modified_time\" content=\"2026-01-04T14:26:47+00:00\" \/>\n<meta property=\"og:image\" content=\"https:\/\/selleetools.com\/wp-content\/uploads\/2025\/10\/9ea9f055b81d06718c6ae932e81f3679.jpg\" \/>\n\t<meta property=\"og:image:width\" content=\"900\" \/>\n\t<meta property=\"og:image:height\" content=\"900\" \/>\n\t<meta property=\"og:image:type\" content=\"image\/jpeg\" \/>\n<meta name=\"twitter:card\" content=\"summary_large_image\" \/>\n<meta name=\"twitter:label1\" content=\"Est. reading time\" \/>\n\t<meta name=\"twitter:data1\" content=\"1 minuta\" \/>\n<!-- \/ Yoast SEO plugin. -->","yoast_head_json":{"title":"BARONESS Rose Flower Mask Sheet, 21 g - Maska w p\u0142achcie z ekstraktem z kwiatu r\u00f3\u017cy - Selleetools.com","robots":{"index":"index","follow":"follow","max-snippet":"max-snippet:-1","max-image-preview":"max-image-preview:large","max-video-preview":"max-video-preview:-1"},"canonical":"https:\/\/selleetools.com\/pl\/product\/baroness-rose-flower-mask-sheet-21-g-maska-w-plachcie-z-ekstraktem-z-kwiatu-rozy\/","og_locale":"pl_PL","og_type":"article","og_title":"BARONESS Rose Flower Mask Sheet, 21 g - Maska w p\u0142achcie z ekstraktem z kwiatu r\u00f3\u017cy - Selleetools.com","og_description":"BARONESS Rose Flower Mask Sheet to nawil\u017caj\u0105ca i od\u017cywcza maseczka w p\u0142achcie, kt\u00f3ra dostarcza sk\u00f3rze intensywnej dawki wilgoci i sk\u0142adnik\u00f3w od\u017cywczych. Dzi\u0119ki ekstraktowi z r\u00f3\u017cy, maseczka dzia\u0142a koj\u0105co, roz\u015bwietlaj\u0105co i poprawia elastyczno\u015b\u0107 sk\u00f3ry, pozostawiaj\u0105c j\u0105 mi\u0119kk\u0105 i promienn\u0105. Idealna do wszystkich typ\u00f3w cery, szczeg\u00f3lnie polecana dla sk\u00f3ry suchej i zm\u0119czonej. Korzy\u015bci dla sk\u00f3ry Nawil\u017cenie i ... Read moreBARONESS Rose Flower Mask Sheet, 21 g &#8211; Maska w p\u0142achcie z ekstraktem z kwiatu r\u00f3\u017cy","og_url":"https:\/\/selleetools.com\/pl\/product\/baroness-rose-flower-mask-sheet-21-g-maska-w-plachcie-z-ekstraktem-z-kwiatu-rozy\/","og_site_name":"Selleetools.com","article_modified_time":"2026-01-04T14:26:47+00:00","og_image":[{"width":900,"height":900,"url":"https:\/\/selleetools.com\/wp-content\/uploads\/2025\/10\/9ea9f055b81d06718c6ae932e81f3679.jpg","type":"image\/jpeg"}],"twitter_card":"summary_large_image","twitter_misc":{"Est. reading time":"1 minuta"},"schema":{"@context":"https:\/\/schema.org","@graph":[{"@type":"Organization","@id":"https:\/\/selleetools.com\/#organization","name":"Selleetools","url":"https:\/\/selleetools.com\/","sameAs":[],"logo":{"@type":"ImageObject","inLanguage":"pl-PL","@id":"https:\/\/selleetools.com\/#\/schema\/logo\/image\/","url":"https:\/\/selleetools.com\/wp-content\/uploads\/2021\/10\/logo-dark.png","contentUrl":"https:\/\/selleetools.com\/wp-content\/uploads\/2021\/10\/logo-dark.png","width":320,"height":76,"caption":"Selleetools"},"image":{"@id":"https:\/\/selleetools.com\/#\/schema\/logo\/image\/"}},{"@type":"WebSite","@id":"https:\/\/selleetools.com\/#website","url":"https:\/\/selleetools.com\/","name":"Selleetools.com","description":"","publisher":{"@id":"https:\/\/selleetools.com\/#organization"},"potentialAction":[{"@type":"SearchAction","target":{"@type":"EntryPoint","urlTemplate":"https:\/\/selleetools.com\/?s={search_term_string}"},"query-input":"required name=search_term_string"}],"inLanguage":"pl-PL"},{"@type":"WebPage","@id":"https:\/\/selleetools.com\/pl\/product\/baroness-rose-flower-mask-sheet-21-g-maska-w-plachcie-z-ekstraktem-z-kwiatu-rozy\/","url":"https:\/\/selleetools.com\/pl\/product\/baroness-rose-flower-mask-sheet-21-g-maska-w-plachcie-z-ekstraktem-z-kwiatu-rozy\/","name":"BARONESS Rose Flower Mask Sheet, 21 g - Maska w p\u0142achcie z ekstraktem z kwiatu r\u00f3\u017cy - Selleetools.com","isPartOf":{"@id":"https:\/\/selleetools.com\/#website"},"datePublished":"2025-10-22T07:03:09+00:00","dateModified":"2026-01-04T14:26:47+00:00","breadcrumb":{"@id":"https:\/\/selleetools.com\/pl\/product\/baroness-rose-flower-mask-sheet-21-g-maska-w-plachcie-z-ekstraktem-z-kwiatu-rozy\/#breadcrumb"},"inLanguage":"pl-PL","potentialAction":[{"@type":"ReadAction","target":["https:\/\/selleetools.com\/pl\/product\/baroness-rose-flower-mask-sheet-21-g-maska-w-plachcie-z-ekstraktem-z-kwiatu-rozy\/"]}]},{"@type":"BreadcrumbList","@id":"https:\/\/selleetools.com\/pl\/product\/baroness-rose-flower-mask-sheet-21-g-maska-w-plachcie-z-ekstraktem-z-kwiatu-rozy\/#breadcrumb","itemListElement":[{"@type":"ListItem","position":1,"name":"Home","item":"https:\/\/selleetools.com\/pl\/"},{"@type":"ListItem","position":2,"name":"Katalog","item":"https:\/\/selleetools.com\/pl\/katalog\/"},{"@type":"ListItem","position":3,"name":"BARONESS Rose Flower Mask Sheet, 21 g &#8211; Maska w p\u0142achcie z ekstraktem z kwiatu r\u00f3\u017cy"}]}]}},"_links":{"self":[{"href":"https:\/\/selleetools.com\/pl\/wp-json\/wp\/v2\/product\/599167"}],"collection":[{"href":"https:\/\/selleetools.com\/pl\/wp-json\/wp\/v2\/product"}],"about":[{"href":"https:\/\/selleetools.com\/pl\/wp-json\/wp\/v2\/types\/product"}],"replies":[{"embeddable":true,"href":"https:\/\/selleetools.com\/pl\/wp-json\/wp\/v2\/comments?post=599167"}],"wp:featuredmedia":[{"embeddable":true,"href":"https:\/\/selleetools.com\/pl\/wp-json\/wp\/v2\/media\/599164"}],"wp:attachment":[{"href":"https:\/\/selleetools.com\/pl\/wp-json\/wp\/v2\/media?parent=599167"}],"curies":[{"name":"wp","href":"https:\/\/api.w.org\/{rel}","templated":true}]}}