{"id":599159,"date":"2025-10-22T09:03:02","date_gmt":"2025-10-22T07:03:02","guid":{"rendered":"https:\/\/selleetools.com\/?post_type=product&#038;p=599159"},"modified":"2025-10-23T19:11:53","modified_gmt":"2025-10-23T17:11:53","slug":"baroness-lilly-flower-mask-sheet-21-g-maska-w-plachcie-z-ekstraktem-z-kwiatu-lilii-bialej","status":"publish","type":"product","link":"https:\/\/selleetools.com\/pl\/product\/baroness-lilly-flower-mask-sheet-21-g-maska-w-plachcie-z-ekstraktem-z-kwiatu-lilii-bialej\/","title":{"rendered":"BARONESS Lilly Flower Mask Sheet, 21 g &#8211; Maska w p\u0142achcie z ekstraktem z kwiatu lilii bia\u0142ej"},"content":{"rendered":"<p style=\"caret-color: rgb(0, 0, 0); color: rgb(0, 0, 0);\"><font style=\"font-size: 12px;\"><strong>Baroness Lilly Flower Mask Sheet<\/strong>\u00a0to nawil\u017caj\u0105ca i od\u017cywcza maska w p\u0142achcie, kt\u00f3ra dostarcza sk\u00f3rze sk\u0142adniki pochodz\u0105ce z kwiat\u00f3w lilii, wspomagaj\u0105c jej regeneracj\u0119 i poprawiaj\u0105c elastyczno\u015b\u0107. Maska dzia\u0142a koj\u0105co, redukuje zaczerwienienia i zapewnia sk\u00f3rze zdrowy, promienny wygl\u0105d.<\/font><\/p>\n<p style=\"caret-color: rgb(0, 0, 0); color: rgb(0, 0, 0);\"><font style=\"font-size: 12px;\"><strong>Korzy\u015bci dla sk\u00f3ry<\/strong>:<\/font><\/p>\n<ul style=\"caret-color: rgb(0, 0, 0); color: rgb(0, 0, 0);\">\n<li><font style=\"font-size: 12px;\">Intensywne nawil\u017cenie i od\u017cywienie<\/font><\/li>\n<li><font style=\"font-size: 12px;\">Redukcja zaczerwienie\u0144 i podra\u017cnie\u0144<\/font><\/li>\n<li><font style=\"font-size: 12px;\">Poprawa elastyczno\u015bci i blasku sk\u00f3ry<\/font><\/li>\n<\/ul>\n<p style=\"caret-color: rgb(0, 0, 0); color: rgb(0, 0, 0);\"><font style=\"font-size: 12px;\"><strong>Spos\u00f3b u\u017cycia<\/strong>:<\/font><\/p>\n<ol style=\"caret-color: rgb(0, 0, 0); color: rgb(0, 0, 0);\">\n<li><font style=\"font-size: 12px;\">Oczy\u015b\u0107 i osusz twarz.<\/font><\/li>\n<li><font style=\"font-size: 12px;\">Wyjmij mask\u0119 z opakowania i delikatnie na\u0142\u00f3\u017c na twarz, dostosowuj\u0105c j\u0105 do kontur\u00f3w.<\/font><\/li>\n<li><font style=\"font-size: 12px;\">Pozostaw na 15-20 minut.<\/font><\/li>\n<li><font style=\"font-size: 12px;\">Usu\u0144 mask\u0119, a pozosta\u0142o\u015bci esencji delikatnie wmasuj w sk\u00f3r\u0119, nie sp\u0142ukuj\u0105c.<\/font><\/li>\n<\/ol>\n<p style=\"caret-color: rgb(0, 0, 0); color: rgb(0, 0, 0);\"><font style=\"font-size: 12px;\">Mask\u0119 mo\u017cna stosowa\u0107 2-3 razy w tygodniu, aby utrzyma\u0107 sk\u00f3r\u0119 nawil\u017con\u0105 i od\u017cywion\u0105.<\/font><\/p>\n","protected":false},"excerpt":{"rendered":"<p>Baroness Lilly Flower Mask Sheet\u00a0to nawil\u017caj\u0105ca i od\u017cywcza maska w p\u0142achcie, kt\u00f3ra dostarcza sk\u00f3rze sk\u0142adniki pochodz\u0105ce z kwiat\u00f3w lilii, wspomagaj\u0105c jej regeneracj\u0119 i poprawiaj\u0105c elastyczno\u015b\u0107. Maska dzia\u0142a koj\u0105co, redukuje zaczerwienienia i zapewnia sk\u00f3rze zdrowy, promienny wygl\u0105d. Korzy\u015bci dla sk\u00f3ry: Intensywne nawil\u017cenie i od\u017cywienie Redukcja zaczerwienie\u0144 i podra\u017cnie\u0144 Poprawa elastyczno\u015bci i blasku sk\u00f3ry Spos\u00f3b u\u017cycia: Oczy\u015b\u0107 &#8230; <a title=\"BARONESS Lilly Flower Mask Sheet, 21 g &#8211; Maska w p\u0142achcie z ekstraktem z kwiatu lilii bia\u0142ej\" class=\"read-more\" href=\"https:\/\/selleetools.com\/pl\/product\/baroness-lilly-flower-mask-sheet-21-g-maska-w-plachcie-z-ekstraktem-z-kwiatu-lilii-bialej\/\">Read more<span class=\"screen-reader-text\">BARONESS Lilly Flower Mask Sheet, 21 g &#8211; Maska w p\u0142achcie z ekstraktem z kwiatu lilii bia\u0142ej<\/span><\/a><\/p>\n","protected":false},"featured_media":599157,"comment_status":"open","ping_status":"closed","template":"","meta":{"_links_to":"","_links_to_target":""},"yoast_head":"<!-- This site is optimized with the Yoast SEO plugin v19.4 - https:\/\/yoast.com\/wordpress\/plugins\/seo\/ -->\n<title>BARONESS Lilly Flower Mask Sheet, 21 g - Maska w p\u0142achcie z ekstraktem z kwiatu lilii bia\u0142ej - Selleetools.com<\/title>\n<meta name=\"robots\" content=\"index, follow, max-snippet:-1, max-image-preview:large, max-video-preview:-1\" \/>\n<link rel=\"canonical\" href=\"https:\/\/admincentral.selleetools.com\/product\/baroness-lilly-flower-mask-sheet-21-g-maska-w-plachcie-z-ekstraktem-z-kwiatu-lilii-bialej\/\" \/>\n<meta property=\"og:locale\" content=\"pl_PL\" \/>\n<meta property=\"og:type\" content=\"article\" \/>\n<meta property=\"og:title\" content=\"BARONESS Lilly Flower Mask Sheet, 21 g - Maska w p\u0142achcie z ekstraktem z kwiatu lilii bia\u0142ej - Selleetools.com\" \/>\n<meta property=\"og:description\" content=\"Baroness Lilly Flower Mask Sheet\u00a0to nawil\u017caj\u0105ca i od\u017cywcza maska w p\u0142achcie, kt\u00f3ra dostarcza sk\u00f3rze sk\u0142adniki pochodz\u0105ce z kwiat\u00f3w lilii, wspomagaj\u0105c jej regeneracj\u0119 i poprawiaj\u0105c elastyczno\u015b\u0107. Maska dzia\u0142a koj\u0105co, redukuje zaczerwienienia i zapewnia sk\u00f3rze zdrowy, promienny wygl\u0105d. Korzy\u015bci dla sk\u00f3ry: Intensywne nawil\u017cenie i od\u017cywienie Redukcja zaczerwienie\u0144 i podra\u017cnie\u0144 Poprawa elastyczno\u015bci i blasku sk\u00f3ry Spos\u00f3b u\u017cycia: Oczy\u015b\u0107 ... Read moreBARONESS Lilly Flower Mask Sheet, 21 g &#8211; Maska w p\u0142achcie z ekstraktem z kwiatu lilii bia\u0142ej\" \/>\n<meta property=\"og:url\" content=\"https:\/\/admincentral.selleetools.com\/product\/baroness-lilly-flower-mask-sheet-21-g-maska-w-plachcie-z-ekstraktem-z-kwiatu-lilii-bialej\/\" \/>\n<meta property=\"og:site_name\" content=\"Selleetools.com\" \/>\n<meta property=\"article:modified_time\" content=\"2025-10-23T17:11:53+00:00\" \/>\n<meta property=\"og:image\" content=\"https:\/\/selleetools.com\/wp-content\/uploads\/2025\/10\/6215d6c125f3807bc90db46f5aa8ee29.jpg\" \/>\n\t<meta property=\"og:image:width\" content=\"450\" \/>\n\t<meta property=\"og:image:height\" content=\"450\" \/>\n\t<meta property=\"og:image:type\" content=\"image\/jpeg\" \/>\n<meta name=\"twitter:card\" content=\"summary_large_image\" \/>\n<meta name=\"twitter:label1\" content=\"Est. reading time\" \/>\n\t<meta name=\"twitter:data1\" content=\"1 minuta\" \/>\n<!-- \/ Yoast SEO plugin. -->","yoast_head_json":{"title":"BARONESS Lilly Flower Mask Sheet, 21 g - Maska w p\u0142achcie z ekstraktem z kwiatu lilii bia\u0142ej - Selleetools.com","robots":{"index":"index","follow":"follow","max-snippet":"max-snippet:-1","max-image-preview":"max-image-preview:large","max-video-preview":"max-video-preview:-1"},"canonical":"https:\/\/admincentral.selleetools.com\/product\/baroness-lilly-flower-mask-sheet-21-g-maska-w-plachcie-z-ekstraktem-z-kwiatu-lilii-bialej\/","og_locale":"pl_PL","og_type":"article","og_title":"BARONESS Lilly Flower Mask Sheet, 21 g - Maska w p\u0142achcie z ekstraktem z kwiatu lilii bia\u0142ej - Selleetools.com","og_description":"Baroness Lilly Flower Mask Sheet\u00a0to nawil\u017caj\u0105ca i od\u017cywcza maska w p\u0142achcie, kt\u00f3ra dostarcza sk\u00f3rze sk\u0142adniki pochodz\u0105ce z kwiat\u00f3w lilii, wspomagaj\u0105c jej regeneracj\u0119 i poprawiaj\u0105c elastyczno\u015b\u0107. Maska dzia\u0142a koj\u0105co, redukuje zaczerwienienia i zapewnia sk\u00f3rze zdrowy, promienny wygl\u0105d. Korzy\u015bci dla sk\u00f3ry: Intensywne nawil\u017cenie i od\u017cywienie Redukcja zaczerwienie\u0144 i podra\u017cnie\u0144 Poprawa elastyczno\u015bci i blasku sk\u00f3ry Spos\u00f3b u\u017cycia: Oczy\u015b\u0107 ... Read moreBARONESS Lilly Flower Mask Sheet, 21 g &#8211; Maska w p\u0142achcie z ekstraktem z kwiatu lilii bia\u0142ej","og_url":"https:\/\/admincentral.selleetools.com\/product\/baroness-lilly-flower-mask-sheet-21-g-maska-w-plachcie-z-ekstraktem-z-kwiatu-lilii-bialej\/","og_site_name":"Selleetools.com","article_modified_time":"2025-10-23T17:11:53+00:00","og_image":[{"width":450,"height":450,"url":"https:\/\/selleetools.com\/wp-content\/uploads\/2025\/10\/6215d6c125f3807bc90db46f5aa8ee29.jpg","type":"image\/jpeg"}],"twitter_card":"summary_large_image","twitter_misc":{"Est. reading time":"1 minuta"},"schema":{"@context":"https:\/\/schema.org","@graph":[{"@type":"Organization","@id":"https:\/\/selleetools.com\/#organization","name":"Selleetools","url":"https:\/\/selleetools.com\/","sameAs":[],"logo":{"@type":"ImageObject","inLanguage":"pl-PL","@id":"https:\/\/selleetools.com\/#\/schema\/logo\/image\/","url":"https:\/\/selleetools.com\/wp-content\/uploads\/2021\/10\/logo-dark.png","contentUrl":"https:\/\/selleetools.com\/wp-content\/uploads\/2021\/10\/logo-dark.png","width":320,"height":76,"caption":"Selleetools"},"image":{"@id":"https:\/\/selleetools.com\/#\/schema\/logo\/image\/"}},{"@type":"WebSite","@id":"https:\/\/selleetools.com\/#website","url":"https:\/\/selleetools.com\/","name":"Selleetools.com","description":"","publisher":{"@id":"https:\/\/selleetools.com\/#organization"},"potentialAction":[{"@type":"SearchAction","target":{"@type":"EntryPoint","urlTemplate":"https:\/\/selleetools.com\/?s={search_term_string}"},"query-input":"required name=search_term_string"}],"inLanguage":"pl-PL"},{"@type":"WebPage","@id":"https:\/\/admincentral.selleetools.com\/product\/baroness-lilly-flower-mask-sheet-21-g-maska-w-plachcie-z-ekstraktem-z-kwiatu-lilii-bialej\/","url":"https:\/\/admincentral.selleetools.com\/product\/baroness-lilly-flower-mask-sheet-21-g-maska-w-plachcie-z-ekstraktem-z-kwiatu-lilii-bialej\/","name":"BARONESS Lilly Flower Mask Sheet, 21 g - Maska w p\u0142achcie z ekstraktem z kwiatu lilii bia\u0142ej - Selleetools.com","isPartOf":{"@id":"https:\/\/selleetools.com\/#website"},"datePublished":"2025-10-22T07:03:02+00:00","dateModified":"2025-10-23T17:11:53+00:00","breadcrumb":{"@id":"https:\/\/admincentral.selleetools.com\/product\/baroness-lilly-flower-mask-sheet-21-g-maska-w-plachcie-z-ekstraktem-z-kwiatu-lilii-bialej\/#breadcrumb"},"inLanguage":"pl-PL","potentialAction":[{"@type":"ReadAction","target":["https:\/\/admincentral.selleetools.com\/product\/baroness-lilly-flower-mask-sheet-21-g-maska-w-plachcie-z-ekstraktem-z-kwiatu-lilii-bialej\/"]}]},{"@type":"BreadcrumbList","@id":"https:\/\/admincentral.selleetools.com\/product\/baroness-lilly-flower-mask-sheet-21-g-maska-w-plachcie-z-ekstraktem-z-kwiatu-lilii-bialej\/#breadcrumb","itemListElement":[{"@type":"ListItem","position":1,"name":"Home","item":"https:\/\/selleetools.com\/pl\/"},{"@type":"ListItem","position":2,"name":"Katalog","item":"https:\/\/selleetools.com\/pl\/katalog\/"},{"@type":"ListItem","position":3,"name":"BARONESS Lilly Flower Mask Sheet, 21 g &#8211; Maska w p\u0142achcie z ekstraktem z kwiatu lilii bia\u0142ej"}]}]}},"_links":{"self":[{"href":"https:\/\/selleetools.com\/pl\/wp-json\/wp\/v2\/product\/599159"}],"collection":[{"href":"https:\/\/selleetools.com\/pl\/wp-json\/wp\/v2\/product"}],"about":[{"href":"https:\/\/selleetools.com\/pl\/wp-json\/wp\/v2\/types\/product"}],"replies":[{"embeddable":true,"href":"https:\/\/selleetools.com\/pl\/wp-json\/wp\/v2\/comments?post=599159"}],"wp:featuredmedia":[{"embeddable":true,"href":"https:\/\/selleetools.com\/pl\/wp-json\/wp\/v2\/media\/599157"}],"wp:attachment":[{"href":"https:\/\/selleetools.com\/pl\/wp-json\/wp\/v2\/media?parent=599159"}],"curies":[{"name":"wp","href":"https:\/\/api.w.org\/{rel}","templated":true}]}}