{"id":599132,"date":"2025-10-22T09:02:52","date_gmt":"2025-10-22T07:02:52","guid":{"rendered":"https:\/\/selleetools.com\/?post_type=product&#038;p=599132"},"modified":"2025-12-26T16:50:37","modified_gmt":"2025-12-26T15:50:37","slug":"baroness-vitamin-c-mask-sheet-21-g-rozswietlajaca-maska-w-plachcie-z-witamina-c-21","status":"publish","type":"product","link":"https:\/\/selleetools.com\/pl\/product\/baroness-vitamin-c-mask-sheet-21-g-rozswietlajaca-maska-w-plachcie-z-witamina-c-21\/","title":{"rendered":"BARONESS Vitamin C Mask Sheet, 21 g &#8211; Roz\u015bwietlaj\u0105ca maska w p\u0142achcie z witamin\u0105 C 21"},"content":{"rendered":"<section class=\"section\">\n<div class=\"item item-6\">\n<section class=\"image-item\">\n<p style=\"caret-color: rgb(0, 0, 0); color: rgb(0, 0, 0);\"><font style=\"font-size: 12px;\">BARONESS Vitamin C Mask Sheet to wygodna maseczka w p\u0142achcie, kt\u00f3ra dostarcza sk\u00f3rze intensywn\u0105 dawk\u0119 witaminy C, pomagaj\u0105c w rozja\u015bnieniu i wyr\u00f3wnaniu kolorytu sk\u00f3ry. Dzi\u0119ki swojej formule, maseczka nawil\u017ca, od\u017cywia i poprawia elastyczno\u015b\u0107 sk\u00f3ry, nadaj\u0105c jej zdrowy i promienny wygl\u0105d.<\/font><\/p>\n<h4 style=\"caret-color: rgb(0, 0, 0); color: rgb(0, 0, 0);\"><font style=\"font-size: 12px;\">Korzy\u015bci dla sk\u00f3ry<\/font><\/h4>\n<ul style=\"caret-color: rgb(0, 0, 0); color: rgb(0, 0, 0);\">\n<li><font style=\"font-size: 12px;\"><strong>Rozja\u015bnienie<\/strong>: Pomaga zmniejszy\u0107 widoczno\u015b\u0107 przebarwie\u0144 i wyr\u00f3wnuje koloryt sk\u00f3ry.<\/font><\/li>\n<li><font style=\"font-size: 12px;\"><strong>Nawil\u017cenie i od\u017cywienie<\/strong>: Dzia\u0142a g\u0142\u0119boko nawil\u017caj\u0105co, przywracaj\u0105c sk\u00f3rze mi\u0119kko\u015b\u0107 i g\u0142adko\u015b\u0107.<\/font><\/li>\n<li><font style=\"font-size: 12px;\"><strong>Poprawa elastyczno\u015bci<\/strong>: Wzmacnia struktur\u0119 sk\u00f3ry, nadaj\u0105c jej j\u0119drno\u015b\u0107 i spr\u0119\u017cysto\u015b\u0107.<\/font><\/li>\n<\/ul>\n<h4 style=\"caret-color: rgb(0, 0, 0); color: rgb(0, 0, 0);\"><font style=\"font-size: 12px;\">Spos\u00f3b u\u017cycia<\/font><\/h4>\n<ol style=\"caret-color: rgb(0, 0, 0); color: rgb(0, 0, 0);\">\n<li><font style=\"font-size: 12px;\"><strong>Oczyszczanie<\/strong>: Dok\u0142adnie oczy\u015b\u0107 twarz.<\/font><\/li>\n<li><font style=\"font-size: 12px;\"><strong>Aplikacja<\/strong>: Roz\u0142\u00f3\u017c maseczk\u0119 i na\u0142\u00f3\u017c na twarz, dopasowuj\u0105c j\u0105 do kontur\u00f3w.<\/font><\/li>\n<li><font style=\"font-size: 12px;\"><strong>Czas dzia\u0142ania<\/strong>: Pozostaw na sk\u00f3rze przez 15-20 minut.<\/font><\/li>\n<li><font style=\"font-size: 12px;\"><strong>Usuni\u0119cie<\/strong>: Delikatnie zdejmij maseczk\u0119 i wmasuj pozosta\u0142o\u015b\u0107 esencji w sk\u00f3r\u0119.<\/font><\/li>\n<\/ol>\n<p style=\"caret-color: rgb(0, 0, 0); color: rgb(0, 0, 0);\"><font style=\"font-size: 12px;\">Maseczka jest idealna do regularnego stosowania, aby utrzyma\u0107 sk\u00f3r\u0119 w zdrowym, jasnym i nawil\u017conym stanie.<\/font><\/p>\n<\/section>\n<\/div>\n<\/section>\n<section class=\"section\">\n<div class=\"item item-12\">\n<section class=\"text-item\">\n        <\/section>\n<\/p><\/div>\n<\/section>\n","protected":false},"excerpt":{"rendered":"<p>BARONESS Vitamin C Mask Sheet to wygodna maseczka w p\u0142achcie, kt\u00f3ra dostarcza sk\u00f3rze intensywn\u0105 dawk\u0119 witaminy C, pomagaj\u0105c w rozja\u015bnieniu i wyr\u00f3wnaniu kolorytu sk\u00f3ry. Dzi\u0119ki swojej formule, maseczka nawil\u017ca, od\u017cywia i poprawia elastyczno\u015b\u0107 sk\u00f3ry, nadaj\u0105c jej zdrowy i promienny wygl\u0105d. Korzy\u015bci dla sk\u00f3ry Rozja\u015bnienie: Pomaga zmniejszy\u0107 widoczno\u015b\u0107 przebarwie\u0144 i wyr\u00f3wnuje koloryt sk\u00f3ry. Nawil\u017cenie i od\u017cywienie: &#8230; <a title=\"BARONESS Vitamin C Mask Sheet, 21 g &#8211; Roz\u015bwietlaj\u0105ca maska w p\u0142achcie z witamin\u0105 C 21\" class=\"read-more\" href=\"https:\/\/selleetools.com\/pl\/product\/baroness-vitamin-c-mask-sheet-21-g-rozswietlajaca-maska-w-plachcie-z-witamina-c-21\/\">Read more<span class=\"screen-reader-text\">BARONESS Vitamin C Mask Sheet, 21 g &#8211; Roz\u015bwietlaj\u0105ca maska w p\u0142achcie z witamin\u0105 C 21<\/span><\/a><\/p>\n","protected":false},"featured_media":599130,"comment_status":"open","ping_status":"closed","template":"","meta":{"_links_to":"","_links_to_target":""},"yoast_head":"<!-- This site is optimized with the Yoast SEO plugin v19.4 - https:\/\/yoast.com\/wordpress\/plugins\/seo\/ -->\n<title>BARONESS Vitamin C Mask Sheet, 21 g - Roz\u015bwietlaj\u0105ca maska w p\u0142achcie z witamin\u0105 C 21 - Selleetools.com<\/title>\n<meta name=\"robots\" content=\"index, follow, max-snippet:-1, max-image-preview:large, max-video-preview:-1\" \/>\n<link rel=\"canonical\" href=\"https:\/\/admincentral.selleetools.com\/product\/baroness-vitamin-c-mask-sheet-21-g-rozswietlajaca-maska-w-plachcie-z-witamina-c-21\/\" \/>\n<meta property=\"og:locale\" content=\"pl_PL\" \/>\n<meta property=\"og:type\" content=\"article\" \/>\n<meta property=\"og:title\" content=\"BARONESS Vitamin C Mask Sheet, 21 g - Roz\u015bwietlaj\u0105ca maska w p\u0142achcie z witamin\u0105 C 21 - Selleetools.com\" \/>\n<meta property=\"og:description\" content=\"BARONESS Vitamin C Mask Sheet to wygodna maseczka w p\u0142achcie, kt\u00f3ra dostarcza sk\u00f3rze intensywn\u0105 dawk\u0119 witaminy C, pomagaj\u0105c w rozja\u015bnieniu i wyr\u00f3wnaniu kolorytu sk\u00f3ry. Dzi\u0119ki swojej formule, maseczka nawil\u017ca, od\u017cywia i poprawia elastyczno\u015b\u0107 sk\u00f3ry, nadaj\u0105c jej zdrowy i promienny wygl\u0105d. Korzy\u015bci dla sk\u00f3ry Rozja\u015bnienie: Pomaga zmniejszy\u0107 widoczno\u015b\u0107 przebarwie\u0144 i wyr\u00f3wnuje koloryt sk\u00f3ry. Nawil\u017cenie i od\u017cywienie: ... Read moreBARONESS Vitamin C Mask Sheet, 21 g &#8211; Roz\u015bwietlaj\u0105ca maska w p\u0142achcie z witamin\u0105 C 21\" \/>\n<meta property=\"og:url\" content=\"https:\/\/admincentral.selleetools.com\/product\/baroness-vitamin-c-mask-sheet-21-g-rozswietlajaca-maska-w-plachcie-z-witamina-c-21\/\" \/>\n<meta property=\"og:site_name\" content=\"Selleetools.com\" \/>\n<meta property=\"article:modified_time\" content=\"2025-12-26T15:50:37+00:00\" \/>\n<meta property=\"og:image\" content=\"https:\/\/selleetools.com\/wp-content\/uploads\/2025\/10\/839e07a8e9357d45208709b3dbd2bab2.jpg\" \/>\n\t<meta property=\"og:image:width\" content=\"450\" \/>\n\t<meta property=\"og:image:height\" content=\"450\" \/>\n\t<meta property=\"og:image:type\" content=\"image\/jpeg\" \/>\n<meta name=\"twitter:card\" content=\"summary_large_image\" \/>\n<meta name=\"twitter:label1\" content=\"Est. reading time\" \/>\n\t<meta name=\"twitter:data1\" content=\"1 minuta\" \/>\n<!-- \/ Yoast SEO plugin. -->","yoast_head_json":{"title":"BARONESS Vitamin C Mask Sheet, 21 g - Roz\u015bwietlaj\u0105ca maska w p\u0142achcie z witamin\u0105 C 21 - Selleetools.com","robots":{"index":"index","follow":"follow","max-snippet":"max-snippet:-1","max-image-preview":"max-image-preview:large","max-video-preview":"max-video-preview:-1"},"canonical":"https:\/\/admincentral.selleetools.com\/product\/baroness-vitamin-c-mask-sheet-21-g-rozswietlajaca-maska-w-plachcie-z-witamina-c-21\/","og_locale":"pl_PL","og_type":"article","og_title":"BARONESS Vitamin C Mask Sheet, 21 g - Roz\u015bwietlaj\u0105ca maska w p\u0142achcie z witamin\u0105 C 21 - Selleetools.com","og_description":"BARONESS Vitamin C Mask Sheet to wygodna maseczka w p\u0142achcie, kt\u00f3ra dostarcza sk\u00f3rze intensywn\u0105 dawk\u0119 witaminy C, pomagaj\u0105c w rozja\u015bnieniu i wyr\u00f3wnaniu kolorytu sk\u00f3ry. Dzi\u0119ki swojej formule, maseczka nawil\u017ca, od\u017cywia i poprawia elastyczno\u015b\u0107 sk\u00f3ry, nadaj\u0105c jej zdrowy i promienny wygl\u0105d. Korzy\u015bci dla sk\u00f3ry Rozja\u015bnienie: Pomaga zmniejszy\u0107 widoczno\u015b\u0107 przebarwie\u0144 i wyr\u00f3wnuje koloryt sk\u00f3ry. Nawil\u017cenie i od\u017cywienie: ... Read moreBARONESS Vitamin C Mask Sheet, 21 g &#8211; Roz\u015bwietlaj\u0105ca maska w p\u0142achcie z witamin\u0105 C 21","og_url":"https:\/\/admincentral.selleetools.com\/product\/baroness-vitamin-c-mask-sheet-21-g-rozswietlajaca-maska-w-plachcie-z-witamina-c-21\/","og_site_name":"Selleetools.com","article_modified_time":"2025-12-26T15:50:37+00:00","og_image":[{"width":450,"height":450,"url":"https:\/\/selleetools.com\/wp-content\/uploads\/2025\/10\/839e07a8e9357d45208709b3dbd2bab2.jpg","type":"image\/jpeg"}],"twitter_card":"summary_large_image","twitter_misc":{"Est. reading time":"1 minuta"},"schema":{"@context":"https:\/\/schema.org","@graph":[{"@type":"Organization","@id":"https:\/\/selleetools.com\/#organization","name":"Selleetools","url":"https:\/\/selleetools.com\/","sameAs":[],"logo":{"@type":"ImageObject","inLanguage":"pl-PL","@id":"https:\/\/selleetools.com\/#\/schema\/logo\/image\/","url":"https:\/\/selleetools.com\/wp-content\/uploads\/2021\/10\/logo-dark.png","contentUrl":"https:\/\/selleetools.com\/wp-content\/uploads\/2021\/10\/logo-dark.png","width":320,"height":76,"caption":"Selleetools"},"image":{"@id":"https:\/\/selleetools.com\/#\/schema\/logo\/image\/"}},{"@type":"WebSite","@id":"https:\/\/selleetools.com\/#website","url":"https:\/\/selleetools.com\/","name":"Selleetools.com","description":"","publisher":{"@id":"https:\/\/selleetools.com\/#organization"},"potentialAction":[{"@type":"SearchAction","target":{"@type":"EntryPoint","urlTemplate":"https:\/\/selleetools.com\/?s={search_term_string}"},"query-input":"required name=search_term_string"}],"inLanguage":"pl-PL"},{"@type":"WebPage","@id":"https:\/\/admincentral.selleetools.com\/product\/baroness-vitamin-c-mask-sheet-21-g-rozswietlajaca-maska-w-plachcie-z-witamina-c-21\/","url":"https:\/\/admincentral.selleetools.com\/product\/baroness-vitamin-c-mask-sheet-21-g-rozswietlajaca-maska-w-plachcie-z-witamina-c-21\/","name":"BARONESS Vitamin C Mask Sheet, 21 g - Roz\u015bwietlaj\u0105ca maska w p\u0142achcie z witamin\u0105 C 21 - Selleetools.com","isPartOf":{"@id":"https:\/\/selleetools.com\/#website"},"datePublished":"2025-10-22T07:02:52+00:00","dateModified":"2025-12-26T15:50:37+00:00","breadcrumb":{"@id":"https:\/\/admincentral.selleetools.com\/product\/baroness-vitamin-c-mask-sheet-21-g-rozswietlajaca-maska-w-plachcie-z-witamina-c-21\/#breadcrumb"},"inLanguage":"pl-PL","potentialAction":[{"@type":"ReadAction","target":["https:\/\/admincentral.selleetools.com\/product\/baroness-vitamin-c-mask-sheet-21-g-rozswietlajaca-maska-w-plachcie-z-witamina-c-21\/"]}]},{"@type":"BreadcrumbList","@id":"https:\/\/admincentral.selleetools.com\/product\/baroness-vitamin-c-mask-sheet-21-g-rozswietlajaca-maska-w-plachcie-z-witamina-c-21\/#breadcrumb","itemListElement":[{"@type":"ListItem","position":1,"name":"Home","item":"https:\/\/selleetools.com\/pl\/"},{"@type":"ListItem","position":2,"name":"Katalog","item":"https:\/\/selleetools.com\/pl\/katalog\/"},{"@type":"ListItem","position":3,"name":"BARONESS Vitamin C Mask Sheet, 21 g &#8211; Roz\u015bwietlaj\u0105ca maska w p\u0142achcie z witamin\u0105 C 21"}]}]}},"_links":{"self":[{"href":"https:\/\/selleetools.com\/pl\/wp-json\/wp\/v2\/product\/599132"}],"collection":[{"href":"https:\/\/selleetools.com\/pl\/wp-json\/wp\/v2\/product"}],"about":[{"href":"https:\/\/selleetools.com\/pl\/wp-json\/wp\/v2\/types\/product"}],"replies":[{"embeddable":true,"href":"https:\/\/selleetools.com\/pl\/wp-json\/wp\/v2\/comments?post=599132"}],"wp:featuredmedia":[{"embeddable":true,"href":"https:\/\/selleetools.com\/pl\/wp-json\/wp\/v2\/media\/599130"}],"wp:attachment":[{"href":"https:\/\/selleetools.com\/pl\/wp-json\/wp\/v2\/media?parent=599132"}],"curies":[{"name":"wp","href":"https:\/\/api.w.org\/{rel}","templated":true}]}}