{"id":599129,"date":"2025-10-22T09:02:49","date_gmt":"2025-10-22T07:02:49","guid":{"rendered":"https:\/\/selleetools.com\/?post_type=product&#038;p=599129"},"modified":"2025-10-23T19:51:45","modified_gmt":"2025-10-23T17:51:45","slug":"some-by-mi-real-snail-skin-barrier-care-mask-20g-maska-do-twarzy-ze-sluzem-slimaka","status":"publish","type":"product","link":"https:\/\/selleetools.com\/pl\/product\/some-by-mi-real-snail-skin-barrier-care-mask-20g-maska-do-twarzy-ze-sluzem-slimaka\/","title":{"rendered":"SOME BY MI Real Snail Skin Barrier Care Mask, 20g &#8211; maska do twarzy ze \u015bluzem \u015blimaka"},"content":{"rendered":"<p>SOME BY MI Real Snail Skin Barrier Care Mask to maska piel\u0119gnacyjna, kt\u00f3ra intensywnie nawil\u017ca, regeneruje i wzmacnia naturaln\u0105 barier\u0119 ochronn\u0105 sk\u00f3ry. Dzi\u0119ki wysokiemu st\u0119\u017ceniu filtratu \u015bluzu \u015blimaka (100 ppm), maska wspomaga odbudow\u0119 sk\u00f3ry, \u0142agodz\u0105c podra\u017cnienia, wspieraj\u0105c procesy naprawcze i poprawiaj\u0105c elastyczno\u015b\u0107. Dodatkowo, obecno\u015b\u0107 kwasu hialuronowego, pantenolu i gliceryny zapewnia g\u0142\u0119bokie nawil\u017cenie, a ekstrakt z lawendy dzia\u0142a koj\u0105co i relaksuj\u0105co na sk\u00f3r\u0119.<\/p>\n<p>Korzy\u015bci dla sk\u00f3ry:<br \/>\nIntensywne nawil\u017cenie i regeneracja sk\u00f3ry<br \/>\nWzmacnianie bariery ochronnej sk\u00f3ry<br \/>\nRedukcja podra\u017cnie\u0144 i zaczerwienie\u0144<br \/>\nPoprawa elastyczno\u015bci i wyg\u0142adzenie sk\u00f3ry<br \/>\nSk\u00f3ra staje si\u0119 g\u0142adka, od\u017cywiona i promienna<\/p>\n<p>Spos\u00f3b u\u017cycia: Na oczyszczon\u0105 sk\u00f3r\u0119 twarzy na\u0142\u00f3\u017c mask\u0119, r\u00f3wnomiernie rozprowadzaj\u0105c j\u0105 po ca\u0142ej twarzy, omijaj\u0105c okolice oczu i ust. Pozostaw na 10-20 minut, a nast\u0119pnie zdejmij mask\u0119 i delikatnie wklep pozosta\u0142o\u015bci produktu w sk\u00f3r\u0119, aby wspom\u00f3c jej wch\u0142anianie.<\/p>\n","protected":false},"excerpt":{"rendered":"<p>SOME BY MI Real Snail Skin Barrier Care Mask to maska piel\u0119gnacyjna, kt\u00f3ra intensywnie nawil\u017ca, regeneruje i wzmacnia naturaln\u0105 barier\u0119 ochronn\u0105 sk\u00f3ry. Dzi\u0119ki wysokiemu st\u0119\u017ceniu filtratu \u015bluzu \u015blimaka (100 ppm), maska wspomaga odbudow\u0119 sk\u00f3ry, \u0142agodz\u0105c podra\u017cnienia, wspieraj\u0105c procesy naprawcze i poprawiaj\u0105c elastyczno\u015b\u0107. Dodatkowo, obecno\u015b\u0107 kwasu hialuronowego, pantenolu i gliceryny zapewnia g\u0142\u0119bokie nawil\u017cenie, a ekstrakt z &#8230; <a title=\"SOME BY MI Real Snail Skin Barrier Care Mask, 20g &#8211; maska do twarzy ze \u015bluzem \u015blimaka\" class=\"read-more\" href=\"https:\/\/selleetools.com\/pl\/product\/some-by-mi-real-snail-skin-barrier-care-mask-20g-maska-do-twarzy-ze-sluzem-slimaka\/\">Read more<span class=\"screen-reader-text\">SOME BY MI Real Snail Skin Barrier Care Mask, 20g &#8211; maska do twarzy ze \u015bluzem \u015blimaka<\/span><\/a><\/p>\n","protected":false},"featured_media":599125,"comment_status":"open","ping_status":"closed","template":"","meta":{"_links_to":"","_links_to_target":""},"yoast_head":"<!-- This site is optimized with the Yoast SEO plugin v19.4 - https:\/\/yoast.com\/wordpress\/plugins\/seo\/ -->\n<title>SOME BY MI Real Snail Skin Barrier Care Mask, 20g - maska do twarzy ze \u015bluzem \u015blimaka - Selleetools.com<\/title>\n<meta name=\"robots\" content=\"index, follow, max-snippet:-1, max-image-preview:large, max-video-preview:-1\" \/>\n<link rel=\"canonical\" href=\"https:\/\/selleetools.com\/product\/some-by-mi-real-snail-skin-barrier-care-mask-20g-maska-do-twarzy-ze-sluzem-slimaka\/\" \/>\n<meta property=\"og:locale\" content=\"pl_PL\" \/>\n<meta property=\"og:type\" content=\"article\" \/>\n<meta property=\"og:title\" content=\"SOME BY MI Real Snail Skin Barrier Care Mask, 20g - maska do twarzy ze \u015bluzem \u015blimaka - Selleetools.com\" \/>\n<meta property=\"og:description\" content=\"SOME BY MI Real Snail Skin Barrier Care Mask to maska piel\u0119gnacyjna, kt\u00f3ra intensywnie nawil\u017ca, regeneruje i wzmacnia naturaln\u0105 barier\u0119 ochronn\u0105 sk\u00f3ry. Dzi\u0119ki wysokiemu st\u0119\u017ceniu filtratu \u015bluzu \u015blimaka (100 ppm), maska wspomaga odbudow\u0119 sk\u00f3ry, \u0142agodz\u0105c podra\u017cnienia, wspieraj\u0105c procesy naprawcze i poprawiaj\u0105c elastyczno\u015b\u0107. Dodatkowo, obecno\u015b\u0107 kwasu hialuronowego, pantenolu i gliceryny zapewnia g\u0142\u0119bokie nawil\u017cenie, a ekstrakt z ... Read moreSOME BY MI Real Snail Skin Barrier Care Mask, 20g &#8211; maska do twarzy ze \u015bluzem \u015blimaka\" \/>\n<meta property=\"og:url\" content=\"https:\/\/selleetools.com\/product\/some-by-mi-real-snail-skin-barrier-care-mask-20g-maska-do-twarzy-ze-sluzem-slimaka\/\" \/>\n<meta property=\"og:site_name\" content=\"Selleetools.com\" \/>\n<meta property=\"article:modified_time\" content=\"2025-10-23T17:51:45+00:00\" \/>\n<meta property=\"og:image\" content=\"https:\/\/selleetools.com\/wp-content\/uploads\/2025\/10\/6f375fdc2e88fabbb4686a0a0a5fd88b.jpg\" \/>\n\t<meta property=\"og:image:width\" content=\"1200\" \/>\n\t<meta property=\"og:image:height\" content=\"1200\" \/>\n\t<meta property=\"og:image:type\" content=\"image\/jpeg\" \/>\n<meta name=\"twitter:card\" content=\"summary_large_image\" \/>\n<meta name=\"twitter:label1\" content=\"Est. reading time\" \/>\n\t<meta name=\"twitter:data1\" content=\"1 minuta\" \/>\n<!-- \/ Yoast SEO plugin. -->","yoast_head_json":{"title":"SOME BY MI Real Snail Skin Barrier Care Mask, 20g - maska do twarzy ze \u015bluzem \u015blimaka - Selleetools.com","robots":{"index":"index","follow":"follow","max-snippet":"max-snippet:-1","max-image-preview":"max-image-preview:large","max-video-preview":"max-video-preview:-1"},"canonical":"https:\/\/selleetools.com\/product\/some-by-mi-real-snail-skin-barrier-care-mask-20g-maska-do-twarzy-ze-sluzem-slimaka\/","og_locale":"pl_PL","og_type":"article","og_title":"SOME BY MI Real Snail Skin Barrier Care Mask, 20g - maska do twarzy ze \u015bluzem \u015blimaka - Selleetools.com","og_description":"SOME BY MI Real Snail Skin Barrier Care Mask to maska piel\u0119gnacyjna, kt\u00f3ra intensywnie nawil\u017ca, regeneruje i wzmacnia naturaln\u0105 barier\u0119 ochronn\u0105 sk\u00f3ry. Dzi\u0119ki wysokiemu st\u0119\u017ceniu filtratu \u015bluzu \u015blimaka (100 ppm), maska wspomaga odbudow\u0119 sk\u00f3ry, \u0142agodz\u0105c podra\u017cnienia, wspieraj\u0105c procesy naprawcze i poprawiaj\u0105c elastyczno\u015b\u0107. Dodatkowo, obecno\u015b\u0107 kwasu hialuronowego, pantenolu i gliceryny zapewnia g\u0142\u0119bokie nawil\u017cenie, a ekstrakt z ... Read moreSOME BY MI Real Snail Skin Barrier Care Mask, 20g &#8211; maska do twarzy ze \u015bluzem \u015blimaka","og_url":"https:\/\/selleetools.com\/product\/some-by-mi-real-snail-skin-barrier-care-mask-20g-maska-do-twarzy-ze-sluzem-slimaka\/","og_site_name":"Selleetools.com","article_modified_time":"2025-10-23T17:51:45+00:00","og_image":[{"width":1200,"height":1200,"url":"https:\/\/selleetools.com\/wp-content\/uploads\/2025\/10\/6f375fdc2e88fabbb4686a0a0a5fd88b.jpg","type":"image\/jpeg"}],"twitter_card":"summary_large_image","twitter_misc":{"Est. reading time":"1 minuta"},"schema":{"@context":"https:\/\/schema.org","@graph":[{"@type":"Organization","@id":"https:\/\/selleetools.com\/#organization","name":"Selleetools","url":"https:\/\/selleetools.com\/","sameAs":[],"logo":{"@type":"ImageObject","inLanguage":"pl-PL","@id":"https:\/\/selleetools.com\/#\/schema\/logo\/image\/","url":"https:\/\/selleetools.com\/wp-content\/uploads\/2021\/10\/logo-dark.png","contentUrl":"https:\/\/selleetools.com\/wp-content\/uploads\/2021\/10\/logo-dark.png","width":320,"height":76,"caption":"Selleetools"},"image":{"@id":"https:\/\/selleetools.com\/#\/schema\/logo\/image\/"}},{"@type":"WebSite","@id":"https:\/\/selleetools.com\/#website","url":"https:\/\/selleetools.com\/","name":"Selleetools.com","description":"","publisher":{"@id":"https:\/\/selleetools.com\/#organization"},"potentialAction":[{"@type":"SearchAction","target":{"@type":"EntryPoint","urlTemplate":"https:\/\/selleetools.com\/?s={search_term_string}"},"query-input":"required name=search_term_string"}],"inLanguage":"pl-PL"},{"@type":"WebPage","@id":"https:\/\/selleetools.com\/product\/some-by-mi-real-snail-skin-barrier-care-mask-20g-maska-do-twarzy-ze-sluzem-slimaka\/","url":"https:\/\/selleetools.com\/product\/some-by-mi-real-snail-skin-barrier-care-mask-20g-maska-do-twarzy-ze-sluzem-slimaka\/","name":"SOME BY MI Real Snail Skin Barrier Care Mask, 20g - maska do twarzy ze \u015bluzem \u015blimaka - Selleetools.com","isPartOf":{"@id":"https:\/\/selleetools.com\/#website"},"datePublished":"2025-10-22T07:02:49+00:00","dateModified":"2025-10-23T17:51:45+00:00","breadcrumb":{"@id":"https:\/\/selleetools.com\/product\/some-by-mi-real-snail-skin-barrier-care-mask-20g-maska-do-twarzy-ze-sluzem-slimaka\/#breadcrumb"},"inLanguage":"pl-PL","potentialAction":[{"@type":"ReadAction","target":["https:\/\/selleetools.com\/product\/some-by-mi-real-snail-skin-barrier-care-mask-20g-maska-do-twarzy-ze-sluzem-slimaka\/"]}]},{"@type":"BreadcrumbList","@id":"https:\/\/selleetools.com\/product\/some-by-mi-real-snail-skin-barrier-care-mask-20g-maska-do-twarzy-ze-sluzem-slimaka\/#breadcrumb","itemListElement":[{"@type":"ListItem","position":1,"name":"Home","item":"https:\/\/selleetools.com\/pl\/"},{"@type":"ListItem","position":2,"name":"Katalog","item":"https:\/\/selleetools.com\/pl\/katalog\/"},{"@type":"ListItem","position":3,"name":"SOME BY MI Real Snail Skin Barrier Care Mask, 20g &#8211; maska do twarzy ze \u015bluzem \u015blimaka"}]}]}},"_links":{"self":[{"href":"https:\/\/selleetools.com\/pl\/wp-json\/wp\/v2\/product\/599129"}],"collection":[{"href":"https:\/\/selleetools.com\/pl\/wp-json\/wp\/v2\/product"}],"about":[{"href":"https:\/\/selleetools.com\/pl\/wp-json\/wp\/v2\/types\/product"}],"replies":[{"embeddable":true,"href":"https:\/\/selleetools.com\/pl\/wp-json\/wp\/v2\/comments?post=599129"}],"wp:featuredmedia":[{"embeddable":true,"href":"https:\/\/selleetools.com\/pl\/wp-json\/wp\/v2\/media\/599125"}],"wp:attachment":[{"href":"https:\/\/selleetools.com\/pl\/wp-json\/wp\/v2\/media?parent=599129"}],"curies":[{"name":"wp","href":"https:\/\/api.w.org\/{rel}","templated":true}]}}