{"id":599121,"date":"2025-10-22T09:02:42","date_gmt":"2025-10-22T07:02:42","guid":{"rendered":"https:\/\/selleetools.com\/?post_type=product&#038;p=599121"},"modified":"2025-10-23T19:51:39","modified_gmt":"2025-10-23T17:51:39","slug":"some-by-mi-real-aha-bha-pha-calming-care-mask-20-g-wygladzajaca-maska-w-plachcie","status":"publish","type":"product","link":"https:\/\/selleetools.com\/pl\/product\/some-by-mi-real-aha-bha-pha-calming-care-mask-20-g-wygladzajaca-maska-w-plachcie\/","title":{"rendered":"SOME BY MI Real Aha Bha Pha Calming Care Mask 20 g &#8211; wyg\u0142adzaj\u0105ca maska w p\u0142achcie"},"content":{"rendered":"<p>SOMEBYMI Real AHA BHA PHA Calming Care Mask, 1ea<br \/>\nJednorazowa maska w p\u0142achcie, stworzona z my\u015bl\u0105 o piel\u0119gnacji sk\u00f3ry wra\u017cliwej i sk\u0142onnej do podra\u017cnie\u0144. Formu\u0142a maski zawiera kompleks AHA, BHA i PHA, kt\u00f3re wspieraj\u0105 delikatne, ale skuteczne z\u0142uszczanie nask\u00f3rka, oczyszczanie por\u00f3w i \u0142agodzenie podra\u017cnie\u0144. Dodatkowo, maska ma dzia\u0142anie koj\u0105ce i nawil\u017caj\u0105ce, co sprawia, \u017ce sk\u00f3ra staje si\u0119 promienna i zdrowa. AHA (kwas alfa-hydroksylowy) dzia\u0142a na powierzchni nask\u00f3rka, usuwaj\u0105c martwe kom\u00f3rki i wyg\u0142adzaj\u0105c sk\u00f3r\u0119.  BHA (kwas beta-hydroksylowy) penetruje g\u0142\u0119biej w pory, usuwaj\u0105c zanieczyszczenia i nadmiar sebum, co pomaga w zapobieganiu zatykania por\u00f3w. PHA (kwas polihydroksylowy) oraz sk\u0142adniki nawil\u017caj\u0105ce \u0142agodz\u0105 sk\u00f3r\u0119, zmniejszaj\u0105c uczucie \u015bci\u0105gni\u0119cia i podra\u017cnienia, zapewniaj\u0105c jednocze\u015bnie g\u0142\u0119bokie nawil\u017cenie.<\/p>\n<p>Korzy\u015bci dla sk\u00f3ry:<br \/>\nWyg\u0142adzenie i od\u015bwie\u017cenie: Maska skutecznie wyg\u0142adza powierzchni\u0119 sk\u00f3ry, poprawiaj\u0105c jej tekstur\u0119 i promienno\u015b\u0107.<br \/>\nOczyszczone pory: Dzi\u0119ki dzia\u0142aniu BHA, pory s\u0105 oczyszczone, co zmniejsza ryzyko powstawania zask\u00f3rnik\u00f3w i wyprysk\u00f3w.<br \/>\nKoj\u0105ca piel\u0119gnacja: PHA oraz inne sk\u0142adniki nawil\u017caj\u0105ce przynosz\u0105 sk\u00f3rze ulg\u0119, redukuj\u0105c podra\u017cnienia i zaczerwienienia.<\/p>\n<p>Spos\u00f3b u\u017cycia:  Umyj twarz i osusz j\u0105 delikatnie przed na\u0142o\u017ceniem maski. Wyjmij mask\u0119 z opakowania i r\u00f3wnomiernie na\u0142\u00f3\u017c j\u0105 na twarz, dostosowuj\u0105c do kszta\u0142tu kontur\u00f3w  Pozostaw mask\u0119 na sk\u00f3rze na 10-15 minut, aby sk\u0142adniki aktywne mog\u0142y wnikn\u0105\u0107 w g\u0142\u0105b sk\u00f3ry. Po up\u0142ywie czasu, zdejmij mask\u0119 i delikatnie wmasuj pozosta\u0142o\u015bci esencji w sk\u00f3r\u0119. Mo\u017cesz na\u0142o\u017cy\u0107 ulubiony krem lub serum, aby uzupe\u0142ni\u0107 piel\u0119gnacj\u0119.<\/p>\n","protected":false},"excerpt":{"rendered":"<p>SOMEBYMI Real AHA BHA PHA Calming Care Mask, 1ea Jednorazowa maska w p\u0142achcie, stworzona z my\u015bl\u0105 o piel\u0119gnacji sk\u00f3ry wra\u017cliwej i sk\u0142onnej do podra\u017cnie\u0144. Formu\u0142a maski zawiera kompleks AHA, BHA i PHA, kt\u00f3re wspieraj\u0105 delikatne, ale skuteczne z\u0142uszczanie nask\u00f3rka, oczyszczanie por\u00f3w i \u0142agodzenie podra\u017cnie\u0144. Dodatkowo, maska ma dzia\u0142anie koj\u0105ce i nawil\u017caj\u0105ce, co sprawia, \u017ce sk\u00f3ra &#8230; <a title=\"SOME BY MI Real Aha Bha Pha Calming Care Mask 20 g &#8211; wyg\u0142adzaj\u0105ca maska w p\u0142achcie\" class=\"read-more\" href=\"https:\/\/selleetools.com\/pl\/product\/some-by-mi-real-aha-bha-pha-calming-care-mask-20-g-wygladzajaca-maska-w-plachcie\/\">Read more<span class=\"screen-reader-text\">SOME BY MI Real Aha Bha Pha Calming Care Mask 20 g &#8211; wyg\u0142adzaj\u0105ca maska w p\u0142achcie<\/span><\/a><\/p>\n","protected":false},"featured_media":599117,"comment_status":"open","ping_status":"closed","template":"","meta":{"_links_to":"","_links_to_target":""},"yoast_head":"<!-- This site is optimized with the Yoast SEO plugin v19.4 - https:\/\/yoast.com\/wordpress\/plugins\/seo\/ -->\n<title>SOME BY MI Real Aha Bha Pha Calming Care Mask 20 g - wyg\u0142adzaj\u0105ca maska w p\u0142achcie - Selleetools.com<\/title>\n<meta name=\"robots\" content=\"index, follow, max-snippet:-1, max-image-preview:large, max-video-preview:-1\" \/>\n<link rel=\"canonical\" href=\"https:\/\/selleetools.com\/pl\/product\/some-by-mi-real-aha-bha-pha-calming-care-mask-20-g-wygladzajaca-maska-w-plachcie\/\" \/>\n<meta property=\"og:locale\" content=\"pl_PL\" \/>\n<meta property=\"og:type\" content=\"article\" \/>\n<meta property=\"og:title\" content=\"SOME BY MI Real Aha Bha Pha Calming Care Mask 20 g - wyg\u0142adzaj\u0105ca maska w p\u0142achcie - Selleetools.com\" \/>\n<meta property=\"og:description\" content=\"SOMEBYMI Real AHA BHA PHA Calming Care Mask, 1ea Jednorazowa maska w p\u0142achcie, stworzona z my\u015bl\u0105 o piel\u0119gnacji sk\u00f3ry wra\u017cliwej i sk\u0142onnej do podra\u017cnie\u0144. Formu\u0142a maski zawiera kompleks AHA, BHA i PHA, kt\u00f3re wspieraj\u0105 delikatne, ale skuteczne z\u0142uszczanie nask\u00f3rka, oczyszczanie por\u00f3w i \u0142agodzenie podra\u017cnie\u0144. Dodatkowo, maska ma dzia\u0142anie koj\u0105ce i nawil\u017caj\u0105ce, co sprawia, \u017ce sk\u00f3ra ... Read moreSOME BY MI Real Aha Bha Pha Calming Care Mask 20 g &#8211; wyg\u0142adzaj\u0105ca maska w p\u0142achcie\" \/>\n<meta property=\"og:url\" content=\"https:\/\/selleetools.com\/pl\/product\/some-by-mi-real-aha-bha-pha-calming-care-mask-20-g-wygladzajaca-maska-w-plachcie\/\" \/>\n<meta property=\"og:site_name\" content=\"Selleetools.com\" \/>\n<meta property=\"article:modified_time\" content=\"2025-10-23T17:51:39+00:00\" \/>\n<meta property=\"og:image\" content=\"https:\/\/selleetools.com\/wp-content\/uploads\/2025\/10\/57a347189b78bd64e736f7ad2740e06e.jpg\" \/>\n\t<meta property=\"og:image:width\" content=\"1000\" \/>\n\t<meta property=\"og:image:height\" content=\"1000\" \/>\n\t<meta property=\"og:image:type\" content=\"image\/jpeg\" \/>\n<meta name=\"twitter:card\" content=\"summary_large_image\" \/>\n<meta name=\"twitter:label1\" content=\"Est. reading time\" \/>\n\t<meta name=\"twitter:data1\" content=\"1 minuta\" \/>\n<!-- \/ Yoast SEO plugin. -->","yoast_head_json":{"title":"SOME BY MI Real Aha Bha Pha Calming Care Mask 20 g - wyg\u0142adzaj\u0105ca maska w p\u0142achcie - Selleetools.com","robots":{"index":"index","follow":"follow","max-snippet":"max-snippet:-1","max-image-preview":"max-image-preview:large","max-video-preview":"max-video-preview:-1"},"canonical":"https:\/\/selleetools.com\/pl\/product\/some-by-mi-real-aha-bha-pha-calming-care-mask-20-g-wygladzajaca-maska-w-plachcie\/","og_locale":"pl_PL","og_type":"article","og_title":"SOME BY MI Real Aha Bha Pha Calming Care Mask 20 g - wyg\u0142adzaj\u0105ca maska w p\u0142achcie - Selleetools.com","og_description":"SOMEBYMI Real AHA BHA PHA Calming Care Mask, 1ea Jednorazowa maska w p\u0142achcie, stworzona z my\u015bl\u0105 o piel\u0119gnacji sk\u00f3ry wra\u017cliwej i sk\u0142onnej do podra\u017cnie\u0144. Formu\u0142a maski zawiera kompleks AHA, BHA i PHA, kt\u00f3re wspieraj\u0105 delikatne, ale skuteczne z\u0142uszczanie nask\u00f3rka, oczyszczanie por\u00f3w i \u0142agodzenie podra\u017cnie\u0144. Dodatkowo, maska ma dzia\u0142anie koj\u0105ce i nawil\u017caj\u0105ce, co sprawia, \u017ce sk\u00f3ra ... Read moreSOME BY MI Real Aha Bha Pha Calming Care Mask 20 g &#8211; wyg\u0142adzaj\u0105ca maska w p\u0142achcie","og_url":"https:\/\/selleetools.com\/pl\/product\/some-by-mi-real-aha-bha-pha-calming-care-mask-20-g-wygladzajaca-maska-w-plachcie\/","og_site_name":"Selleetools.com","article_modified_time":"2025-10-23T17:51:39+00:00","og_image":[{"width":1000,"height":1000,"url":"https:\/\/selleetools.com\/wp-content\/uploads\/2025\/10\/57a347189b78bd64e736f7ad2740e06e.jpg","type":"image\/jpeg"}],"twitter_card":"summary_large_image","twitter_misc":{"Est. reading time":"1 minuta"},"schema":{"@context":"https:\/\/schema.org","@graph":[{"@type":"Organization","@id":"https:\/\/selleetools.com\/#organization","name":"Selleetools","url":"https:\/\/selleetools.com\/","sameAs":[],"logo":{"@type":"ImageObject","inLanguage":"pl-PL","@id":"https:\/\/selleetools.com\/#\/schema\/logo\/image\/","url":"https:\/\/selleetools.com\/wp-content\/uploads\/2021\/10\/logo-dark.png","contentUrl":"https:\/\/selleetools.com\/wp-content\/uploads\/2021\/10\/logo-dark.png","width":320,"height":76,"caption":"Selleetools"},"image":{"@id":"https:\/\/selleetools.com\/#\/schema\/logo\/image\/"}},{"@type":"WebSite","@id":"https:\/\/selleetools.com\/#website","url":"https:\/\/selleetools.com\/","name":"Selleetools.com","description":"","publisher":{"@id":"https:\/\/selleetools.com\/#organization"},"potentialAction":[{"@type":"SearchAction","target":{"@type":"EntryPoint","urlTemplate":"https:\/\/selleetools.com\/?s={search_term_string}"},"query-input":"required name=search_term_string"}],"inLanguage":"pl-PL"},{"@type":"WebPage","@id":"https:\/\/selleetools.com\/pl\/product\/some-by-mi-real-aha-bha-pha-calming-care-mask-20-g-wygladzajaca-maska-w-plachcie\/","url":"https:\/\/selleetools.com\/pl\/product\/some-by-mi-real-aha-bha-pha-calming-care-mask-20-g-wygladzajaca-maska-w-plachcie\/","name":"SOME BY MI Real Aha Bha Pha Calming Care Mask 20 g - wyg\u0142adzaj\u0105ca maska w p\u0142achcie - Selleetools.com","isPartOf":{"@id":"https:\/\/selleetools.com\/#website"},"datePublished":"2025-10-22T07:02:42+00:00","dateModified":"2025-10-23T17:51:39+00:00","breadcrumb":{"@id":"https:\/\/selleetools.com\/pl\/product\/some-by-mi-real-aha-bha-pha-calming-care-mask-20-g-wygladzajaca-maska-w-plachcie\/#breadcrumb"},"inLanguage":"pl-PL","potentialAction":[{"@type":"ReadAction","target":["https:\/\/selleetools.com\/pl\/product\/some-by-mi-real-aha-bha-pha-calming-care-mask-20-g-wygladzajaca-maska-w-plachcie\/"]}]},{"@type":"BreadcrumbList","@id":"https:\/\/selleetools.com\/pl\/product\/some-by-mi-real-aha-bha-pha-calming-care-mask-20-g-wygladzajaca-maska-w-plachcie\/#breadcrumb","itemListElement":[{"@type":"ListItem","position":1,"name":"Home","item":"https:\/\/selleetools.com\/pl\/"},{"@type":"ListItem","position":2,"name":"Katalog","item":"https:\/\/selleetools.com\/pl\/katalog\/"},{"@type":"ListItem","position":3,"name":"SOME BY MI Real Aha Bha Pha Calming Care Mask 20 g &#8211; wyg\u0142adzaj\u0105ca maska w p\u0142achcie"}]}]}},"_links":{"self":[{"href":"https:\/\/selleetools.com\/pl\/wp-json\/wp\/v2\/product\/599121"}],"collection":[{"href":"https:\/\/selleetools.com\/pl\/wp-json\/wp\/v2\/product"}],"about":[{"href":"https:\/\/selleetools.com\/pl\/wp-json\/wp\/v2\/types\/product"}],"replies":[{"embeddable":true,"href":"https:\/\/selleetools.com\/pl\/wp-json\/wp\/v2\/comments?post=599121"}],"wp:featuredmedia":[{"embeddable":true,"href":"https:\/\/selleetools.com\/pl\/wp-json\/wp\/v2\/media\/599117"}],"wp:attachment":[{"href":"https:\/\/selleetools.com\/pl\/wp-json\/wp\/v2\/media?parent=599121"}],"curies":[{"name":"wp","href":"https:\/\/api.w.org\/{rel}","templated":true}]}}