{"id":599107,"date":"2025-10-22T09:02:28","date_gmt":"2025-10-22T07:02:28","guid":{"rendered":"https:\/\/selleetools.com\/?post_type=product&#038;p=599107"},"modified":"2025-11-13T20:04:11","modified_gmt":"2025-11-13T19:04:11","slug":"mixsoon-bifida-mask-pack-25-g-maseczka-do-twarzy-z-fermentami","status":"publish","type":"product","link":"https:\/\/selleetools.com\/pl\/product\/mixsoon-bifida-mask-pack-25-g-maseczka-do-twarzy-z-fermentami\/","title":{"rendered":"MIXSOON Bifida mask pack 25 g &#8211; Maseczka do twarzy z fermentami"},"content":{"rendered":"<p>MIXSOON Bifida Mask Pack to nawil\u017caj\u0105ca maseczka w p\u0142achcie, stworzona z my\u015bl\u0105 o regeneracji i wzmocnieniu bariery ochronnej sk\u00f3ry. Zawiera ferment Bifida oraz ferment Lactobacillus, kt\u00f3re wspomagaj\u0105 odbudow\u0119 mikrobiomu sk\u00f3ry, wyg\u0142adzaj\u0105 i przywracaj\u0105 sk\u00f3rze zdrowy, promienny wygl\u0105d. Lekka, \u017celowa esencja zapewnia intensywne nawil\u017cenie i komfort podczas aplikacji.<\/p>\n<p>Korzy\u015bci dla sk\u00f3ry:<br \/>\nWzmacnia naturaln\u0105 barier\u0119 ochronn\u0105 sk\u00f3ry<br \/>\nIntensywnie nawil\u017ca i wyg\u0142adza<br \/>\nKoi podra\u017cnienia i wspomaga regeneracj\u0119<br \/>\nPrzywraca sk\u00f3rze blask i spr\u0119\u017cysto\u015b\u0107<br \/>\nIdealna do sk\u00f3ry wra\u017cliwej i zm\u0119czonej<\/p>\n<p>Spos\u00f3b u\u017cycia: Na\u0142\u00f3\u017c maseczk\u0119 na oczyszczon\u0105 sk\u00f3r\u0119 twarzy, dopasuj do kszta\u0142tu twarzy. Pozostaw na 10-20 minut. Po zdj\u0119ciu delikatnie wklep pozosta\u0142\u0105 esencj\u0119 a\u017c do ca\u0142kowitego wch\u0142oni\u0119cia.<\/p>\n","protected":false},"excerpt":{"rendered":"<p>MIXSOON Bifida Mask Pack to nawil\u017caj\u0105ca maseczka w p\u0142achcie, stworzona z my\u015bl\u0105 o regeneracji i wzmocnieniu bariery ochronnej sk\u00f3ry. Zawiera ferment Bifida oraz ferment Lactobacillus, kt\u00f3re wspomagaj\u0105 odbudow\u0119 mikrobiomu sk\u00f3ry, wyg\u0142adzaj\u0105 i przywracaj\u0105 sk\u00f3rze zdrowy, promienny wygl\u0105d. Lekka, \u017celowa esencja zapewnia intensywne nawil\u017cenie i komfort podczas aplikacji. Korzy\u015bci dla sk\u00f3ry: Wzmacnia naturaln\u0105 barier\u0119 ochronn\u0105 sk\u00f3ry &#8230; <a title=\"MIXSOON Bifida mask pack 25 g &#8211; Maseczka do twarzy z fermentami\" class=\"read-more\" href=\"https:\/\/selleetools.com\/pl\/product\/mixsoon-bifida-mask-pack-25-g-maseczka-do-twarzy-z-fermentami\/\">Read more<span class=\"screen-reader-text\">MIXSOON Bifida mask pack 25 g &#8211; Maseczka do twarzy z fermentami<\/span><\/a><\/p>\n","protected":false},"featured_media":599101,"comment_status":"open","ping_status":"closed","template":"","meta":{"_links_to":"","_links_to_target":""},"yoast_head":"<!-- This site is optimized with the Yoast SEO plugin v19.4 - https:\/\/yoast.com\/wordpress\/plugins\/seo\/ -->\n<title>MIXSOON Bifida mask pack 25 g - Maseczka do twarzy z fermentami - Selleetools.com<\/title>\n<meta name=\"robots\" content=\"index, follow, max-snippet:-1, max-image-preview:large, max-video-preview:-1\" \/>\n<link rel=\"canonical\" href=\"https:\/\/selleetools.com\/pl\/product\/mixsoon-bifida-mask-pack-25-g-maseczka-do-twarzy-z-fermentami\/\" \/>\n<meta property=\"og:locale\" content=\"pl_PL\" \/>\n<meta property=\"og:type\" content=\"article\" \/>\n<meta property=\"og:title\" content=\"MIXSOON Bifida mask pack 25 g - Maseczka do twarzy z fermentami - Selleetools.com\" \/>\n<meta property=\"og:description\" content=\"MIXSOON Bifida Mask Pack to nawil\u017caj\u0105ca maseczka w p\u0142achcie, stworzona z my\u015bl\u0105 o regeneracji i wzmocnieniu bariery ochronnej sk\u00f3ry. Zawiera ferment Bifida oraz ferment Lactobacillus, kt\u00f3re wspomagaj\u0105 odbudow\u0119 mikrobiomu sk\u00f3ry, wyg\u0142adzaj\u0105 i przywracaj\u0105 sk\u00f3rze zdrowy, promienny wygl\u0105d. Lekka, \u017celowa esencja zapewnia intensywne nawil\u017cenie i komfort podczas aplikacji. Korzy\u015bci dla sk\u00f3ry: Wzmacnia naturaln\u0105 barier\u0119 ochronn\u0105 sk\u00f3ry ... Read moreMIXSOON Bifida mask pack 25 g &#8211; Maseczka do twarzy z fermentami\" \/>\n<meta property=\"og:url\" content=\"https:\/\/selleetools.com\/pl\/product\/mixsoon-bifida-mask-pack-25-g-maseczka-do-twarzy-z-fermentami\/\" \/>\n<meta property=\"og:site_name\" content=\"Selleetools.com\" \/>\n<meta property=\"article:modified_time\" content=\"2025-11-13T19:04:11+00:00\" \/>\n<meta property=\"og:image\" content=\"https:\/\/selleetools.com\/wp-content\/uploads\/2025\/10\/fed530411cded9a124b9dbc1424c33fc.jpg\" \/>\n\t<meta property=\"og:image:width\" content=\"1200\" \/>\n\t<meta property=\"og:image:height\" content=\"1200\" \/>\n\t<meta property=\"og:image:type\" content=\"image\/jpeg\" \/>\n<meta name=\"twitter:card\" content=\"summary_large_image\" \/>\n<meta name=\"twitter:label1\" content=\"Est. reading time\" \/>\n\t<meta name=\"twitter:data1\" content=\"1 minuta\" \/>\n<!-- \/ Yoast SEO plugin. -->","yoast_head_json":{"title":"MIXSOON Bifida mask pack 25 g - Maseczka do twarzy z fermentami - Selleetools.com","robots":{"index":"index","follow":"follow","max-snippet":"max-snippet:-1","max-image-preview":"max-image-preview:large","max-video-preview":"max-video-preview:-1"},"canonical":"https:\/\/selleetools.com\/pl\/product\/mixsoon-bifida-mask-pack-25-g-maseczka-do-twarzy-z-fermentami\/","og_locale":"pl_PL","og_type":"article","og_title":"MIXSOON Bifida mask pack 25 g - Maseczka do twarzy z fermentami - Selleetools.com","og_description":"MIXSOON Bifida Mask Pack to nawil\u017caj\u0105ca maseczka w p\u0142achcie, stworzona z my\u015bl\u0105 o regeneracji i wzmocnieniu bariery ochronnej sk\u00f3ry. Zawiera ferment Bifida oraz ferment Lactobacillus, kt\u00f3re wspomagaj\u0105 odbudow\u0119 mikrobiomu sk\u00f3ry, wyg\u0142adzaj\u0105 i przywracaj\u0105 sk\u00f3rze zdrowy, promienny wygl\u0105d. Lekka, \u017celowa esencja zapewnia intensywne nawil\u017cenie i komfort podczas aplikacji. Korzy\u015bci dla sk\u00f3ry: Wzmacnia naturaln\u0105 barier\u0119 ochronn\u0105 sk\u00f3ry ... Read moreMIXSOON Bifida mask pack 25 g &#8211; Maseczka do twarzy z fermentami","og_url":"https:\/\/selleetools.com\/pl\/product\/mixsoon-bifida-mask-pack-25-g-maseczka-do-twarzy-z-fermentami\/","og_site_name":"Selleetools.com","article_modified_time":"2025-11-13T19:04:11+00:00","og_image":[{"width":1200,"height":1200,"url":"https:\/\/selleetools.com\/wp-content\/uploads\/2025\/10\/fed530411cded9a124b9dbc1424c33fc.jpg","type":"image\/jpeg"}],"twitter_card":"summary_large_image","twitter_misc":{"Est. reading time":"1 minuta"},"schema":{"@context":"https:\/\/schema.org","@graph":[{"@type":"Organization","@id":"https:\/\/selleetools.com\/#organization","name":"Selleetools","url":"https:\/\/selleetools.com\/","sameAs":[],"logo":{"@type":"ImageObject","inLanguage":"pl-PL","@id":"https:\/\/selleetools.com\/#\/schema\/logo\/image\/","url":"https:\/\/selleetools.com\/wp-content\/uploads\/2021\/10\/logo-dark.png","contentUrl":"https:\/\/selleetools.com\/wp-content\/uploads\/2021\/10\/logo-dark.png","width":320,"height":76,"caption":"Selleetools"},"image":{"@id":"https:\/\/selleetools.com\/#\/schema\/logo\/image\/"}},{"@type":"WebSite","@id":"https:\/\/selleetools.com\/#website","url":"https:\/\/selleetools.com\/","name":"Selleetools.com","description":"","publisher":{"@id":"https:\/\/selleetools.com\/#organization"},"potentialAction":[{"@type":"SearchAction","target":{"@type":"EntryPoint","urlTemplate":"https:\/\/selleetools.com\/?s={search_term_string}"},"query-input":"required name=search_term_string"}],"inLanguage":"pl-PL"},{"@type":"WebPage","@id":"https:\/\/selleetools.com\/pl\/product\/mixsoon-bifida-mask-pack-25-g-maseczka-do-twarzy-z-fermentami\/","url":"https:\/\/selleetools.com\/pl\/product\/mixsoon-bifida-mask-pack-25-g-maseczka-do-twarzy-z-fermentami\/","name":"MIXSOON Bifida mask pack 25 g - Maseczka do twarzy z fermentami - Selleetools.com","isPartOf":{"@id":"https:\/\/selleetools.com\/#website"},"datePublished":"2025-10-22T07:02:28+00:00","dateModified":"2025-11-13T19:04:11+00:00","breadcrumb":{"@id":"https:\/\/selleetools.com\/pl\/product\/mixsoon-bifida-mask-pack-25-g-maseczka-do-twarzy-z-fermentami\/#breadcrumb"},"inLanguage":"pl-PL","potentialAction":[{"@type":"ReadAction","target":["https:\/\/selleetools.com\/pl\/product\/mixsoon-bifida-mask-pack-25-g-maseczka-do-twarzy-z-fermentami\/"]}]},{"@type":"BreadcrumbList","@id":"https:\/\/selleetools.com\/pl\/product\/mixsoon-bifida-mask-pack-25-g-maseczka-do-twarzy-z-fermentami\/#breadcrumb","itemListElement":[{"@type":"ListItem","position":1,"name":"Home","item":"https:\/\/selleetools.com\/pl\/"},{"@type":"ListItem","position":2,"name":"Katalog","item":"https:\/\/selleetools.com\/pl\/katalog\/"},{"@type":"ListItem","position":3,"name":"MIXSOON Bifida mask pack 25 g &#8211; Maseczka do twarzy z fermentami"}]}]}},"_links":{"self":[{"href":"https:\/\/selleetools.com\/pl\/wp-json\/wp\/v2\/product\/599107"}],"collection":[{"href":"https:\/\/selleetools.com\/pl\/wp-json\/wp\/v2\/product"}],"about":[{"href":"https:\/\/selleetools.com\/pl\/wp-json\/wp\/v2\/types\/product"}],"replies":[{"embeddable":true,"href":"https:\/\/selleetools.com\/pl\/wp-json\/wp\/v2\/comments?post=599107"}],"wp:featuredmedia":[{"embeddable":true,"href":"https:\/\/selleetools.com\/pl\/wp-json\/wp\/v2\/media\/599101"}],"wp:attachment":[{"href":"https:\/\/selleetools.com\/pl\/wp-json\/wp\/v2\/media?parent=599107"}],"curies":[{"name":"wp","href":"https:\/\/api.w.org\/{rel}","templated":true}]}}