{"id":599075,"date":"2025-10-22T09:02:01","date_gmt":"2025-10-22T07:02:01","guid":{"rendered":"https:\/\/selleetools.com\/?post_type=product&#038;p=599075"},"modified":"2025-11-04T20:06:19","modified_gmt":"2025-11-04T19:06:19","slug":"be-the-skin-bha-pore-zero-serum-30-ml-serum-do-twarzy-kontrolujace-nadmiar-sebum","status":"publish","type":"product","link":"https:\/\/selleetools.com\/pl\/product\/be-the-skin-bha-pore-zero-serum-30-ml-serum-do-twarzy-kontrolujace-nadmiar-sebum\/","title":{"rendered":"Be The Skin BHA+ PORE ZERO Serum 30 ml &#8211; Serum do twarzy kontroluj\u0105ce nadmiar sebum"},"content":{"rendered":"<p style=\"caret-color: rgb(0, 0, 0); color: rgb(0, 0, 0);\"><font style=\"font-size: 12px;\"><strong>Be The Skin BHA+ PORE ZERO Serum<\/strong>\u00a0to skuteczne serum do piel\u0119gnacji sk\u00f3ry, kt\u00f3re pomaga w redukcji por\u00f3w i kontrolowaniu nadmiaru sebum. Dzi\u0119ki swojej formule dzia\u0142a z\u0142uszczaj\u0105co, oczyszczaj\u0105c pory i zapobiegaj\u0105c ich zatykaniu. Regularne stosowanie serum poprawia tekstur\u0119 sk\u00f3ry, pozostawiaj\u0105c j\u0105 g\u0142adk\u0105 i matow\u0105.<\/font><\/p>\n<p style=\"caret-color: rgb(0, 0, 0); color: rgb(0, 0, 0);\"><strong><font style=\"font-size: 12px;\">Korzy\u015bci dla sk\u00f3ry:<\/font><\/strong><\/p>\n<ul style=\"caret-color: rgb(0, 0, 0); color: rgb(0, 0, 0);\">\n<li><font style=\"font-size: 12px;\">Redukcja widoczno\u015bci por\u00f3w<\/font><\/li>\n<li><font style=\"font-size: 12px;\">Kontrola nadmiaru sebum<\/font><\/li>\n<li><font style=\"font-size: 12px;\">Oczyszczenie i wyg\u0142adzenie sk\u00f3ry<\/font><\/li>\n<\/ul>\n<p style=\"caret-color: rgb(0, 0, 0); color: rgb(0, 0, 0);\"><font style=\"font-size: 12px;\"><strong>Spos\u00f3b u\u017cycia:<\/strong>\u00a0Na\u0142\u00f3\u017c kilka kropli serum na oczyszczon\u0105 i stonizowan\u0105 sk\u00f3r\u0119 twarzy, delikatnie wklepuj\u0105c a\u017c do ca\u0142kowitego wch\u0142oni\u0119cia. Stosuj codziennie rano i wieczorem przed na\u0142o\u017ceniem kremu nawil\u017caj\u0105cego.<\/font><\/p>\n","protected":false},"excerpt":{"rendered":"<p>Be The Skin BHA+ PORE ZERO Serum\u00a0to skuteczne serum do piel\u0119gnacji sk\u00f3ry, kt\u00f3re pomaga w redukcji por\u00f3w i kontrolowaniu nadmiaru sebum. Dzi\u0119ki swojej formule dzia\u0142a z\u0142uszczaj\u0105co, oczyszczaj\u0105c pory i zapobiegaj\u0105c ich zatykaniu. Regularne stosowanie serum poprawia tekstur\u0119 sk\u00f3ry, pozostawiaj\u0105c j\u0105 g\u0142adk\u0105 i matow\u0105. Korzy\u015bci dla sk\u00f3ry: Redukcja widoczno\u015bci por\u00f3w Kontrola nadmiaru sebum Oczyszczenie i wyg\u0142adzenie &#8230; <a title=\"Be The Skin BHA+ PORE ZERO Serum 30 ml &#8211; Serum do twarzy kontroluj\u0105ce nadmiar sebum\" class=\"read-more\" href=\"https:\/\/selleetools.com\/pl\/product\/be-the-skin-bha-pore-zero-serum-30-ml-serum-do-twarzy-kontrolujace-nadmiar-sebum\/\">Read more<span class=\"screen-reader-text\">Be The Skin BHA+ PORE ZERO Serum 30 ml &#8211; Serum do twarzy kontroluj\u0105ce nadmiar sebum<\/span><\/a><\/p>\n","protected":false},"featured_media":599068,"comment_status":"open","ping_status":"closed","template":"","meta":{"_links_to":"","_links_to_target":""},"yoast_head":"<!-- This site is optimized with the Yoast SEO plugin v19.4 - https:\/\/yoast.com\/wordpress\/plugins\/seo\/ -->\n<title>Be The Skin BHA+ PORE ZERO Serum 30 ml - Serum do twarzy kontroluj\u0105ce nadmiar sebum - Selleetools.com<\/title>\n<meta name=\"robots\" content=\"index, follow, max-snippet:-1, max-image-preview:large, max-video-preview:-1\" \/>\n<link rel=\"canonical\" href=\"https:\/\/selleetools.com\/pl\/product\/be-the-skin-bha-pore-zero-serum-30-ml-serum-do-twarzy-kontrolujace-nadmiar-sebum\/\" \/>\n<meta property=\"og:locale\" content=\"pl_PL\" \/>\n<meta property=\"og:type\" content=\"article\" \/>\n<meta property=\"og:title\" content=\"Be The Skin BHA+ PORE ZERO Serum 30 ml - Serum do twarzy kontroluj\u0105ce nadmiar sebum - Selleetools.com\" \/>\n<meta property=\"og:description\" content=\"Be The Skin BHA+ PORE ZERO Serum\u00a0to skuteczne serum do piel\u0119gnacji sk\u00f3ry, kt\u00f3re pomaga w redukcji por\u00f3w i kontrolowaniu nadmiaru sebum. Dzi\u0119ki swojej formule dzia\u0142a z\u0142uszczaj\u0105co, oczyszczaj\u0105c pory i zapobiegaj\u0105c ich zatykaniu. Regularne stosowanie serum poprawia tekstur\u0119 sk\u00f3ry, pozostawiaj\u0105c j\u0105 g\u0142adk\u0105 i matow\u0105. Korzy\u015bci dla sk\u00f3ry: Redukcja widoczno\u015bci por\u00f3w Kontrola nadmiaru sebum Oczyszczenie i wyg\u0142adzenie ... Read moreBe The Skin BHA+ PORE ZERO Serum 30 ml &#8211; Serum do twarzy kontroluj\u0105ce nadmiar sebum\" \/>\n<meta property=\"og:url\" content=\"https:\/\/selleetools.com\/pl\/product\/be-the-skin-bha-pore-zero-serum-30-ml-serum-do-twarzy-kontrolujace-nadmiar-sebum\/\" \/>\n<meta property=\"og:site_name\" content=\"Selleetools.com\" \/>\n<meta property=\"article:modified_time\" content=\"2025-11-04T19:06:19+00:00\" \/>\n<meta property=\"og:image\" content=\"https:\/\/selleetools.com\/wp-content\/uploads\/2025\/10\/5ad57647e5737d17af29694ea20d4b9b.png\" \/>\n\t<meta property=\"og:image:width\" content=\"3000\" \/>\n\t<meta property=\"og:image:height\" content=\"3000\" \/>\n\t<meta property=\"og:image:type\" content=\"image\/png\" \/>\n<meta name=\"twitter:card\" content=\"summary_large_image\" \/>\n<meta name=\"twitter:label1\" content=\"Est. reading time\" \/>\n\t<meta name=\"twitter:data1\" content=\"1 minuta\" \/>\n<!-- \/ Yoast SEO plugin. -->","yoast_head_json":{"title":"Be The Skin BHA+ PORE ZERO Serum 30 ml - Serum do twarzy kontroluj\u0105ce nadmiar sebum - Selleetools.com","robots":{"index":"index","follow":"follow","max-snippet":"max-snippet:-1","max-image-preview":"max-image-preview:large","max-video-preview":"max-video-preview:-1"},"canonical":"https:\/\/selleetools.com\/pl\/product\/be-the-skin-bha-pore-zero-serum-30-ml-serum-do-twarzy-kontrolujace-nadmiar-sebum\/","og_locale":"pl_PL","og_type":"article","og_title":"Be The Skin BHA+ PORE ZERO Serum 30 ml - Serum do twarzy kontroluj\u0105ce nadmiar sebum - Selleetools.com","og_description":"Be The Skin BHA+ PORE ZERO Serum\u00a0to skuteczne serum do piel\u0119gnacji sk\u00f3ry, kt\u00f3re pomaga w redukcji por\u00f3w i kontrolowaniu nadmiaru sebum. Dzi\u0119ki swojej formule dzia\u0142a z\u0142uszczaj\u0105co, oczyszczaj\u0105c pory i zapobiegaj\u0105c ich zatykaniu. Regularne stosowanie serum poprawia tekstur\u0119 sk\u00f3ry, pozostawiaj\u0105c j\u0105 g\u0142adk\u0105 i matow\u0105. Korzy\u015bci dla sk\u00f3ry: Redukcja widoczno\u015bci por\u00f3w Kontrola nadmiaru sebum Oczyszczenie i wyg\u0142adzenie ... Read moreBe The Skin BHA+ PORE ZERO Serum 30 ml &#8211; Serum do twarzy kontroluj\u0105ce nadmiar sebum","og_url":"https:\/\/selleetools.com\/pl\/product\/be-the-skin-bha-pore-zero-serum-30-ml-serum-do-twarzy-kontrolujace-nadmiar-sebum\/","og_site_name":"Selleetools.com","article_modified_time":"2025-11-04T19:06:19+00:00","og_image":[{"width":3000,"height":3000,"url":"https:\/\/selleetools.com\/wp-content\/uploads\/2025\/10\/5ad57647e5737d17af29694ea20d4b9b.png","type":"image\/png"}],"twitter_card":"summary_large_image","twitter_misc":{"Est. reading time":"1 minuta"},"schema":{"@context":"https:\/\/schema.org","@graph":[{"@type":"Organization","@id":"https:\/\/selleetools.com\/#organization","name":"Selleetools","url":"https:\/\/selleetools.com\/","sameAs":[],"logo":{"@type":"ImageObject","inLanguage":"pl-PL","@id":"https:\/\/selleetools.com\/#\/schema\/logo\/image\/","url":"https:\/\/selleetools.com\/wp-content\/uploads\/2021\/10\/logo-dark.png","contentUrl":"https:\/\/selleetools.com\/wp-content\/uploads\/2021\/10\/logo-dark.png","width":320,"height":76,"caption":"Selleetools"},"image":{"@id":"https:\/\/selleetools.com\/#\/schema\/logo\/image\/"}},{"@type":"WebSite","@id":"https:\/\/selleetools.com\/#website","url":"https:\/\/selleetools.com\/","name":"Selleetools.com","description":"","publisher":{"@id":"https:\/\/selleetools.com\/#organization"},"potentialAction":[{"@type":"SearchAction","target":{"@type":"EntryPoint","urlTemplate":"https:\/\/selleetools.com\/?s={search_term_string}"},"query-input":"required name=search_term_string"}],"inLanguage":"pl-PL"},{"@type":"WebPage","@id":"https:\/\/selleetools.com\/pl\/product\/be-the-skin-bha-pore-zero-serum-30-ml-serum-do-twarzy-kontrolujace-nadmiar-sebum\/","url":"https:\/\/selleetools.com\/pl\/product\/be-the-skin-bha-pore-zero-serum-30-ml-serum-do-twarzy-kontrolujace-nadmiar-sebum\/","name":"Be The Skin BHA+ PORE ZERO Serum 30 ml - Serum do twarzy kontroluj\u0105ce nadmiar sebum - Selleetools.com","isPartOf":{"@id":"https:\/\/selleetools.com\/#website"},"datePublished":"2025-10-22T07:02:01+00:00","dateModified":"2025-11-04T19:06:19+00:00","breadcrumb":{"@id":"https:\/\/selleetools.com\/pl\/product\/be-the-skin-bha-pore-zero-serum-30-ml-serum-do-twarzy-kontrolujace-nadmiar-sebum\/#breadcrumb"},"inLanguage":"pl-PL","potentialAction":[{"@type":"ReadAction","target":["https:\/\/selleetools.com\/pl\/product\/be-the-skin-bha-pore-zero-serum-30-ml-serum-do-twarzy-kontrolujace-nadmiar-sebum\/"]}]},{"@type":"BreadcrumbList","@id":"https:\/\/selleetools.com\/pl\/product\/be-the-skin-bha-pore-zero-serum-30-ml-serum-do-twarzy-kontrolujace-nadmiar-sebum\/#breadcrumb","itemListElement":[{"@type":"ListItem","position":1,"name":"Home","item":"https:\/\/selleetools.com\/pl\/"},{"@type":"ListItem","position":2,"name":"Katalog","item":"https:\/\/selleetools.com\/pl\/katalog\/"},{"@type":"ListItem","position":3,"name":"Be The Skin BHA+ PORE ZERO Serum 30 ml &#8211; Serum do twarzy kontroluj\u0105ce nadmiar sebum"}]}]}},"_links":{"self":[{"href":"https:\/\/selleetools.com\/pl\/wp-json\/wp\/v2\/product\/599075"}],"collection":[{"href":"https:\/\/selleetools.com\/pl\/wp-json\/wp\/v2\/product"}],"about":[{"href":"https:\/\/selleetools.com\/pl\/wp-json\/wp\/v2\/types\/product"}],"replies":[{"embeddable":true,"href":"https:\/\/selleetools.com\/pl\/wp-json\/wp\/v2\/comments?post=599075"}],"wp:featuredmedia":[{"embeddable":true,"href":"https:\/\/selleetools.com\/pl\/wp-json\/wp\/v2\/media\/599068"}],"wp:attachment":[{"href":"https:\/\/selleetools.com\/pl\/wp-json\/wp\/v2\/media?parent=599075"}],"curies":[{"name":"wp","href":"https:\/\/api.w.org\/{rel}","templated":true}]}}