{"id":599057,"date":"2025-10-22T09:01:55","date_gmt":"2025-10-22T07:01:55","guid":{"rendered":"https:\/\/selleetools.com\/?post_type=product&#038;p=599057"},"modified":"2026-02-25T19:07:37","modified_gmt":"2026-02-25T18:07:37","slug":"be-the-skin-bha-pore-zero-cleansing-foam-150-g-pianka-oczyszczajaca-z-kwasami-bha","status":"publish","type":"product","link":"https:\/\/selleetools.com\/pl\/product\/be-the-skin-bha-pore-zero-cleansing-foam-150-g-pianka-oczyszczajaca-z-kwasami-bha\/","title":{"rendered":"Be The Skin BHA+ PORE ZERO Cleansing Foam 150 g &#8211; Pianka oczyszczaj\u0105ca z kwasami BHA"},"content":{"rendered":"<section class=\"section\">\n<div class=\"item item-6\">\n<section class=\"image-item\">\n<p style=\"caret-color: rgb(0, 0, 0); color: rgb(0, 0, 0);\"><font style=\"font-size: 12px;\">Be The Skin BHA+ PORE ZERO Cleansing Foam to oczyszczaj\u0105ca pianka do twarzy, kt\u00f3ra skutecznie usuwa zanieczyszczenia i nadmiar sebum, jednocze\u015bnie odblokowuj\u0105c pory i zapobiegaj\u0105c powstawaniu zask\u00f3rnik\u00f3w. Dzi\u0119ki delikatnej, ale skutecznej formule, pianka pomaga utrzyma\u0107 sk\u00f3r\u0119 czyst\u0105, \u015bwie\u017c\u0105 i zmatowion\u0105. Idealna dla cery t\u0142ustej i mieszanej, sprawdzi si\u0119 r\u00f3wnie\u017c przy sk\u00f3rze sk\u0142onnej do tr\u0105dziku.<\/font><\/p>\n<h4 style=\"caret-color: rgb(0, 0, 0); color: rgb(0, 0, 0);\"><font style=\"font-size: 12px;\">Korzy\u015bci dla sk\u00f3ry<\/font><\/h4>\n<ul style=\"caret-color: rgb(0, 0, 0); color: rgb(0, 0, 0);\">\n<li><font style=\"font-size: 12px;\"><strong>Dog\u0142\u0119bne oczyszczanie<\/strong>: Usuwa zanieczyszczenia, nadmiar sebum i resztki makija\u017cu.<\/font><\/li>\n<li><font style=\"font-size: 12px;\"><strong>Odblokowywanie por\u00f3w<\/strong>: Pomaga w redukcji zask\u00f3rnik\u00f3w i zapobiega ich powstawaniu.<\/font><\/li>\n<li><font style=\"font-size: 12px;\"><strong>Matowienie sk\u00f3ry<\/strong>: Pozostawia sk\u00f3r\u0119 \u015bwie\u017c\u0105 i matow\u0105 przez d\u0142u\u017cszy czas.<\/font><\/li>\n<\/ul>\n<h4 style=\"caret-color: rgb(0, 0, 0); color: rgb(0, 0, 0);\"><font style=\"font-size: 12px;\">Spos\u00f3b u\u017cycia<\/font><\/h4>\n<p style=\"caret-color: rgb(0, 0, 0); color: rgb(0, 0, 0);\"><font style=\"font-size: 12px;\">Na\u0142\u00f3\u017c niewielk\u0105 ilo\u015b\u0107 pianki na wilgotne d\u0142onie i masuj twarz kolistymi ruchami, unikaj\u0105c okolic oczu. Dok\u0142adnie sp\u0142ucz ciep\u0142\u0105 wod\u0105. Stosuj codziennie rano i wieczorem dla najlepszych efekt\u00f3w.<\/font><\/p>\n<\/section>\n<\/div>\n<div class=\"item item-6\">\n<section class=\"text-item\">\n        <\/section>\n<\/p><\/div>\n<\/section>\n","protected":false},"excerpt":{"rendered":"<p>Be The Skin BHA+ PORE ZERO Cleansing Foam to oczyszczaj\u0105ca pianka do twarzy, kt\u00f3ra skutecznie usuwa zanieczyszczenia i nadmiar sebum, jednocze\u015bnie odblokowuj\u0105c pory i zapobiegaj\u0105c powstawaniu zask\u00f3rnik\u00f3w. Dzi\u0119ki delikatnej, ale skutecznej formule, pianka pomaga utrzyma\u0107 sk\u00f3r\u0119 czyst\u0105, \u015bwie\u017c\u0105 i zmatowion\u0105. Idealna dla cery t\u0142ustej i mieszanej, sprawdzi si\u0119 r\u00f3wnie\u017c przy sk\u00f3rze sk\u0142onnej do tr\u0105dziku. Korzy\u015bci &#8230; <a title=\"Be The Skin BHA+ PORE ZERO Cleansing Foam 150 g &#8211; Pianka oczyszczaj\u0105ca z kwasami BHA\" class=\"read-more\" href=\"https:\/\/selleetools.com\/pl\/product\/be-the-skin-bha-pore-zero-cleansing-foam-150-g-pianka-oczyszczajaca-z-kwasami-bha\/\">Read more<span class=\"screen-reader-text\">Be The Skin BHA+ PORE ZERO Cleansing Foam 150 g &#8211; Pianka oczyszczaj\u0105ca z kwasami BHA<\/span><\/a><\/p>\n","protected":false},"featured_media":599053,"comment_status":"open","ping_status":"closed","template":"","meta":{"_links_to":"","_links_to_target":""},"yoast_head":"<!-- This site is optimized with the Yoast SEO plugin v19.4 - https:\/\/yoast.com\/wordpress\/plugins\/seo\/ -->\n<title>Be The Skin BHA+ PORE ZERO Cleansing Foam 150 g - Pianka oczyszczaj\u0105ca z kwasami BHA - Selleetools.com<\/title>\n<meta name=\"robots\" content=\"index, follow, max-snippet:-1, max-image-preview:large, max-video-preview:-1\" \/>\n<link rel=\"canonical\" href=\"https:\/\/admincentral.selleetools.com\/product\/be-the-skin-bha-pore-zero-cleansing-foam-150-g-pianka-oczyszczajaca-z-kwasami-bha\/\" \/>\n<meta property=\"og:locale\" content=\"pl_PL\" \/>\n<meta property=\"og:type\" content=\"article\" \/>\n<meta property=\"og:title\" content=\"Be The Skin BHA+ PORE ZERO Cleansing Foam 150 g - Pianka oczyszczaj\u0105ca z kwasami BHA - Selleetools.com\" \/>\n<meta property=\"og:description\" content=\"Be The Skin BHA+ PORE ZERO Cleansing Foam to oczyszczaj\u0105ca pianka do twarzy, kt\u00f3ra skutecznie usuwa zanieczyszczenia i nadmiar sebum, jednocze\u015bnie odblokowuj\u0105c pory i zapobiegaj\u0105c powstawaniu zask\u00f3rnik\u00f3w. Dzi\u0119ki delikatnej, ale skutecznej formule, pianka pomaga utrzyma\u0107 sk\u00f3r\u0119 czyst\u0105, \u015bwie\u017c\u0105 i zmatowion\u0105. Idealna dla cery t\u0142ustej i mieszanej, sprawdzi si\u0119 r\u00f3wnie\u017c przy sk\u00f3rze sk\u0142onnej do tr\u0105dziku. Korzy\u015bci ... Read moreBe The Skin BHA+ PORE ZERO Cleansing Foam 150 g &#8211; Pianka oczyszczaj\u0105ca z kwasami BHA\" \/>\n<meta property=\"og:url\" content=\"https:\/\/admincentral.selleetools.com\/product\/be-the-skin-bha-pore-zero-cleansing-foam-150-g-pianka-oczyszczajaca-z-kwasami-bha\/\" \/>\n<meta property=\"og:site_name\" content=\"Selleetools.com\" \/>\n<meta property=\"article:modified_time\" content=\"2026-02-25T18:07:37+00:00\" \/>\n<meta property=\"og:image\" content=\"https:\/\/selleetools.com\/wp-content\/uploads\/2025\/10\/19a57387b47cb232effd1f65da55f79a.jpg\" \/>\n\t<meta property=\"og:image:width\" content=\"425\" \/>\n\t<meta property=\"og:image:height\" content=\"425\" \/>\n\t<meta property=\"og:image:type\" content=\"image\/jpeg\" \/>\n<meta name=\"twitter:card\" content=\"summary_large_image\" \/>\n<meta name=\"twitter:label1\" content=\"Est. reading time\" \/>\n\t<meta name=\"twitter:data1\" content=\"1 minuta\" \/>\n<!-- \/ Yoast SEO plugin. -->","yoast_head_json":{"title":"Be The Skin BHA+ PORE ZERO Cleansing Foam 150 g - Pianka oczyszczaj\u0105ca z kwasami BHA - Selleetools.com","robots":{"index":"index","follow":"follow","max-snippet":"max-snippet:-1","max-image-preview":"max-image-preview:large","max-video-preview":"max-video-preview:-1"},"canonical":"https:\/\/admincentral.selleetools.com\/product\/be-the-skin-bha-pore-zero-cleansing-foam-150-g-pianka-oczyszczajaca-z-kwasami-bha\/","og_locale":"pl_PL","og_type":"article","og_title":"Be The Skin BHA+ PORE ZERO Cleansing Foam 150 g - Pianka oczyszczaj\u0105ca z kwasami BHA - Selleetools.com","og_description":"Be The Skin BHA+ PORE ZERO Cleansing Foam to oczyszczaj\u0105ca pianka do twarzy, kt\u00f3ra skutecznie usuwa zanieczyszczenia i nadmiar sebum, jednocze\u015bnie odblokowuj\u0105c pory i zapobiegaj\u0105c powstawaniu zask\u00f3rnik\u00f3w. Dzi\u0119ki delikatnej, ale skutecznej formule, pianka pomaga utrzyma\u0107 sk\u00f3r\u0119 czyst\u0105, \u015bwie\u017c\u0105 i zmatowion\u0105. Idealna dla cery t\u0142ustej i mieszanej, sprawdzi si\u0119 r\u00f3wnie\u017c przy sk\u00f3rze sk\u0142onnej do tr\u0105dziku. Korzy\u015bci ... Read moreBe The Skin BHA+ PORE ZERO Cleansing Foam 150 g &#8211; Pianka oczyszczaj\u0105ca z kwasami BHA","og_url":"https:\/\/admincentral.selleetools.com\/product\/be-the-skin-bha-pore-zero-cleansing-foam-150-g-pianka-oczyszczajaca-z-kwasami-bha\/","og_site_name":"Selleetools.com","article_modified_time":"2026-02-25T18:07:37+00:00","og_image":[{"width":425,"height":425,"url":"https:\/\/selleetools.com\/wp-content\/uploads\/2025\/10\/19a57387b47cb232effd1f65da55f79a.jpg","type":"image\/jpeg"}],"twitter_card":"summary_large_image","twitter_misc":{"Est. reading time":"1 minuta"},"schema":{"@context":"https:\/\/schema.org","@graph":[{"@type":"Organization","@id":"https:\/\/selleetools.com\/#organization","name":"Selleetools","url":"https:\/\/selleetools.com\/","sameAs":[],"logo":{"@type":"ImageObject","inLanguage":"pl-PL","@id":"https:\/\/selleetools.com\/#\/schema\/logo\/image\/","url":"https:\/\/selleetools.com\/wp-content\/uploads\/2021\/10\/logo-dark.png","contentUrl":"https:\/\/selleetools.com\/wp-content\/uploads\/2021\/10\/logo-dark.png","width":320,"height":76,"caption":"Selleetools"},"image":{"@id":"https:\/\/selleetools.com\/#\/schema\/logo\/image\/"}},{"@type":"WebSite","@id":"https:\/\/selleetools.com\/#website","url":"https:\/\/selleetools.com\/","name":"Selleetools.com","description":"","publisher":{"@id":"https:\/\/selleetools.com\/#organization"},"potentialAction":[{"@type":"SearchAction","target":{"@type":"EntryPoint","urlTemplate":"https:\/\/selleetools.com\/?s={search_term_string}"},"query-input":"required name=search_term_string"}],"inLanguage":"pl-PL"},{"@type":"WebPage","@id":"https:\/\/admincentral.selleetools.com\/product\/be-the-skin-bha-pore-zero-cleansing-foam-150-g-pianka-oczyszczajaca-z-kwasami-bha\/","url":"https:\/\/admincentral.selleetools.com\/product\/be-the-skin-bha-pore-zero-cleansing-foam-150-g-pianka-oczyszczajaca-z-kwasami-bha\/","name":"Be The Skin BHA+ PORE ZERO Cleansing Foam 150 g - Pianka oczyszczaj\u0105ca z kwasami BHA - Selleetools.com","isPartOf":{"@id":"https:\/\/selleetools.com\/#website"},"datePublished":"2025-10-22T07:01:55+00:00","dateModified":"2026-02-25T18:07:37+00:00","breadcrumb":{"@id":"https:\/\/admincentral.selleetools.com\/product\/be-the-skin-bha-pore-zero-cleansing-foam-150-g-pianka-oczyszczajaca-z-kwasami-bha\/#breadcrumb"},"inLanguage":"pl-PL","potentialAction":[{"@type":"ReadAction","target":["https:\/\/admincentral.selleetools.com\/product\/be-the-skin-bha-pore-zero-cleansing-foam-150-g-pianka-oczyszczajaca-z-kwasami-bha\/"]}]},{"@type":"BreadcrumbList","@id":"https:\/\/admincentral.selleetools.com\/product\/be-the-skin-bha-pore-zero-cleansing-foam-150-g-pianka-oczyszczajaca-z-kwasami-bha\/#breadcrumb","itemListElement":[{"@type":"ListItem","position":1,"name":"Home","item":"https:\/\/selleetools.com\/pl\/"},{"@type":"ListItem","position":2,"name":"Katalog","item":"https:\/\/selleetools.com\/pl\/katalog\/"},{"@type":"ListItem","position":3,"name":"Be The Skin BHA+ PORE ZERO Cleansing Foam 150 g &#8211; Pianka oczyszczaj\u0105ca z kwasami BHA"}]}]}},"_links":{"self":[{"href":"https:\/\/selleetools.com\/pl\/wp-json\/wp\/v2\/product\/599057"}],"collection":[{"href":"https:\/\/selleetools.com\/pl\/wp-json\/wp\/v2\/product"}],"about":[{"href":"https:\/\/selleetools.com\/pl\/wp-json\/wp\/v2\/types\/product"}],"replies":[{"embeddable":true,"href":"https:\/\/selleetools.com\/pl\/wp-json\/wp\/v2\/comments?post=599057"}],"wp:featuredmedia":[{"embeddable":true,"href":"https:\/\/selleetools.com\/pl\/wp-json\/wp\/v2\/media\/599053"}],"wp:attachment":[{"href":"https:\/\/selleetools.com\/pl\/wp-json\/wp\/v2\/media?parent=599057"}],"curies":[{"name":"wp","href":"https:\/\/api.w.org\/{rel}","templated":true}]}}