{"id":599003,"date":"2025-10-22T09:01:15","date_gmt":"2025-10-22T07:01:15","guid":{"rendered":"https:\/\/selleetools.com\/?post_type=product&#038;p=599003"},"modified":"2026-03-03T11:09:55","modified_gmt":"2026-03-03T10:09:55","slug":"cosrx-the-hyaluronic-acid-3-serum-20-g-serum-do-twarzy-o-dzialaniu-nawilzajacym-i-ujedniajacym","status":"publish","type":"product","link":"https:\/\/selleetools.com\/pl\/product\/cosrx-the-hyaluronic-acid-3-serum-20-g-serum-do-twarzy-o-dzialaniu-nawilzajacym-i-ujedniajacym\/","title":{"rendered":"COSRX The Hyaluronic Acid 3 Serum 20 g &#8211; Serum do twarzy o dzia\u0142aniu nawil\u017caj\u0105cym i uj\u0119dniaj\u0105cym"},"content":{"rendered":"<p>COSRX The Hyaluronic Acid 3 Serum to wysoko skoncentrowane serum, kt\u00f3re dostarcza sk\u00f3rze intensywnego nawil\u017cenia i pomaga utrzyma\u0107 jej elastyczno\u015b\u0107. Zawiera 3% kwasu hialuronowego, kt\u00f3ry skutecznie wi\u0105\u017ce wod\u0119 w sk\u00f3rze, zapewniaj\u0105c jej g\u0142\u0119bokie i d\u0142ugotrwa\u0142e nawil\u017cenie. Serum jest lekkie i szybko si\u0119 wch\u0142ania, dzi\u0119ki czemu sk\u00f3ra staje si\u0119 g\u0142adka, mi\u0119kka i promienna.<\/p>\n<p>Korzy\u015bci dla sk\u00f3ry:<br \/>\nIntensywne nawil\u017cenie: G\u0142\u0119boko nawil\u017ca sk\u00f3r\u0119, eliminuj\u0105c uczucie sucho\u015bci i szorstko\u015bci.<br \/>\nPoprawa elastyczno\u015bci: Zwi\u0119ksza elastyczno\u015b\u0107 sk\u00f3ry, dzi\u0119ki czemu staje si\u0119 bardziej j\u0119drna i spr\u0119\u017cysta.<br \/>\nG\u0142adka i mi\u0119kka sk\u00f3ra: Regularne stosowanie serum wyg\u0142adza sk\u00f3r\u0119 i sprawia, \u017ce staje si\u0119 mi\u0119kka w dotyku.<\/p>\n<p>Przeznaczenie:<br \/>\nDla ka\u017cdego typu cery: Idealne dla wszystkich typ\u00f3w sk\u00f3ry, w szczeg\u00f3lno\u015bci dla sk\u00f3ry suchej, odwodnionej i wra\u017cliwej, kt\u00f3ra potrzebuje intensywnego nawil\u017cenia.<\/p>\n<p>Spos\u00f3b u\u017cycia:<br \/>\nPo oczyszczeniu i tonizowaniu sk\u00f3ry, na\u0142\u00f3\u017c 2-3 krople serum na twarz.<br \/>\nDelikatnie wmasuj serum w sk\u00f3r\u0119, a\u017c do ca\u0142kowitego wch\u0142oni\u0119cia.<br \/>\nStosuj rano i wieczorem przed na\u0142o\u017ceniem kremu nawil\u017caj\u0105cego.<\/p>\n<p>Dzi\u0119ki COSRX The Hyaluronic Acid 3 Serum Twoja sk\u00f3ra stanie si\u0119 doskonale nawil\u017cona, g\u0142adka i promienna ka\u017cdego dnia.<\/p>\n","protected":false},"excerpt":{"rendered":"<p>COSRX The Hyaluronic Acid 3 Serum to wysoko skoncentrowane serum, kt\u00f3re dostarcza sk\u00f3rze intensywnego nawil\u017cenia i pomaga utrzyma\u0107 jej elastyczno\u015b\u0107. Zawiera 3% kwasu hialuronowego, kt\u00f3ry skutecznie wi\u0105\u017ce wod\u0119 w sk\u00f3rze, zapewniaj\u0105c jej g\u0142\u0119bokie i d\u0142ugotrwa\u0142e nawil\u017cenie. Serum jest lekkie i szybko si\u0119 wch\u0142ania, dzi\u0119ki czemu sk\u00f3ra staje si\u0119 g\u0142adka, mi\u0119kka i promienna. Korzy\u015bci dla sk\u00f3ry: &#8230; <a title=\"COSRX The Hyaluronic Acid 3 Serum 20 g &#8211; Serum do twarzy o dzia\u0142aniu nawil\u017caj\u0105cym i uj\u0119dniaj\u0105cym\" class=\"read-more\" href=\"https:\/\/selleetools.com\/pl\/product\/cosrx-the-hyaluronic-acid-3-serum-20-g-serum-do-twarzy-o-dzialaniu-nawilzajacym-i-ujedniajacym\/\">Read more<span class=\"screen-reader-text\">COSRX The Hyaluronic Acid 3 Serum 20 g &#8211; Serum do twarzy o dzia\u0142aniu nawil\u017caj\u0105cym i uj\u0119dniaj\u0105cym<\/span><\/a><\/p>\n","protected":false},"featured_media":598993,"comment_status":"open","ping_status":"closed","template":"","meta":{"_links_to":"","_links_to_target":""},"yoast_head":"<!-- This site is optimized with the Yoast SEO plugin v19.4 - https:\/\/yoast.com\/wordpress\/plugins\/seo\/ -->\n<title>COSRX The Hyaluronic Acid 3 Serum 20 g - Serum do twarzy o dzia\u0142aniu nawil\u017caj\u0105cym i uj\u0119dniaj\u0105cym - Selleetools.com<\/title>\n<meta name=\"robots\" content=\"index, follow, max-snippet:-1, max-image-preview:large, max-video-preview:-1\" \/>\n<link rel=\"canonical\" href=\"https:\/\/admincentral.selleetools.com\/product\/cosrx-the-hyaluronic-acid-3-serum-20-g-serum-do-twarzy-o-dzialaniu-nawilzajacym-i-ujedniajacym\/\" \/>\n<meta property=\"og:locale\" content=\"pl_PL\" \/>\n<meta property=\"og:type\" content=\"article\" \/>\n<meta property=\"og:title\" content=\"COSRX The Hyaluronic Acid 3 Serum 20 g - Serum do twarzy o dzia\u0142aniu nawil\u017caj\u0105cym i uj\u0119dniaj\u0105cym - Selleetools.com\" \/>\n<meta property=\"og:description\" content=\"COSRX The Hyaluronic Acid 3 Serum to wysoko skoncentrowane serum, kt\u00f3re dostarcza sk\u00f3rze intensywnego nawil\u017cenia i pomaga utrzyma\u0107 jej elastyczno\u015b\u0107. Zawiera 3% kwasu hialuronowego, kt\u00f3ry skutecznie wi\u0105\u017ce wod\u0119 w sk\u00f3rze, zapewniaj\u0105c jej g\u0142\u0119bokie i d\u0142ugotrwa\u0142e nawil\u017cenie. Serum jest lekkie i szybko si\u0119 wch\u0142ania, dzi\u0119ki czemu sk\u00f3ra staje si\u0119 g\u0142adka, mi\u0119kka i promienna. Korzy\u015bci dla sk\u00f3ry: ... Read moreCOSRX The Hyaluronic Acid 3 Serum 20 g &#8211; Serum do twarzy o dzia\u0142aniu nawil\u017caj\u0105cym i uj\u0119dniaj\u0105cym\" \/>\n<meta property=\"og:url\" content=\"https:\/\/admincentral.selleetools.com\/product\/cosrx-the-hyaluronic-acid-3-serum-20-g-serum-do-twarzy-o-dzialaniu-nawilzajacym-i-ujedniajacym\/\" \/>\n<meta property=\"og:site_name\" content=\"Selleetools.com\" \/>\n<meta property=\"article:modified_time\" content=\"2026-03-03T10:09:55+00:00\" \/>\n<meta property=\"og:image\" content=\"https:\/\/selleetools.com\/wp-content\/uploads\/2025\/10\/87a0769836d59bc56810ebdeb5ad2756.jpg\" \/>\n\t<meta property=\"og:image:width\" content=\"1200\" \/>\n\t<meta property=\"og:image:height\" content=\"1200\" \/>\n\t<meta property=\"og:image:type\" content=\"image\/jpeg\" \/>\n<meta name=\"twitter:card\" content=\"summary_large_image\" \/>\n<meta name=\"twitter:label1\" content=\"Est. reading time\" \/>\n\t<meta name=\"twitter:data1\" content=\"1 minuta\" \/>\n<!-- \/ Yoast SEO plugin. -->","yoast_head_json":{"title":"COSRX The Hyaluronic Acid 3 Serum 20 g - Serum do twarzy o dzia\u0142aniu nawil\u017caj\u0105cym i uj\u0119dniaj\u0105cym - Selleetools.com","robots":{"index":"index","follow":"follow","max-snippet":"max-snippet:-1","max-image-preview":"max-image-preview:large","max-video-preview":"max-video-preview:-1"},"canonical":"https:\/\/admincentral.selleetools.com\/product\/cosrx-the-hyaluronic-acid-3-serum-20-g-serum-do-twarzy-o-dzialaniu-nawilzajacym-i-ujedniajacym\/","og_locale":"pl_PL","og_type":"article","og_title":"COSRX The Hyaluronic Acid 3 Serum 20 g - Serum do twarzy o dzia\u0142aniu nawil\u017caj\u0105cym i uj\u0119dniaj\u0105cym - Selleetools.com","og_description":"COSRX The Hyaluronic Acid 3 Serum to wysoko skoncentrowane serum, kt\u00f3re dostarcza sk\u00f3rze intensywnego nawil\u017cenia i pomaga utrzyma\u0107 jej elastyczno\u015b\u0107. Zawiera 3% kwasu hialuronowego, kt\u00f3ry skutecznie wi\u0105\u017ce wod\u0119 w sk\u00f3rze, zapewniaj\u0105c jej g\u0142\u0119bokie i d\u0142ugotrwa\u0142e nawil\u017cenie. Serum jest lekkie i szybko si\u0119 wch\u0142ania, dzi\u0119ki czemu sk\u00f3ra staje si\u0119 g\u0142adka, mi\u0119kka i promienna. Korzy\u015bci dla sk\u00f3ry: ... Read moreCOSRX The Hyaluronic Acid 3 Serum 20 g &#8211; Serum do twarzy o dzia\u0142aniu nawil\u017caj\u0105cym i uj\u0119dniaj\u0105cym","og_url":"https:\/\/admincentral.selleetools.com\/product\/cosrx-the-hyaluronic-acid-3-serum-20-g-serum-do-twarzy-o-dzialaniu-nawilzajacym-i-ujedniajacym\/","og_site_name":"Selleetools.com","article_modified_time":"2026-03-03T10:09:55+00:00","og_image":[{"width":1200,"height":1200,"url":"https:\/\/selleetools.com\/wp-content\/uploads\/2025\/10\/87a0769836d59bc56810ebdeb5ad2756.jpg","type":"image\/jpeg"}],"twitter_card":"summary_large_image","twitter_misc":{"Est. reading time":"1 minuta"},"schema":{"@context":"https:\/\/schema.org","@graph":[{"@type":"Organization","@id":"https:\/\/selleetools.com\/#organization","name":"Selleetools","url":"https:\/\/selleetools.com\/","sameAs":[],"logo":{"@type":"ImageObject","inLanguage":"pl-PL","@id":"https:\/\/selleetools.com\/#\/schema\/logo\/image\/","url":"https:\/\/selleetools.com\/wp-content\/uploads\/2021\/10\/logo-dark.png","contentUrl":"https:\/\/selleetools.com\/wp-content\/uploads\/2021\/10\/logo-dark.png","width":320,"height":76,"caption":"Selleetools"},"image":{"@id":"https:\/\/selleetools.com\/#\/schema\/logo\/image\/"}},{"@type":"WebSite","@id":"https:\/\/selleetools.com\/#website","url":"https:\/\/selleetools.com\/","name":"Selleetools.com","description":"","publisher":{"@id":"https:\/\/selleetools.com\/#organization"},"potentialAction":[{"@type":"SearchAction","target":{"@type":"EntryPoint","urlTemplate":"https:\/\/selleetools.com\/?s={search_term_string}"},"query-input":"required name=search_term_string"}],"inLanguage":"pl-PL"},{"@type":"WebPage","@id":"https:\/\/admincentral.selleetools.com\/product\/cosrx-the-hyaluronic-acid-3-serum-20-g-serum-do-twarzy-o-dzialaniu-nawilzajacym-i-ujedniajacym\/","url":"https:\/\/admincentral.selleetools.com\/product\/cosrx-the-hyaluronic-acid-3-serum-20-g-serum-do-twarzy-o-dzialaniu-nawilzajacym-i-ujedniajacym\/","name":"COSRX The Hyaluronic Acid 3 Serum 20 g - Serum do twarzy o dzia\u0142aniu nawil\u017caj\u0105cym i uj\u0119dniaj\u0105cym - Selleetools.com","isPartOf":{"@id":"https:\/\/selleetools.com\/#website"},"datePublished":"2025-10-22T07:01:15+00:00","dateModified":"2026-03-03T10:09:55+00:00","breadcrumb":{"@id":"https:\/\/admincentral.selleetools.com\/product\/cosrx-the-hyaluronic-acid-3-serum-20-g-serum-do-twarzy-o-dzialaniu-nawilzajacym-i-ujedniajacym\/#breadcrumb"},"inLanguage":"pl-PL","potentialAction":[{"@type":"ReadAction","target":["https:\/\/admincentral.selleetools.com\/product\/cosrx-the-hyaluronic-acid-3-serum-20-g-serum-do-twarzy-o-dzialaniu-nawilzajacym-i-ujedniajacym\/"]}]},{"@type":"BreadcrumbList","@id":"https:\/\/admincentral.selleetools.com\/product\/cosrx-the-hyaluronic-acid-3-serum-20-g-serum-do-twarzy-o-dzialaniu-nawilzajacym-i-ujedniajacym\/#breadcrumb","itemListElement":[{"@type":"ListItem","position":1,"name":"Home","item":"https:\/\/selleetools.com\/pl\/"},{"@type":"ListItem","position":2,"name":"Katalog","item":"https:\/\/selleetools.com\/pl\/katalog\/"},{"@type":"ListItem","position":3,"name":"COSRX The Hyaluronic Acid 3 Serum 20 g &#8211; Serum do twarzy o dzia\u0142aniu nawil\u017caj\u0105cym i uj\u0119dniaj\u0105cym"}]}]}},"_links":{"self":[{"href":"https:\/\/selleetools.com\/pl\/wp-json\/wp\/v2\/product\/599003"}],"collection":[{"href":"https:\/\/selleetools.com\/pl\/wp-json\/wp\/v2\/product"}],"about":[{"href":"https:\/\/selleetools.com\/pl\/wp-json\/wp\/v2\/types\/product"}],"replies":[{"embeddable":true,"href":"https:\/\/selleetools.com\/pl\/wp-json\/wp\/v2\/comments?post=599003"}],"wp:featuredmedia":[{"embeddable":true,"href":"https:\/\/selleetools.com\/pl\/wp-json\/wp\/v2\/media\/598993"}],"wp:attachment":[{"href":"https:\/\/selleetools.com\/pl\/wp-json\/wp\/v2\/media?parent=599003"}],"curies":[{"name":"wp","href":"https:\/\/api.w.org\/{rel}","templated":true}]}}