{"id":598971,"date":"2025-10-22T09:00:46","date_gmt":"2025-10-22T07:00:46","guid":{"rendered":"https:\/\/selleetools.com\/?post_type=product&#038;p=598971"},"modified":"2025-10-23T19:51:30","modified_gmt":"2025-10-23T17:51:30","slug":"pyunkang-yul-calming-moisture-nourishing-cream-50-ml-kojacy-krem-nawilzajacy-i-odzywczy","status":"publish","type":"product","link":"https:\/\/selleetools.com\/pl\/product\/pyunkang-yul-calming-moisture-nourishing-cream-50-ml-kojacy-krem-nawilzajacy-i-odzywczy\/","title":{"rendered":"Pyunkang yul Calming Moisture Nourishing Cream 50 ml &#8211; Koj\u0105cy krem nawil\u017caj\u0105cy i od\u017cywczy"},"content":{"rendered":"<p>Pyunkang Yul Calming Moisture Nourishing Cream to wyj\u0105tkowy krem stworzony z my\u015bl\u0105 o sk\u00f3rze wra\u017cliwej i sk\u0142onnej do podra\u017cnie\u0144. Formu\u0142a tego produktu zosta\u0142a opracowana przez ekspert\u00f3w z Pyunkang Yul, kt\u00f3rzy wykorzystali naturalne sk\u0142adniki, aby zapewni\u0107 sk\u00f3rze intensywne nawil\u017cenie, ukojenie oraz od\u017cywienie.<\/p>\n<p>Korzy\u015bci dla sk\u00f3ry:<br \/>\nIntensywne nawil\u017cenie: Dzi\u0119ki zawarto\u015bci hialuronianu sodu, krem dog\u0142\u0119bnie nawil\u017ca sk\u00f3r\u0119, zapewniaj\u0105c jej zdrowy i promienny wygl\u0105d.<br \/>\nKojenie podra\u017cnie\u0144: Ekstrakt z korzenia w\u0105krotki azjatyckiej (Centella Asiatica) \u0142agodzi zaczerwienienia i podra\u017cnienia, wspomagaj\u0105c regeneracj\u0119 sk\u00f3ry.<br \/>\nOchrona i od\u017cywienie: Naturalne oleje, takie jak olej z nasion makadamii i olej z awokado, tworz\u0105 na sk\u00f3rze barier\u0119 ochronn\u0105, jednocze\u015bnie dostarczaj\u0105c jej niezb\u0119dnych sk\u0142adnik\u00f3w od\u017cywczych.<br \/>\nBezpiecze\u0144stwo stosowania: Produkt jest wolny od szkodliwych chemikali\u00f3w, takich jak parabeny, sztuczne barwniki i aromaty, co czyni go idealnym dla sk\u00f3ry wra\u017cliwej.<\/p>\n<p>Spos\u00f3b u\u017cycia:<br \/>\nOczy\u015b\u0107 twarz przy pomocy delikatnego \u015brodka myj\u0105cego.<br \/>\nNa\u0142\u00f3\u017c tonik oraz serum, je\u015bli u\u017cywasz.<br \/>\nNiewielk\u0105 ilo\u015b\u0107 kremu nanie\u015b na sk\u00f3r\u0119 twarzy i szyi, delikatnie wmasowuj\u0105c.<br \/>\nStosuj rano i wieczorem, aby zapewni\u0107 sk\u00f3rze odpowiednie nawil\u017cenie i od\u017cywienie.<\/p>\n","protected":false},"excerpt":{"rendered":"<p>Pyunkang Yul Calming Moisture Nourishing Cream to wyj\u0105tkowy krem stworzony z my\u015bl\u0105 o sk\u00f3rze wra\u017cliwej i sk\u0142onnej do podra\u017cnie\u0144. Formu\u0142a tego produktu zosta\u0142a opracowana przez ekspert\u00f3w z Pyunkang Yul, kt\u00f3rzy wykorzystali naturalne sk\u0142adniki, aby zapewni\u0107 sk\u00f3rze intensywne nawil\u017cenie, ukojenie oraz od\u017cywienie. Korzy\u015bci dla sk\u00f3ry: Intensywne nawil\u017cenie: Dzi\u0119ki zawarto\u015bci hialuronianu sodu, krem dog\u0142\u0119bnie nawil\u017ca sk\u00f3r\u0119, zapewniaj\u0105c &#8230; <a title=\"Pyunkang yul Calming Moisture Nourishing Cream 50 ml &#8211; Koj\u0105cy krem nawil\u017caj\u0105cy i od\u017cywczy\" class=\"read-more\" href=\"https:\/\/selleetools.com\/pl\/product\/pyunkang-yul-calming-moisture-nourishing-cream-50-ml-kojacy-krem-nawilzajacy-i-odzywczy\/\">Read more<span class=\"screen-reader-text\">Pyunkang yul Calming Moisture Nourishing Cream 50 ml &#8211; Koj\u0105cy krem nawil\u017caj\u0105cy i od\u017cywczy<\/span><\/a><\/p>\n","protected":false},"featured_media":598967,"comment_status":"open","ping_status":"closed","template":"","meta":{"_links_to":"","_links_to_target":""},"yoast_head":"<!-- This site is optimized with the Yoast SEO plugin v19.4 - https:\/\/yoast.com\/wordpress\/plugins\/seo\/ -->\n<title>Pyunkang yul Calming Moisture Nourishing Cream 50 ml - Koj\u0105cy krem nawil\u017caj\u0105cy i od\u017cywczy - Selleetools.com<\/title>\n<meta name=\"robots\" content=\"index, follow, max-snippet:-1, max-image-preview:large, max-video-preview:-1\" \/>\n<link rel=\"canonical\" href=\"https:\/\/admincentral.selleetools.com\/pl\/product\/pyunkang-yul-calming-moisture-nourishing-cream-50-ml-kojacy-krem-nawilzajacy-i-odzywczy\/\" \/>\n<meta property=\"og:locale\" content=\"pl_PL\" \/>\n<meta property=\"og:type\" content=\"article\" \/>\n<meta property=\"og:title\" content=\"Pyunkang yul Calming Moisture Nourishing Cream 50 ml - Koj\u0105cy krem nawil\u017caj\u0105cy i od\u017cywczy - Selleetools.com\" \/>\n<meta property=\"og:description\" content=\"Pyunkang Yul Calming Moisture Nourishing Cream to wyj\u0105tkowy krem stworzony z my\u015bl\u0105 o sk\u00f3rze wra\u017cliwej i sk\u0142onnej do podra\u017cnie\u0144. Formu\u0142a tego produktu zosta\u0142a opracowana przez ekspert\u00f3w z Pyunkang Yul, kt\u00f3rzy wykorzystali naturalne sk\u0142adniki, aby zapewni\u0107 sk\u00f3rze intensywne nawil\u017cenie, ukojenie oraz od\u017cywienie. Korzy\u015bci dla sk\u00f3ry: Intensywne nawil\u017cenie: Dzi\u0119ki zawarto\u015bci hialuronianu sodu, krem dog\u0142\u0119bnie nawil\u017ca sk\u00f3r\u0119, zapewniaj\u0105c ... Read morePyunkang yul Calming Moisture Nourishing Cream 50 ml &#8211; Koj\u0105cy krem nawil\u017caj\u0105cy i od\u017cywczy\" \/>\n<meta property=\"og:url\" content=\"https:\/\/admincentral.selleetools.com\/pl\/product\/pyunkang-yul-calming-moisture-nourishing-cream-50-ml-kojacy-krem-nawilzajacy-i-odzywczy\/\" \/>\n<meta property=\"og:site_name\" content=\"Selleetools.com\" \/>\n<meta property=\"article:modified_time\" content=\"2025-10-23T17:51:30+00:00\" \/>\n<meta property=\"og:image\" content=\"https:\/\/selleetools.com\/wp-content\/uploads\/2025\/10\/b055ee9c93d5cb2dc0f6a0cda584b85a.png\" \/>\n\t<meta property=\"og:image:width\" content=\"1200\" \/>\n\t<meta property=\"og:image:height\" content=\"1200\" \/>\n\t<meta property=\"og:image:type\" content=\"image\/png\" \/>\n<meta name=\"twitter:card\" content=\"summary_large_image\" \/>\n<meta name=\"twitter:label1\" content=\"Est. reading time\" \/>\n\t<meta name=\"twitter:data1\" content=\"1 minuta\" \/>\n<!-- \/ Yoast SEO plugin. -->","yoast_head_json":{"title":"Pyunkang yul Calming Moisture Nourishing Cream 50 ml - Koj\u0105cy krem nawil\u017caj\u0105cy i od\u017cywczy - Selleetools.com","robots":{"index":"index","follow":"follow","max-snippet":"max-snippet:-1","max-image-preview":"max-image-preview:large","max-video-preview":"max-video-preview:-1"},"canonical":"https:\/\/admincentral.selleetools.com\/pl\/product\/pyunkang-yul-calming-moisture-nourishing-cream-50-ml-kojacy-krem-nawilzajacy-i-odzywczy\/","og_locale":"pl_PL","og_type":"article","og_title":"Pyunkang yul Calming Moisture Nourishing Cream 50 ml - Koj\u0105cy krem nawil\u017caj\u0105cy i od\u017cywczy - Selleetools.com","og_description":"Pyunkang Yul Calming Moisture Nourishing Cream to wyj\u0105tkowy krem stworzony z my\u015bl\u0105 o sk\u00f3rze wra\u017cliwej i sk\u0142onnej do podra\u017cnie\u0144. Formu\u0142a tego produktu zosta\u0142a opracowana przez ekspert\u00f3w z Pyunkang Yul, kt\u00f3rzy wykorzystali naturalne sk\u0142adniki, aby zapewni\u0107 sk\u00f3rze intensywne nawil\u017cenie, ukojenie oraz od\u017cywienie. Korzy\u015bci dla sk\u00f3ry: Intensywne nawil\u017cenie: Dzi\u0119ki zawarto\u015bci hialuronianu sodu, krem dog\u0142\u0119bnie nawil\u017ca sk\u00f3r\u0119, zapewniaj\u0105c ... Read morePyunkang yul Calming Moisture Nourishing Cream 50 ml &#8211; Koj\u0105cy krem nawil\u017caj\u0105cy i od\u017cywczy","og_url":"https:\/\/admincentral.selleetools.com\/pl\/product\/pyunkang-yul-calming-moisture-nourishing-cream-50-ml-kojacy-krem-nawilzajacy-i-odzywczy\/","og_site_name":"Selleetools.com","article_modified_time":"2025-10-23T17:51:30+00:00","og_image":[{"width":1200,"height":1200,"url":"https:\/\/selleetools.com\/wp-content\/uploads\/2025\/10\/b055ee9c93d5cb2dc0f6a0cda584b85a.png","type":"image\/png"}],"twitter_card":"summary_large_image","twitter_misc":{"Est. reading time":"1 minuta"},"schema":{"@context":"https:\/\/schema.org","@graph":[{"@type":"Organization","@id":"https:\/\/selleetools.com\/#organization","name":"Selleetools","url":"https:\/\/selleetools.com\/","sameAs":[],"logo":{"@type":"ImageObject","inLanguage":"pl-PL","@id":"https:\/\/selleetools.com\/#\/schema\/logo\/image\/","url":"https:\/\/selleetools.com\/wp-content\/uploads\/2021\/10\/logo-dark.png","contentUrl":"https:\/\/selleetools.com\/wp-content\/uploads\/2021\/10\/logo-dark.png","width":320,"height":76,"caption":"Selleetools"},"image":{"@id":"https:\/\/selleetools.com\/#\/schema\/logo\/image\/"}},{"@type":"WebSite","@id":"https:\/\/selleetools.com\/#website","url":"https:\/\/selleetools.com\/","name":"Selleetools.com","description":"","publisher":{"@id":"https:\/\/selleetools.com\/#organization"},"potentialAction":[{"@type":"SearchAction","target":{"@type":"EntryPoint","urlTemplate":"https:\/\/selleetools.com\/?s={search_term_string}"},"query-input":"required name=search_term_string"}],"inLanguage":"pl-PL"},{"@type":"WebPage","@id":"https:\/\/admincentral.selleetools.com\/pl\/product\/pyunkang-yul-calming-moisture-nourishing-cream-50-ml-kojacy-krem-nawilzajacy-i-odzywczy\/","url":"https:\/\/admincentral.selleetools.com\/pl\/product\/pyunkang-yul-calming-moisture-nourishing-cream-50-ml-kojacy-krem-nawilzajacy-i-odzywczy\/","name":"Pyunkang yul Calming Moisture Nourishing Cream 50 ml - Koj\u0105cy krem nawil\u017caj\u0105cy i od\u017cywczy - Selleetools.com","isPartOf":{"@id":"https:\/\/selleetools.com\/#website"},"datePublished":"2025-10-22T07:00:46+00:00","dateModified":"2025-10-23T17:51:30+00:00","breadcrumb":{"@id":"https:\/\/admincentral.selleetools.com\/pl\/product\/pyunkang-yul-calming-moisture-nourishing-cream-50-ml-kojacy-krem-nawilzajacy-i-odzywczy\/#breadcrumb"},"inLanguage":"pl-PL","potentialAction":[{"@type":"ReadAction","target":["https:\/\/admincentral.selleetools.com\/pl\/product\/pyunkang-yul-calming-moisture-nourishing-cream-50-ml-kojacy-krem-nawilzajacy-i-odzywczy\/"]}]},{"@type":"BreadcrumbList","@id":"https:\/\/admincentral.selleetools.com\/pl\/product\/pyunkang-yul-calming-moisture-nourishing-cream-50-ml-kojacy-krem-nawilzajacy-i-odzywczy\/#breadcrumb","itemListElement":[{"@type":"ListItem","position":1,"name":"Home","item":"https:\/\/selleetools.com\/pl\/"},{"@type":"ListItem","position":2,"name":"Katalog","item":"https:\/\/selleetools.com\/pl\/katalog\/"},{"@type":"ListItem","position":3,"name":"Pyunkang yul Calming Moisture Nourishing Cream 50 ml &#8211; Koj\u0105cy krem nawil\u017caj\u0105cy i od\u017cywczy"}]}]}},"_links":{"self":[{"href":"https:\/\/selleetools.com\/pl\/wp-json\/wp\/v2\/product\/598971"}],"collection":[{"href":"https:\/\/selleetools.com\/pl\/wp-json\/wp\/v2\/product"}],"about":[{"href":"https:\/\/selleetools.com\/pl\/wp-json\/wp\/v2\/types\/product"}],"replies":[{"embeddable":true,"href":"https:\/\/selleetools.com\/pl\/wp-json\/wp\/v2\/comments?post=598971"}],"wp:featuredmedia":[{"embeddable":true,"href":"https:\/\/selleetools.com\/pl\/wp-json\/wp\/v2\/media\/598967"}],"wp:attachment":[{"href":"https:\/\/selleetools.com\/pl\/wp-json\/wp\/v2\/media?parent=598971"}],"curies":[{"name":"wp","href":"https:\/\/api.w.org\/{rel}","templated":true}]}}