{"id":598882,"date":"2025-10-22T08:59:42","date_gmt":"2025-10-22T06:59:42","guid":{"rendered":"https:\/\/selleetools.com\/?post_type=product&#038;p=598882"},"modified":"2025-12-26T16:48:56","modified_gmt":"2025-12-26T15:48:56","slug":"marymay-centella-asiatica-serum-30-ml-lagodzace-serum-do-twarzy","status":"publish","type":"product","link":"https:\/\/selleetools.com\/pl\/product\/marymay-centella-asiatica-serum-30-ml-lagodzace-serum-do-twarzy\/","title":{"rendered":"Mary&#038;May Centella Asiatica Serum, 30 ml &#8211; \u0141agodz\u0105ce serum do twarzy"},"content":{"rendered":"<p style=\"text-align: justify; caret-color: rgb(0, 0, 0); color: rgb(0, 0, 0);\"><font style=\"font-size: 12px;\">Mary&#038;May Centella Asiatica Serum to lekki, ale intensywnie dzia\u0142aj\u0105cy kosmetyk przeznaczony do piel\u0119gnacji twarzy. Serum zawiera 95% ekstraktu z w\u0105kroty azjatyckiej (Centella Asiatica), znanej ze swoich w\u0142a\u015bciwo\u015bci \u0142agodz\u0105cych i regeneruj\u0105cych. Dzi\u0119ki temu sk\u0142adnikowi serum skutecznie wspomaga odbudow\u0119 bariery sk\u00f3rnej, redukuje zaczerwienienia i dzia\u0142a przeciwzapalnie. <\/font><span style=\"font-size: 12px; background: var(--elevation-bg);\">Mary&#038;May Centella Asiatica Serum to idealny wyb\u00f3r dla os\u00f3b poszukuj\u0105cych produktu, kt\u00f3ry skutecznie \u0142agodzi podra\u017cnienia, wspomaga regeneracj\u0119 sk\u00f3ry i dostarcza jej niezb\u0119dnych sk\u0142adnik\u00f3w od\u017cywczych.<\/span><\/p>\n<h4 style=\"caret-color: rgb(0, 0, 0); color: rgb(0, 0, 0);\"><font style=\"font-size: 12px;\">Korzy\u015bci dla sk\u00f3ry<\/font><\/h4>\n<ul style=\"caret-color: rgb(0, 0, 0); color: rgb(0, 0, 0);\">\n<li><font style=\"font-size: 12px;\"><strong>\u0141agodzenie podra\u017cnie\u0144<\/strong>: Ekstrakt z w\u0105kroty azjatyckiej dzia\u0142a koj\u0105co na sk\u00f3r\u0119, redukuj\u0105c zaczerwienienia i stany zapalne.<\/font><\/li>\n<li><font style=\"font-size: 12px;\"><strong>Regeneracja sk\u00f3ry<\/strong>: Przyspiesza procesy regeneracyjne, wspomagaj\u0105c gojenie si\u0119 drobnych uszkodze\u0144 i poprawiaj\u0105c og\u00f3ln\u0105 kondycj\u0119 sk\u00f3ry.<\/font><\/li>\n<li><font style=\"font-size: 12px;\"><strong>Nawil\u017cenie i od\u017cywienie<\/strong>: Serum dostarcza sk\u00f3rze sk\u0142adniki od\u017cywcze, kt\u00f3re wspieraj\u0105 jej naturalne funkcje i poprawiaj\u0105 nawil\u017cenie.<\/font><\/li>\n<li><font style=\"font-size: 12px;\"><strong>Poprawa elastyczno\u015bci<\/strong>: Regularne stosowanie serum mo\u017ce pom\u00f3c w zwi\u0119kszeniu elastyczno\u015bci sk\u00f3ry i zmniejszeniu widoczno\u015bci drobnych linii i zmarszczek.<\/font><\/li>\n<\/ul>\n<h4 style=\"caret-color: rgb(0, 0, 0); color: rgb(0, 0, 0);\"><font style=\"font-size: 12px;\">Spos\u00f3b u\u017cycia<\/font><\/h4>\n<ol style=\"caret-color: rgb(0, 0, 0); color: rgb(0, 0, 0);\">\n<li><font style=\"font-size: 12px;\"><strong>Oczyszczenie<\/strong>: Na\u0142\u00f3\u017c serum na dok\u0142adnie oczyszczon\u0105 sk\u00f3r\u0119 twarzy.<\/font><\/li>\n<li><font style=\"font-size: 12px;\"><strong>Aplikacja<\/strong>: Kilka kropli serum nanie\u015b na twarz, delikatnie wklepuj\u0105c produkt w sk\u00f3r\u0119, a\u017c do ca\u0142kowitego wch\u0142oni\u0119cia.<\/font><\/li>\n<li><font style=\"font-size: 12px;\"><strong>Cz\u0119stotliwo\u015b\u0107<\/strong>: Stosuj serum codziennie rano i wieczorem przed na\u0142o\u017ceniem kremu nawil\u017caj\u0105cego.<\/font><\/li>\n<\/ol>\n<p style=\"caret-color: rgb(0, 0, 0); color: rgb(0, 0, 0);\"><\/p>\n","protected":false},"excerpt":{"rendered":"<p>Mary&#038;May Centella Asiatica Serum to lekki, ale intensywnie dzia\u0142aj\u0105cy kosmetyk przeznaczony do piel\u0119gnacji twarzy. Serum zawiera 95% ekstraktu z w\u0105kroty azjatyckiej (Centella Asiatica), znanej ze swoich w\u0142a\u015bciwo\u015bci \u0142agodz\u0105cych i regeneruj\u0105cych. Dzi\u0119ki temu sk\u0142adnikowi serum skutecznie wspomaga odbudow\u0119 bariery sk\u00f3rnej, redukuje zaczerwienienia i dzia\u0142a przeciwzapalnie. Mary&#038;May Centella Asiatica Serum to idealny wyb\u00f3r dla os\u00f3b poszukuj\u0105cych produktu, &#8230; <a title=\"Mary&#038;May Centella Asiatica Serum, 30 ml &#8211; \u0141agodz\u0105ce serum do twarzy\" class=\"read-more\" href=\"https:\/\/selleetools.com\/pl\/product\/marymay-centella-asiatica-serum-30-ml-lagodzace-serum-do-twarzy\/\">Read more<span class=\"screen-reader-text\">Mary&#038;May Centella Asiatica Serum, 30 ml &#8211; \u0141agodz\u0105ce serum do twarzy<\/span><\/a><\/p>\n","protected":false},"featured_media":598880,"comment_status":"open","ping_status":"closed","template":"","meta":{"_links_to":"","_links_to_target":""},"yoast_head":"<!-- This site is optimized with the Yoast SEO plugin v19.4 - https:\/\/yoast.com\/wordpress\/plugins\/seo\/ -->\n<title>Mary&amp;May Centella Asiatica Serum, 30 ml - \u0141agodz\u0105ce serum do twarzy - Selleetools.com<\/title>\n<meta name=\"robots\" content=\"index, follow, max-snippet:-1, max-image-preview:large, max-video-preview:-1\" \/>\n<link rel=\"canonical\" href=\"https:\/\/selleetools.com\/product\/marymay-centella-asiatica-serum-30-ml-lagodzace-serum-do-twarzy\/\" \/>\n<meta property=\"og:locale\" content=\"pl_PL\" \/>\n<meta property=\"og:type\" content=\"article\" \/>\n<meta property=\"og:title\" content=\"Mary&amp;May Centella Asiatica Serum, 30 ml - \u0141agodz\u0105ce serum do twarzy - Selleetools.com\" \/>\n<meta property=\"og:description\" content=\"Mary&#038;May Centella Asiatica Serum to lekki, ale intensywnie dzia\u0142aj\u0105cy kosmetyk przeznaczony do piel\u0119gnacji twarzy. Serum zawiera 95% ekstraktu z w\u0105kroty azjatyckiej (Centella Asiatica), znanej ze swoich w\u0142a\u015bciwo\u015bci \u0142agodz\u0105cych i regeneruj\u0105cych. Dzi\u0119ki temu sk\u0142adnikowi serum skutecznie wspomaga odbudow\u0119 bariery sk\u00f3rnej, redukuje zaczerwienienia i dzia\u0142a przeciwzapalnie. Mary&#038;May Centella Asiatica Serum to idealny wyb\u00f3r dla os\u00f3b poszukuj\u0105cych produktu, ... Read moreMary&#038;May Centella Asiatica Serum, 30 ml &#8211; \u0141agodz\u0105ce serum do twarzy\" \/>\n<meta property=\"og:url\" content=\"https:\/\/selleetools.com\/product\/marymay-centella-asiatica-serum-30-ml-lagodzace-serum-do-twarzy\/\" \/>\n<meta property=\"og:site_name\" content=\"Selleetools.com\" \/>\n<meta property=\"article:modified_time\" content=\"2025-12-26T15:48:56+00:00\" \/>\n<meta property=\"og:image\" content=\"https:\/\/selleetools.com\/wp-content\/uploads\/2025\/10\/8bf38e23847859de514e6bfb43546f0f.jpg\" \/>\n\t<meta property=\"og:image:width\" content=\"500\" \/>\n\t<meta property=\"og:image:height\" content=\"500\" \/>\n\t<meta property=\"og:image:type\" content=\"image\/jpeg\" \/>\n<meta name=\"twitter:card\" content=\"summary_large_image\" \/>\n<meta name=\"twitter:label1\" content=\"Est. reading time\" \/>\n\t<meta name=\"twitter:data1\" content=\"1 minuta\" \/>\n<!-- \/ Yoast SEO plugin. -->","yoast_head_json":{"title":"Mary&May Centella Asiatica Serum, 30 ml - \u0141agodz\u0105ce serum do twarzy - Selleetools.com","robots":{"index":"index","follow":"follow","max-snippet":"max-snippet:-1","max-image-preview":"max-image-preview:large","max-video-preview":"max-video-preview:-1"},"canonical":"https:\/\/selleetools.com\/product\/marymay-centella-asiatica-serum-30-ml-lagodzace-serum-do-twarzy\/","og_locale":"pl_PL","og_type":"article","og_title":"Mary&May Centella Asiatica Serum, 30 ml - \u0141agodz\u0105ce serum do twarzy - Selleetools.com","og_description":"Mary&#038;May Centella Asiatica Serum to lekki, ale intensywnie dzia\u0142aj\u0105cy kosmetyk przeznaczony do piel\u0119gnacji twarzy. Serum zawiera 95% ekstraktu z w\u0105kroty azjatyckiej (Centella Asiatica), znanej ze swoich w\u0142a\u015bciwo\u015bci \u0142agodz\u0105cych i regeneruj\u0105cych. Dzi\u0119ki temu sk\u0142adnikowi serum skutecznie wspomaga odbudow\u0119 bariery sk\u00f3rnej, redukuje zaczerwienienia i dzia\u0142a przeciwzapalnie. Mary&#038;May Centella Asiatica Serum to idealny wyb\u00f3r dla os\u00f3b poszukuj\u0105cych produktu, ... Read moreMary&#038;May Centella Asiatica Serum, 30 ml &#8211; \u0141agodz\u0105ce serum do twarzy","og_url":"https:\/\/selleetools.com\/product\/marymay-centella-asiatica-serum-30-ml-lagodzace-serum-do-twarzy\/","og_site_name":"Selleetools.com","article_modified_time":"2025-12-26T15:48:56+00:00","og_image":[{"width":500,"height":500,"url":"https:\/\/selleetools.com\/wp-content\/uploads\/2025\/10\/8bf38e23847859de514e6bfb43546f0f.jpg","type":"image\/jpeg"}],"twitter_card":"summary_large_image","twitter_misc":{"Est. reading time":"1 minuta"},"schema":{"@context":"https:\/\/schema.org","@graph":[{"@type":"Organization","@id":"https:\/\/selleetools.com\/#organization","name":"Selleetools","url":"https:\/\/selleetools.com\/","sameAs":[],"logo":{"@type":"ImageObject","inLanguage":"pl-PL","@id":"https:\/\/selleetools.com\/#\/schema\/logo\/image\/","url":"https:\/\/selleetools.com\/wp-content\/uploads\/2021\/10\/logo-dark.png","contentUrl":"https:\/\/selleetools.com\/wp-content\/uploads\/2021\/10\/logo-dark.png","width":320,"height":76,"caption":"Selleetools"},"image":{"@id":"https:\/\/selleetools.com\/#\/schema\/logo\/image\/"}},{"@type":"WebSite","@id":"https:\/\/selleetools.com\/#website","url":"https:\/\/selleetools.com\/","name":"Selleetools.com","description":"","publisher":{"@id":"https:\/\/selleetools.com\/#organization"},"potentialAction":[{"@type":"SearchAction","target":{"@type":"EntryPoint","urlTemplate":"https:\/\/selleetools.com\/?s={search_term_string}"},"query-input":"required name=search_term_string"}],"inLanguage":"pl-PL"},{"@type":"WebPage","@id":"https:\/\/selleetools.com\/product\/marymay-centella-asiatica-serum-30-ml-lagodzace-serum-do-twarzy\/","url":"https:\/\/selleetools.com\/product\/marymay-centella-asiatica-serum-30-ml-lagodzace-serum-do-twarzy\/","name":"Mary&May Centella Asiatica Serum, 30 ml - \u0141agodz\u0105ce serum do twarzy - Selleetools.com","isPartOf":{"@id":"https:\/\/selleetools.com\/#website"},"datePublished":"2025-10-22T06:59:42+00:00","dateModified":"2025-12-26T15:48:56+00:00","breadcrumb":{"@id":"https:\/\/selleetools.com\/product\/marymay-centella-asiatica-serum-30-ml-lagodzace-serum-do-twarzy\/#breadcrumb"},"inLanguage":"pl-PL","potentialAction":[{"@type":"ReadAction","target":["https:\/\/selleetools.com\/product\/marymay-centella-asiatica-serum-30-ml-lagodzace-serum-do-twarzy\/"]}]},{"@type":"BreadcrumbList","@id":"https:\/\/selleetools.com\/product\/marymay-centella-asiatica-serum-30-ml-lagodzace-serum-do-twarzy\/#breadcrumb","itemListElement":[{"@type":"ListItem","position":1,"name":"Home","item":"https:\/\/selleetools.com\/pl\/"},{"@type":"ListItem","position":2,"name":"Katalog","item":"https:\/\/selleetools.com\/pl\/katalog\/"},{"@type":"ListItem","position":3,"name":"Mary&#038;May Centella Asiatica Serum, 30 ml &#8211; \u0141agodz\u0105ce serum do twarzy"}]}]}},"_links":{"self":[{"href":"https:\/\/selleetools.com\/pl\/wp-json\/wp\/v2\/product\/598882"}],"collection":[{"href":"https:\/\/selleetools.com\/pl\/wp-json\/wp\/v2\/product"}],"about":[{"href":"https:\/\/selleetools.com\/pl\/wp-json\/wp\/v2\/types\/product"}],"replies":[{"embeddable":true,"href":"https:\/\/selleetools.com\/pl\/wp-json\/wp\/v2\/comments?post=598882"}],"wp:featuredmedia":[{"embeddable":true,"href":"https:\/\/selleetools.com\/pl\/wp-json\/wp\/v2\/media\/598880"}],"wp:attachment":[{"href":"https:\/\/selleetools.com\/pl\/wp-json\/wp\/v2\/media?parent=598882"}],"curies":[{"name":"wp","href":"https:\/\/api.w.org\/{rel}","templated":true}]}}