{"id":598783,"date":"2025-10-22T08:58:07","date_gmt":"2025-10-22T06:58:07","guid":{"rendered":"https:\/\/selleetools.com\/?post_type=product&#038;p=598783"},"modified":"2025-12-26T16:48:24","modified_gmt":"2025-12-26T15:48:24","slug":"peripera-ink-airy-velvet-024-heavenly-peach-4-g-dlugotrwala-pomadka-w-plynie","status":"publish","type":"product","link":"https:\/\/selleetools.com\/pl\/product\/peripera-ink-airy-velvet-024-heavenly-peach-4-g-dlugotrwala-pomadka-w-plynie\/","title":{"rendered":"Peripera Ink Airy Velvet 024 Heavenly Peach 4 g &#8211; D\u0142ugotrwa\u0142a pomadka w p\u0142ynie"},"content":{"rendered":"<p>Peripera INK AIRY VELVET 024 HEAVENLY PEACH 4 g to lekka, puszysta pomadka, kt\u00f3ra zapewnia ustom intensywny kolor oraz jedwabist\u0105, matow\u0105 formu\u0142\u0119. Produkt \u0142\u0105czy w sobie komfort noszenia z d\u0142ugotrwa\u0142ym efektem, co sprawia, \u017ce usta wygl\u0105daj\u0105 naturalnie, a kolor utrzymuje si\u0119 przez wiele godzin bez potrzeby cz\u0119stego poprawiania.<\/p>\n<p>Korzy\u015bci dla ust:<br \/>\nLekko\u015b\u0107 i komfort: Formu\u0142a \u201eairy velvet\u201d sprawia, \u017ce pomadka jest niemal niewyczuwalna na ustach, pozostawiaj\u0105c je mi\u0119kkie i g\u0142adkie.<br \/>\nD\u0142ugotrwa\u0142y efekt: Intensywny, matowy kolor utrzymuje si\u0119 przez d\u0142ugi czas, nawet podczas jedzenia czy picia, bez konieczno\u015bci cz\u0119stych poprawek.<br \/>\nNawil\u017cenie: Pomadka zawiera sk\u0142adniki nawil\u017caj\u0105ce, kt\u00f3re zapobiegaj\u0105 przesuszeniu ust, co jest cz\u0119stym problemem przy u\u017cywaniu matowych formu\u0142.<\/p>\n<p>Spos\u00f3b u\u017cycia:<br \/>\nAplikuj bezpo\u015brednio na usta za pomoc\u0105 do\u0142\u0105czonego aplikatora.<br \/>\nDla uzyskania bardziej intensywnego koloru, na\u0142\u00f3\u017c dodatkow\u0105 warstw\u0119.<br \/>\nMo\u017cesz u\u017cy\u0107 pomadki na \u015brodku ust i delikatnie rozetrze\u0107, aby uzyska\u0107 efekt delikatnego gradientu.<\/p>\n","protected":false},"excerpt":{"rendered":"<p>Peripera INK AIRY VELVET 024 HEAVENLY PEACH 4 g to lekka, puszysta pomadka, kt\u00f3ra zapewnia ustom intensywny kolor oraz jedwabist\u0105, matow\u0105 formu\u0142\u0119. Produkt \u0142\u0105czy w sobie komfort noszenia z d\u0142ugotrwa\u0142ym efektem, co sprawia, \u017ce usta wygl\u0105daj\u0105 naturalnie, a kolor utrzymuje si\u0119 przez wiele godzin bez potrzeby cz\u0119stego poprawiania. Korzy\u015bci dla ust: Lekko\u015b\u0107 i komfort: Formu\u0142a &#8230; <a title=\"Peripera Ink Airy Velvet 024 Heavenly Peach 4 g &#8211; D\u0142ugotrwa\u0142a pomadka w p\u0142ynie\" class=\"read-more\" href=\"https:\/\/selleetools.com\/pl\/product\/peripera-ink-airy-velvet-024-heavenly-peach-4-g-dlugotrwala-pomadka-w-plynie\/\">Read more<span class=\"screen-reader-text\">Peripera Ink Airy Velvet 024 Heavenly Peach 4 g &#8211; D\u0142ugotrwa\u0142a pomadka w p\u0142ynie<\/span><\/a><\/p>\n","protected":false},"featured_media":598779,"comment_status":"open","ping_status":"closed","template":"","meta":{"_links_to":"","_links_to_target":""},"yoast_head":"<!-- This site is optimized with the Yoast SEO plugin v19.4 - https:\/\/yoast.com\/wordpress\/plugins\/seo\/ -->\n<title>Peripera Ink Airy Velvet 024 Heavenly Peach 4 g - D\u0142ugotrwa\u0142a pomadka w p\u0142ynie - Selleetools.com<\/title>\n<meta name=\"robots\" content=\"index, follow, max-snippet:-1, max-image-preview:large, max-video-preview:-1\" \/>\n<link rel=\"canonical\" href=\"https:\/\/admincentral.selleetools.com\/pl\/product\/peripera-ink-airy-velvet-024-heavenly-peach-4-g-dlugotrwala-pomadka-w-plynie\/\" \/>\n<meta property=\"og:locale\" content=\"pl_PL\" \/>\n<meta property=\"og:type\" content=\"article\" \/>\n<meta property=\"og:title\" content=\"Peripera Ink Airy Velvet 024 Heavenly Peach 4 g - D\u0142ugotrwa\u0142a pomadka w p\u0142ynie - Selleetools.com\" \/>\n<meta property=\"og:description\" content=\"Peripera INK AIRY VELVET 024 HEAVENLY PEACH 4 g to lekka, puszysta pomadka, kt\u00f3ra zapewnia ustom intensywny kolor oraz jedwabist\u0105, matow\u0105 formu\u0142\u0119. Produkt \u0142\u0105czy w sobie komfort noszenia z d\u0142ugotrwa\u0142ym efektem, co sprawia, \u017ce usta wygl\u0105daj\u0105 naturalnie, a kolor utrzymuje si\u0119 przez wiele godzin bez potrzeby cz\u0119stego poprawiania. Korzy\u015bci dla ust: Lekko\u015b\u0107 i komfort: Formu\u0142a ... Read morePeripera Ink Airy Velvet 024 Heavenly Peach 4 g &#8211; D\u0142ugotrwa\u0142a pomadka w p\u0142ynie\" \/>\n<meta property=\"og:url\" content=\"https:\/\/admincentral.selleetools.com\/pl\/product\/peripera-ink-airy-velvet-024-heavenly-peach-4-g-dlugotrwala-pomadka-w-plynie\/\" \/>\n<meta property=\"og:site_name\" content=\"Selleetools.com\" \/>\n<meta property=\"article:modified_time\" content=\"2025-12-26T15:48:24+00:00\" \/>\n<meta property=\"og:image\" content=\"https:\/\/selleetools.com\/wp-content\/uploads\/2025\/10\/a9bf0ff43d3203c68e54a9f3db76403a.jpg\" \/>\n\t<meta property=\"og:image:width\" content=\"425\" \/>\n\t<meta property=\"og:image:height\" content=\"425\" \/>\n\t<meta property=\"og:image:type\" content=\"image\/jpeg\" \/>\n<meta name=\"twitter:card\" content=\"summary_large_image\" \/>\n<meta name=\"twitter:label1\" content=\"Est. reading time\" \/>\n\t<meta name=\"twitter:data1\" content=\"1 minuta\" \/>\n<!-- \/ Yoast SEO plugin. -->","yoast_head_json":{"title":"Peripera Ink Airy Velvet 024 Heavenly Peach 4 g - D\u0142ugotrwa\u0142a pomadka w p\u0142ynie - Selleetools.com","robots":{"index":"index","follow":"follow","max-snippet":"max-snippet:-1","max-image-preview":"max-image-preview:large","max-video-preview":"max-video-preview:-1"},"canonical":"https:\/\/admincentral.selleetools.com\/pl\/product\/peripera-ink-airy-velvet-024-heavenly-peach-4-g-dlugotrwala-pomadka-w-plynie\/","og_locale":"pl_PL","og_type":"article","og_title":"Peripera Ink Airy Velvet 024 Heavenly Peach 4 g - D\u0142ugotrwa\u0142a pomadka w p\u0142ynie - Selleetools.com","og_description":"Peripera INK AIRY VELVET 024 HEAVENLY PEACH 4 g to lekka, puszysta pomadka, kt\u00f3ra zapewnia ustom intensywny kolor oraz jedwabist\u0105, matow\u0105 formu\u0142\u0119. Produkt \u0142\u0105czy w sobie komfort noszenia z d\u0142ugotrwa\u0142ym efektem, co sprawia, \u017ce usta wygl\u0105daj\u0105 naturalnie, a kolor utrzymuje si\u0119 przez wiele godzin bez potrzeby cz\u0119stego poprawiania. Korzy\u015bci dla ust: Lekko\u015b\u0107 i komfort: Formu\u0142a ... Read morePeripera Ink Airy Velvet 024 Heavenly Peach 4 g &#8211; D\u0142ugotrwa\u0142a pomadka w p\u0142ynie","og_url":"https:\/\/admincentral.selleetools.com\/pl\/product\/peripera-ink-airy-velvet-024-heavenly-peach-4-g-dlugotrwala-pomadka-w-plynie\/","og_site_name":"Selleetools.com","article_modified_time":"2025-12-26T15:48:24+00:00","og_image":[{"width":425,"height":425,"url":"https:\/\/selleetools.com\/wp-content\/uploads\/2025\/10\/a9bf0ff43d3203c68e54a9f3db76403a.jpg","type":"image\/jpeg"}],"twitter_card":"summary_large_image","twitter_misc":{"Est. reading time":"1 minuta"},"schema":{"@context":"https:\/\/schema.org","@graph":[{"@type":"Organization","@id":"https:\/\/selleetools.com\/#organization","name":"Selleetools","url":"https:\/\/selleetools.com\/","sameAs":[],"logo":{"@type":"ImageObject","inLanguage":"pl-PL","@id":"https:\/\/selleetools.com\/#\/schema\/logo\/image\/","url":"https:\/\/selleetools.com\/wp-content\/uploads\/2021\/10\/logo-dark.png","contentUrl":"https:\/\/selleetools.com\/wp-content\/uploads\/2021\/10\/logo-dark.png","width":320,"height":76,"caption":"Selleetools"},"image":{"@id":"https:\/\/selleetools.com\/#\/schema\/logo\/image\/"}},{"@type":"WebSite","@id":"https:\/\/selleetools.com\/#website","url":"https:\/\/selleetools.com\/","name":"Selleetools.com","description":"","publisher":{"@id":"https:\/\/selleetools.com\/#organization"},"potentialAction":[{"@type":"SearchAction","target":{"@type":"EntryPoint","urlTemplate":"https:\/\/selleetools.com\/?s={search_term_string}"},"query-input":"required name=search_term_string"}],"inLanguage":"pl-PL"},{"@type":"WebPage","@id":"https:\/\/admincentral.selleetools.com\/pl\/product\/peripera-ink-airy-velvet-024-heavenly-peach-4-g-dlugotrwala-pomadka-w-plynie\/","url":"https:\/\/admincentral.selleetools.com\/pl\/product\/peripera-ink-airy-velvet-024-heavenly-peach-4-g-dlugotrwala-pomadka-w-plynie\/","name":"Peripera Ink Airy Velvet 024 Heavenly Peach 4 g - D\u0142ugotrwa\u0142a pomadka w p\u0142ynie - Selleetools.com","isPartOf":{"@id":"https:\/\/selleetools.com\/#website"},"datePublished":"2025-10-22T06:58:07+00:00","dateModified":"2025-12-26T15:48:24+00:00","breadcrumb":{"@id":"https:\/\/admincentral.selleetools.com\/pl\/product\/peripera-ink-airy-velvet-024-heavenly-peach-4-g-dlugotrwala-pomadka-w-plynie\/#breadcrumb"},"inLanguage":"pl-PL","potentialAction":[{"@type":"ReadAction","target":["https:\/\/admincentral.selleetools.com\/pl\/product\/peripera-ink-airy-velvet-024-heavenly-peach-4-g-dlugotrwala-pomadka-w-plynie\/"]}]},{"@type":"BreadcrumbList","@id":"https:\/\/admincentral.selleetools.com\/pl\/product\/peripera-ink-airy-velvet-024-heavenly-peach-4-g-dlugotrwala-pomadka-w-plynie\/#breadcrumb","itemListElement":[{"@type":"ListItem","position":1,"name":"Home","item":"https:\/\/selleetools.com\/pl\/"},{"@type":"ListItem","position":2,"name":"Katalog","item":"https:\/\/selleetools.com\/pl\/katalog\/"},{"@type":"ListItem","position":3,"name":"Peripera Ink Airy Velvet 024 Heavenly Peach 4 g &#8211; D\u0142ugotrwa\u0142a pomadka w p\u0142ynie"}]}]}},"_links":{"self":[{"href":"https:\/\/selleetools.com\/pl\/wp-json\/wp\/v2\/product\/598783"}],"collection":[{"href":"https:\/\/selleetools.com\/pl\/wp-json\/wp\/v2\/product"}],"about":[{"href":"https:\/\/selleetools.com\/pl\/wp-json\/wp\/v2\/types\/product"}],"replies":[{"embeddable":true,"href":"https:\/\/selleetools.com\/pl\/wp-json\/wp\/v2\/comments?post=598783"}],"wp:featuredmedia":[{"embeddable":true,"href":"https:\/\/selleetools.com\/pl\/wp-json\/wp\/v2\/media\/598779"}],"wp:attachment":[{"href":"https:\/\/selleetools.com\/pl\/wp-json\/wp\/v2\/media?parent=598783"}],"curies":[{"name":"wp","href":"https:\/\/api.w.org\/{rel}","templated":true}]}}