{"id":598775,"date":"2025-10-22T08:58:00","date_gmt":"2025-10-22T06:58:00","guid":{"rendered":"https:\/\/selleetools.com\/?post_type=product&#038;p=598775"},"modified":"2025-12-26T16:48:21","modified_gmt":"2025-12-26T15:48:21","slug":"pyunkang-yul-calming-sun-cream-50-ml-kojacy-krem-przeciwsloneczny","status":"publish","type":"product","link":"https:\/\/selleetools.com\/pl\/product\/pyunkang-yul-calming-sun-cream-50-ml-kojacy-krem-przeciwsloneczny\/","title":{"rendered":"Pyunkang yul Calming Sun Cream 50 ml &#8211; Koj\u0105cy krem przeciws\u0142oneczny"},"content":{"rendered":"<p>Pyunkang Yul Calming Sun Cream to delikatny, ale skuteczny krem przeciws\u0142oneczny, kt\u00f3ry zapewnia sk\u00f3rze ochron\u0119 przed szkodliwym promieniowaniem UV. Dzi\u0119ki zawarto\u015bci SPF 50+ PA++++, krem ten stanowi barier\u0119 przed promieniowaniem UVA i UVB, minimalizuj\u0105c ryzyko oparze\u0144 s\u0142onecznych i przedwczesnego starzenia si\u0119 sk\u00f3ry.<\/p>\n<p>Korzy\u015bci dla sk\u00f3ry:<br \/>\nOchrona przeciws\u0142oneczna: Wysoki faktor SPF 50+ PA++++ skutecznie chroni sk\u00f3r\u0119 przed szkodliwym dzia\u0142aniem promieni s\u0142onecznych.<br \/>\nKoj\u0105ce dzia\u0142anie: Zawarto\u015b\u0107 ekstraktu z Centella Asiatica oraz innych naturalnych sk\u0142adnik\u00f3w \u0142agodzi podra\u017cnienia i zaczerwienienia sk\u00f3ry.<br \/>\nNawil\u017cenie: Krem zapewnia intensywne nawil\u017cenie, nie pozostawiaj\u0105c uczucia t\u0142usto\u015bci na sk\u00f3rze.<br \/>\nOchrona przed zanieczyszczeniami: Formu\u0142a kremu pomaga chroni\u0107 sk\u00f3r\u0119 przed zanieczyszczeniami \u015brodowiskowymi, kt\u00f3re mog\u0105 prowadzi\u0107 do podra\u017cnie\u0144 i uszkodze\u0144.<\/p>\n<p>Spos\u00f3b u\u017cycia:<br \/>\nOczyszczenie: Umyj twarz ulubionym \u015brodkiem myj\u0105cym, aby usun\u0105\u0107 zanieczyszczenia i nadmiar sebum.<br \/>\nTonizowanie: Na\u0142\u00f3\u017c tonik, aby przywr\u00f3ci\u0107 sk\u00f3rze naturalne pH.<br \/>\nAplikacja kremu: Na\u0142\u00f3\u017c odpowiedni\u0105 ilo\u015b\u0107 Pyunkang Yul Calming Sun Cream na twarz i szyj\u0119, delikatnie wmasowuj\u0105c produkt w sk\u00f3r\u0119.<br \/>\nOchrona ca\u0142odzienna: Powtarzaj aplikacj\u0119 co 2-3 godziny podczas d\u0142ugotrwa\u0142ego nara\u017cenia na s\u0142o\u0144ce, szczeg\u00f3lnie po p\u0142ywaniu lub intensywnym poceniu si\u0119.<\/p>\n<p>Krem przeciws\u0142oneczny Pyunkang Yul Calming Sun Cream jest idealny dla wszystkich typ\u00f3w sk\u00f3ry, w tym sk\u00f3ry wra\u017cliwej i sk\u0142onnej do podra\u017cnie\u0144. Regularne stosowanie tego produktu pomo\u017ce utrzyma\u0107 sk\u00f3r\u0119 zdrow\u0105, nawil\u017con\u0105 i chronion\u0105 przed szkodliwym dzia\u0142aniem promieni UV.<\/p>\n","protected":false},"excerpt":{"rendered":"<p>Pyunkang Yul Calming Sun Cream to delikatny, ale skuteczny krem przeciws\u0142oneczny, kt\u00f3ry zapewnia sk\u00f3rze ochron\u0119 przed szkodliwym promieniowaniem UV. Dzi\u0119ki zawarto\u015bci SPF 50+ PA++++, krem ten stanowi barier\u0119 przed promieniowaniem UVA i UVB, minimalizuj\u0105c ryzyko oparze\u0144 s\u0142onecznych i przedwczesnego starzenia si\u0119 sk\u00f3ry. Korzy\u015bci dla sk\u00f3ry: Ochrona przeciws\u0142oneczna: Wysoki faktor SPF 50+ PA++++ skutecznie chroni sk\u00f3r\u0119 &#8230; <a title=\"Pyunkang yul Calming Sun Cream 50 ml &#8211; Koj\u0105cy krem przeciws\u0142oneczny\" class=\"read-more\" href=\"https:\/\/selleetools.com\/pl\/product\/pyunkang-yul-calming-sun-cream-50-ml-kojacy-krem-przeciwsloneczny\/\">Read more<span class=\"screen-reader-text\">Pyunkang yul Calming Sun Cream 50 ml &#8211; Koj\u0105cy krem przeciws\u0142oneczny<\/span><\/a><\/p>\n","protected":false},"featured_media":598769,"comment_status":"open","ping_status":"closed","template":"","meta":{"_links_to":"","_links_to_target":""},"yoast_head":"<!-- This site is optimized with the Yoast SEO plugin v19.4 - https:\/\/yoast.com\/wordpress\/plugins\/seo\/ -->\n<title>Pyunkang yul Calming Sun Cream 50 ml - Koj\u0105cy krem przeciws\u0142oneczny - Selleetools.com<\/title>\n<meta name=\"robots\" content=\"index, follow, max-snippet:-1, max-image-preview:large, max-video-preview:-1\" \/>\n<link rel=\"canonical\" href=\"https:\/\/admincentral.selleetools.com\/pl\/product\/pyunkang-yul-calming-sun-cream-50-ml-kojacy-krem-przeciwsloneczny\/\" \/>\n<meta property=\"og:locale\" content=\"pl_PL\" \/>\n<meta property=\"og:type\" content=\"article\" \/>\n<meta property=\"og:title\" content=\"Pyunkang yul Calming Sun Cream 50 ml - Koj\u0105cy krem przeciws\u0142oneczny - Selleetools.com\" \/>\n<meta property=\"og:description\" content=\"Pyunkang Yul Calming Sun Cream to delikatny, ale skuteczny krem przeciws\u0142oneczny, kt\u00f3ry zapewnia sk\u00f3rze ochron\u0119 przed szkodliwym promieniowaniem UV. Dzi\u0119ki zawarto\u015bci SPF 50+ PA++++, krem ten stanowi barier\u0119 przed promieniowaniem UVA i UVB, minimalizuj\u0105c ryzyko oparze\u0144 s\u0142onecznych i przedwczesnego starzenia si\u0119 sk\u00f3ry. Korzy\u015bci dla sk\u00f3ry: Ochrona przeciws\u0142oneczna: Wysoki faktor SPF 50+ PA++++ skutecznie chroni sk\u00f3r\u0119 ... Read morePyunkang yul Calming Sun Cream 50 ml &#8211; Koj\u0105cy krem przeciws\u0142oneczny\" \/>\n<meta property=\"og:url\" content=\"https:\/\/admincentral.selleetools.com\/pl\/product\/pyunkang-yul-calming-sun-cream-50-ml-kojacy-krem-przeciwsloneczny\/\" \/>\n<meta property=\"og:site_name\" content=\"Selleetools.com\" \/>\n<meta property=\"article:modified_time\" content=\"2025-12-26T15:48:21+00:00\" \/>\n<meta property=\"og:image\" content=\"https:\/\/selleetools.com\/wp-content\/uploads\/2025\/10\/2ec1fdfb9148ac43a2674e8ac834f42a.jpg\" \/>\n\t<meta property=\"og:image:width\" content=\"1200\" \/>\n\t<meta property=\"og:image:height\" content=\"1200\" \/>\n\t<meta property=\"og:image:type\" content=\"image\/jpeg\" \/>\n<meta name=\"twitter:card\" content=\"summary_large_image\" \/>\n<meta name=\"twitter:label1\" content=\"Est. reading time\" \/>\n\t<meta name=\"twitter:data1\" content=\"1 minuta\" \/>\n<!-- \/ Yoast SEO plugin. -->","yoast_head_json":{"title":"Pyunkang yul Calming Sun Cream 50 ml - Koj\u0105cy krem przeciws\u0142oneczny - Selleetools.com","robots":{"index":"index","follow":"follow","max-snippet":"max-snippet:-1","max-image-preview":"max-image-preview:large","max-video-preview":"max-video-preview:-1"},"canonical":"https:\/\/admincentral.selleetools.com\/pl\/product\/pyunkang-yul-calming-sun-cream-50-ml-kojacy-krem-przeciwsloneczny\/","og_locale":"pl_PL","og_type":"article","og_title":"Pyunkang yul Calming Sun Cream 50 ml - Koj\u0105cy krem przeciws\u0142oneczny - Selleetools.com","og_description":"Pyunkang Yul Calming Sun Cream to delikatny, ale skuteczny krem przeciws\u0142oneczny, kt\u00f3ry zapewnia sk\u00f3rze ochron\u0119 przed szkodliwym promieniowaniem UV. Dzi\u0119ki zawarto\u015bci SPF 50+ PA++++, krem ten stanowi barier\u0119 przed promieniowaniem UVA i UVB, minimalizuj\u0105c ryzyko oparze\u0144 s\u0142onecznych i przedwczesnego starzenia si\u0119 sk\u00f3ry. Korzy\u015bci dla sk\u00f3ry: Ochrona przeciws\u0142oneczna: Wysoki faktor SPF 50+ PA++++ skutecznie chroni sk\u00f3r\u0119 ... Read morePyunkang yul Calming Sun Cream 50 ml &#8211; Koj\u0105cy krem przeciws\u0142oneczny","og_url":"https:\/\/admincentral.selleetools.com\/pl\/product\/pyunkang-yul-calming-sun-cream-50-ml-kojacy-krem-przeciwsloneczny\/","og_site_name":"Selleetools.com","article_modified_time":"2025-12-26T15:48:21+00:00","og_image":[{"width":1200,"height":1200,"url":"https:\/\/selleetools.com\/wp-content\/uploads\/2025\/10\/2ec1fdfb9148ac43a2674e8ac834f42a.jpg","type":"image\/jpeg"}],"twitter_card":"summary_large_image","twitter_misc":{"Est. reading time":"1 minuta"},"schema":{"@context":"https:\/\/schema.org","@graph":[{"@type":"Organization","@id":"https:\/\/selleetools.com\/#organization","name":"Selleetools","url":"https:\/\/selleetools.com\/","sameAs":[],"logo":{"@type":"ImageObject","inLanguage":"pl-PL","@id":"https:\/\/selleetools.com\/#\/schema\/logo\/image\/","url":"https:\/\/selleetools.com\/wp-content\/uploads\/2021\/10\/logo-dark.png","contentUrl":"https:\/\/selleetools.com\/wp-content\/uploads\/2021\/10\/logo-dark.png","width":320,"height":76,"caption":"Selleetools"},"image":{"@id":"https:\/\/selleetools.com\/#\/schema\/logo\/image\/"}},{"@type":"WebSite","@id":"https:\/\/selleetools.com\/#website","url":"https:\/\/selleetools.com\/","name":"Selleetools.com","description":"","publisher":{"@id":"https:\/\/selleetools.com\/#organization"},"potentialAction":[{"@type":"SearchAction","target":{"@type":"EntryPoint","urlTemplate":"https:\/\/selleetools.com\/?s={search_term_string}"},"query-input":"required name=search_term_string"}],"inLanguage":"pl-PL"},{"@type":"WebPage","@id":"https:\/\/admincentral.selleetools.com\/pl\/product\/pyunkang-yul-calming-sun-cream-50-ml-kojacy-krem-przeciwsloneczny\/","url":"https:\/\/admincentral.selleetools.com\/pl\/product\/pyunkang-yul-calming-sun-cream-50-ml-kojacy-krem-przeciwsloneczny\/","name":"Pyunkang yul Calming Sun Cream 50 ml - Koj\u0105cy krem przeciws\u0142oneczny - Selleetools.com","isPartOf":{"@id":"https:\/\/selleetools.com\/#website"},"datePublished":"2025-10-22T06:58:00+00:00","dateModified":"2025-12-26T15:48:21+00:00","breadcrumb":{"@id":"https:\/\/admincentral.selleetools.com\/pl\/product\/pyunkang-yul-calming-sun-cream-50-ml-kojacy-krem-przeciwsloneczny\/#breadcrumb"},"inLanguage":"pl-PL","potentialAction":[{"@type":"ReadAction","target":["https:\/\/admincentral.selleetools.com\/pl\/product\/pyunkang-yul-calming-sun-cream-50-ml-kojacy-krem-przeciwsloneczny\/"]}]},{"@type":"BreadcrumbList","@id":"https:\/\/admincentral.selleetools.com\/pl\/product\/pyunkang-yul-calming-sun-cream-50-ml-kojacy-krem-przeciwsloneczny\/#breadcrumb","itemListElement":[{"@type":"ListItem","position":1,"name":"Home","item":"https:\/\/selleetools.com\/pl\/"},{"@type":"ListItem","position":2,"name":"Katalog","item":"https:\/\/selleetools.com\/pl\/katalog\/"},{"@type":"ListItem","position":3,"name":"Pyunkang yul Calming Sun Cream 50 ml &#8211; Koj\u0105cy krem przeciws\u0142oneczny"}]}]}},"_links":{"self":[{"href":"https:\/\/selleetools.com\/pl\/wp-json\/wp\/v2\/product\/598775"}],"collection":[{"href":"https:\/\/selleetools.com\/pl\/wp-json\/wp\/v2\/product"}],"about":[{"href":"https:\/\/selleetools.com\/pl\/wp-json\/wp\/v2\/types\/product"}],"replies":[{"embeddable":true,"href":"https:\/\/selleetools.com\/pl\/wp-json\/wp\/v2\/comments?post=598775"}],"wp:featuredmedia":[{"embeddable":true,"href":"https:\/\/selleetools.com\/pl\/wp-json\/wp\/v2\/media\/598769"}],"wp:attachment":[{"href":"https:\/\/selleetools.com\/pl\/wp-json\/wp\/v2\/media?parent=598775"}],"curies":[{"name":"wp","href":"https:\/\/api.w.org\/{rel}","templated":true}]}}