{"id":598716,"date":"2025-10-22T08:57:08","date_gmt":"2025-10-22T06:57:08","guid":{"rendered":"https:\/\/selleetools.com\/?post_type=product&#038;p=598716"},"modified":"2025-12-26T16:48:06","modified_gmt":"2025-12-26T15:48:06","slug":"marymay-rose-hyaluronic-hydra-wash-off-pack-125-g-intensywnie-nawilzajaca-i-rozjasniajaca-maseczka-do-twarzy","status":"publish","type":"product","link":"https:\/\/selleetools.com\/pl\/product\/marymay-rose-hyaluronic-hydra-wash-off-pack-125-g-intensywnie-nawilzajaca-i-rozjasniajaca-maseczka-do-twarzy\/","title":{"rendered":"Mary&#038;May Rose Hyaluronic Hydra Wash off Pack 125 g &#8211; Intensywnie nawil\u017caj\u0105ca i rozja\u015bniaj\u0105ca maseczka do twarzy"},"content":{"rendered":"<p style=\"text-align: justify; caret-color: rgb(0, 0, 0); color: rgb(0, 0, 0);\"><font style=\"font-size: 12px;\">Mary&#038;May Rose Hyaluronic Hydra Wash off Pack to nawil\u017caj\u0105ca maska do twarzy, kt\u00f3ra \u0142\u0105czy w sobie moc ekstraktu z r\u00f3\u017cy oraz kwasu hialuronowego. Formu\u0142a maski zosta\u0142a opracowana z my\u015bl\u0105 o intensywnym nawil\u017ceniu i od\u017cywieniu sk\u00f3ry, jednocze\u015bnie zapewniaj\u0105c uczucie \u015bwie\u017co\u015bci i ukojenia. Aktywne sk\u0142adniki to ekstrakt z r\u00f3\u017cy, znany ze swoich w\u0142a\u015bciwo\u015bci \u0142agodz\u0105cych i rozja\u015bniaj\u0105cych, oraz kwas hialuronowy, kt\u00f3ry g\u0142\u0119boko nawil\u017ca i poprawia elastyczno\u015b\u0107 sk\u00f3ry.<\/font><\/p>\n<h4 style=\"caret-color: rgb(0, 0, 0); color: rgb(0, 0, 0);\"><font style=\"font-size: 12px;\">Korzy\u015bci dla sk\u00f3ry<\/font><\/h4>\n<ul style=\"caret-color: rgb(0, 0, 0); color: rgb(0, 0, 0);\">\n<li><font style=\"font-size: 12px;\"><strong>Intensywne nawil\u017cenie<\/strong>: Kwas hialuronowy zapewnia g\u0142\u0119bokie i d\u0142ugotrwa\u0142e nawil\u017cenie.<\/font><\/li>\n<li><font style=\"font-size: 12px;\"><strong>\u0141agodzenie i ukojenie<\/strong>: Ekstrakt z r\u00f3\u017cy dzia\u0142a przeciwzapalnie i koj\u0105co, redukuj\u0105c zaczerwienienia i podra\u017cnienia.<\/font><\/li>\n<li><font style=\"font-size: 12px;\"><strong>Poprawa elastyczno\u015bci<\/strong>: Sk\u00f3ra staje si\u0119 bardziej j\u0119drna i elastyczna dzi\u0119ki sk\u0142adnikom od\u017cywczym.<\/font><\/li>\n<li><font style=\"font-size: 12px;\"><strong>Rozja\u015bnienie<\/strong>: Maska pomaga wyr\u00f3wna\u0107 koloryt sk\u00f3ry, nadaj\u0105c jej zdrowy i promienny wygl\u0105d.<\/font><\/li>\n<\/ul>\n<h4 style=\"caret-color: rgb(0, 0, 0); color: rgb(0, 0, 0);\"><font style=\"font-size: 12px;\">Spos\u00f3b u\u017cycia<\/font><\/h4>\n<ol style=\"caret-color: rgb(0, 0, 0); color: rgb(0, 0, 0);\">\n<li><font style=\"font-size: 12px;\"><strong>Oczyszczenie<\/strong>: Na\u0142\u00f3\u017c mask\u0119 na dobrze oczyszczon\u0105 sk\u00f3r\u0119 twarzy, omijaj\u0105c okolice oczu.<\/font><\/li>\n<li><font style=\"font-size: 12px;\"><strong>Aplikacja<\/strong>: Rozprowad\u017a r\u00f3wnomiernie cienk\u0105 warstw\u0119 produktu.<\/font><\/li>\n<li><font style=\"font-size: 12px;\"><strong>Czas dzia\u0142ania<\/strong>: Pozostaw na sk\u00f3rze na 10-15 minut.<\/font><\/li>\n<li><font style=\"font-size: 12px;\"><strong>Zmycie<\/strong>: Dok\u0142adnie sp\u0142ucz letni\u0105 wod\u0105 i delikatnie osusz twarz.<\/font><\/li>\n<li><font style=\"font-size: 12px;\"><strong>Cz\u0119stotliwo\u015b\u0107<\/strong>: Stosuj 2-3 razy w tygodniu lub wed\u0142ug potrzeb sk\u00f3ry.<\/font><\/li>\n<\/ol>\n<p style=\"caret-color: rgb(0, 0, 0); color: rgb(0, 0, 0);\"><font style=\"font-size: 12px;\">Mary&#038;May Rose Hyaluronic Hydra Wash off Pack to doskona\u0142e uzupe\u0142nienie codziennej rutyny piel\u0119gnacyjnej, zapewniaj\u0105ce sk\u00f3rze intensywne nawil\u017cenie i zdrowy blask.<\/font><\/p>\n","protected":false},"excerpt":{"rendered":"<p>Mary&#038;May Rose Hyaluronic Hydra Wash off Pack to nawil\u017caj\u0105ca maska do twarzy, kt\u00f3ra \u0142\u0105czy w sobie moc ekstraktu z r\u00f3\u017cy oraz kwasu hialuronowego. Formu\u0142a maski zosta\u0142a opracowana z my\u015bl\u0105 o intensywnym nawil\u017ceniu i od\u017cywieniu sk\u00f3ry, jednocze\u015bnie zapewniaj\u0105c uczucie \u015bwie\u017co\u015bci i ukojenia. Aktywne sk\u0142adniki to ekstrakt z r\u00f3\u017cy, znany ze swoich w\u0142a\u015bciwo\u015bci \u0142agodz\u0105cych i rozja\u015bniaj\u0105cych, oraz &#8230; <a title=\"Mary&#038;May Rose Hyaluronic Hydra Wash off Pack 125 g &#8211; Intensywnie nawil\u017caj\u0105ca i rozja\u015bniaj\u0105ca maseczka do twarzy\" class=\"read-more\" href=\"https:\/\/selleetools.com\/pl\/product\/marymay-rose-hyaluronic-hydra-wash-off-pack-125-g-intensywnie-nawilzajaca-i-rozjasniajaca-maseczka-do-twarzy\/\">Read more<span class=\"screen-reader-text\">Mary&#038;May Rose Hyaluronic Hydra Wash off Pack 125 g &#8211; Intensywnie nawil\u017caj\u0105ca i rozja\u015bniaj\u0105ca maseczka do twarzy<\/span><\/a><\/p>\n","protected":false},"featured_media":598714,"comment_status":"open","ping_status":"closed","template":"","meta":{"_links_to":"","_links_to_target":""},"yoast_head":"<!-- This site is optimized with the Yoast SEO plugin v19.4 - https:\/\/yoast.com\/wordpress\/plugins\/seo\/ -->\n<title>Mary&amp;May Rose Hyaluronic Hydra Wash off Pack 125 g - Intensywnie nawil\u017caj\u0105ca i rozja\u015bniaj\u0105ca maseczka do twarzy - Selleetools.com<\/title>\n<meta name=\"robots\" content=\"index, follow, max-snippet:-1, max-image-preview:large, max-video-preview:-1\" \/>\n<link rel=\"canonical\" href=\"https:\/\/admincentral.selleetools.com\/product\/marymay-rose-hyaluronic-hydra-wash-off-pack-125-g-intensywnie-nawilzajaca-i-rozjasniajaca-maseczka-do-twarzy\/\" \/>\n<meta property=\"og:locale\" content=\"pl_PL\" \/>\n<meta property=\"og:type\" content=\"article\" \/>\n<meta property=\"og:title\" content=\"Mary&amp;May Rose Hyaluronic Hydra Wash off Pack 125 g - Intensywnie nawil\u017caj\u0105ca i rozja\u015bniaj\u0105ca maseczka do twarzy - Selleetools.com\" \/>\n<meta property=\"og:description\" content=\"Mary&#038;May Rose Hyaluronic Hydra Wash off Pack to nawil\u017caj\u0105ca maska do twarzy, kt\u00f3ra \u0142\u0105czy w sobie moc ekstraktu z r\u00f3\u017cy oraz kwasu hialuronowego. Formu\u0142a maski zosta\u0142a opracowana z my\u015bl\u0105 o intensywnym nawil\u017ceniu i od\u017cywieniu sk\u00f3ry, jednocze\u015bnie zapewniaj\u0105c uczucie \u015bwie\u017co\u015bci i ukojenia. Aktywne sk\u0142adniki to ekstrakt z r\u00f3\u017cy, znany ze swoich w\u0142a\u015bciwo\u015bci \u0142agodz\u0105cych i rozja\u015bniaj\u0105cych, oraz ... Read moreMary&#038;May Rose Hyaluronic Hydra Wash off Pack 125 g &#8211; Intensywnie nawil\u017caj\u0105ca i rozja\u015bniaj\u0105ca maseczka do twarzy\" \/>\n<meta property=\"og:url\" content=\"https:\/\/admincentral.selleetools.com\/product\/marymay-rose-hyaluronic-hydra-wash-off-pack-125-g-intensywnie-nawilzajaca-i-rozjasniajaca-maseczka-do-twarzy\/\" \/>\n<meta property=\"og:site_name\" content=\"Selleetools.com\" \/>\n<meta property=\"article:modified_time\" content=\"2025-12-26T15:48:06+00:00\" \/>\n<meta property=\"og:image\" content=\"https:\/\/selleetools.com\/wp-content\/uploads\/2025\/10\/c688e5dfb77511bbb7515e51f6779803.jpg\" \/>\n\t<meta property=\"og:image:width\" content=\"750\" \/>\n\t<meta property=\"og:image:height\" content=\"750\" \/>\n\t<meta property=\"og:image:type\" content=\"image\/jpeg\" \/>\n<meta name=\"twitter:card\" content=\"summary_large_image\" \/>\n<meta name=\"twitter:label1\" content=\"Est. reading time\" \/>\n\t<meta name=\"twitter:data1\" content=\"1 minuta\" \/>\n<!-- \/ Yoast SEO plugin. -->","yoast_head_json":{"title":"Mary&May Rose Hyaluronic Hydra Wash off Pack 125 g - Intensywnie nawil\u017caj\u0105ca i rozja\u015bniaj\u0105ca maseczka do twarzy - Selleetools.com","robots":{"index":"index","follow":"follow","max-snippet":"max-snippet:-1","max-image-preview":"max-image-preview:large","max-video-preview":"max-video-preview:-1"},"canonical":"https:\/\/admincentral.selleetools.com\/product\/marymay-rose-hyaluronic-hydra-wash-off-pack-125-g-intensywnie-nawilzajaca-i-rozjasniajaca-maseczka-do-twarzy\/","og_locale":"pl_PL","og_type":"article","og_title":"Mary&May Rose Hyaluronic Hydra Wash off Pack 125 g - Intensywnie nawil\u017caj\u0105ca i rozja\u015bniaj\u0105ca maseczka do twarzy - Selleetools.com","og_description":"Mary&#038;May Rose Hyaluronic Hydra Wash off Pack to nawil\u017caj\u0105ca maska do twarzy, kt\u00f3ra \u0142\u0105czy w sobie moc ekstraktu z r\u00f3\u017cy oraz kwasu hialuronowego. Formu\u0142a maski zosta\u0142a opracowana z my\u015bl\u0105 o intensywnym nawil\u017ceniu i od\u017cywieniu sk\u00f3ry, jednocze\u015bnie zapewniaj\u0105c uczucie \u015bwie\u017co\u015bci i ukojenia. Aktywne sk\u0142adniki to ekstrakt z r\u00f3\u017cy, znany ze swoich w\u0142a\u015bciwo\u015bci \u0142agodz\u0105cych i rozja\u015bniaj\u0105cych, oraz ... Read moreMary&#038;May Rose Hyaluronic Hydra Wash off Pack 125 g &#8211; Intensywnie nawil\u017caj\u0105ca i rozja\u015bniaj\u0105ca maseczka do twarzy","og_url":"https:\/\/admincentral.selleetools.com\/product\/marymay-rose-hyaluronic-hydra-wash-off-pack-125-g-intensywnie-nawilzajaca-i-rozjasniajaca-maseczka-do-twarzy\/","og_site_name":"Selleetools.com","article_modified_time":"2025-12-26T15:48:06+00:00","og_image":[{"width":750,"height":750,"url":"https:\/\/selleetools.com\/wp-content\/uploads\/2025\/10\/c688e5dfb77511bbb7515e51f6779803.jpg","type":"image\/jpeg"}],"twitter_card":"summary_large_image","twitter_misc":{"Est. reading time":"1 minuta"},"schema":{"@context":"https:\/\/schema.org","@graph":[{"@type":"Organization","@id":"https:\/\/selleetools.com\/#organization","name":"Selleetools","url":"https:\/\/selleetools.com\/","sameAs":[],"logo":{"@type":"ImageObject","inLanguage":"pl-PL","@id":"https:\/\/selleetools.com\/#\/schema\/logo\/image\/","url":"https:\/\/selleetools.com\/wp-content\/uploads\/2021\/10\/logo-dark.png","contentUrl":"https:\/\/selleetools.com\/wp-content\/uploads\/2021\/10\/logo-dark.png","width":320,"height":76,"caption":"Selleetools"},"image":{"@id":"https:\/\/selleetools.com\/#\/schema\/logo\/image\/"}},{"@type":"WebSite","@id":"https:\/\/selleetools.com\/#website","url":"https:\/\/selleetools.com\/","name":"Selleetools.com","description":"","publisher":{"@id":"https:\/\/selleetools.com\/#organization"},"potentialAction":[{"@type":"SearchAction","target":{"@type":"EntryPoint","urlTemplate":"https:\/\/selleetools.com\/?s={search_term_string}"},"query-input":"required name=search_term_string"}],"inLanguage":"pl-PL"},{"@type":"WebPage","@id":"https:\/\/admincentral.selleetools.com\/product\/marymay-rose-hyaluronic-hydra-wash-off-pack-125-g-intensywnie-nawilzajaca-i-rozjasniajaca-maseczka-do-twarzy\/","url":"https:\/\/admincentral.selleetools.com\/product\/marymay-rose-hyaluronic-hydra-wash-off-pack-125-g-intensywnie-nawilzajaca-i-rozjasniajaca-maseczka-do-twarzy\/","name":"Mary&May Rose Hyaluronic Hydra Wash off Pack 125 g - Intensywnie nawil\u017caj\u0105ca i rozja\u015bniaj\u0105ca maseczka do twarzy - Selleetools.com","isPartOf":{"@id":"https:\/\/selleetools.com\/#website"},"datePublished":"2025-10-22T06:57:08+00:00","dateModified":"2025-12-26T15:48:06+00:00","breadcrumb":{"@id":"https:\/\/admincentral.selleetools.com\/product\/marymay-rose-hyaluronic-hydra-wash-off-pack-125-g-intensywnie-nawilzajaca-i-rozjasniajaca-maseczka-do-twarzy\/#breadcrumb"},"inLanguage":"pl-PL","potentialAction":[{"@type":"ReadAction","target":["https:\/\/admincentral.selleetools.com\/product\/marymay-rose-hyaluronic-hydra-wash-off-pack-125-g-intensywnie-nawilzajaca-i-rozjasniajaca-maseczka-do-twarzy\/"]}]},{"@type":"BreadcrumbList","@id":"https:\/\/admincentral.selleetools.com\/product\/marymay-rose-hyaluronic-hydra-wash-off-pack-125-g-intensywnie-nawilzajaca-i-rozjasniajaca-maseczka-do-twarzy\/#breadcrumb","itemListElement":[{"@type":"ListItem","position":1,"name":"Home","item":"https:\/\/selleetools.com\/pl\/"},{"@type":"ListItem","position":2,"name":"Katalog","item":"https:\/\/selleetools.com\/pl\/katalog\/"},{"@type":"ListItem","position":3,"name":"Mary&#038;May Rose Hyaluronic Hydra Wash off Pack 125 g &#8211; Intensywnie nawil\u017caj\u0105ca i rozja\u015bniaj\u0105ca maseczka do twarzy"}]}]}},"_links":{"self":[{"href":"https:\/\/selleetools.com\/pl\/wp-json\/wp\/v2\/product\/598716"}],"collection":[{"href":"https:\/\/selleetools.com\/pl\/wp-json\/wp\/v2\/product"}],"about":[{"href":"https:\/\/selleetools.com\/pl\/wp-json\/wp\/v2\/types\/product"}],"replies":[{"embeddable":true,"href":"https:\/\/selleetools.com\/pl\/wp-json\/wp\/v2\/comments?post=598716"}],"wp:featuredmedia":[{"embeddable":true,"href":"https:\/\/selleetools.com\/pl\/wp-json\/wp\/v2\/media\/598714"}],"wp:attachment":[{"href":"https:\/\/selleetools.com\/pl\/wp-json\/wp\/v2\/media?parent=598716"}],"curies":[{"name":"wp","href":"https:\/\/api.w.org\/{rel}","templated":true}]}}