{"id":598705,"date":"2025-10-22T08:56:57","date_gmt":"2025-10-22T06:56:57","guid":{"rendered":"https:\/\/selleetools.com\/?post_type=product&#038;p=598705"},"modified":"2025-10-22T14:09:59","modified_gmt":"2025-10-22T12:09:59","slug":"marymay-idebenone-blackberry-intense-cream-70-g-odzywczy-krem-do-twarzy","status":"publish","type":"product","link":"https:\/\/selleetools.com\/pl\/product\/marymay-idebenone-blackberry-intense-cream-70-g-odzywczy-krem-do-twarzy\/","title":{"rendered":"Mary&#038;May Idebenone + Blackberry intense cream 70 g &#8211; od\u017cywczy krem do twarzy"},"content":{"rendered":"<p>Mary&#038;May Idebenone Blackberry Intense Cream to bogaty krem, kt\u00f3ry dostarcza sk\u00f3rze intensywnej dawki nawil\u017cenia, poprawiaj\u0105c jej elastyczno\u015b\u0107 oraz redukuj\u0105c widoczno\u015b\u0107 zmarszczek. Dzi\u0119ki zaawansowanej formule opartej na kompleksie je\u017cyny, idebenonie, kwasie hialuronowym oraz ceramidach, krem skutecznie rewitalizuje zm\u0119czon\u0105 sk\u00f3r\u0119, przywracaj\u0105c jej promienny wygl\u0105d i zdrowy blask. Produkt dzia\u0142a nawil\u017caj\u0105co, wzmacnia barier\u0119 ochronn\u0105 sk\u00f3ry i poprawia jej struktur\u0119, pozostawiaj\u0105c j\u0105 g\u0142adk\u0105, j\u0119drn\u0105 i pe\u0142n\u0105 energii.<\/p>\n<p>Korzy\u015bci dla sk\u00f3ry:<br \/>\nIntensywne nawil\u017cenie \u2013 zaawansowane kompleksy, g\u0142\u0119boko nawil\u017caj\u0105 sk\u00f3r\u0119, pomagaj\u0105c utrzyma\u0107 jej odpowiedni poziom wilgoci.<br \/>\nPoprawa elastyczno\u015bci \u2013 regularne stosowanie kremu zwi\u0119ksza j\u0119drno\u015b\u0107 i elastyczno\u015b\u0107 sk\u00f3ry, sprawiaj\u0105c, \u017ce staje si\u0119 ona bardziej napi\u0119ta.<br \/>\nRedukcja zmarszczek \u2013 krem dzia\u0142a przeciwstarzeniowo, wyg\u0142adzaj\u0105c drobne zmarszczki.<br \/>\nRozja\u015bnienie sk\u00f3ry \u2013 niacynamid wspomaga rozja\u015bnienie sk\u00f3ry, przyczyniaj\u0105c si\u0119 do poprawy jej kolorytu.<br \/>\nWzmacnianie bariery ochronnej sk\u00f3ry \u2013 ceramidy pomagaj\u0105 w odbudowie naturalnej bariery sk\u00f3ry, zapobiegaj\u0105c jej odwodnieniu i utrzymuj\u0105c jej zdrowy wygl\u0105d.<br \/>\nBezpieczny sk\u0142ad \u2013 krem jest wolny od zapach\u00f3w, co czyni go odpowiednim tak\u017ce dla os\u00f3b z wra\u017cliw\u0105 sk\u00f3r\u0105.<\/p>\n<p>Spos\u00f3b u\u017cycia:<br \/>\nNa\u0142\u00f3\u017c odpowiedni\u0105 ilo\u015b\u0107 kremu na oczyszczon\u0105 sk\u00f3r\u0119 twarzy.<br \/>\nDelikatnie wmasuj krem, a\u017c do ca\u0142kowitego wch\u0142oni\u0119cia.<br \/>\nU\u017cywaj kremu rano i wieczorem jako ostatni etap codziennej piel\u0119gnacji.<\/p>\n","protected":false},"excerpt":{"rendered":"<p>Mary&#038;May Idebenone Blackberry Intense Cream to bogaty krem, kt\u00f3ry dostarcza sk\u00f3rze intensywnej dawki nawil\u017cenia, poprawiaj\u0105c jej elastyczno\u015b\u0107 oraz redukuj\u0105c widoczno\u015b\u0107 zmarszczek. Dzi\u0119ki zaawansowanej formule opartej na kompleksie je\u017cyny, idebenonie, kwasie hialuronowym oraz ceramidach, krem skutecznie rewitalizuje zm\u0119czon\u0105 sk\u00f3r\u0119, przywracaj\u0105c jej promienny wygl\u0105d i zdrowy blask. Produkt dzia\u0142a nawil\u017caj\u0105co, wzmacnia barier\u0119 ochronn\u0105 sk\u00f3ry i poprawia jej &#8230; <a title=\"Mary&#038;May Idebenone + Blackberry intense cream 70 g &#8211; od\u017cywczy krem do twarzy\" class=\"read-more\" href=\"https:\/\/selleetools.com\/pl\/product\/marymay-idebenone-blackberry-intense-cream-70-g-odzywczy-krem-do-twarzy\/\">Read more<span class=\"screen-reader-text\">Mary&#038;May Idebenone + Blackberry intense cream 70 g &#8211; od\u017cywczy krem do twarzy<\/span><\/a><\/p>\n","protected":false},"featured_media":598703,"comment_status":"open","ping_status":"closed","template":"","meta":{"_links_to":"","_links_to_target":""},"yoast_head":"<!-- This site is optimized with the Yoast SEO plugin v19.4 - https:\/\/yoast.com\/wordpress\/plugins\/seo\/ -->\n<title>Mary&amp;May Idebenone + Blackberry intense cream 70 g - od\u017cywczy krem do twarzy - Selleetools.com<\/title>\n<meta name=\"robots\" content=\"index, follow, max-snippet:-1, max-image-preview:large, max-video-preview:-1\" \/>\n<link rel=\"canonical\" href=\"https:\/\/selleetools.com\/pl\/product\/marymay-idebenone-blackberry-intense-cream-70-g-odzywczy-krem-do-twarzy\/\" \/>\n<meta property=\"og:locale\" content=\"pl_PL\" \/>\n<meta property=\"og:type\" content=\"article\" \/>\n<meta property=\"og:title\" content=\"Mary&amp;May Idebenone + Blackberry intense cream 70 g - od\u017cywczy krem do twarzy - Selleetools.com\" \/>\n<meta property=\"og:description\" content=\"Mary&#038;May Idebenone Blackberry Intense Cream to bogaty krem, kt\u00f3ry dostarcza sk\u00f3rze intensywnej dawki nawil\u017cenia, poprawiaj\u0105c jej elastyczno\u015b\u0107 oraz redukuj\u0105c widoczno\u015b\u0107 zmarszczek. Dzi\u0119ki zaawansowanej formule opartej na kompleksie je\u017cyny, idebenonie, kwasie hialuronowym oraz ceramidach, krem skutecznie rewitalizuje zm\u0119czon\u0105 sk\u00f3r\u0119, przywracaj\u0105c jej promienny wygl\u0105d i zdrowy blask. Produkt dzia\u0142a nawil\u017caj\u0105co, wzmacnia barier\u0119 ochronn\u0105 sk\u00f3ry i poprawia jej ... Read moreMary&#038;May Idebenone + Blackberry intense cream 70 g &#8211; od\u017cywczy krem do twarzy\" \/>\n<meta property=\"og:url\" content=\"https:\/\/selleetools.com\/pl\/product\/marymay-idebenone-blackberry-intense-cream-70-g-odzywczy-krem-do-twarzy\/\" \/>\n<meta property=\"og:site_name\" content=\"Selleetools.com\" \/>\n<meta property=\"article:modified_time\" content=\"2025-10-22T12:09:59+00:00\" \/>\n<meta property=\"og:image\" content=\"https:\/\/selleetools.com\/wp-content\/uploads\/2025\/10\/0006fc0db41b6c27d0a716bb5de702bb.jpg\" \/>\n\t<meta property=\"og:image:width\" content=\"1000\" \/>\n\t<meta property=\"og:image:height\" content=\"1000\" \/>\n\t<meta property=\"og:image:type\" content=\"image\/jpeg\" \/>\n<meta name=\"twitter:card\" content=\"summary_large_image\" \/>\n<meta name=\"twitter:label1\" content=\"Est. reading time\" \/>\n\t<meta name=\"twitter:data1\" content=\"1 minuta\" \/>\n<!-- \/ Yoast SEO plugin. -->","yoast_head_json":{"title":"Mary&May Idebenone + Blackberry intense cream 70 g - od\u017cywczy krem do twarzy - Selleetools.com","robots":{"index":"index","follow":"follow","max-snippet":"max-snippet:-1","max-image-preview":"max-image-preview:large","max-video-preview":"max-video-preview:-1"},"canonical":"https:\/\/selleetools.com\/pl\/product\/marymay-idebenone-blackberry-intense-cream-70-g-odzywczy-krem-do-twarzy\/","og_locale":"pl_PL","og_type":"article","og_title":"Mary&May Idebenone + Blackberry intense cream 70 g - od\u017cywczy krem do twarzy - Selleetools.com","og_description":"Mary&#038;May Idebenone Blackberry Intense Cream to bogaty krem, kt\u00f3ry dostarcza sk\u00f3rze intensywnej dawki nawil\u017cenia, poprawiaj\u0105c jej elastyczno\u015b\u0107 oraz redukuj\u0105c widoczno\u015b\u0107 zmarszczek. Dzi\u0119ki zaawansowanej formule opartej na kompleksie je\u017cyny, idebenonie, kwasie hialuronowym oraz ceramidach, krem skutecznie rewitalizuje zm\u0119czon\u0105 sk\u00f3r\u0119, przywracaj\u0105c jej promienny wygl\u0105d i zdrowy blask. Produkt dzia\u0142a nawil\u017caj\u0105co, wzmacnia barier\u0119 ochronn\u0105 sk\u00f3ry i poprawia jej ... Read moreMary&#038;May Idebenone + Blackberry intense cream 70 g &#8211; od\u017cywczy krem do twarzy","og_url":"https:\/\/selleetools.com\/pl\/product\/marymay-idebenone-blackberry-intense-cream-70-g-odzywczy-krem-do-twarzy\/","og_site_name":"Selleetools.com","article_modified_time":"2025-10-22T12:09:59+00:00","og_image":[{"width":1000,"height":1000,"url":"https:\/\/selleetools.com\/wp-content\/uploads\/2025\/10\/0006fc0db41b6c27d0a716bb5de702bb.jpg","type":"image\/jpeg"}],"twitter_card":"summary_large_image","twitter_misc":{"Est. reading time":"1 minuta"},"schema":{"@context":"https:\/\/schema.org","@graph":[{"@type":"Organization","@id":"https:\/\/selleetools.com\/#organization","name":"Selleetools","url":"https:\/\/selleetools.com\/","sameAs":[],"logo":{"@type":"ImageObject","inLanguage":"pl-PL","@id":"https:\/\/selleetools.com\/#\/schema\/logo\/image\/","url":"https:\/\/selleetools.com\/wp-content\/uploads\/2021\/10\/logo-dark.png","contentUrl":"https:\/\/selleetools.com\/wp-content\/uploads\/2021\/10\/logo-dark.png","width":320,"height":76,"caption":"Selleetools"},"image":{"@id":"https:\/\/selleetools.com\/#\/schema\/logo\/image\/"}},{"@type":"WebSite","@id":"https:\/\/selleetools.com\/#website","url":"https:\/\/selleetools.com\/","name":"Selleetools.com","description":"","publisher":{"@id":"https:\/\/selleetools.com\/#organization"},"potentialAction":[{"@type":"SearchAction","target":{"@type":"EntryPoint","urlTemplate":"https:\/\/selleetools.com\/?s={search_term_string}"},"query-input":"required name=search_term_string"}],"inLanguage":"pl-PL"},{"@type":"WebPage","@id":"https:\/\/selleetools.com\/pl\/product\/marymay-idebenone-blackberry-intense-cream-70-g-odzywczy-krem-do-twarzy\/","url":"https:\/\/selleetools.com\/pl\/product\/marymay-idebenone-blackberry-intense-cream-70-g-odzywczy-krem-do-twarzy\/","name":"Mary&May Idebenone + Blackberry intense cream 70 g - od\u017cywczy krem do twarzy - Selleetools.com","isPartOf":{"@id":"https:\/\/selleetools.com\/#website"},"datePublished":"2025-10-22T06:56:57+00:00","dateModified":"2025-10-22T12:09:59+00:00","breadcrumb":{"@id":"https:\/\/selleetools.com\/pl\/product\/marymay-idebenone-blackberry-intense-cream-70-g-odzywczy-krem-do-twarzy\/#breadcrumb"},"inLanguage":"pl-PL","potentialAction":[{"@type":"ReadAction","target":["https:\/\/selleetools.com\/pl\/product\/marymay-idebenone-blackberry-intense-cream-70-g-odzywczy-krem-do-twarzy\/"]}]},{"@type":"BreadcrumbList","@id":"https:\/\/selleetools.com\/pl\/product\/marymay-idebenone-blackberry-intense-cream-70-g-odzywczy-krem-do-twarzy\/#breadcrumb","itemListElement":[{"@type":"ListItem","position":1,"name":"Home","item":"https:\/\/selleetools.com\/pl\/"},{"@type":"ListItem","position":2,"name":"Katalog","item":"https:\/\/selleetools.com\/pl\/katalog\/"},{"@type":"ListItem","position":3,"name":"Mary&#038;May Idebenone + Blackberry intense cream 70 g &#8211; od\u017cywczy krem do twarzy"}]}]}},"_links":{"self":[{"href":"https:\/\/selleetools.com\/pl\/wp-json\/wp\/v2\/product\/598705"}],"collection":[{"href":"https:\/\/selleetools.com\/pl\/wp-json\/wp\/v2\/product"}],"about":[{"href":"https:\/\/selleetools.com\/pl\/wp-json\/wp\/v2\/types\/product"}],"replies":[{"embeddable":true,"href":"https:\/\/selleetools.com\/pl\/wp-json\/wp\/v2\/comments?post=598705"}],"wp:featuredmedia":[{"embeddable":true,"href":"https:\/\/selleetools.com\/pl\/wp-json\/wp\/v2\/media\/598703"}],"wp:attachment":[{"href":"https:\/\/selleetools.com\/pl\/wp-json\/wp\/v2\/media?parent=598705"}],"curies":[{"name":"wp","href":"https:\/\/api.w.org\/{rel}","templated":true}]}}