{"id":598697,"date":"2025-10-22T08:56:49","date_gmt":"2025-10-22T06:56:49","guid":{"rendered":"https:\/\/selleetools.com\/?post_type=product&#038;p=598697"},"modified":"2025-12-26T16:48:00","modified_gmt":"2025-12-26T15:48:00","slug":"marymay-collagen-booster-lotion-120-ml-emulsja-do-twarzy-z-kolagenem","status":"publish","type":"product","link":"https:\/\/selleetools.com\/pl\/product\/marymay-collagen-booster-lotion-120-ml-emulsja-do-twarzy-z-kolagenem\/","title":{"rendered":"Mary&#038;May Collagen Booster Lotion 120 ml &#8211; Emulsja do twarzy z kolagenem"},"content":{"rendered":"<p style=\"caret-color: rgb(0, 0, 0); color: rgb(0, 0, 0);\"><font style=\"font-size: 12px;\"><strong>Mary&#038;May Collagen Booster Lotion<\/strong> to lekka emulsja na bazie kolagenu, kt\u00f3ra ma na celu intensywne nawil\u017cenie i popraw\u0119 elastyczno\u015bci sk\u00f3ry. Zawiera kluczowe sk\u0142adniki aktywne takie jak hydrolizowany kolagen, kwas hialuronowy i ekstrakt z w\u0105kroty azjatyckiej. Dzi\u0119ki temu kosmetyk wspomaga regeneracj\u0119 sk\u00f3ry, wyg\u0142adza drobne zmarszczki i zapewnia zdrowy, promienny wygl\u0105d.<\/font><\/p>\n<h4 style=\"caret-color: rgb(0, 0, 0); color: rgb(0, 0, 0);\"><font style=\"font-size: 12px;\">Korzy\u015bci dla sk\u00f3ry<\/font><\/h4>\n<ul style=\"caret-color: rgb(0, 0, 0); color: rgb(0, 0, 0);\">\n<li><font style=\"font-size: 12px;\"><strong>Nawil\u017cenie<\/strong>: Kwas hialuronowy intensywnie nawil\u017ca sk\u00f3r\u0119, zapobiegaj\u0105c jej przesuszeniu.<\/font><\/li>\n<li><font style=\"font-size: 12px;\"><strong>Poprawa elastyczno\u015bci<\/strong>: Hydrolizowany kolagen wspomaga j\u0119drno\u015b\u0107 i elastyczno\u015b\u0107 sk\u00f3ry, redukuj\u0105c oznaki starzenia.<\/font><\/li>\n<li><font style=\"font-size: 12px;\"><strong>Regeneracja i \u0142agodzenie<\/strong>: Ekstrakt z w\u0105kroty azjatyckiej dzia\u0142a koj\u0105co i wspiera procesy regeneracyjne sk\u00f3ry.<\/font><\/li>\n<\/ul>\n<h4 style=\"caret-color: rgb(0, 0, 0); color: rgb(0, 0, 0);\"><font style=\"font-size: 12px;\">Spos\u00f3b u\u017cycia<\/font><\/h4>\n<ol style=\"caret-color: rgb(0, 0, 0); color: rgb(0, 0, 0);\">\n<li><font style=\"font-size: 12px;\"><strong>Oczyszczenie<\/strong>: Stosowa\u0107 na oczyszczon\u0105 sk\u00f3r\u0119 twarzy.<\/font><\/li>\n<li><font style=\"font-size: 12px;\"><strong>Aplikacja<\/strong>: Niewielk\u0105 ilo\u015b\u0107 lotionu delikatnie wklep w sk\u00f3r\u0119 twarzy i szyi.<\/font><\/li>\n<li><font style=\"font-size: 12px;\"><strong>Cz\u0119stotliwo\u015b\u0107<\/strong>: U\u017cywa\u0107 codziennie rano i wieczorem jako cz\u0119\u015b\u0107 regularnej rutyny piel\u0119gnacyjnej.<\/font><\/li>\n<\/ol>\n","protected":false},"excerpt":{"rendered":"<p>Mary&#038;May Collagen Booster Lotion to lekka emulsja na bazie kolagenu, kt\u00f3ra ma na celu intensywne nawil\u017cenie i popraw\u0119 elastyczno\u015bci sk\u00f3ry. Zawiera kluczowe sk\u0142adniki aktywne takie jak hydrolizowany kolagen, kwas hialuronowy i ekstrakt z w\u0105kroty azjatyckiej. Dzi\u0119ki temu kosmetyk wspomaga regeneracj\u0119 sk\u00f3ry, wyg\u0142adza drobne zmarszczki i zapewnia zdrowy, promienny wygl\u0105d. Korzy\u015bci dla sk\u00f3ry Nawil\u017cenie: Kwas hialuronowy &#8230; <a title=\"Mary&#038;May Collagen Booster Lotion 120 ml &#8211; Emulsja do twarzy z kolagenem\" class=\"read-more\" href=\"https:\/\/selleetools.com\/pl\/product\/marymay-collagen-booster-lotion-120-ml-emulsja-do-twarzy-z-kolagenem\/\">Read more<span class=\"screen-reader-text\">Mary&#038;May Collagen Booster Lotion 120 ml &#8211; Emulsja do twarzy z kolagenem<\/span><\/a><\/p>\n","protected":false},"featured_media":598695,"comment_status":"open","ping_status":"closed","template":"","meta":{"_links_to":"","_links_to_target":""},"yoast_head":"<!-- This site is optimized with the Yoast SEO plugin v19.4 - https:\/\/yoast.com\/wordpress\/plugins\/seo\/ -->\n<title>Mary&amp;May Collagen Booster Lotion 120 ml - Emulsja do twarzy z kolagenem - Selleetools.com<\/title>\n<meta name=\"robots\" content=\"index, follow, max-snippet:-1, max-image-preview:large, max-video-preview:-1\" \/>\n<link rel=\"canonical\" href=\"https:\/\/selleetools.com\/pl\/product\/marymay-collagen-booster-lotion-120-ml-emulsja-do-twarzy-z-kolagenem\/\" \/>\n<meta property=\"og:locale\" content=\"pl_PL\" \/>\n<meta property=\"og:type\" content=\"article\" \/>\n<meta property=\"og:title\" content=\"Mary&amp;May Collagen Booster Lotion 120 ml - Emulsja do twarzy z kolagenem - Selleetools.com\" \/>\n<meta property=\"og:description\" content=\"Mary&#038;May Collagen Booster Lotion to lekka emulsja na bazie kolagenu, kt\u00f3ra ma na celu intensywne nawil\u017cenie i popraw\u0119 elastyczno\u015bci sk\u00f3ry. Zawiera kluczowe sk\u0142adniki aktywne takie jak hydrolizowany kolagen, kwas hialuronowy i ekstrakt z w\u0105kroty azjatyckiej. Dzi\u0119ki temu kosmetyk wspomaga regeneracj\u0119 sk\u00f3ry, wyg\u0142adza drobne zmarszczki i zapewnia zdrowy, promienny wygl\u0105d. Korzy\u015bci dla sk\u00f3ry Nawil\u017cenie: Kwas hialuronowy ... Read moreMary&#038;May Collagen Booster Lotion 120 ml &#8211; Emulsja do twarzy z kolagenem\" \/>\n<meta property=\"og:url\" content=\"https:\/\/selleetools.com\/pl\/product\/marymay-collagen-booster-lotion-120-ml-emulsja-do-twarzy-z-kolagenem\/\" \/>\n<meta property=\"og:site_name\" content=\"Selleetools.com\" \/>\n<meta property=\"article:modified_time\" content=\"2025-12-26T15:48:00+00:00\" \/>\n<meta property=\"og:image\" content=\"https:\/\/selleetools.com\/wp-content\/uploads\/2025\/10\/6acea75b1da5582e38c3c4d16d41d0dd.jpg\" \/>\n\t<meta property=\"og:image:width\" content=\"500\" \/>\n\t<meta property=\"og:image:height\" content=\"500\" \/>\n\t<meta property=\"og:image:type\" content=\"image\/jpeg\" \/>\n<meta name=\"twitter:card\" content=\"summary_large_image\" \/>\n<meta name=\"twitter:label1\" content=\"Est. reading time\" \/>\n\t<meta name=\"twitter:data1\" content=\"1 minuta\" \/>\n<!-- \/ Yoast SEO plugin. -->","yoast_head_json":{"title":"Mary&May Collagen Booster Lotion 120 ml - Emulsja do twarzy z kolagenem - Selleetools.com","robots":{"index":"index","follow":"follow","max-snippet":"max-snippet:-1","max-image-preview":"max-image-preview:large","max-video-preview":"max-video-preview:-1"},"canonical":"https:\/\/selleetools.com\/pl\/product\/marymay-collagen-booster-lotion-120-ml-emulsja-do-twarzy-z-kolagenem\/","og_locale":"pl_PL","og_type":"article","og_title":"Mary&May Collagen Booster Lotion 120 ml - Emulsja do twarzy z kolagenem - Selleetools.com","og_description":"Mary&#038;May Collagen Booster Lotion to lekka emulsja na bazie kolagenu, kt\u00f3ra ma na celu intensywne nawil\u017cenie i popraw\u0119 elastyczno\u015bci sk\u00f3ry. Zawiera kluczowe sk\u0142adniki aktywne takie jak hydrolizowany kolagen, kwas hialuronowy i ekstrakt z w\u0105kroty azjatyckiej. Dzi\u0119ki temu kosmetyk wspomaga regeneracj\u0119 sk\u00f3ry, wyg\u0142adza drobne zmarszczki i zapewnia zdrowy, promienny wygl\u0105d. Korzy\u015bci dla sk\u00f3ry Nawil\u017cenie: Kwas hialuronowy ... Read moreMary&#038;May Collagen Booster Lotion 120 ml &#8211; Emulsja do twarzy z kolagenem","og_url":"https:\/\/selleetools.com\/pl\/product\/marymay-collagen-booster-lotion-120-ml-emulsja-do-twarzy-z-kolagenem\/","og_site_name":"Selleetools.com","article_modified_time":"2025-12-26T15:48:00+00:00","og_image":[{"width":500,"height":500,"url":"https:\/\/selleetools.com\/wp-content\/uploads\/2025\/10\/6acea75b1da5582e38c3c4d16d41d0dd.jpg","type":"image\/jpeg"}],"twitter_card":"summary_large_image","twitter_misc":{"Est. reading time":"1 minuta"},"schema":{"@context":"https:\/\/schema.org","@graph":[{"@type":"Organization","@id":"https:\/\/selleetools.com\/#organization","name":"Selleetools","url":"https:\/\/selleetools.com\/","sameAs":[],"logo":{"@type":"ImageObject","inLanguage":"pl-PL","@id":"https:\/\/selleetools.com\/#\/schema\/logo\/image\/","url":"https:\/\/selleetools.com\/wp-content\/uploads\/2021\/10\/logo-dark.png","contentUrl":"https:\/\/selleetools.com\/wp-content\/uploads\/2021\/10\/logo-dark.png","width":320,"height":76,"caption":"Selleetools"},"image":{"@id":"https:\/\/selleetools.com\/#\/schema\/logo\/image\/"}},{"@type":"WebSite","@id":"https:\/\/selleetools.com\/#website","url":"https:\/\/selleetools.com\/","name":"Selleetools.com","description":"","publisher":{"@id":"https:\/\/selleetools.com\/#organization"},"potentialAction":[{"@type":"SearchAction","target":{"@type":"EntryPoint","urlTemplate":"https:\/\/selleetools.com\/?s={search_term_string}"},"query-input":"required name=search_term_string"}],"inLanguage":"pl-PL"},{"@type":"WebPage","@id":"https:\/\/selleetools.com\/pl\/product\/marymay-collagen-booster-lotion-120-ml-emulsja-do-twarzy-z-kolagenem\/","url":"https:\/\/selleetools.com\/pl\/product\/marymay-collagen-booster-lotion-120-ml-emulsja-do-twarzy-z-kolagenem\/","name":"Mary&May Collagen Booster Lotion 120 ml - Emulsja do twarzy z kolagenem - Selleetools.com","isPartOf":{"@id":"https:\/\/selleetools.com\/#website"},"datePublished":"2025-10-22T06:56:49+00:00","dateModified":"2025-12-26T15:48:00+00:00","breadcrumb":{"@id":"https:\/\/selleetools.com\/pl\/product\/marymay-collagen-booster-lotion-120-ml-emulsja-do-twarzy-z-kolagenem\/#breadcrumb"},"inLanguage":"pl-PL","potentialAction":[{"@type":"ReadAction","target":["https:\/\/selleetools.com\/pl\/product\/marymay-collagen-booster-lotion-120-ml-emulsja-do-twarzy-z-kolagenem\/"]}]},{"@type":"BreadcrumbList","@id":"https:\/\/selleetools.com\/pl\/product\/marymay-collagen-booster-lotion-120-ml-emulsja-do-twarzy-z-kolagenem\/#breadcrumb","itemListElement":[{"@type":"ListItem","position":1,"name":"Home","item":"https:\/\/selleetools.com\/pl\/"},{"@type":"ListItem","position":2,"name":"Katalog","item":"https:\/\/selleetools.com\/pl\/katalog\/"},{"@type":"ListItem","position":3,"name":"Mary&#038;May Collagen Booster Lotion 120 ml &#8211; Emulsja do twarzy z kolagenem"}]}]}},"_links":{"self":[{"href":"https:\/\/selleetools.com\/pl\/wp-json\/wp\/v2\/product\/598697"}],"collection":[{"href":"https:\/\/selleetools.com\/pl\/wp-json\/wp\/v2\/product"}],"about":[{"href":"https:\/\/selleetools.com\/pl\/wp-json\/wp\/v2\/types\/product"}],"replies":[{"embeddable":true,"href":"https:\/\/selleetools.com\/pl\/wp-json\/wp\/v2\/comments?post=598697"}],"wp:featuredmedia":[{"embeddable":true,"href":"https:\/\/selleetools.com\/pl\/wp-json\/wp\/v2\/media\/598695"}],"wp:attachment":[{"href":"https:\/\/selleetools.com\/pl\/wp-json\/wp\/v2\/media?parent=598697"}],"curies":[{"name":"wp","href":"https:\/\/api.w.org\/{rel}","templated":true}]}}