{"id":598694,"date":"2025-10-22T08:56:46","date_gmt":"2025-10-22T06:56:46","guid":{"rendered":"https:\/\/selleetools.com\/?post_type=product&#038;p=598694"},"modified":"2025-11-04T20:05:39","modified_gmt":"2025-11-04T19:05:39","slug":"marymay-hyaluronic-panthenol-hydra-mask-30-szt-lagodzaco-nawilzajace-maseczki-na-plachcie","status":"publish","type":"product","link":"https:\/\/selleetools.com\/pl\/product\/marymay-hyaluronic-panthenol-hydra-mask-30-szt-lagodzaco-nawilzajace-maseczki-na-plachcie\/","title":{"rendered":"Mary&#038;May Hyaluronic Panthenol Hydra Mask 30 szt &#8211; \u0141agodz\u0105co-nawil\u017caj\u0105ce maseczki na p\u0142achcie"},"content":{"rendered":"<p style=\"text-align: justify; caret-color: rgb(0, 0, 0); color: rgb(0, 0, 0);\"><font style=\"font-size: 12px;\">Mary&#038;May Hyaluronic Panthenol Hydra Mask to zestaw 30 masek w p\u0142achcie, kt\u00f3re intensywnie nawil\u017caj\u0105 i koj\u0105 sk\u00f3r\u0119. G\u0142\u00f3wne sk\u0142adniki aktywne to kwas hialuronowy, kt\u00f3ry g\u0142\u0119boko nawil\u017ca i wype\u0142nia drobne zmarszczki, oraz pantenol (prowitamina B5), kt\u00f3ry \u0142agodzi podra\u017cnienia i wspomaga regeneracj\u0119 sk\u00f3ry. Maska zawiera r\u00f3wnie\u017c ekstrakty ro\u015blinne, kt\u00f3re dodatkowo od\u017cywiaj\u0105 sk\u00f3r\u0119. <\/font><span style=\"font-size: 12px; background: var(--elevation-bg);\">Maska Mary&#038;May Hyaluronic Panthenol Hydra zapewnia intensywn\u0105 piel\u0119gnacj\u0119, idealn\u0105 dla wszystkich typ\u00f3w cery, szczeg\u00f3lnie dla sk\u00f3ry suchej i podra\u017cnionej.<\/span><\/p>\n<p style=\"caret-color: rgb(0, 0, 0); color: rgb(0, 0, 0);\"><span style=\"font-family: inherit; font-size: 12px; font-weight: 600; background: var(--elevation-bg);\">Korzy\u015bci dla sk\u00f3ry<\/span><\/p>\n<ul style=\"caret-color: rgb(0, 0, 0); color: rgb(0, 0, 0);\">\n<li><font style=\"font-size: 12px;\"><strong>Intensywne nawil\u017cenie<\/strong>: Kwas hialuronowy g\u0142\u0119boko nawil\u017ca sk\u00f3r\u0119, zapewniaj\u0105c jej elastyczno\u015b\u0107 i g\u0142adko\u015b\u0107.<\/font><\/li>\n<li><font style=\"font-size: 12px;\"><strong>Regeneracja i \u0142agodzenie<\/strong>: Pantenol pomaga w regeneracji sk\u00f3ry, redukuje podra\u017cnienia i zaczerwienienia.<\/font><\/li>\n<li><font style=\"font-size: 12px;\"><strong>Od\u017cywienie i wzmocnienie<\/strong>: Ekstrakty ro\u015blinne dostarczaj\u0105 sk\u00f3rze niezb\u0119dnych sk\u0142adnik\u00f3w od\u017cywczych, poprawiaj\u0105c jej kondycj\u0119.<\/font><\/li>\n<\/ul>\n<h4 style=\"caret-color: rgb(0, 0, 0); color: rgb(0, 0, 0);\"><font style=\"font-size: 12px;\">Spos\u00f3b u\u017cycia<\/font><\/h4>\n<ol style=\"caret-color: rgb(0, 0, 0); color: rgb(0, 0, 0);\">\n<li><font style=\"font-size: 12px;\"><strong>Przygotowanie sk\u00f3ry<\/strong>: Oczy\u015b\u0107 twarz i na\u0142\u00f3\u017c tonik, aby przygotowa\u0107 sk\u00f3r\u0119 do lepszego wch\u0142aniania sk\u0142adnik\u00f3w aktywnych.<\/font><\/li>\n<li><font style=\"font-size: 12px;\"><strong>Aplikacja maski<\/strong>: Wyjmij mask\u0119 z opakowania i delikatnie roz\u0142\u00f3\u017c j\u0105 na twarzy, dopasowuj\u0105c do kontur\u00f3w twarzy.<\/font><\/li>\n<li><font style=\"font-size: 12px;\"><strong>Czas dzia\u0142ania<\/strong>: Pozostaw mask\u0119 na sk\u00f3rze na 10-20 minut.<\/font><\/li>\n<li><font style=\"font-size: 12px;\"><strong>Usuni\u0119cie maski<\/strong>: Po up\u0142ywie czasu delikatnie zdejmij mask\u0119 i wmasuj pozosta\u0142\u0105 esencj\u0119 w sk\u00f3r\u0119 do pe\u0142nego wch\u0142oni\u0119cia.<\/font><\/li>\n<\/ol>\n<p style=\"caret-color: rgb(0, 0, 0); color: rgb(0, 0, 0);\"><\/p>\n","protected":false},"excerpt":{"rendered":"<p>Mary&#038;May Hyaluronic Panthenol Hydra Mask to zestaw 30 masek w p\u0142achcie, kt\u00f3re intensywnie nawil\u017caj\u0105 i koj\u0105 sk\u00f3r\u0119. G\u0142\u00f3wne sk\u0142adniki aktywne to kwas hialuronowy, kt\u00f3ry g\u0142\u0119boko nawil\u017ca i wype\u0142nia drobne zmarszczki, oraz pantenol (prowitamina B5), kt\u00f3ry \u0142agodzi podra\u017cnienia i wspomaga regeneracj\u0119 sk\u00f3ry. Maska zawiera r\u00f3wnie\u017c ekstrakty ro\u015blinne, kt\u00f3re dodatkowo od\u017cywiaj\u0105 sk\u00f3r\u0119. Maska Mary&#038;May Hyaluronic Panthenol Hydra &#8230; <a title=\"Mary&#038;May Hyaluronic Panthenol Hydra Mask 30 szt &#8211; \u0141agodz\u0105co-nawil\u017caj\u0105ce maseczki na p\u0142achcie\" class=\"read-more\" href=\"https:\/\/selleetools.com\/pl\/product\/marymay-hyaluronic-panthenol-hydra-mask-30-szt-lagodzaco-nawilzajace-maseczki-na-plachcie\/\">Read more<span class=\"screen-reader-text\">Mary&#038;May Hyaluronic Panthenol Hydra Mask 30 szt &#8211; \u0141agodz\u0105co-nawil\u017caj\u0105ce maseczki na p\u0142achcie<\/span><\/a><\/p>\n","protected":false},"featured_media":598692,"comment_status":"open","ping_status":"closed","template":"","meta":{"_links_to":"","_links_to_target":""},"yoast_head":"<!-- This site is optimized with the Yoast SEO plugin v19.4 - https:\/\/yoast.com\/wordpress\/plugins\/seo\/ -->\n<title>Mary&amp;May Hyaluronic Panthenol Hydra Mask 30 szt - \u0141agodz\u0105co-nawil\u017caj\u0105ce maseczki na p\u0142achcie - Selleetools.com<\/title>\n<meta name=\"robots\" content=\"index, follow, max-snippet:-1, max-image-preview:large, max-video-preview:-1\" \/>\n<link rel=\"canonical\" href=\"https:\/\/admincentral.selleetools.com\/pl\/product\/marymay-hyaluronic-panthenol-hydra-mask-30-szt-lagodzaco-nawilzajace-maseczki-na-plachcie\/\" \/>\n<meta property=\"og:locale\" content=\"pl_PL\" \/>\n<meta property=\"og:type\" content=\"article\" \/>\n<meta property=\"og:title\" content=\"Mary&amp;May Hyaluronic Panthenol Hydra Mask 30 szt - \u0141agodz\u0105co-nawil\u017caj\u0105ce maseczki na p\u0142achcie - Selleetools.com\" \/>\n<meta property=\"og:description\" content=\"Mary&#038;May Hyaluronic Panthenol Hydra Mask to zestaw 30 masek w p\u0142achcie, kt\u00f3re intensywnie nawil\u017caj\u0105 i koj\u0105 sk\u00f3r\u0119. G\u0142\u00f3wne sk\u0142adniki aktywne to kwas hialuronowy, kt\u00f3ry g\u0142\u0119boko nawil\u017ca i wype\u0142nia drobne zmarszczki, oraz pantenol (prowitamina B5), kt\u00f3ry \u0142agodzi podra\u017cnienia i wspomaga regeneracj\u0119 sk\u00f3ry. Maska zawiera r\u00f3wnie\u017c ekstrakty ro\u015blinne, kt\u00f3re dodatkowo od\u017cywiaj\u0105 sk\u00f3r\u0119. Maska Mary&#038;May Hyaluronic Panthenol Hydra ... Read moreMary&#038;May Hyaluronic Panthenol Hydra Mask 30 szt &#8211; \u0141agodz\u0105co-nawil\u017caj\u0105ce maseczki na p\u0142achcie\" \/>\n<meta property=\"og:url\" content=\"https:\/\/admincentral.selleetools.com\/pl\/product\/marymay-hyaluronic-panthenol-hydra-mask-30-szt-lagodzaco-nawilzajace-maseczki-na-plachcie\/\" \/>\n<meta property=\"og:site_name\" content=\"Selleetools.com\" \/>\n<meta property=\"article:modified_time\" content=\"2025-11-04T19:05:39+00:00\" \/>\n<meta property=\"og:image\" content=\"https:\/\/selleetools.com\/wp-content\/uploads\/2025\/10\/d592bdeafdc983f9b6a63d392f701f4d.jpg\" \/>\n\t<meta property=\"og:image:width\" content=\"1200\" \/>\n\t<meta property=\"og:image:height\" content=\"1200\" \/>\n\t<meta property=\"og:image:type\" content=\"image\/jpeg\" \/>\n<meta name=\"twitter:card\" content=\"summary_large_image\" \/>\n<meta name=\"twitter:label1\" content=\"Est. reading time\" \/>\n\t<meta name=\"twitter:data1\" content=\"1 minuta\" \/>\n<!-- \/ Yoast SEO plugin. -->","yoast_head_json":{"title":"Mary&May Hyaluronic Panthenol Hydra Mask 30 szt - \u0141agodz\u0105co-nawil\u017caj\u0105ce maseczki na p\u0142achcie - Selleetools.com","robots":{"index":"index","follow":"follow","max-snippet":"max-snippet:-1","max-image-preview":"max-image-preview:large","max-video-preview":"max-video-preview:-1"},"canonical":"https:\/\/admincentral.selleetools.com\/pl\/product\/marymay-hyaluronic-panthenol-hydra-mask-30-szt-lagodzaco-nawilzajace-maseczki-na-plachcie\/","og_locale":"pl_PL","og_type":"article","og_title":"Mary&May Hyaluronic Panthenol Hydra Mask 30 szt - \u0141agodz\u0105co-nawil\u017caj\u0105ce maseczki na p\u0142achcie - Selleetools.com","og_description":"Mary&#038;May Hyaluronic Panthenol Hydra Mask to zestaw 30 masek w p\u0142achcie, kt\u00f3re intensywnie nawil\u017caj\u0105 i koj\u0105 sk\u00f3r\u0119. G\u0142\u00f3wne sk\u0142adniki aktywne to kwas hialuronowy, kt\u00f3ry g\u0142\u0119boko nawil\u017ca i wype\u0142nia drobne zmarszczki, oraz pantenol (prowitamina B5), kt\u00f3ry \u0142agodzi podra\u017cnienia i wspomaga regeneracj\u0119 sk\u00f3ry. Maska zawiera r\u00f3wnie\u017c ekstrakty ro\u015blinne, kt\u00f3re dodatkowo od\u017cywiaj\u0105 sk\u00f3r\u0119. Maska Mary&#038;May Hyaluronic Panthenol Hydra ... Read moreMary&#038;May Hyaluronic Panthenol Hydra Mask 30 szt &#8211; \u0141agodz\u0105co-nawil\u017caj\u0105ce maseczki na p\u0142achcie","og_url":"https:\/\/admincentral.selleetools.com\/pl\/product\/marymay-hyaluronic-panthenol-hydra-mask-30-szt-lagodzaco-nawilzajace-maseczki-na-plachcie\/","og_site_name":"Selleetools.com","article_modified_time":"2025-11-04T19:05:39+00:00","og_image":[{"width":1200,"height":1200,"url":"https:\/\/selleetools.com\/wp-content\/uploads\/2025\/10\/d592bdeafdc983f9b6a63d392f701f4d.jpg","type":"image\/jpeg"}],"twitter_card":"summary_large_image","twitter_misc":{"Est. reading time":"1 minuta"},"schema":{"@context":"https:\/\/schema.org","@graph":[{"@type":"Organization","@id":"https:\/\/selleetools.com\/#organization","name":"Selleetools","url":"https:\/\/selleetools.com\/","sameAs":[],"logo":{"@type":"ImageObject","inLanguage":"pl-PL","@id":"https:\/\/selleetools.com\/#\/schema\/logo\/image\/","url":"https:\/\/selleetools.com\/wp-content\/uploads\/2021\/10\/logo-dark.png","contentUrl":"https:\/\/selleetools.com\/wp-content\/uploads\/2021\/10\/logo-dark.png","width":320,"height":76,"caption":"Selleetools"},"image":{"@id":"https:\/\/selleetools.com\/#\/schema\/logo\/image\/"}},{"@type":"WebSite","@id":"https:\/\/selleetools.com\/#website","url":"https:\/\/selleetools.com\/","name":"Selleetools.com","description":"","publisher":{"@id":"https:\/\/selleetools.com\/#organization"},"potentialAction":[{"@type":"SearchAction","target":{"@type":"EntryPoint","urlTemplate":"https:\/\/selleetools.com\/?s={search_term_string}"},"query-input":"required name=search_term_string"}],"inLanguage":"pl-PL"},{"@type":"WebPage","@id":"https:\/\/admincentral.selleetools.com\/pl\/product\/marymay-hyaluronic-panthenol-hydra-mask-30-szt-lagodzaco-nawilzajace-maseczki-na-plachcie\/","url":"https:\/\/admincentral.selleetools.com\/pl\/product\/marymay-hyaluronic-panthenol-hydra-mask-30-szt-lagodzaco-nawilzajace-maseczki-na-plachcie\/","name":"Mary&May Hyaluronic Panthenol Hydra Mask 30 szt - \u0141agodz\u0105co-nawil\u017caj\u0105ce maseczki na p\u0142achcie - Selleetools.com","isPartOf":{"@id":"https:\/\/selleetools.com\/#website"},"datePublished":"2025-10-22T06:56:46+00:00","dateModified":"2025-11-04T19:05:39+00:00","breadcrumb":{"@id":"https:\/\/admincentral.selleetools.com\/pl\/product\/marymay-hyaluronic-panthenol-hydra-mask-30-szt-lagodzaco-nawilzajace-maseczki-na-plachcie\/#breadcrumb"},"inLanguage":"pl-PL","potentialAction":[{"@type":"ReadAction","target":["https:\/\/admincentral.selleetools.com\/pl\/product\/marymay-hyaluronic-panthenol-hydra-mask-30-szt-lagodzaco-nawilzajace-maseczki-na-plachcie\/"]}]},{"@type":"BreadcrumbList","@id":"https:\/\/admincentral.selleetools.com\/pl\/product\/marymay-hyaluronic-panthenol-hydra-mask-30-szt-lagodzaco-nawilzajace-maseczki-na-plachcie\/#breadcrumb","itemListElement":[{"@type":"ListItem","position":1,"name":"Home","item":"https:\/\/selleetools.com\/pl\/"},{"@type":"ListItem","position":2,"name":"Katalog","item":"https:\/\/selleetools.com\/pl\/katalog\/"},{"@type":"ListItem","position":3,"name":"Mary&#038;May Hyaluronic Panthenol Hydra Mask 30 szt &#8211; \u0141agodz\u0105co-nawil\u017caj\u0105ce maseczki na p\u0142achcie"}]}]}},"_links":{"self":[{"href":"https:\/\/selleetools.com\/pl\/wp-json\/wp\/v2\/product\/598694"}],"collection":[{"href":"https:\/\/selleetools.com\/pl\/wp-json\/wp\/v2\/product"}],"about":[{"href":"https:\/\/selleetools.com\/pl\/wp-json\/wp\/v2\/types\/product"}],"replies":[{"embeddable":true,"href":"https:\/\/selleetools.com\/pl\/wp-json\/wp\/v2\/comments?post=598694"}],"wp:featuredmedia":[{"embeddable":true,"href":"https:\/\/selleetools.com\/pl\/wp-json\/wp\/v2\/media\/598692"}],"wp:attachment":[{"href":"https:\/\/selleetools.com\/pl\/wp-json\/wp\/v2\/media?parent=598694"}],"curies":[{"name":"wp","href":"https:\/\/api.w.org\/{rel}","templated":true}]}}