{"id":598666,"date":"2025-10-22T08:56:15","date_gmt":"2025-10-22T06:56:15","guid":{"rendered":"https:\/\/selleetools.com\/?post_type=product&#038;p=598666"},"modified":"2025-12-26T16:47:56","modified_gmt":"2025-12-26T15:47:56","slug":"heimish-dailism-lip-gloss-nudie-rose-03-4-g-blyszczyk-do-ust","status":"publish","type":"product","link":"https:\/\/selleetools.com\/pl\/product\/heimish-dailism-lip-gloss-nudie-rose-03-4-g-blyszczyk-do-ust\/","title":{"rendered":"Heimish Dailism Lip Gloss Nudie Rose 03 4 g &#8211; B\u0142yszczyk do ust"},"content":{"rendered":"<p>Heimish Dailism Lip Gloss w odcieniu Nudie Rose 03 to wyj\u0105tkowy produkt do ust, kt\u00f3ry oferuje subtelny, naturalny kolor z delikatnym po\u0142yskiem. Ten korea\u0144ski kosmetyk zosta\u0142 stworzony z my\u015bl\u0105 o codziennym u\u017cytkowaniu, zapewniaj\u0105c zar\u00f3wno piel\u0119gnacj\u0119, jak i estetyczne wyko\u0144czenie makija\u017cu.<\/p>\n<p>Korzy\u015bci dla sk\u00f3ry:<br \/>\nNawil\u017cenie: Formu\u0142a zawiera sk\u0142adniki nawil\u017caj\u0105ce, takie jak kwas hialuronowy i oleje ro\u015blinne, kt\u00f3re utrzymuj\u0105 usta mi\u0119kkie i g\u0142adkie przez ca\u0142y dzie\u0144.<br \/>\nOchrona: Antyoksydanty zawarte w sk\u0142adzie chroni\u0105 sk\u00f3r\u0119 ust przed szkodliwymi czynnikami zewn\u0119trznymi, takimi jak zanieczyszczenia i promieniowanie UV.<br \/>\nWyg\u0142adzenie: Regularne stosowanie pomaga zredukowa\u0107 drobne linie i zmarszczki na ustach, nadaj\u0105c im zdrowy, m\u0142odzie\u0144czy wygl\u0105d.<\/p>\n<p>Spos\u00f3b u\u017cycia:<br \/>\nPrzygotowanie ust: Przed na\u0142o\u017ceniem b\u0142yszczyka, warto nawil\u017cy\u0107 usta balsamem lub zastosowa\u0107 delikatny peeling, aby usun\u0105\u0107 martwy nask\u00f3rek.<br \/>\nAplikacja: Za pomoc\u0105 aplikatora na\u0142\u00f3\u017c odpowiedni\u0105 ilo\u015b\u0107 produktu na \u015brodek g\u00f3rnej i dolnej wargi, a nast\u0119pnie r\u00f3wnomiernie rozprowad\u017a na ca\u0142ej powierzchni ust.<br \/>\nWarstwowanie: Aby uzyska\u0107 intensywniejszy kolor i wi\u0119kszy po\u0142ysk, na\u0142\u00f3\u017c kolejn\u0105 warstw\u0119 b\u0142yszczyka.<\/p>\n<p>Heimish Dailism Lip Gloss Nudie Rose 03 to idealny wyb\u00f3r dla tych, kt\u00f3rzy pragn\u0105 doda\u0107 swoim ustom subtelnego, ale efektownego blasku, jednocze\u015bnie dbaj\u0105c o ich kondycj\u0119 i zdrowie.<\/p>\n","protected":false},"excerpt":{"rendered":"<p>Heimish Dailism Lip Gloss w odcieniu Nudie Rose 03 to wyj\u0105tkowy produkt do ust, kt\u00f3ry oferuje subtelny, naturalny kolor z delikatnym po\u0142yskiem. Ten korea\u0144ski kosmetyk zosta\u0142 stworzony z my\u015bl\u0105 o codziennym u\u017cytkowaniu, zapewniaj\u0105c zar\u00f3wno piel\u0119gnacj\u0119, jak i estetyczne wyko\u0144czenie makija\u017cu. Korzy\u015bci dla sk\u00f3ry: Nawil\u017cenie: Formu\u0142a zawiera sk\u0142adniki nawil\u017caj\u0105ce, takie jak kwas hialuronowy i oleje ro\u015blinne, &#8230; <a title=\"Heimish Dailism Lip Gloss Nudie Rose 03 4 g &#8211; B\u0142yszczyk do ust\" class=\"read-more\" href=\"https:\/\/selleetools.com\/pl\/product\/heimish-dailism-lip-gloss-nudie-rose-03-4-g-blyszczyk-do-ust\/\">Read more<span class=\"screen-reader-text\">Heimish Dailism Lip Gloss Nudie Rose 03 4 g &#8211; B\u0142yszczyk do ust<\/span><\/a><\/p>\n","protected":false},"featured_media":598658,"comment_status":"open","ping_status":"closed","template":"","meta":{"_links_to":"","_links_to_target":""},"yoast_head":"<!-- This site is optimized with the Yoast SEO plugin v19.4 - https:\/\/yoast.com\/wordpress\/plugins\/seo\/ -->\n<title>Heimish Dailism Lip Gloss Nudie Rose 03 4 g - B\u0142yszczyk do ust - Selleetools.com<\/title>\n<meta name=\"robots\" content=\"index, follow, max-snippet:-1, max-image-preview:large, max-video-preview:-1\" \/>\n<link rel=\"canonical\" href=\"https:\/\/admincentral.selleetools.com\/pl\/product\/heimish-dailism-lip-gloss-nudie-rose-03-4-g-blyszczyk-do-ust\/\" \/>\n<meta property=\"og:locale\" content=\"pl_PL\" \/>\n<meta property=\"og:type\" content=\"article\" \/>\n<meta property=\"og:title\" content=\"Heimish Dailism Lip Gloss Nudie Rose 03 4 g - B\u0142yszczyk do ust - Selleetools.com\" \/>\n<meta property=\"og:description\" content=\"Heimish Dailism Lip Gloss w odcieniu Nudie Rose 03 to wyj\u0105tkowy produkt do ust, kt\u00f3ry oferuje subtelny, naturalny kolor z delikatnym po\u0142yskiem. Ten korea\u0144ski kosmetyk zosta\u0142 stworzony z my\u015bl\u0105 o codziennym u\u017cytkowaniu, zapewniaj\u0105c zar\u00f3wno piel\u0119gnacj\u0119, jak i estetyczne wyko\u0144czenie makija\u017cu. Korzy\u015bci dla sk\u00f3ry: Nawil\u017cenie: Formu\u0142a zawiera sk\u0142adniki nawil\u017caj\u0105ce, takie jak kwas hialuronowy i oleje ro\u015blinne, ... Read moreHeimish Dailism Lip Gloss Nudie Rose 03 4 g &#8211; B\u0142yszczyk do ust\" \/>\n<meta property=\"og:url\" content=\"https:\/\/admincentral.selleetools.com\/pl\/product\/heimish-dailism-lip-gloss-nudie-rose-03-4-g-blyszczyk-do-ust\/\" \/>\n<meta property=\"og:site_name\" content=\"Selleetools.com\" \/>\n<meta property=\"article:modified_time\" content=\"2025-12-26T15:47:56+00:00\" \/>\n<meta property=\"og:image\" content=\"https:\/\/selleetools.com\/wp-content\/uploads\/2025\/10\/41f5b816e34f574d9b6a6c291483f64c.jpg\" \/>\n\t<meta property=\"og:image:width\" content=\"1000\" \/>\n\t<meta property=\"og:image:height\" content=\"1000\" \/>\n\t<meta property=\"og:image:type\" content=\"image\/jpeg\" \/>\n<meta name=\"twitter:card\" content=\"summary_large_image\" \/>\n<meta name=\"twitter:label1\" content=\"Est. reading time\" \/>\n\t<meta name=\"twitter:data1\" content=\"1 minuta\" \/>\n<!-- \/ Yoast SEO plugin. -->","yoast_head_json":{"title":"Heimish Dailism Lip Gloss Nudie Rose 03 4 g - B\u0142yszczyk do ust - Selleetools.com","robots":{"index":"index","follow":"follow","max-snippet":"max-snippet:-1","max-image-preview":"max-image-preview:large","max-video-preview":"max-video-preview:-1"},"canonical":"https:\/\/admincentral.selleetools.com\/pl\/product\/heimish-dailism-lip-gloss-nudie-rose-03-4-g-blyszczyk-do-ust\/","og_locale":"pl_PL","og_type":"article","og_title":"Heimish Dailism Lip Gloss Nudie Rose 03 4 g - B\u0142yszczyk do ust - Selleetools.com","og_description":"Heimish Dailism Lip Gloss w odcieniu Nudie Rose 03 to wyj\u0105tkowy produkt do ust, kt\u00f3ry oferuje subtelny, naturalny kolor z delikatnym po\u0142yskiem. Ten korea\u0144ski kosmetyk zosta\u0142 stworzony z my\u015bl\u0105 o codziennym u\u017cytkowaniu, zapewniaj\u0105c zar\u00f3wno piel\u0119gnacj\u0119, jak i estetyczne wyko\u0144czenie makija\u017cu. Korzy\u015bci dla sk\u00f3ry: Nawil\u017cenie: Formu\u0142a zawiera sk\u0142adniki nawil\u017caj\u0105ce, takie jak kwas hialuronowy i oleje ro\u015blinne, ... Read moreHeimish Dailism Lip Gloss Nudie Rose 03 4 g &#8211; B\u0142yszczyk do ust","og_url":"https:\/\/admincentral.selleetools.com\/pl\/product\/heimish-dailism-lip-gloss-nudie-rose-03-4-g-blyszczyk-do-ust\/","og_site_name":"Selleetools.com","article_modified_time":"2025-12-26T15:47:56+00:00","og_image":[{"width":1000,"height":1000,"url":"https:\/\/selleetools.com\/wp-content\/uploads\/2025\/10\/41f5b816e34f574d9b6a6c291483f64c.jpg","type":"image\/jpeg"}],"twitter_card":"summary_large_image","twitter_misc":{"Est. reading time":"1 minuta"},"schema":{"@context":"https:\/\/schema.org","@graph":[{"@type":"Organization","@id":"https:\/\/selleetools.com\/#organization","name":"Selleetools","url":"https:\/\/selleetools.com\/","sameAs":[],"logo":{"@type":"ImageObject","inLanguage":"pl-PL","@id":"https:\/\/selleetools.com\/#\/schema\/logo\/image\/","url":"https:\/\/selleetools.com\/wp-content\/uploads\/2021\/10\/logo-dark.png","contentUrl":"https:\/\/selleetools.com\/wp-content\/uploads\/2021\/10\/logo-dark.png","width":320,"height":76,"caption":"Selleetools"},"image":{"@id":"https:\/\/selleetools.com\/#\/schema\/logo\/image\/"}},{"@type":"WebSite","@id":"https:\/\/selleetools.com\/#website","url":"https:\/\/selleetools.com\/","name":"Selleetools.com","description":"","publisher":{"@id":"https:\/\/selleetools.com\/#organization"},"potentialAction":[{"@type":"SearchAction","target":{"@type":"EntryPoint","urlTemplate":"https:\/\/selleetools.com\/?s={search_term_string}"},"query-input":"required name=search_term_string"}],"inLanguage":"pl-PL"},{"@type":"WebPage","@id":"https:\/\/admincentral.selleetools.com\/pl\/product\/heimish-dailism-lip-gloss-nudie-rose-03-4-g-blyszczyk-do-ust\/","url":"https:\/\/admincentral.selleetools.com\/pl\/product\/heimish-dailism-lip-gloss-nudie-rose-03-4-g-blyszczyk-do-ust\/","name":"Heimish Dailism Lip Gloss Nudie Rose 03 4 g - B\u0142yszczyk do ust - Selleetools.com","isPartOf":{"@id":"https:\/\/selleetools.com\/#website"},"datePublished":"2025-10-22T06:56:15+00:00","dateModified":"2025-12-26T15:47:56+00:00","breadcrumb":{"@id":"https:\/\/admincentral.selleetools.com\/pl\/product\/heimish-dailism-lip-gloss-nudie-rose-03-4-g-blyszczyk-do-ust\/#breadcrumb"},"inLanguage":"pl-PL","potentialAction":[{"@type":"ReadAction","target":["https:\/\/admincentral.selleetools.com\/pl\/product\/heimish-dailism-lip-gloss-nudie-rose-03-4-g-blyszczyk-do-ust\/"]}]},{"@type":"BreadcrumbList","@id":"https:\/\/admincentral.selleetools.com\/pl\/product\/heimish-dailism-lip-gloss-nudie-rose-03-4-g-blyszczyk-do-ust\/#breadcrumb","itemListElement":[{"@type":"ListItem","position":1,"name":"Home","item":"https:\/\/selleetools.com\/pl\/"},{"@type":"ListItem","position":2,"name":"Katalog","item":"https:\/\/selleetools.com\/pl\/katalog\/"},{"@type":"ListItem","position":3,"name":"Heimish Dailism Lip Gloss Nudie Rose 03 4 g &#8211; B\u0142yszczyk do ust"}]}]}},"_links":{"self":[{"href":"https:\/\/selleetools.com\/pl\/wp-json\/wp\/v2\/product\/598666"}],"collection":[{"href":"https:\/\/selleetools.com\/pl\/wp-json\/wp\/v2\/product"}],"about":[{"href":"https:\/\/selleetools.com\/pl\/wp-json\/wp\/v2\/types\/product"}],"replies":[{"embeddable":true,"href":"https:\/\/selleetools.com\/pl\/wp-json\/wp\/v2\/comments?post=598666"}],"wp:featuredmedia":[{"embeddable":true,"href":"https:\/\/selleetools.com\/pl\/wp-json\/wp\/v2\/media\/598658"}],"wp:attachment":[{"href":"https:\/\/selleetools.com\/pl\/wp-json\/wp\/v2\/media?parent=598666"}],"curies":[{"name":"wp","href":"https:\/\/api.w.org\/{rel}","templated":true}]}}